{"id":55569,"date":"2021-02-05T18:48:47","date_gmt":"2021-02-05T15:48:47","guid":{"rendered":"http:\/\/www.xn--tuksimaailm-ffb.ee\/shop\/usb-laturi-linssin-sahkoskootterille-sahkopolkupyoralle-eol\/"},"modified":"2021-02-05T18:48:47","modified_gmt":"2021-02-05T15:48:47","slug":"usb-laturi-linssin-sahkoskootterille-sahkopolkupyoralle-eol","status":"publish","type":"product","link":"https:\/\/www.xn--tuksimaailm-ffb.ee\/fi\/shop\/usb-laturi-linssin-sahkoskootterille-sahkopolkupyoralle-eol\/","title":{"rendered":"USB-laturi linssin s\u00e4hk\u00f6skootterille \/ s\u00e4hk\u00f6polkupy\u00f6r\u00e4lle (EOL)"},"content":{"rendered":"<p>USB-laturi s\u00e4hk\u00f6skootterille tai s\u00e4hk\u00f6polkupy\u00f6r\u00e4lle. Sy\u00f6tt\u00f6j\u00e4nnite (s\u00e4hk\u00f6skootterin akun j\u00e4nnite) <strong>9-90V<\/strong>. Laturissa on <strong>2 USB-liit\u00e4nt\u00e4\u00e4<\/strong>, jotka on suojattu suojakannella. Laturia voidaan k\u00e4ytt\u00e4\u00e4 esimerkiksi <strong>\u00e4lypuhelimen akun lataamiseen<\/strong>s\u00e4hk\u00f6skootterin akun p\u00e4\u00e4ll\u00e4. Jos tarvitset apua laturin asentamisessa, <a href=\"http:\/\/www.xn--tuksimaailm-ffb.ee\/elektrilise-toukeratta-remont\/\">s\u00e4hk\u00f6skootterikorjaamomme<\/a> voi auttaa.<\/p>\n","protected":false},"excerpt":{"rendered":"<p>USB-laturi s\u00e4hk\u00f6skootterille tai s\u00e4hk\u00f6polkupy\u00f6r\u00e4lle. Sy\u00f6tt\u00f6j\u00e4nnite (s\u00e4hk\u00f6skootterin akun j\u00e4nnite) 9-90V. Laturissa on 2 USB-liit\u00e4nt\u00e4\u00e4, jotka on suojattu suojakannella. Laturia voidaan k\u00e4ytt\u00e4\u00e4 esimerkiksi \u00e4lypuhelimen akun lataamiseens\u00e4hk\u00f6skootterin akun p\u00e4\u00e4ll\u00e4. Jos tarvitset apua laturin asentamisessa, s\u00e4hk\u00f6skootterikorjaamomme voi auttaa.<\/p>\n","protected":false},"featured_media":22874,"template":"","meta":[],"product_brand":[],"product_cat":[1697,1698],"product_tag":[],"filter_elektritoukeratas":[],"class_list":{"0":"post-55569","1":"product","2":"type-product","3":"status-publish","4":"has-post-thumbnail","6":"product_cat-lisavarusteet","7":"product_cat-varaosat","8":"pa_tootetuup-laturit","10":"first","11":"outofstock","12":"taxable","13":"shipping-taxable","14":"purchasable","15":"product-type-simple"},"yoast_head":"<!-- This site is optimized with the Yoast SEO Premium plugin v26.8 (Yoast SEO v27.5) - https:\/\/yoast.com\/product\/yoast-seo-premium-wordpress\/ -->\n<title>USB-laturi linssin s\u00e4hk\u00f6skootterille \/ s\u00e4hk\u00f6polkupy\u00f6r\u00e4lle (EOL) &#8212; T\u00f5uksimaailm<\/title>\n<meta name=\"description\" content=\"USB laadija lenksule elektrit\u00f5ukerattale. Sisendpinge (elektrilise t\u00f5ukeratta aku pinge) 9-90V. Laadijal on 2 USB pesa.\" \/>\n<meta name=\"robots\" content=\"index, follow, max-snippet:-1, max-image-preview:large, max-video-preview:-1\" \/>\n<link rel=\"canonical\" href=\"https:\/\/www.xn--tuksimaailm-ffb.ee\/fi\/shop\/usb-laturi-linssin-sahkoskootterille-sahkopolkupyoralle-eol\/\" \/>\n<meta property=\"og:locale\" content=\"fi_FI\" \/>\n<meta property=\"og:type\" content=\"article\" \/>\n<meta property=\"og:title\" content=\"USB-laturi linssin s\u00e4hk\u00f6skootterille \/ s\u00e4hk\u00f6polkupy\u00f6r\u00e4lle (EOL)\" \/>\n<meta property=\"og:description\" content=\"USB laadija lenksule elektrit\u00f5ukerattale. Sisendpinge (elektrilise t\u00f5ukeratta aku pinge) 9-90V. Laadijal on 2 USB pesa.\" \/>\n<meta property=\"og:url\" content=\"https:\/\/www.xn--tuksimaailm-ffb.ee\/fi\/shop\/usb-laturi-linssin-sahkoskootterille-sahkopolkupyoralle-eol\/\" \/>\n<meta property=\"og:site_name\" content=\"T\u00f5uksimaailm\" \/>\n<meta property=\"article:publisher\" content=\"https:\/\/www.facebook.com\/touksimaailm\/\" \/>\n<meta property=\"og:image\" content=\"https:\/\/www.xn--tuksimaailm-ffb.ee\/wp-content\/uploads\/2021\/02\/20210205_204200.jpg\" \/>\n\t<meta property=\"og:image:width\" content=\"1831\" \/>\n\t<meta property=\"og:image:height\" content=\"1901\" \/>\n\t<meta property=\"og:image:type\" content=\"image\/jpeg\" \/>\n<meta name=\"twitter:card\" content=\"summary_large_image\" \/>\n<meta name=\"twitter:label1\" content=\"Hinta\" \/>\n\t<meta name=\"twitter:data1\" content=\"&euro;25.00\" \/>\n\t<meta name=\"twitter:label2\" content=\"Saatavuus\" \/>\n\t<meta name=\"twitter:data2\" content=\"Loppu varastosta\" \/>\n<meta property=\"product:price:amount\" content=\"25.00\" \/>\n<meta property=\"product:price:currency\" content=\"EUR\" \/>\n<meta property=\"og:availability\" content=\"out of stock\" \/>\n<meta property=\"product:availability\" content=\"out of stock\" \/>\n<meta property=\"product:condition\" content=\"new\" \/>\n<!-- \/ Yoast SEO Premium plugin. -->","yoast_head_json":{"title":"USB-laturi linssin s\u00e4hk\u00f6skootterille \/ s\u00e4hk\u00f6polkupy\u00f6r\u00e4lle (EOL) &#8212; T\u00f5uksimaailm","description":"USB laadija lenksule elektrit\u00f5ukerattale. Sisendpinge (elektrilise t\u00f5ukeratta aku pinge) 9-90V. Laadijal on 2 USB pesa.","robots":{"index":"index","follow":"follow","max-snippet":"max-snippet:-1","max-image-preview":"max-image-preview:large","max-video-preview":"max-video-preview:-1"},"canonical":"https:\/\/www.xn--tuksimaailm-ffb.ee\/fi\/shop\/usb-laturi-linssin-sahkoskootterille-sahkopolkupyoralle-eol\/","og_locale":"fi_FI","og_type":"article","og_title":"USB-laturi linssin s\u00e4hk\u00f6skootterille \/ s\u00e4hk\u00f6polkupy\u00f6r\u00e4lle (EOL)","og_description":"USB laadija lenksule elektrit\u00f5ukerattale. Sisendpinge (elektrilise t\u00f5ukeratta aku pinge) 9-90V. Laadijal on 2 USB pesa.","og_url":"https:\/\/www.xn--tuksimaailm-ffb.ee\/fi\/shop\/usb-laturi-linssin-sahkoskootterille-sahkopolkupyoralle-eol\/","og_site_name":"T\u00f5uksimaailm","article_publisher":"https:\/\/www.facebook.com\/touksimaailm\/","og_image":[{"width":1831,"height":1901,"url":"https:\/\/www.xn--tuksimaailm-ffb.ee\/wp-content\/uploads\/2021\/02\/20210205_204200.jpg","type":"image\/jpeg"}],"twitter_card":"summary_large_image","twitter_misc":{"Hinta":"&euro;25.00","Saatavuus":"Loppu varastosta"},"schema":{"@context":"https:\/\/schema.org","@graph":[{"@type":"WebPage","@id":"https:\/\/www.xn--tuksimaailm-ffb.ee\/fi\/shop\/usb-laturi-linssin-sahkoskootterille-sahkopolkupyoralle-eol\/","url":"https:\/\/www.xn--tuksimaailm-ffb.ee\/fi\/shop\/usb-laturi-linssin-sahkoskootterille-sahkopolkupyoralle-eol\/","name":"USB-laturi linssin s\u00e4hk\u00f6skootterille \/ s\u00e4hk\u00f6polkupy\u00f6r\u00e4lle (EOL) &#8212; T\u00f5uksimaailm","isPartOf":{"@id":"https:\/\/www.xn--tuksimaailm-ffb.ee\/fi\/#website"},"primaryImageOfPage":{"@id":"https:\/\/www.xn--tuksimaailm-ffb.ee\/fi\/shop\/usb-laturi-linssin-sahkoskootterille-sahkopolkupyoralle-eol\/#primaryimage"},"image":{"@id":"https:\/\/www.xn--tuksimaailm-ffb.ee\/fi\/shop\/usb-laturi-linssin-sahkoskootterille-sahkopolkupyoralle-eol\/#primaryimage"},"thumbnailUrl":"https:\/\/www.xn--tuksimaailm-ffb.ee\/wp-content\/uploads\/2021\/02\/20210205_204200.jpg","datePublished":"2021-02-05T15:48:47+00:00","description":"USB laadija lenksule elektrit\u00f5ukerattale. Sisendpinge (elektrilise t\u00f5ukeratta aku pinge) 9-90V. Laadijal on 2 USB pesa.","breadcrumb":{"@id":"https:\/\/www.xn--tuksimaailm-ffb.ee\/fi\/shop\/usb-laturi-linssin-sahkoskootterille-sahkopolkupyoralle-eol\/#breadcrumb"},"inLanguage":"fi","potentialAction":[{"@type":"ReadAction","target":["https:\/\/www.xn--tuksimaailm-ffb.ee\/fi\/shop\/usb-laturi-linssin-sahkoskootterille-sahkopolkupyoralle-eol\/"]}]},{"@type":"ImageObject","inLanguage":"fi","@id":"https:\/\/www.xn--tuksimaailm-ffb.ee\/fi\/shop\/usb-laturi-linssin-sahkoskootterille-sahkopolkupyoralle-eol\/#primaryimage","url":"https:\/\/www.xn--tuksimaailm-ffb.ee\/wp-content\/uploads\/2021\/02\/20210205_204200.jpg","contentUrl":"https:\/\/www.xn--tuksimaailm-ffb.ee\/wp-content\/uploads\/2021\/02\/20210205_204200.jpg","width":1831,"height":1901},{"@type":"BreadcrumbList","@id":"https:\/\/www.xn--tuksimaailm-ffb.ee\/fi\/shop\/usb-laturi-linssin-sahkoskootterille-sahkopolkupyoralle-eol\/#breadcrumb","itemListElement":[{"@type":"ListItem","position":1,"name":"Home","item":"https:\/\/www.xn--tuksimaailm-ffb.ee\/fi\/kotisivu\/"},{"@type":"ListItem","position":2,"name":"Kauppa","item":"https:\/\/www.xn--tuksimaailm-ffb.ee\/elektritoukerataste-pood\/"},{"@type":"ListItem","position":3,"name":"USB-laturi linssin s\u00e4hk\u00f6skootterille \/ s\u00e4hk\u00f6polkupy\u00f6r\u00e4lle (EOL)"}]},{"@type":"WebSite","@id":"https:\/\/www.xn--tuksimaailm-ffb.ee\/fi\/#website","url":"https:\/\/www.xn--tuksimaailm-ffb.ee\/fi\/","name":"T\u00f5uksimaailm","description":"Elektrit\u00f5ukerataste m\u00fc\u00fck, remont ja rent","publisher":{"@id":"https:\/\/www.xn--tuksimaailm-ffb.ee\/fi\/#organization"},"potentialAction":[{"@type":"SearchAction","target":{"@type":"EntryPoint","urlTemplate":"https:\/\/www.xn--tuksimaailm-ffb.ee\/fi\/?s={search_term_string}"},"query-input":{"@type":"PropertyValueSpecification","valueRequired":true,"valueName":"search_term_string"}}],"inLanguage":"fi"},{"@type":"Organization","@id":"https:\/\/www.xn--tuksimaailm-ffb.ee\/fi\/#organization","name":"T\u00f5uksimaailm","url":"https:\/\/www.xn--tuksimaailm-ffb.ee\/fi\/","logo":{"@type":"ImageObject","inLanguage":"fi","@id":"https:\/\/www.xn--tuksimaailm-ffb.ee\/fi\/#\/schema\/logo\/image\/","url":"https:\/\/www.xn--tuksimaailm-ffb.ee\/wp-content\/uploads\/2020\/01\/logoz-e1579792875517.png","contentUrl":"https:\/\/www.xn--tuksimaailm-ffb.ee\/wp-content\/uploads\/2020\/01\/logoz-e1579792875517.png","width":250,"height":250,"caption":"T\u00f5uksimaailm"},"image":{"@id":"https:\/\/www.xn--tuksimaailm-ffb.ee\/fi\/#\/schema\/logo\/image\/"},"sameAs":["https:\/\/www.facebook.com\/touksimaailm\/","https:\/\/www.instagram.com\/touksimaailm_\/","https:\/\/www.youtube.com\/channel\/UC18ml0EKIDLP1xGuQjFzcXQ"]}]},"product_price_amount":"25.00","product_price_currency":"EUR","og_availability":"out of stock","product_availability":"out of stock","product_condition":"new"},"jetpack_sharing_enabled":true,"_links":{"self":[{"href":"https:\/\/www.xn--tuksimaailm-ffb.ee\/fi\/wp-json\/wp\/v2\/product\/55569","targetHints":{"allow":["GET"]}}],"collection":[{"href":"https:\/\/www.xn--tuksimaailm-ffb.ee\/fi\/wp-json\/wp\/v2\/product"}],"about":[{"href":"https:\/\/www.xn--tuksimaailm-ffb.ee\/fi\/wp-json\/wp\/v2\/types\/product"}],"wp:featuredmedia":[{"embeddable":true,"href":"https:\/\/www.xn--tuksimaailm-ffb.ee\/fi\/wp-json\/wp\/v2\/media\/22874"}],"wp:attachment":[{"href":"https:\/\/www.xn--tuksimaailm-ffb.ee\/fi\/wp-json\/wp\/v2\/media?parent=55569"}],"wp:term":[{"taxonomy":"product_brand","embeddable":true,"href":"https:\/\/www.xn--tuksimaailm-ffb.ee\/fi\/wp-json\/wp\/v2\/product_brand?post=55569"},{"taxonomy":"product_cat","embeddable":true,"href":"https:\/\/www.xn--tuksimaailm-ffb.ee\/fi\/wp-json\/wp\/v2\/product_cat?post=55569"},{"taxonomy":"product_tag","embeddable":true,"href":"https:\/\/www.xn--tuksimaailm-ffb.ee\/fi\/wp-json\/wp\/v2\/product_tag?post=55569"},{"taxonomy":"filter_elektritoukeratas","embeddable":true,"href":"https:\/\/www.xn--tuksimaailm-ffb.ee\/fi\/wp-json\/wp\/v2\/filter_elektritoukeratas?post=55569"}],"curies":[{"name":"wp","href":"https:\/\/api.w.org\/{rel}","templated":true}]}}