{"id":55570,"date":"2021-01-31T18:54:01","date_gmt":"2021-01-31T15:54:01","guid":{"rendered":"http:\/\/www.xn--tuksimaailm-ffb.ee\/shop\/velt-smart-scooter-alkuperainen-laturi-x7-x8-pro-a\/"},"modified":"2021-01-31T18:54:01","modified_gmt":"2021-01-31T15:54:01","slug":"velt-smart-scooter-alkuperainen-laturi-x7-x8-pro-a","status":"publish","type":"product","link":"https:\/\/www.xn--tuksimaailm-ffb.ee\/fi\/shop\/velt-smart-scooter-alkuperainen-laturi-x7-x8-pro-a\/","title":{"rendered":"Velt Smart Scooter alkuper\u00e4inen laturi X7 X8 Pro (A+)"},"content":{"rendered":"<p>Velt Smart Scooter alkuper\u00e4inen laturi s\u00e4hk\u00f6skootterille (my\u00f6s kaapeli, virtal\u00e4hde, sovitin). Sy\u00f6tt\u00f6j\u00e4nnite <strong>230VAC<\/strong>, l\u00e4ht\u00f6j\u00e4nnite <strong>42VDC<\/strong> (akuille, joiden nimellisj\u00e4nnite on 36VDC), maksimilatausvirta <strong>2A<\/strong>, laturin pistoketyyppi<strong> DC5.5.<\/strong>Velt Smart Scooter alkuper\u00e4inen laturi 42V sopii suosittuun s\u00e4hk\u00f6skootteriin <a><strong>Velt Smart Scooter X7<\/strong><\/a><strong>, <\/strong><a><strong>X8 <\/strong><\/a>ja<strong> X8 Pro<\/strong>.<\/p>\n<p>S\u00e4hk\u00f6potkulauta tarvitsee uuden laturin, jos laturin merkkivalo LED ei pala tai ulostulossa ei ole j\u00e4nnitett\u00e4.<\/p>\n","protected":false},"excerpt":{"rendered":"<p>Velt Smart Scooter alkuper\u00e4inen laturi s\u00e4hk\u00f6skootterille (my\u00f6s kaapeli, virtal\u00e4hde, sovitin). Sy\u00f6tt\u00f6j\u00e4nnite 230VAC, l\u00e4ht\u00f6j\u00e4nnite 42VDC (akuille, joiden nimellisj\u00e4nnite on 36VDC), maksimilatausvirta 2A, laturin pistoketyyppi DC5.5.Velt Smart Scooter alkuper\u00e4inen laturi 42V sopii suosittuun s\u00e4hk\u00f6skootteriin Velt Smart Scooter X7, X8 ja X8 Pro. S\u00e4hk\u00f6potkulauta tarvitsee uuden laturin, jos laturin merkkivalo LED ei pala &hellip;<\/p>\n","protected":false},"featured_media":22870,"template":"","meta":[],"product_brand":[],"product_cat":[1697,1698],"product_tag":[1707,3333],"filter_elektritoukeratas":[2686,2687,2697,2698,2694,2695,2693,2691],"class_list":{"0":"post-55570","1":"product","2":"type-product","3":"status-publish","4":"has-post-thumbnail","6":"product_cat-lisavarusteet","7":"product_cat-varaosat","8":"product_tag-laturit","9":"product_tag-velt-smart-scooter-varuosad-fi","10":"pa_tootetuup-laturit","11":"filter_elektritoukeratas-ft_blaupunkt_esc808","12":"filter_elektritoukeratas-ft_blaupunkt_esc910","13":"filter_elektritoukeratas-ft_hx_x7","14":"filter_elektritoukeratas-ft_hx_x8","15":"filter_elektritoukeratas-ft_velt_smart_eco","16":"filter_elektritoukeratas-ft_velt_smart_pro","17":"filter_elektritoukeratas-ft_velt_smart_x7","18":"filter_elektritoukeratas-ft_velt_smart_x8","20":"first","21":"instock","22":"taxable","23":"shipping-taxable","24":"purchasable","25":"product-type-simple"},"yoast_head":"<!-- This site is optimized with the Yoast SEO Premium plugin v26.8 (Yoast SEO v27.5) - https:\/\/yoast.com\/product\/yoast-seo-premium-wordpress\/ -->\n<title>Velt Smart Scooter alkuper\u00e4inen laturi X7 X8 Pro (A+) | T\u00f5uksimaailm<\/title>\n<meta name=\"description\" content=\"Velt Smart Scooter originaal laadija elektrit\u00f5ukerattale (ka toiteadapter), 42V 2A, elektrilisele t\u00f5ukerattale Velt Smart X7, X8, X8 Pro. Velt varuosad.\" \/>\n<meta name=\"robots\" content=\"index, follow, max-snippet:-1, max-image-preview:large, max-video-preview:-1\" \/>\n<link rel=\"canonical\" href=\"https:\/\/www.xn--tuksimaailm-ffb.ee\/fi\/shop\/velt-smart-scooter-alkuperainen-laturi-x7-x8-pro-a\/\" \/>\n<meta property=\"og:locale\" content=\"fi_FI\" \/>\n<meta property=\"og:type\" content=\"article\" \/>\n<meta property=\"og:title\" content=\"Velt Smart Scooter alkuper\u00e4inen laturi X7 X8 Pro (A+)\" \/>\n<meta property=\"og:description\" content=\"Velt Smart Scooter originaal laadija elektrit\u00f5ukerattale (ka toiteadapter), 42V 2A, elektrilisele t\u00f5ukerattale Velt Smart X7, X8, X8 Pro. Velt varuosad.\" \/>\n<meta property=\"og:url\" content=\"https:\/\/www.xn--tuksimaailm-ffb.ee\/fi\/shop\/velt-smart-scooter-alkuperainen-laturi-x7-x8-pro-a\/\" \/>\n<meta property=\"og:site_name\" content=\"T\u00f5uksimaailm\" \/>\n<meta property=\"article:publisher\" content=\"https:\/\/www.facebook.com\/touksimaailm\/\" \/>\n<meta property=\"og:image\" content=\"https:\/\/www.xn--tuksimaailm-ffb.ee\/wp-content\/uploads\/2021\/01\/velt-laadija.jpg\" \/>\n\t<meta property=\"og:image:width\" content=\"827\" \/>\n\t<meta property=\"og:image:height\" content=\"831\" \/>\n\t<meta property=\"og:image:type\" content=\"image\/jpeg\" \/>\n<meta name=\"twitter:card\" content=\"summary_large_image\" \/>\n<meta name=\"twitter:label1\" content=\"Hinta\" \/>\n\t<meta name=\"twitter:data1\" content=\"&euro;49.50\" \/>\n\t<meta name=\"twitter:label2\" content=\"Saatavuus\" \/>\n\t<meta name=\"twitter:data2\" content=\"Varastossa\" \/>\n<meta property=\"product:price:amount\" content=\"49.50\" \/>\n<meta property=\"product:price:currency\" content=\"EUR\" \/>\n<meta property=\"og:availability\" content=\"instock\" \/>\n<meta property=\"product:availability\" content=\"instock\" \/>\n<meta property=\"product:condition\" content=\"new\" \/>\n<!-- \/ Yoast SEO Premium plugin. -->","yoast_head_json":{"title":"Velt Smart Scooter alkuper\u00e4inen laturi X7 X8 Pro (A+) | T\u00f5uksimaailm","description":"Velt Smart Scooter originaal laadija elektrit\u00f5ukerattale (ka toiteadapter), 42V 2A, elektrilisele t\u00f5ukerattale Velt Smart X7, X8, X8 Pro. Velt varuosad.","robots":{"index":"index","follow":"follow","max-snippet":"max-snippet:-1","max-image-preview":"max-image-preview:large","max-video-preview":"max-video-preview:-1"},"canonical":"https:\/\/www.xn--tuksimaailm-ffb.ee\/fi\/shop\/velt-smart-scooter-alkuperainen-laturi-x7-x8-pro-a\/","og_locale":"fi_FI","og_type":"article","og_title":"Velt Smart Scooter alkuper\u00e4inen laturi X7 X8 Pro (A+)","og_description":"Velt Smart Scooter originaal laadija elektrit\u00f5ukerattale (ka toiteadapter), 42V 2A, elektrilisele t\u00f5ukerattale Velt Smart X7, X8, X8 Pro. Velt varuosad.","og_url":"https:\/\/www.xn--tuksimaailm-ffb.ee\/fi\/shop\/velt-smart-scooter-alkuperainen-laturi-x7-x8-pro-a\/","og_site_name":"T\u00f5uksimaailm","article_publisher":"https:\/\/www.facebook.com\/touksimaailm\/","og_image":[{"width":827,"height":831,"url":"https:\/\/www.xn--tuksimaailm-ffb.ee\/wp-content\/uploads\/2021\/01\/velt-laadija.jpg","type":"image\/jpeg"}],"twitter_card":"summary_large_image","twitter_misc":{"Hinta":"&euro;49.50","Saatavuus":"Varastossa"},"schema":{"@context":"https:\/\/schema.org","@graph":[{"@type":"WebPage","@id":"https:\/\/www.xn--tuksimaailm-ffb.ee\/fi\/shop\/velt-smart-scooter-alkuperainen-laturi-x7-x8-pro-a\/","url":"https:\/\/www.xn--tuksimaailm-ffb.ee\/fi\/shop\/velt-smart-scooter-alkuperainen-laturi-x7-x8-pro-a\/","name":"Velt Smart Scooter alkuper\u00e4inen laturi X7 X8 Pro (A+) | T\u00f5uksimaailm","isPartOf":{"@id":"https:\/\/www.xn--tuksimaailm-ffb.ee\/fi\/#website"},"primaryImageOfPage":{"@id":"https:\/\/www.xn--tuksimaailm-ffb.ee\/fi\/shop\/velt-smart-scooter-alkuperainen-laturi-x7-x8-pro-a\/#primaryimage"},"image":{"@id":"https:\/\/www.xn--tuksimaailm-ffb.ee\/fi\/shop\/velt-smart-scooter-alkuperainen-laturi-x7-x8-pro-a\/#primaryimage"},"thumbnailUrl":"https:\/\/www.xn--tuksimaailm-ffb.ee\/wp-content\/uploads\/2021\/01\/velt-laadija.jpg","datePublished":"2021-01-31T15:54:01+00:00","description":"Velt Smart Scooter originaal laadija elektrit\u00f5ukerattale (ka toiteadapter), 42V 2A, elektrilisele t\u00f5ukerattale Velt Smart X7, X8, X8 Pro. Velt varuosad.","breadcrumb":{"@id":"https:\/\/www.xn--tuksimaailm-ffb.ee\/fi\/shop\/velt-smart-scooter-alkuperainen-laturi-x7-x8-pro-a\/#breadcrumb"},"inLanguage":"fi","potentialAction":[{"@type":"ReadAction","target":["https:\/\/www.xn--tuksimaailm-ffb.ee\/fi\/shop\/velt-smart-scooter-alkuperainen-laturi-x7-x8-pro-a\/"]}]},{"@type":"ImageObject","inLanguage":"fi","@id":"https:\/\/www.xn--tuksimaailm-ffb.ee\/fi\/shop\/velt-smart-scooter-alkuperainen-laturi-x7-x8-pro-a\/#primaryimage","url":"https:\/\/www.xn--tuksimaailm-ffb.ee\/wp-content\/uploads\/2021\/01\/velt-laadija.jpg","contentUrl":"https:\/\/www.xn--tuksimaailm-ffb.ee\/wp-content\/uploads\/2021\/01\/velt-laadija.jpg","width":827,"height":831},{"@type":"BreadcrumbList","@id":"https:\/\/www.xn--tuksimaailm-ffb.ee\/fi\/shop\/velt-smart-scooter-alkuperainen-laturi-x7-x8-pro-a\/#breadcrumb","itemListElement":[{"@type":"ListItem","position":1,"name":"Home","item":"https:\/\/www.xn--tuksimaailm-ffb.ee\/fi\/kotisivu\/"},{"@type":"ListItem","position":2,"name":"Kauppa","item":"https:\/\/www.xn--tuksimaailm-ffb.ee\/elektritoukerataste-pood\/"},{"@type":"ListItem","position":3,"name":"Velt Smart Scooter alkuper\u00e4inen laturi X7 X8 Pro (A+)"}]},{"@type":"WebSite","@id":"https:\/\/www.xn--tuksimaailm-ffb.ee\/fi\/#website","url":"https:\/\/www.xn--tuksimaailm-ffb.ee\/fi\/","name":"T\u00f5uksimaailm","description":"Elektrit\u00f5ukerataste m\u00fc\u00fck, remont ja rent","publisher":{"@id":"https:\/\/www.xn--tuksimaailm-ffb.ee\/fi\/#organization"},"potentialAction":[{"@type":"SearchAction","target":{"@type":"EntryPoint","urlTemplate":"https:\/\/www.xn--tuksimaailm-ffb.ee\/fi\/?s={search_term_string}"},"query-input":{"@type":"PropertyValueSpecification","valueRequired":true,"valueName":"search_term_string"}}],"inLanguage":"fi"},{"@type":"Organization","@id":"https:\/\/www.xn--tuksimaailm-ffb.ee\/fi\/#organization","name":"T\u00f5uksimaailm","url":"https:\/\/www.xn--tuksimaailm-ffb.ee\/fi\/","logo":{"@type":"ImageObject","inLanguage":"fi","@id":"https:\/\/www.xn--tuksimaailm-ffb.ee\/fi\/#\/schema\/logo\/image\/","url":"https:\/\/www.xn--tuksimaailm-ffb.ee\/wp-content\/uploads\/2020\/01\/logoz-e1579792875517.png","contentUrl":"https:\/\/www.xn--tuksimaailm-ffb.ee\/wp-content\/uploads\/2020\/01\/logoz-e1579792875517.png","width":250,"height":250,"caption":"T\u00f5uksimaailm"},"image":{"@id":"https:\/\/www.xn--tuksimaailm-ffb.ee\/fi\/#\/schema\/logo\/image\/"},"sameAs":["https:\/\/www.facebook.com\/touksimaailm\/","https:\/\/www.instagram.com\/touksimaailm_\/","https:\/\/www.youtube.com\/channel\/UC18ml0EKIDLP1xGuQjFzcXQ"]}]},"product_price_amount":"49.50","product_price_currency":"EUR","og_availability":"instock","product_availability":"instock","product_condition":"new"},"jetpack_sharing_enabled":true,"_links":{"self":[{"href":"https:\/\/www.xn--tuksimaailm-ffb.ee\/fi\/wp-json\/wp\/v2\/product\/55570","targetHints":{"allow":["GET"]}}],"collection":[{"href":"https:\/\/www.xn--tuksimaailm-ffb.ee\/fi\/wp-json\/wp\/v2\/product"}],"about":[{"href":"https:\/\/www.xn--tuksimaailm-ffb.ee\/fi\/wp-json\/wp\/v2\/types\/product"}],"wp:featuredmedia":[{"embeddable":true,"href":"https:\/\/www.xn--tuksimaailm-ffb.ee\/fi\/wp-json\/wp\/v2\/media\/22870"}],"wp:attachment":[{"href":"https:\/\/www.xn--tuksimaailm-ffb.ee\/fi\/wp-json\/wp\/v2\/media?parent=55570"}],"wp:term":[{"taxonomy":"product_brand","embeddable":true,"href":"https:\/\/www.xn--tuksimaailm-ffb.ee\/fi\/wp-json\/wp\/v2\/product_brand?post=55570"},{"taxonomy":"product_cat","embeddable":true,"href":"https:\/\/www.xn--tuksimaailm-ffb.ee\/fi\/wp-json\/wp\/v2\/product_cat?post=55570"},{"taxonomy":"product_tag","embeddable":true,"href":"https:\/\/www.xn--tuksimaailm-ffb.ee\/fi\/wp-json\/wp\/v2\/product_tag?post=55570"},{"taxonomy":"filter_elektritoukeratas","embeddable":true,"href":"https:\/\/www.xn--tuksimaailm-ffb.ee\/fi\/wp-json\/wp\/v2\/filter_elektritoukeratas?post=55570"}],"curies":[{"name":"wp","href":"https:\/\/api.w.org\/{rel}","templated":true}]}}