{"id":55573,"date":"2021-01-31T16:30:25","date_gmt":"2021-01-31T13:30:25","guid":{"rendered":"http:\/\/www.xn--tuksimaailm-ffb.ee\/shop\/sahkoskootterin-ajovalo-sigma-buster-200-eol\/"},"modified":"2021-01-31T16:30:25","modified_gmt":"2021-01-31T13:30:25","slug":"sahkoskootterin-ajovalo-sigma-buster-200-eol","status":"publish","type":"product","link":"https:\/\/www.xn--tuksimaailm-ffb.ee\/fi\/shop\/sahkoskootterin-ajovalo-sigma-buster-200-eol\/","title":{"rendered":"S\u00e4hk\u00f6skootterin ajovalo Sigma Buster 200 (EOL)"},"content":{"rendered":"<p>S\u00e4hk\u00f6skootterin ajovalo Sigma Buster 200 -linssille (my\u00f6s ensimm\u00e4inen valo, lis\u00e4valo, lyhty), kumisuojalla. Sopii my\u00f6s (s\u00e4hk\u00f6)polkupy\u00f6r\u00e4\u00e4n. Etuvalaisimessa on s\u00e4\u00e4dett\u00e4v\u00e4, joustava kiinnitys ja se sopii kaikkiin <strong>22mm<\/strong> ja <strong>31,8mm<\/strong> linsseihin \/ ohjaustankoon. Valonl\u00e4hteen\u00e4 on <strong>200lm LED-valo<\/strong>. Sigma Buster 200 s\u00e4hk\u00f6skootterin etuvalaisimessa on litium-ioni (Li-Ion) akku, joka on ladattavissa <strong>Micro USB-laturilla<\/strong>, \u00e4lypuhelinten tapaan. Lataus 0-100 %:sta kest\u00e4\u00e4 noin <strong>3 tuntia <\/strong>ja valoa voi k\u00e4ytt\u00e4\u00e4 noin <strong>2<\/strong> tuntia yhdell\u00e4 latauksella t\u00e4ydell\u00e4 teholla. Sigma Buster -ajovalojen etuna on my\u00f6s se, ett\u00e4 kun akku on liian tyhj\u00e4 valon k\u00e4yt\u00f6n jatkamiseksi suurella teholla, valo voidaan kytke\u00e4 vilkkuvaan tilaan - ei siis tarvitse keskeytt\u00e4\u00e4 ajamista pime\u00e4ss\u00e4, kun akku on tyhj\u00e4. Etuvalaisimessa on <strong>6 toimintatilaa<\/strong>:<\/p>\n<ol>\n<li>Palaa t\u00e4ydell\u00e4 teholla 200 lm (ajamiseen ilman taustavaloa tai pime\u00e4ss\u00e4 sateisessa s\u00e4\u00e4ss\u00e4).<\/li>\n<li>Palaa keskim\u00e4\u00e4r\u00e4isell\u00e4 100 lm:n teholla (kaupunkiajoon taustavalolla).<\/li>\n<li>Palaa pienell\u00e4 teholla 50lm (h\u00e4m\u00e4r\u00e4ss\u00e4 ajamiseen).<\/li>\n<li>Hidas vilkkuminen<\/li>\n<li>Nopea vilkkuminen<\/li>\n<li>SOS vilkkuu (eritt\u00e4in nopeasti)<\/li>\n<\/ol>\n<p>Useimmissa <a href=\"http:\/\/www.xn--tuksimaailm-ffb.ee\/tootekategooria\/elektritoukeratas\/\">s\u00e4hk\u00f6skoottereissa<\/a> on jonkinlainen valaistus, joka on jo asennettu tehtaalla, mutta usein se ei riit\u00e4 varmistamaan, ett\u00e4 muut py\u00f6r\u00e4ilij\u00e4t n\u00e4kev\u00e4t sinut tai ett\u00e4 n\u00e4et esteet riitt\u00e4v\u00e4n kaukana pime\u00e4ss\u00e4. Siksi suosittelemme, ett\u00e4 arvioit skootterisi perusvalaistuksen tehokkuuden ja tarvittaessa parannat sit\u00e4 lis\u00e4valoilla - turvallisuus ennen kaikkea! Tarjoamme my\u00f6s linssill\u00e4 varustettuja <a href=\"http:\/\/www.xn--tuksimaailm-ffb.ee\/shop\/voimas-elektrilise-toukeratta-esituli-veekindel-ip65\/\"><strong>vesi- ja sateenkest\u00e4vi\u00e4 valoja<\/strong><\/a>. Valaisinvalikoimaan voit tutustua <a href=\"http:\/\/www.xn--tuksimaailm-ffb.ee\/kontakt\/\"><strong>myym\u00e4l\u00e4ss\u00e4mme<\/strong><\/a>.<\/p>\n","protected":false},"excerpt":{"rendered":"<p><strong>HUOM!<\/strong> Tuote on pysyv\u00e4sti loppu - <a href=\"http:\/\/www.xn--tuksimaailm-ffb.ee\/shop\/tohus-elektritoukeratta-esituli-veekindel-ip6x\/\">korvaava tuote<\/a>.<\/p>\n","protected":false},"featured_media":22842,"template":"","meta":[],"product_brand":[],"product_cat":[1697],"product_tag":[3270],"filter_elektritoukeratas":[],"class_list":{"0":"post-55573","1":"product","2":"type-product","3":"status-publish","4":"has-post-thumbnail","6":"product_cat-lisavarusteet","7":"product_tag-tuled","8":"pa_colour-musta","9":"pa_tootetuup-tuled-fi","11":"first","12":"outofstock","13":"taxable","14":"shipping-taxable","15":"purchasable","16":"product-type-simple"},"yoast_head":"<!-- This site is optimized with the Yoast SEO Premium plugin v26.8 (Yoast SEO v27.5) - https:\/\/yoast.com\/product\/yoast-seo-premium-wordpress\/ -->\n<title>S\u00e4hk\u00f6skootterin ajovalo Sigma Buster 200 (EOL) &#8212; T\u00f5uksimaailm - LED tuled<\/title>\n<meta name=\"description\" content=\"Elektrilise t\u00f5ukeratta esituli Sigma Buster 200 lenksule (ka esimene tuli, lisatuli). Sobib ka (elektri) jalgrattale.\" \/>\n<meta name=\"robots\" content=\"index, follow, max-snippet:-1, max-image-preview:large, max-video-preview:-1\" \/>\n<link rel=\"canonical\" href=\"https:\/\/www.xn--tuksimaailm-ffb.ee\/fi\/shop\/sahkoskootterin-ajovalo-sigma-buster-200-eol\/\" \/>\n<meta property=\"og:locale\" content=\"fi_FI\" \/>\n<meta property=\"og:type\" content=\"article\" \/>\n<meta property=\"og:title\" content=\"S\u00e4hk\u00f6skootterin ajovalo Sigma Buster 200 (EOL)\" \/>\n<meta property=\"og:description\" content=\"Elektrilise t\u00f5ukeratta esituli Sigma Buster 200 lenksule (ka esimene tuli, lisatuli). Sobib ka (elektri) jalgrattale.\" \/>\n<meta property=\"og:url\" content=\"https:\/\/www.xn--tuksimaailm-ffb.ee\/fi\/shop\/sahkoskootterin-ajovalo-sigma-buster-200-eol\/\" \/>\n<meta property=\"og:site_name\" content=\"T\u00f5uksimaailm\" \/>\n<meta property=\"article:publisher\" content=\"https:\/\/www.facebook.com\/touksimaailm\/\" \/>\n<meta property=\"og:image\" content=\"https:\/\/www.xn--tuksimaailm-ffb.ee\/wp-content\/uploads\/2021\/01\/touksimaailm-05039-scaled.jpg\" \/>\n\t<meta property=\"og:image:width\" content=\"2560\" \/>\n\t<meta property=\"og:image:height\" content=\"1622\" \/>\n\t<meta property=\"og:image:type\" content=\"image\/jpeg\" \/>\n<meta name=\"twitter:card\" content=\"summary_large_image\" \/>\n<meta name=\"twitter:label1\" content=\"Hinta\" \/>\n\t<meta name=\"twitter:data1\" content=\"&euro;59.50\" \/>\n\t<meta name=\"twitter:label2\" content=\"Saatavuus\" \/>\n\t<meta name=\"twitter:data2\" content=\"Loppu varastosta\" \/>\n<meta property=\"product:price:amount\" content=\"59.50\" \/>\n<meta property=\"product:price:currency\" content=\"EUR\" \/>\n<meta property=\"og:availability\" content=\"out of stock\" \/>\n<meta property=\"product:availability\" content=\"out of stock\" \/>\n<meta property=\"product:condition\" content=\"new\" \/>\n<!-- \/ Yoast SEO Premium plugin. -->","yoast_head_json":{"title":"S\u00e4hk\u00f6skootterin ajovalo Sigma Buster 200 (EOL) &#8212; T\u00f5uksimaailm - LED tuled","description":"Elektrilise t\u00f5ukeratta esituli Sigma Buster 200 lenksule (ka esimene tuli, lisatuli). Sobib ka (elektri) jalgrattale.","robots":{"index":"index","follow":"follow","max-snippet":"max-snippet:-1","max-image-preview":"max-image-preview:large","max-video-preview":"max-video-preview:-1"},"canonical":"https:\/\/www.xn--tuksimaailm-ffb.ee\/fi\/shop\/sahkoskootterin-ajovalo-sigma-buster-200-eol\/","og_locale":"fi_FI","og_type":"article","og_title":"S\u00e4hk\u00f6skootterin ajovalo Sigma Buster 200 (EOL)","og_description":"Elektrilise t\u00f5ukeratta esituli Sigma Buster 200 lenksule (ka esimene tuli, lisatuli). Sobib ka (elektri) jalgrattale.","og_url":"https:\/\/www.xn--tuksimaailm-ffb.ee\/fi\/shop\/sahkoskootterin-ajovalo-sigma-buster-200-eol\/","og_site_name":"T\u00f5uksimaailm","article_publisher":"https:\/\/www.facebook.com\/touksimaailm\/","og_image":[{"width":2560,"height":1622,"url":"https:\/\/www.xn--tuksimaailm-ffb.ee\/wp-content\/uploads\/2021\/01\/touksimaailm-05039-scaled.jpg","type":"image\/jpeg"}],"twitter_card":"summary_large_image","twitter_misc":{"Hinta":"&euro;59.50","Saatavuus":"Loppu varastosta"},"schema":{"@context":"https:\/\/schema.org","@graph":[{"@type":"WebPage","@id":"https:\/\/www.xn--tuksimaailm-ffb.ee\/fi\/shop\/sahkoskootterin-ajovalo-sigma-buster-200-eol\/","url":"https:\/\/www.xn--tuksimaailm-ffb.ee\/fi\/shop\/sahkoskootterin-ajovalo-sigma-buster-200-eol\/","name":"S\u00e4hk\u00f6skootterin ajovalo Sigma Buster 200 (EOL) &#8212; T\u00f5uksimaailm - LED tuled","isPartOf":{"@id":"https:\/\/www.xn--tuksimaailm-ffb.ee\/fi\/#website"},"primaryImageOfPage":{"@id":"https:\/\/www.xn--tuksimaailm-ffb.ee\/fi\/shop\/sahkoskootterin-ajovalo-sigma-buster-200-eol\/#primaryimage"},"image":{"@id":"https:\/\/www.xn--tuksimaailm-ffb.ee\/fi\/shop\/sahkoskootterin-ajovalo-sigma-buster-200-eol\/#primaryimage"},"thumbnailUrl":"https:\/\/www.xn--tuksimaailm-ffb.ee\/wp-content\/uploads\/2021\/01\/touksimaailm-05039-scaled.jpg","datePublished":"2021-01-31T13:30:25+00:00","description":"Elektrilise t\u00f5ukeratta esituli Sigma Buster 200 lenksule (ka esimene tuli, lisatuli). Sobib ka (elektri) jalgrattale.","breadcrumb":{"@id":"https:\/\/www.xn--tuksimaailm-ffb.ee\/fi\/shop\/sahkoskootterin-ajovalo-sigma-buster-200-eol\/#breadcrumb"},"inLanguage":"fi","potentialAction":[{"@type":"ReadAction","target":["https:\/\/www.xn--tuksimaailm-ffb.ee\/fi\/shop\/sahkoskootterin-ajovalo-sigma-buster-200-eol\/"]}]},{"@type":"ImageObject","inLanguage":"fi","@id":"https:\/\/www.xn--tuksimaailm-ffb.ee\/fi\/shop\/sahkoskootterin-ajovalo-sigma-buster-200-eol\/#primaryimage","url":"https:\/\/www.xn--tuksimaailm-ffb.ee\/wp-content\/uploads\/2021\/01\/touksimaailm-05039-scaled.jpg","contentUrl":"https:\/\/www.xn--tuksimaailm-ffb.ee\/wp-content\/uploads\/2021\/01\/touksimaailm-05039-scaled.jpg","width":2560,"height":1622},{"@type":"BreadcrumbList","@id":"https:\/\/www.xn--tuksimaailm-ffb.ee\/fi\/shop\/sahkoskootterin-ajovalo-sigma-buster-200-eol\/#breadcrumb","itemListElement":[{"@type":"ListItem","position":1,"name":"Home","item":"https:\/\/www.xn--tuksimaailm-ffb.ee\/fi\/kotisivu\/"},{"@type":"ListItem","position":2,"name":"Kauppa","item":"https:\/\/www.xn--tuksimaailm-ffb.ee\/elektritoukerataste-pood\/"},{"@type":"ListItem","position":3,"name":"S\u00e4hk\u00f6skootterin ajovalo Sigma Buster 200 (EOL)"}]},{"@type":"WebSite","@id":"https:\/\/www.xn--tuksimaailm-ffb.ee\/fi\/#website","url":"https:\/\/www.xn--tuksimaailm-ffb.ee\/fi\/","name":"T\u00f5uksimaailm","description":"Elektrit\u00f5ukerataste m\u00fc\u00fck, remont ja rent","publisher":{"@id":"https:\/\/www.xn--tuksimaailm-ffb.ee\/fi\/#organization"},"potentialAction":[{"@type":"SearchAction","target":{"@type":"EntryPoint","urlTemplate":"https:\/\/www.xn--tuksimaailm-ffb.ee\/fi\/?s={search_term_string}"},"query-input":{"@type":"PropertyValueSpecification","valueRequired":true,"valueName":"search_term_string"}}],"inLanguage":"fi"},{"@type":"Organization","@id":"https:\/\/www.xn--tuksimaailm-ffb.ee\/fi\/#organization","name":"T\u00f5uksimaailm","url":"https:\/\/www.xn--tuksimaailm-ffb.ee\/fi\/","logo":{"@type":"ImageObject","inLanguage":"fi","@id":"https:\/\/www.xn--tuksimaailm-ffb.ee\/fi\/#\/schema\/logo\/image\/","url":"https:\/\/www.xn--tuksimaailm-ffb.ee\/wp-content\/uploads\/2020\/01\/logoz-e1579792875517.png","contentUrl":"https:\/\/www.xn--tuksimaailm-ffb.ee\/wp-content\/uploads\/2020\/01\/logoz-e1579792875517.png","width":250,"height":250,"caption":"T\u00f5uksimaailm"},"image":{"@id":"https:\/\/www.xn--tuksimaailm-ffb.ee\/fi\/#\/schema\/logo\/image\/"},"sameAs":["https:\/\/www.facebook.com\/touksimaailm\/","https:\/\/www.instagram.com\/touksimaailm_\/","https:\/\/www.youtube.com\/channel\/UC18ml0EKIDLP1xGuQjFzcXQ"]}]},"product_price_amount":"59.50","product_price_currency":"EUR","og_availability":"out of stock","product_availability":"out of stock","product_condition":"new"},"jetpack_sharing_enabled":true,"_links":{"self":[{"href":"https:\/\/www.xn--tuksimaailm-ffb.ee\/fi\/wp-json\/wp\/v2\/product\/55573","targetHints":{"allow":["GET"]}}],"collection":[{"href":"https:\/\/www.xn--tuksimaailm-ffb.ee\/fi\/wp-json\/wp\/v2\/product"}],"about":[{"href":"https:\/\/www.xn--tuksimaailm-ffb.ee\/fi\/wp-json\/wp\/v2\/types\/product"}],"wp:featuredmedia":[{"embeddable":true,"href":"https:\/\/www.xn--tuksimaailm-ffb.ee\/fi\/wp-json\/wp\/v2\/media\/22842"}],"wp:attachment":[{"href":"https:\/\/www.xn--tuksimaailm-ffb.ee\/fi\/wp-json\/wp\/v2\/media?parent=55573"}],"wp:term":[{"taxonomy":"product_brand","embeddable":true,"href":"https:\/\/www.xn--tuksimaailm-ffb.ee\/fi\/wp-json\/wp\/v2\/product_brand?post=55573"},{"taxonomy":"product_cat","embeddable":true,"href":"https:\/\/www.xn--tuksimaailm-ffb.ee\/fi\/wp-json\/wp\/v2\/product_cat?post=55573"},{"taxonomy":"product_tag","embeddable":true,"href":"https:\/\/www.xn--tuksimaailm-ffb.ee\/fi\/wp-json\/wp\/v2\/product_tag?post=55573"},{"taxonomy":"filter_elektritoukeratas","embeddable":true,"href":"https:\/\/www.xn--tuksimaailm-ffb.ee\/fi\/wp-json\/wp\/v2\/filter_elektritoukeratas?post=55573"}],"curies":[{"name":"wp","href":"https:\/\/api.w.org\/{rel}","templated":true}]}}