{"id":55575,"date":"2021-01-31T15:46:20","date_gmt":"2021-01-31T13:46:20","guid":{"rendered":"http:\/\/www.xn--tuksimaailm-ffb.ee\/shop\/sahkoskootterin-ajovalo-tx-300-alumiini\/"},"modified":"2021-01-31T15:46:20","modified_gmt":"2021-01-31T12:46:20","slug":"sahkoskootterin-ajovalo-tx-300-alumiini","status":"publish","type":"product","link":"https:\/\/www.xn--tuksimaailm-ffb.ee\/fi\/shop\/sahkoskootterin-ajovalo-tx-300-alumiini\/","title":{"rendered":"S\u00e4hk\u00f6skootterin ajovalo TX 300 alumiini"},"content":{"rendered":"<p>Ajovalo TX 300 -s\u00e4hk\u00f6potkulautaan (my\u00f6s etuvalo, lis\u00e4valo, lyhty), <strong>alumiinikotelo<\/strong>. Sopii my\u00f6s (s\u00e4hk\u00f6)polkupy\u00f6r\u00e4\u00e4n. Ajovalossa on s\u00e4\u00e4dett\u00e4v\u00e4, joustava kumikiinnitys ja se sopii kaikkiin <strong>22mm<\/strong> ja <strong>31,8mm<\/strong>linsseihin \/ ohjaustankoihin. Valonl\u00e4hteen\u00e4 on <strong>300lm LED-valo<\/strong>. Ohjaustangon TX 300 -ajovalossa on <strong>2200mAh (8,14Wh)<\/strong> litiumioni (Li-Ion) -akku, joka on ladattavissa \u00e4lypuhelinten kaltaisella <strong>Micro USB<\/strong> -laturilla. Lataus 0-100 %:sta kest\u00e4\u00e4 noin <strong>4 tuntia ja 30 minuuttia<\/strong>. Etuvalaisimessa on <strong>5 toimintatilaa<\/strong>:<\/p>\n<ol>\n<li>Palaa t\u00e4ydell\u00e4 teholla (ajettaessa taustavalottomassa ymp\u00e4rist\u00f6ss\u00e4 tai pime\u00e4ss\u00e4 sateisella s\u00e4\u00e4ll\u00e4).<\/li>\n<li>Palaminen keskiteholla (kaupunkiajoon taustavalolla).<\/li>\n<li>Palaaminen pienell\u00e4 teholla (ajamiseen h\u00e4m\u00e4r\u00e4ss\u00e4).<\/li>\n<li>Keskitaajuinen vilkkuminen (energians\u00e4\u00e4st\u00f6tila, sopiva, kun akku on tyhjenem\u00e4ss\u00e4).<\/li>\n<li>Matalan taajuuden vilkkuminen<\/li>\n<\/ol>\n<p>Useimmissa <a href=\"http:\/\/www.xn--tuksimaailm-ffb.ee\/tootekategooria\/elektritoukeratas\/\">s\u00e4hk\u00f6skoottereissa<\/a> on jonkinlainen valaistus, joka on jo asennettu tehtaalla, mutta usein se ei riit\u00e4 varmistamaan, ett\u00e4 muut py\u00f6r\u00e4ilij\u00e4t n\u00e4kev\u00e4t sinut tai ett\u00e4 n\u00e4et esteet riitt\u00e4v\u00e4n kaukana pime\u00e4ss\u00e4. Siksi suosittelemme, ett\u00e4 arvioit skootterisi perusvalaistuksen tehokkuuden ja tarvittaessa parannat sit\u00e4 lis\u00e4valoilla - turvallisuus ennen kaikkea! Tarjoamme my\u00f6s linssill\u00e4 varustettuja <a href=\"http:\/\/www.xn--tuksimaailm-ffb.ee\/shop\/tohus-elektritoukeratta-esituli-veekindel-ip6x\/\"><strong>vesi- ja sateenkest\u00e4vi\u00e4 valoja<\/strong><\/a>. Valaisinvalikoimaan voit tutustua <a href=\"http:\/\/www.xn--tuksimaailm-ffb.ee\/kontakt\/\"><strong>myym\u00e4l\u00e4ss\u00e4mme<\/strong><\/a>.<\/p>\n","protected":false},"excerpt":{"rendered":"<p>Ajovalo TX 300 -s\u00e4hk\u00f6potkulautaan (my\u00f6s etuvalo, lis\u00e4valo, lyhty), alumiinikotelo. Sopii my\u00f6s (s\u00e4hk\u00f6)polkupy\u00f6r\u00e4\u00e4n. Ajovalossa on s\u00e4\u00e4dett\u00e4v\u00e4, joustava kumikiinnitys ja se sopii kaikkiin 22mm ja 31,8mmlinsseihin \/ ohjaustankoihin. Valonl\u00e4hteen\u00e4 on 300lm LED-valo. Ohjaustangon TX 300 -ajovalossa on 2200mAh (8,14Wh) litiumioni (Li-Ion) -akku, joka on ladattavissa \u00e4lypuhelinten kaltaisella Micro USB -laturilla. Lataus 0-100 &hellip;<\/p>\n","protected":false},"featured_media":22838,"template":"","meta":[],"product_brand":[],"product_cat":[1697],"product_tag":[3270],"filter_elektritoukeratas":[],"class_list":{"0":"post-55575","1":"product","2":"type-product","3":"status-publish","4":"has-post-thumbnail","6":"product_cat-lisavarusteet","7":"product_tag-tuled","8":"pa_colour-musta","9":"pa_tootetuup-tuled-fi","11":"first","12":"instock","13":"taxable","14":"shipping-taxable","15":"purchasable","16":"product-type-simple"},"yoast_head":"<!-- This site is optimized with the Yoast SEO Premium plugin v26.8 (Yoast SEO v27.5) - https:\/\/yoast.com\/product\/yoast-seo-premium-wordpress\/ -->\n<title>S\u00e4hk\u00f6skootterin ajovalo TX 300 alumiini | T\u00f5uksimaailm | Tuled<\/title>\n<meta name=\"description\" content=\"Elektrit\u00f5ukeratta esituli TX 300 lenksule (ka esimene tuli, lisatuli, latern), alumiiniumist\u00a0korpusega. Sobib ka (elektri) jalgrattale. Lisavarustus.\" \/>\n<meta name=\"robots\" content=\"index, follow, max-snippet:-1, max-image-preview:large, max-video-preview:-1\" \/>\n<link rel=\"canonical\" href=\"https:\/\/www.xn--tuksimaailm-ffb.ee\/fi\/shop\/sahkoskootterin-ajovalo-tx-300-alumiini\/\" \/>\n<meta property=\"og:locale\" content=\"fi_FI\" \/>\n<meta property=\"og:type\" content=\"article\" \/>\n<meta property=\"og:title\" content=\"S\u00e4hk\u00f6skootterin ajovalo TX 300 alumiini\" \/>\n<meta property=\"og:description\" content=\"Elektrit\u00f5ukeratta esituli TX 300 lenksule (ka esimene tuli, lisatuli, latern), alumiiniumist\u00a0korpusega. Sobib ka (elektri) jalgrattale. Lisavarustus.\" \/>\n<meta property=\"og:url\" content=\"https:\/\/www.xn--tuksimaailm-ffb.ee\/fi\/shop\/sahkoskootterin-ajovalo-tx-300-alumiini\/\" \/>\n<meta property=\"og:site_name\" content=\"T\u00f5uksimaailm\" \/>\n<meta property=\"article:publisher\" content=\"https:\/\/www.facebook.com\/touksimaailm\/\" \/>\n<meta property=\"og:image\" content=\"https:\/\/www.xn--tuksimaailm-ffb.ee\/wp-content\/uploads\/2021\/01\/touksimaailm-05049-scaled.jpg\" \/>\n\t<meta property=\"og:image:width\" content=\"2560\" \/>\n\t<meta property=\"og:image:height\" content=\"1832\" \/>\n\t<meta property=\"og:image:type\" content=\"image\/jpeg\" \/>\n<meta name=\"twitter:card\" content=\"summary_large_image\" \/>\n<meta name=\"twitter:label1\" content=\"Hinta\" \/>\n\t<meta name=\"twitter:data1\" content=\"&euro;29.50\" \/>\n\t<meta name=\"twitter:label2\" content=\"Saatavuus\" \/>\n\t<meta name=\"twitter:data2\" content=\"Varastossa\" \/>\n<meta property=\"product:price:amount\" content=\"29.50\" \/>\n<meta property=\"product:price:currency\" content=\"EUR\" \/>\n<meta property=\"og:availability\" content=\"instock\" \/>\n<meta property=\"product:availability\" content=\"instock\" \/>\n<meta property=\"product:condition\" content=\"new\" \/>\n<!-- \/ Yoast SEO Premium plugin. -->","yoast_head_json":{"title":"S\u00e4hk\u00f6skootterin ajovalo TX 300 alumiini | T\u00f5uksimaailm | Tuled","description":"Elektrit\u00f5ukeratta esituli TX 300 lenksule (ka esimene tuli, lisatuli, latern), alumiiniumist\u00a0korpusega. Sobib ka (elektri) jalgrattale. Lisavarustus.","robots":{"index":"index","follow":"follow","max-snippet":"max-snippet:-1","max-image-preview":"max-image-preview:large","max-video-preview":"max-video-preview:-1"},"canonical":"https:\/\/www.xn--tuksimaailm-ffb.ee\/fi\/shop\/sahkoskootterin-ajovalo-tx-300-alumiini\/","og_locale":"fi_FI","og_type":"article","og_title":"S\u00e4hk\u00f6skootterin ajovalo TX 300 alumiini","og_description":"Elektrit\u00f5ukeratta esituli TX 300 lenksule (ka esimene tuli, lisatuli, latern), alumiiniumist\u00a0korpusega. Sobib ka (elektri) jalgrattale. Lisavarustus.","og_url":"https:\/\/www.xn--tuksimaailm-ffb.ee\/fi\/shop\/sahkoskootterin-ajovalo-tx-300-alumiini\/","og_site_name":"T\u00f5uksimaailm","article_publisher":"https:\/\/www.facebook.com\/touksimaailm\/","og_image":[{"width":2560,"height":1832,"url":"https:\/\/www.xn--tuksimaailm-ffb.ee\/wp-content\/uploads\/2021\/01\/touksimaailm-05049-scaled.jpg","type":"image\/jpeg"}],"twitter_card":"summary_large_image","twitter_misc":{"Hinta":"&euro;29.50","Saatavuus":"Varastossa"},"schema":{"@context":"https:\/\/schema.org","@graph":[{"@type":"WebPage","@id":"https:\/\/www.xn--tuksimaailm-ffb.ee\/fi\/shop\/sahkoskootterin-ajovalo-tx-300-alumiini\/","url":"https:\/\/www.xn--tuksimaailm-ffb.ee\/fi\/shop\/sahkoskootterin-ajovalo-tx-300-alumiini\/","name":"S\u00e4hk\u00f6skootterin ajovalo TX 300 alumiini | T\u00f5uksimaailm | Tuled","isPartOf":{"@id":"https:\/\/www.xn--tuksimaailm-ffb.ee\/fi\/#website"},"primaryImageOfPage":{"@id":"https:\/\/www.xn--tuksimaailm-ffb.ee\/fi\/shop\/sahkoskootterin-ajovalo-tx-300-alumiini\/#primaryimage"},"image":{"@id":"https:\/\/www.xn--tuksimaailm-ffb.ee\/fi\/shop\/sahkoskootterin-ajovalo-tx-300-alumiini\/#primaryimage"},"thumbnailUrl":"https:\/\/www.xn--tuksimaailm-ffb.ee\/wp-content\/uploads\/2021\/01\/touksimaailm-05049-scaled.jpg","datePublished":"2021-01-31T13:46:20+00:00","description":"Elektrit\u00f5ukeratta esituli TX 300 lenksule (ka esimene tuli, lisatuli, latern), alumiiniumist\u00a0korpusega. Sobib ka (elektri) jalgrattale. Lisavarustus.","breadcrumb":{"@id":"https:\/\/www.xn--tuksimaailm-ffb.ee\/fi\/shop\/sahkoskootterin-ajovalo-tx-300-alumiini\/#breadcrumb"},"inLanguage":"fi","potentialAction":[{"@type":"ReadAction","target":["https:\/\/www.xn--tuksimaailm-ffb.ee\/fi\/shop\/sahkoskootterin-ajovalo-tx-300-alumiini\/"]}]},{"@type":"ImageObject","inLanguage":"fi","@id":"https:\/\/www.xn--tuksimaailm-ffb.ee\/fi\/shop\/sahkoskootterin-ajovalo-tx-300-alumiini\/#primaryimage","url":"https:\/\/www.xn--tuksimaailm-ffb.ee\/wp-content\/uploads\/2021\/01\/touksimaailm-05049-scaled.jpg","contentUrl":"https:\/\/www.xn--tuksimaailm-ffb.ee\/wp-content\/uploads\/2021\/01\/touksimaailm-05049-scaled.jpg","width":2560,"height":1832},{"@type":"BreadcrumbList","@id":"https:\/\/www.xn--tuksimaailm-ffb.ee\/fi\/shop\/sahkoskootterin-ajovalo-tx-300-alumiini\/#breadcrumb","itemListElement":[{"@type":"ListItem","position":1,"name":"Home","item":"https:\/\/www.xn--tuksimaailm-ffb.ee\/fi\/kotisivu\/"},{"@type":"ListItem","position":2,"name":"Kauppa","item":"https:\/\/www.xn--tuksimaailm-ffb.ee\/elektritoukerataste-pood\/"},{"@type":"ListItem","position":3,"name":"S\u00e4hk\u00f6skootterin ajovalo TX 300 alumiini"}]},{"@type":"WebSite","@id":"https:\/\/www.xn--tuksimaailm-ffb.ee\/fi\/#website","url":"https:\/\/www.xn--tuksimaailm-ffb.ee\/fi\/","name":"T\u00f5uksimaailm","description":"Elektrit\u00f5ukerataste m\u00fc\u00fck, remont ja rent","publisher":{"@id":"https:\/\/www.xn--tuksimaailm-ffb.ee\/fi\/#organization"},"potentialAction":[{"@type":"SearchAction","target":{"@type":"EntryPoint","urlTemplate":"https:\/\/www.xn--tuksimaailm-ffb.ee\/fi\/?s={search_term_string}"},"query-input":{"@type":"PropertyValueSpecification","valueRequired":true,"valueName":"search_term_string"}}],"inLanguage":"fi"},{"@type":"Organization","@id":"https:\/\/www.xn--tuksimaailm-ffb.ee\/fi\/#organization","name":"T\u00f5uksimaailm","url":"https:\/\/www.xn--tuksimaailm-ffb.ee\/fi\/","logo":{"@type":"ImageObject","inLanguage":"fi","@id":"https:\/\/www.xn--tuksimaailm-ffb.ee\/fi\/#\/schema\/logo\/image\/","url":"https:\/\/www.xn--tuksimaailm-ffb.ee\/wp-content\/uploads\/2020\/01\/logoz-e1579792875517.png","contentUrl":"https:\/\/www.xn--tuksimaailm-ffb.ee\/wp-content\/uploads\/2020\/01\/logoz-e1579792875517.png","width":250,"height":250,"caption":"T\u00f5uksimaailm"},"image":{"@id":"https:\/\/www.xn--tuksimaailm-ffb.ee\/fi\/#\/schema\/logo\/image\/"},"sameAs":["https:\/\/www.facebook.com\/touksimaailm\/","https:\/\/www.instagram.com\/touksimaailm_\/","https:\/\/www.youtube.com\/channel\/UC18ml0EKIDLP1xGuQjFzcXQ"]}]},"product_price_amount":"29.50","product_price_currency":"EUR","og_availability":"instock","product_availability":"instock","product_condition":"new"},"jetpack_sharing_enabled":true,"_links":{"self":[{"href":"https:\/\/www.xn--tuksimaailm-ffb.ee\/fi\/wp-json\/wp\/v2\/product\/55575","targetHints":{"allow":["GET"]}}],"collection":[{"href":"https:\/\/www.xn--tuksimaailm-ffb.ee\/fi\/wp-json\/wp\/v2\/product"}],"about":[{"href":"https:\/\/www.xn--tuksimaailm-ffb.ee\/fi\/wp-json\/wp\/v2\/types\/product"}],"wp:featuredmedia":[{"embeddable":true,"href":"https:\/\/www.xn--tuksimaailm-ffb.ee\/fi\/wp-json\/wp\/v2\/media\/22838"}],"wp:attachment":[{"href":"https:\/\/www.xn--tuksimaailm-ffb.ee\/fi\/wp-json\/wp\/v2\/media?parent=55575"}],"wp:term":[{"taxonomy":"product_brand","embeddable":true,"href":"https:\/\/www.xn--tuksimaailm-ffb.ee\/fi\/wp-json\/wp\/v2\/product_brand?post=55575"},{"taxonomy":"product_cat","embeddable":true,"href":"https:\/\/www.xn--tuksimaailm-ffb.ee\/fi\/wp-json\/wp\/v2\/product_cat?post=55575"},{"taxonomy":"product_tag","embeddable":true,"href":"https:\/\/www.xn--tuksimaailm-ffb.ee\/fi\/wp-json\/wp\/v2\/product_tag?post=55575"},{"taxonomy":"filter_elektritoukeratas","embeddable":true,"href":"https:\/\/www.xn--tuksimaailm-ffb.ee\/fi\/wp-json\/wp\/v2\/filter_elektritoukeratas?post=55575"}],"curies":[{"name":"wp","href":"https:\/\/api.w.org\/{rel}","templated":true}]}}