{"id":55577,"date":"2021-01-31T12:17:42","date_gmt":"2021-01-31T09:17:42","guid":{"rendered":"http:\/\/www.xn--tuksimaailm-ffb.ee\/shop\/xiaomi-monorim-v4-etuiskunvaimennin-m365-pro-2-1s\/"},"modified":"2021-01-31T12:17:42","modified_gmt":"2021-01-31T09:17:42","slug":"xiaomi-monorim-v4-etuiskunvaimennin-m365-pro-2-1s","status":"publish","type":"product","link":"https:\/\/www.xn--tuksimaailm-ffb.ee\/fi\/shop\/xiaomi-monorim-v4-etuiskunvaimennin-m365-pro-2-1s\/","title":{"rendered":"Xiaomi Monorim V4 etuiskunvaimennin M365 Pro 2 1S"},"content":{"rendered":"<p>Xiaomi Monorim V4 s\u00e4hk\u00f6k\u00e4ytt\u00f6isen ty\u00f6nt\u00f6py\u00f6r\u00e4n etummainen iskunvaimennin (my\u00f6s ensimm\u00e4inen iskunvaimennin, haarukka iskunvaimentimella), <strong>punainen<\/strong> v\u00e4ri. Pakkaus sis\u00e4lt\u00e4\u00e4 n\u00e4ytt\u00e4v\u00e4n n\u00e4k\u00f6isen ja laadukkaan Monorim-etuiskunvaimentimen sek\u00e4 ty\u00f6kalut ja kaikki asennukseen tarvittavat kiinnitystarvikkeet.<\/p>\n<p>Xiaomi Monorim V4 -etuvalo sopii suosittuun s\u00e4hk\u00f6skootteriin <a href=\"http:\/\/www.xn--tuksimaailm-ffb.ee\/shop\/elektritouks_xiaomi-360\/\">Xiaomi Mi M365<\/a>, <a href=\"http:\/\/www.xn--tuksimaailm-ffb.ee\/shop\/elektriline-toukeratas-xiaomi-mi-m365-pro\/\">Xiaomi Mi M365 Pro<\/a>. Se sopii my\u00f6s <a href=\"http:\/\/www.xn--tuksimaailm-ffb.ee\/shop\/xiaomi-pro-2-elektritoukeratas\/\">Xiaomi Mi Pro 2<\/a>, <a href=\"https:\/\/www.mi.com\/global\/mi-electric-scooter-1S\/\">Xiaomi Mi 1S<\/a>-malleihin. Etulokasuoja voi parantaa merkitt\u00e4v\u00e4sti s\u00e4hk\u00f6potkulautan ajomukavuutta. Ero alkuper\u00e4iseen Xiaomin t\u00e4yteen haarukkaan on erityisen merkitt\u00e4v\u00e4 suuremmissa iskuissa, kuten ajettaessa yl\u00f6s ja alas madallettujen polkujen reunoja, ratap\u00f6lkkyjen yli jne. Etuhaarukan etu tekee suuren eron.<\/p>\n<p>Iskunvaimennin auttaa my\u00f6s v\u00e4hent\u00e4m\u00e4\u00e4n renkaiden puhkeamisriski\u00e4 ja suojaa akkua ja skootterin sis\u00e4isi\u00e4 elektroniikkaliit\u00e4nt\u00f6j\u00e4 t\u00e4rin\u00e4n aiheuttamilta vaurioilta (akkumoduulin teippien irtoaminen jne.). Jos sinulla on vaikeuksia asentaa s\u00e4hk\u00f6skootterisi etummainen iskunvaimennin itse, s\u00e4hk\u00f6skoottereihin erikoistunut <a href=\"http:\/\/www.xn--tuksimaailm-ffb.ee\/elektrilise-toukeratta-remont\/\">korjaamomme<\/a> voi auttaa.<\/p>\n","protected":false},"excerpt":{"rendered":"<p><a href=\"http:\/\/www.xn--tuksimaailm-ffb.ee\/kontakt\/\"><strong>L\u00f6ysitk\u00f6 paremman hinnan?<\/strong><\/a> <a href=\"http:\/\/www.xn--tuksimaailm-ffb.ee\/kontakt\/\"><strong>Kirjoita meille, niin teemme sinulle paremman tarjouksen!<\/strong><\/a> <strong>Tarjoamme my\u00f6s <\/strong><a href=\"http:\/\/www.xn--tuksimaailm-ffb.ee\/shop\/amortisaatori-paigaldus-xiaomi-segway-ninebot\/\"><strong>iskunvaimentimien asennusta<\/strong><\/a><strong>!<\/strong><\/p>\n","protected":false},"featured_media":23323,"template":"","meta":[],"product_brand":[],"product_cat":[1697,1698],"product_tag":[3275],"filter_elektritoukeratas":[2613,2612],"class_list":{"0":"post-55577","1":"product","2":"type-product","3":"status-publish","4":"has-post-thumbnail","6":"product_cat-lisavarusteet","7":"product_cat-varaosat","8":"product_tag-amordid-fi","9":"pa_colour-musta","10":"pa_colour-punainen","11":"pa_tootetuup-amordid-fi","12":"filter_elektritoukeratas-ft_xiaomi_1s_mi3_pro_2_3_lite","13":"filter_elektritoukeratas-ft_xiaomi_m365_m365_pro_essential","15":"first","16":"instock","17":"taxable","18":"shipping-taxable","19":"purchasable","20":"product-type-simple"},"yoast_head":"<!-- This site is optimized with the Yoast SEO Premium plugin v26.8 (Yoast SEO v27.5) - https:\/\/yoast.com\/product\/yoast-seo-premium-wordpress\/ -->\n<title>Xiaomi Monorim V4 etuiskunvaimennin M365 Pro 2 1S | T\u00f5uksimaailm<\/title>\n<meta name=\"description\" content=\"Elektrit\u00f5ukeratta Xiaomi Monorim V3 esiamort (ka esimene amortisaator), punane, elektrilisele t\u00f5ukerattale Xiaomi M365 Pro, 1S, Pro 2\" \/>\n<meta name=\"robots\" content=\"index, follow, max-snippet:-1, max-image-preview:large, max-video-preview:-1\" \/>\n<link rel=\"canonical\" href=\"https:\/\/www.xn--tuksimaailm-ffb.ee\/fi\/shop\/xiaomi-monorim-v4-etuiskunvaimennin-m365-pro-2-1s\/\" \/>\n<meta property=\"og:locale\" content=\"fi_FI\" \/>\n<meta property=\"og:type\" content=\"article\" \/>\n<meta property=\"og:title\" content=\"Xiaomi Monorim V4 etuiskunvaimennin M365 Pro 2 1S\" \/>\n<meta property=\"og:description\" content=\"Elektrit\u00f5ukeratta Xiaomi Monorim V3 esiamort (ka esimene amortisaator), punane, elektrilisele t\u00f5ukerattale Xiaomi M365 Pro, 1S, Pro 2\" \/>\n<meta property=\"og:url\" content=\"https:\/\/www.xn--tuksimaailm-ffb.ee\/fi\/shop\/xiaomi-monorim-v4-etuiskunvaimennin-m365-pro-2-1s\/\" \/>\n<meta property=\"og:site_name\" content=\"T\u00f5uksimaailm\" \/>\n<meta property=\"article:publisher\" content=\"https:\/\/www.facebook.com\/touksimaailm\/\" \/>\n<meta property=\"og:image\" content=\"https:\/\/www.xn--tuksimaailm-ffb.ee\/wp-content\/uploads\/2021\/01\/monorim-v3-1.png\" \/>\n\t<meta property=\"og:image:width\" content=\"863\" \/>\n\t<meta property=\"og:image:height\" content=\"847\" \/>\n\t<meta property=\"og:image:type\" content=\"image\/png\" \/>\n<meta name=\"twitter:card\" content=\"summary_large_image\" \/>\n<meta name=\"twitter:label1\" content=\"Hinta\" \/>\n\t<meta name=\"twitter:data1\" content=\"&euro;139.50\" \/>\n\t<meta name=\"twitter:label2\" content=\"Saatavuus\" \/>\n\t<meta name=\"twitter:data2\" content=\"Varastossa\" \/>\n<meta property=\"product:price:amount\" content=\"139.50\" \/>\n<meta property=\"product:price:currency\" content=\"EUR\" \/>\n<meta property=\"og:availability\" content=\"instock\" \/>\n<meta property=\"product:availability\" content=\"instock\" \/>\n<meta property=\"product:condition\" content=\"new\" \/>\n<!-- \/ Yoast SEO Premium plugin. -->","yoast_head_json":{"title":"Xiaomi Monorim V4 etuiskunvaimennin M365 Pro 2 1S | T\u00f5uksimaailm","description":"Elektrit\u00f5ukeratta Xiaomi Monorim V3 esiamort (ka esimene amortisaator), punane, elektrilisele t\u00f5ukerattale Xiaomi M365 Pro, 1S, Pro 2","robots":{"index":"index","follow":"follow","max-snippet":"max-snippet:-1","max-image-preview":"max-image-preview:large","max-video-preview":"max-video-preview:-1"},"canonical":"https:\/\/www.xn--tuksimaailm-ffb.ee\/fi\/shop\/xiaomi-monorim-v4-etuiskunvaimennin-m365-pro-2-1s\/","og_locale":"fi_FI","og_type":"article","og_title":"Xiaomi Monorim V4 etuiskunvaimennin M365 Pro 2 1S","og_description":"Elektrit\u00f5ukeratta Xiaomi Monorim V3 esiamort (ka esimene amortisaator), punane, elektrilisele t\u00f5ukerattale Xiaomi M365 Pro, 1S, Pro 2","og_url":"https:\/\/www.xn--tuksimaailm-ffb.ee\/fi\/shop\/xiaomi-monorim-v4-etuiskunvaimennin-m365-pro-2-1s\/","og_site_name":"T\u00f5uksimaailm","article_publisher":"https:\/\/www.facebook.com\/touksimaailm\/","og_image":[{"width":863,"height":847,"url":"https:\/\/www.xn--tuksimaailm-ffb.ee\/wp-content\/uploads\/2021\/01\/monorim-v3-1.png","type":"image\/png"}],"twitter_card":"summary_large_image","twitter_misc":{"Hinta":"&euro;139.50","Saatavuus":"Varastossa"},"schema":{"@context":"https:\/\/schema.org","@graph":[{"@type":"WebPage","@id":"https:\/\/www.xn--tuksimaailm-ffb.ee\/fi\/shop\/xiaomi-monorim-v4-etuiskunvaimennin-m365-pro-2-1s\/","url":"https:\/\/www.xn--tuksimaailm-ffb.ee\/fi\/shop\/xiaomi-monorim-v4-etuiskunvaimennin-m365-pro-2-1s\/","name":"Xiaomi Monorim V4 etuiskunvaimennin M365 Pro 2 1S | T\u00f5uksimaailm","isPartOf":{"@id":"https:\/\/www.xn--tuksimaailm-ffb.ee\/fi\/#website"},"primaryImageOfPage":{"@id":"https:\/\/www.xn--tuksimaailm-ffb.ee\/fi\/shop\/xiaomi-monorim-v4-etuiskunvaimennin-m365-pro-2-1s\/#primaryimage"},"image":{"@id":"https:\/\/www.xn--tuksimaailm-ffb.ee\/fi\/shop\/xiaomi-monorim-v4-etuiskunvaimennin-m365-pro-2-1s\/#primaryimage"},"thumbnailUrl":"https:\/\/www.xn--tuksimaailm-ffb.ee\/wp-content\/uploads\/2021\/01\/monorim-v3-1.png","datePublished":"2021-01-31T09:17:42+00:00","description":"Elektrit\u00f5ukeratta Xiaomi Monorim V3 esiamort (ka esimene amortisaator), punane, elektrilisele t\u00f5ukerattale Xiaomi M365 Pro, 1S, Pro 2","breadcrumb":{"@id":"https:\/\/www.xn--tuksimaailm-ffb.ee\/fi\/shop\/xiaomi-monorim-v4-etuiskunvaimennin-m365-pro-2-1s\/#breadcrumb"},"inLanguage":"fi","potentialAction":[{"@type":"ReadAction","target":["https:\/\/www.xn--tuksimaailm-ffb.ee\/fi\/shop\/xiaomi-monorim-v4-etuiskunvaimennin-m365-pro-2-1s\/"]}]},{"@type":"ImageObject","inLanguage":"fi","@id":"https:\/\/www.xn--tuksimaailm-ffb.ee\/fi\/shop\/xiaomi-monorim-v4-etuiskunvaimennin-m365-pro-2-1s\/#primaryimage","url":"https:\/\/www.xn--tuksimaailm-ffb.ee\/wp-content\/uploads\/2021\/01\/monorim-v3-1.png","contentUrl":"https:\/\/www.xn--tuksimaailm-ffb.ee\/wp-content\/uploads\/2021\/01\/monorim-v3-1.png","width":863,"height":847},{"@type":"BreadcrumbList","@id":"https:\/\/www.xn--tuksimaailm-ffb.ee\/fi\/shop\/xiaomi-monorim-v4-etuiskunvaimennin-m365-pro-2-1s\/#breadcrumb","itemListElement":[{"@type":"ListItem","position":1,"name":"Home","item":"https:\/\/www.xn--tuksimaailm-ffb.ee\/fi\/kotisivu\/"},{"@type":"ListItem","position":2,"name":"Kauppa","item":"https:\/\/www.xn--tuksimaailm-ffb.ee\/elektritoukerataste-pood\/"},{"@type":"ListItem","position":3,"name":"Xiaomi Monorim V4 etuiskunvaimennin M365 Pro 2 1S"}]},{"@type":"WebSite","@id":"https:\/\/www.xn--tuksimaailm-ffb.ee\/fi\/#website","url":"https:\/\/www.xn--tuksimaailm-ffb.ee\/fi\/","name":"T\u00f5uksimaailm","description":"Elektrit\u00f5ukerataste m\u00fc\u00fck, remont ja rent","publisher":{"@id":"https:\/\/www.xn--tuksimaailm-ffb.ee\/fi\/#organization"},"potentialAction":[{"@type":"SearchAction","target":{"@type":"EntryPoint","urlTemplate":"https:\/\/www.xn--tuksimaailm-ffb.ee\/fi\/?s={search_term_string}"},"query-input":{"@type":"PropertyValueSpecification","valueRequired":true,"valueName":"search_term_string"}}],"inLanguage":"fi"},{"@type":"Organization","@id":"https:\/\/www.xn--tuksimaailm-ffb.ee\/fi\/#organization","name":"T\u00f5uksimaailm","url":"https:\/\/www.xn--tuksimaailm-ffb.ee\/fi\/","logo":{"@type":"ImageObject","inLanguage":"fi","@id":"https:\/\/www.xn--tuksimaailm-ffb.ee\/fi\/#\/schema\/logo\/image\/","url":"https:\/\/www.xn--tuksimaailm-ffb.ee\/wp-content\/uploads\/2020\/01\/logoz-e1579792875517.png","contentUrl":"https:\/\/www.xn--tuksimaailm-ffb.ee\/wp-content\/uploads\/2020\/01\/logoz-e1579792875517.png","width":250,"height":250,"caption":"T\u00f5uksimaailm"},"image":{"@id":"https:\/\/www.xn--tuksimaailm-ffb.ee\/fi\/#\/schema\/logo\/image\/"},"sameAs":["https:\/\/www.facebook.com\/touksimaailm\/","https:\/\/www.instagram.com\/touksimaailm_\/","https:\/\/www.youtube.com\/channel\/UC18ml0EKIDLP1xGuQjFzcXQ"]}]},"product_price_amount":"139.50","product_price_currency":"EUR","og_availability":"instock","product_availability":"instock","product_condition":"new"},"jetpack_sharing_enabled":true,"_links":{"self":[{"href":"https:\/\/www.xn--tuksimaailm-ffb.ee\/fi\/wp-json\/wp\/v2\/product\/55577","targetHints":{"allow":["GET"]}}],"collection":[{"href":"https:\/\/www.xn--tuksimaailm-ffb.ee\/fi\/wp-json\/wp\/v2\/product"}],"about":[{"href":"https:\/\/www.xn--tuksimaailm-ffb.ee\/fi\/wp-json\/wp\/v2\/types\/product"}],"wp:featuredmedia":[{"embeddable":true,"href":"https:\/\/www.xn--tuksimaailm-ffb.ee\/fi\/wp-json\/wp\/v2\/media\/23323"}],"wp:attachment":[{"href":"https:\/\/www.xn--tuksimaailm-ffb.ee\/fi\/wp-json\/wp\/v2\/media?parent=55577"}],"wp:term":[{"taxonomy":"product_brand","embeddable":true,"href":"https:\/\/www.xn--tuksimaailm-ffb.ee\/fi\/wp-json\/wp\/v2\/product_brand?post=55577"},{"taxonomy":"product_cat","embeddable":true,"href":"https:\/\/www.xn--tuksimaailm-ffb.ee\/fi\/wp-json\/wp\/v2\/product_cat?post=55577"},{"taxonomy":"product_tag","embeddable":true,"href":"https:\/\/www.xn--tuksimaailm-ffb.ee\/fi\/wp-json\/wp\/v2\/product_tag?post=55577"},{"taxonomy":"filter_elektritoukeratas","embeddable":true,"href":"https:\/\/www.xn--tuksimaailm-ffb.ee\/fi\/wp-json\/wp\/v2\/filter_elektritoukeratas?post=55577"}],"curies":[{"name":"wp","href":"https:\/\/api.w.org\/{rel}","templated":true}]}}