{"id":55595,"date":"2021-01-30T16:26:23","date_gmt":"2021-01-30T13:26:23","guid":{"rendered":"http:\/\/www.xn--tuksimaailm-ffb.ee\/shop\/lyijyakun-laturi-sahkoskootterille-24v-meanwell-eol\/"},"modified":"2021-01-30T16:26:23","modified_gmt":"2021-01-30T13:26:23","slug":"lyijyakun-laturi-sahkoskootterille-24v-meanwell-eol","status":"publish","type":"product","link":"https:\/\/www.xn--tuksimaailm-ffb.ee\/fi\/shop\/lyijyakun-laturi-sahkoskootterille-24v-meanwell-eol\/","title":{"rendered":"Lyijyakun laturi s\u00e4hk\u00f6skootterille 24V Meanwell (EOL)"},"content":{"rendered":"<p>Lyijyhappoakun laturi s\u00e4hk\u00f6skootterille 24V (my\u00f6s lyijyhappoakun laturi, lyijyhappoakun virtal\u00e4hde), tuloj\u00e4nnite <strong>230VAC<\/strong>, l\u00e4ht\u00f6j\u00e4nnite <strong>24VDC<\/strong> maksimilatausvirta <strong>1.04A <\/strong>(latausteho <strong>25W<\/strong>). 24V lyijyhappoakkujen laturi s\u00e4hk\u00f6skoottereille soveltuu kaikkiin pieniin s\u00e4hk\u00f6skoottereihin, p\u00e4\u00e4asiassa lapsille, joissa k\u00e4ytet\u00e4\u00e4n tyypillisesti kahta <strong>12V 4,5Ah <\/strong>lyijyhappoakkua, jotka on kytketty sarjaan\/seurantaan virtal\u00e4hteen\u00e4 ja DC5,5 pistorasiaa latausliit\u00e4nt\u00e4n\u00e4.<\/p>\n","protected":false},"excerpt":{"rendered":"<p>Lyijyhappoakun laturi s\u00e4hk\u00f6skootterille 24V (my\u00f6s lyijyhappoakun laturi, lyijyhappoakun virtal\u00e4hde), tuloj\u00e4nnite 230VAC, l\u00e4ht\u00f6j\u00e4nnite 24VDC maksimilatausvirta 1.04A (latausteho 25W). 24V lyijyhappoakkujen laturi s\u00e4hk\u00f6skoottereille soveltuu kaikkiin pieniin s\u00e4hk\u00f6skoottereihin, p\u00e4\u00e4asiassa lapsille, joissa k\u00e4ytet\u00e4\u00e4n tyypillisesti kahta 12V 4,5Ah lyijyhappoakkua, jotka on kytketty sarjaan\/seurantaan virtal\u00e4hteen\u00e4 ja DC5,5 pistorasiaa latausliit\u00e4nt\u00e4n\u00e4.<\/p>\n","protected":false},"featured_media":22773,"template":"","meta":[],"product_brand":[],"product_cat":[1697,1698],"product_tag":[1707],"filter_elektritoukeratas":[],"class_list":{"0":"post-55595","1":"product","2":"type-product","3":"status-publish","4":"has-post-thumbnail","6":"product_cat-lisavarusteet","7":"product_cat-varaosat","8":"product_tag-laturit","9":"pa_tootetuup-laturit","11":"first","12":"outofstock","13":"taxable","14":"shipping-taxable","15":"purchasable","16":"product-type-simple"},"yoast_head":"<!-- This site is optimized with the Yoast SEO Premium plugin v26.8 (Yoast SEO v27.5) - https:\/\/yoast.com\/product\/yoast-seo-premium-wordpress\/ -->\n<title>Lyijyakun laturi s\u00e4hk\u00f6skootterille 24V Meanwell (EOL) &#8212; T\u00f5uksimaailm - Laadijad<\/title>\n<meta name=\"description\" content=\"Pliiaku laadija elektrit\u00f5ukerattale 24v (ka lead-acid akulaadija, pliihappe akude toiteadapter), v\u00e4ljundpinge 24VDC.\" \/>\n<meta name=\"robots\" content=\"index, follow, max-snippet:-1, max-image-preview:large, max-video-preview:-1\" \/>\n<link rel=\"canonical\" href=\"https:\/\/www.xn--tuksimaailm-ffb.ee\/fi\/shop\/lyijyakun-laturi-sahkoskootterille-24v-meanwell-eol\/\" \/>\n<meta property=\"og:locale\" content=\"fi_FI\" \/>\n<meta property=\"og:type\" content=\"article\" \/>\n<meta property=\"og:title\" content=\"Lyijyakun laturi s\u00e4hk\u00f6skootterille 24V Meanwell (EOL)\" \/>\n<meta property=\"og:description\" content=\"Pliiaku laadija elektrit\u00f5ukerattale 24v (ka lead-acid akulaadija, pliihappe akude toiteadapter), v\u00e4ljundpinge 24VDC.\" \/>\n<meta property=\"og:url\" content=\"https:\/\/www.xn--tuksimaailm-ffb.ee\/fi\/shop\/lyijyakun-laturi-sahkoskootterille-24v-meanwell-eol\/\" \/>\n<meta property=\"og:site_name\" content=\"T\u00f5uksimaailm\" \/>\n<meta property=\"article:publisher\" content=\"https:\/\/www.facebook.com\/touksimaailm\/\" \/>\n<meta property=\"og:image\" content=\"https:\/\/www.xn--tuksimaailm-ffb.ee\/wp-content\/uploads\/2021\/01\/meanwell.jpg\" \/>\n\t<meta property=\"og:image:width\" content=\"1107\" \/>\n\t<meta property=\"og:image:height\" content=\"783\" \/>\n\t<meta property=\"og:image:type\" content=\"image\/jpeg\" \/>\n<meta name=\"twitter:card\" content=\"summary_large_image\" \/>\n<meta name=\"twitter:label1\" content=\"Hinta\" \/>\n\t<meta name=\"twitter:data1\" content=\"&euro;49.50\" \/>\n\t<meta name=\"twitter:label2\" content=\"Saatavuus\" \/>\n\t<meta name=\"twitter:data2\" content=\"Loppu varastosta\" \/>\n<meta property=\"product:price:amount\" content=\"49.50\" \/>\n<meta property=\"product:price:currency\" content=\"EUR\" \/>\n<meta property=\"og:availability\" content=\"out of stock\" \/>\n<meta property=\"product:availability\" content=\"out of stock\" \/>\n<meta property=\"product:condition\" content=\"new\" \/>\n<!-- \/ Yoast SEO Premium plugin. -->","yoast_head_json":{"title":"Lyijyakun laturi s\u00e4hk\u00f6skootterille 24V Meanwell (EOL) &#8212; T\u00f5uksimaailm - Laadijad","description":"Pliiaku laadija elektrit\u00f5ukerattale 24v (ka lead-acid akulaadija, pliihappe akude toiteadapter), v\u00e4ljundpinge 24VDC.","robots":{"index":"index","follow":"follow","max-snippet":"max-snippet:-1","max-image-preview":"max-image-preview:large","max-video-preview":"max-video-preview:-1"},"canonical":"https:\/\/www.xn--tuksimaailm-ffb.ee\/fi\/shop\/lyijyakun-laturi-sahkoskootterille-24v-meanwell-eol\/","og_locale":"fi_FI","og_type":"article","og_title":"Lyijyakun laturi s\u00e4hk\u00f6skootterille 24V Meanwell (EOL)","og_description":"Pliiaku laadija elektrit\u00f5ukerattale 24v (ka lead-acid akulaadija, pliihappe akude toiteadapter), v\u00e4ljundpinge 24VDC.","og_url":"https:\/\/www.xn--tuksimaailm-ffb.ee\/fi\/shop\/lyijyakun-laturi-sahkoskootterille-24v-meanwell-eol\/","og_site_name":"T\u00f5uksimaailm","article_publisher":"https:\/\/www.facebook.com\/touksimaailm\/","og_image":[{"width":1107,"height":783,"url":"https:\/\/www.xn--tuksimaailm-ffb.ee\/wp-content\/uploads\/2021\/01\/meanwell.jpg","type":"image\/jpeg"}],"twitter_card":"summary_large_image","twitter_misc":{"Hinta":"&euro;49.50","Saatavuus":"Loppu varastosta"},"schema":{"@context":"https:\/\/schema.org","@graph":[{"@type":"WebPage","@id":"https:\/\/www.xn--tuksimaailm-ffb.ee\/fi\/shop\/lyijyakun-laturi-sahkoskootterille-24v-meanwell-eol\/","url":"https:\/\/www.xn--tuksimaailm-ffb.ee\/fi\/shop\/lyijyakun-laturi-sahkoskootterille-24v-meanwell-eol\/","name":"Lyijyakun laturi s\u00e4hk\u00f6skootterille 24V Meanwell (EOL) &#8212; T\u00f5uksimaailm - Laadijad","isPartOf":{"@id":"https:\/\/www.xn--tuksimaailm-ffb.ee\/fi\/#website"},"primaryImageOfPage":{"@id":"https:\/\/www.xn--tuksimaailm-ffb.ee\/fi\/shop\/lyijyakun-laturi-sahkoskootterille-24v-meanwell-eol\/#primaryimage"},"image":{"@id":"https:\/\/www.xn--tuksimaailm-ffb.ee\/fi\/shop\/lyijyakun-laturi-sahkoskootterille-24v-meanwell-eol\/#primaryimage"},"thumbnailUrl":"https:\/\/www.xn--tuksimaailm-ffb.ee\/wp-content\/uploads\/2021\/01\/meanwell.jpg","datePublished":"2021-01-30T13:26:23+00:00","description":"Pliiaku laadija elektrit\u00f5ukerattale 24v (ka lead-acid akulaadija, pliihappe akude toiteadapter), v\u00e4ljundpinge 24VDC.","breadcrumb":{"@id":"https:\/\/www.xn--tuksimaailm-ffb.ee\/fi\/shop\/lyijyakun-laturi-sahkoskootterille-24v-meanwell-eol\/#breadcrumb"},"inLanguage":"fi","potentialAction":[{"@type":"ReadAction","target":["https:\/\/www.xn--tuksimaailm-ffb.ee\/fi\/shop\/lyijyakun-laturi-sahkoskootterille-24v-meanwell-eol\/"]}]},{"@type":"ImageObject","inLanguage":"fi","@id":"https:\/\/www.xn--tuksimaailm-ffb.ee\/fi\/shop\/lyijyakun-laturi-sahkoskootterille-24v-meanwell-eol\/#primaryimage","url":"https:\/\/www.xn--tuksimaailm-ffb.ee\/wp-content\/uploads\/2021\/01\/meanwell.jpg","contentUrl":"https:\/\/www.xn--tuksimaailm-ffb.ee\/wp-content\/uploads\/2021\/01\/meanwell.jpg","width":1107,"height":783},{"@type":"BreadcrumbList","@id":"https:\/\/www.xn--tuksimaailm-ffb.ee\/fi\/shop\/lyijyakun-laturi-sahkoskootterille-24v-meanwell-eol\/#breadcrumb","itemListElement":[{"@type":"ListItem","position":1,"name":"Home","item":"https:\/\/www.xn--tuksimaailm-ffb.ee\/fi\/kotisivu\/"},{"@type":"ListItem","position":2,"name":"Kauppa","item":"https:\/\/www.xn--tuksimaailm-ffb.ee\/elektritoukerataste-pood\/"},{"@type":"ListItem","position":3,"name":"Lyijyakun laturi s\u00e4hk\u00f6skootterille 24V Meanwell (EOL)"}]},{"@type":"WebSite","@id":"https:\/\/www.xn--tuksimaailm-ffb.ee\/fi\/#website","url":"https:\/\/www.xn--tuksimaailm-ffb.ee\/fi\/","name":"T\u00f5uksimaailm","description":"Elektrit\u00f5ukerataste m\u00fc\u00fck, remont ja rent","publisher":{"@id":"https:\/\/www.xn--tuksimaailm-ffb.ee\/fi\/#organization"},"potentialAction":[{"@type":"SearchAction","target":{"@type":"EntryPoint","urlTemplate":"https:\/\/www.xn--tuksimaailm-ffb.ee\/fi\/?s={search_term_string}"},"query-input":{"@type":"PropertyValueSpecification","valueRequired":true,"valueName":"search_term_string"}}],"inLanguage":"fi"},{"@type":"Organization","@id":"https:\/\/www.xn--tuksimaailm-ffb.ee\/fi\/#organization","name":"T\u00f5uksimaailm","url":"https:\/\/www.xn--tuksimaailm-ffb.ee\/fi\/","logo":{"@type":"ImageObject","inLanguage":"fi","@id":"https:\/\/www.xn--tuksimaailm-ffb.ee\/fi\/#\/schema\/logo\/image\/","url":"https:\/\/www.xn--tuksimaailm-ffb.ee\/wp-content\/uploads\/2020\/01\/logoz-e1579792875517.png","contentUrl":"https:\/\/www.xn--tuksimaailm-ffb.ee\/wp-content\/uploads\/2020\/01\/logoz-e1579792875517.png","width":250,"height":250,"caption":"T\u00f5uksimaailm"},"image":{"@id":"https:\/\/www.xn--tuksimaailm-ffb.ee\/fi\/#\/schema\/logo\/image\/"},"sameAs":["https:\/\/www.facebook.com\/touksimaailm\/","https:\/\/www.instagram.com\/touksimaailm_\/","https:\/\/www.youtube.com\/channel\/UC18ml0EKIDLP1xGuQjFzcXQ"]}]},"product_price_amount":"49.50","product_price_currency":"EUR","og_availability":"out of stock","product_availability":"out of stock","product_condition":"new"},"jetpack_sharing_enabled":true,"_links":{"self":[{"href":"https:\/\/www.xn--tuksimaailm-ffb.ee\/fi\/wp-json\/wp\/v2\/product\/55595","targetHints":{"allow":["GET"]}}],"collection":[{"href":"https:\/\/www.xn--tuksimaailm-ffb.ee\/fi\/wp-json\/wp\/v2\/product"}],"about":[{"href":"https:\/\/www.xn--tuksimaailm-ffb.ee\/fi\/wp-json\/wp\/v2\/types\/product"}],"wp:featuredmedia":[{"embeddable":true,"href":"https:\/\/www.xn--tuksimaailm-ffb.ee\/fi\/wp-json\/wp\/v2\/media\/22773"}],"wp:attachment":[{"href":"https:\/\/www.xn--tuksimaailm-ffb.ee\/fi\/wp-json\/wp\/v2\/media?parent=55595"}],"wp:term":[{"taxonomy":"product_brand","embeddable":true,"href":"https:\/\/www.xn--tuksimaailm-ffb.ee\/fi\/wp-json\/wp\/v2\/product_brand?post=55595"},{"taxonomy":"product_cat","embeddable":true,"href":"https:\/\/www.xn--tuksimaailm-ffb.ee\/fi\/wp-json\/wp\/v2\/product_cat?post=55595"},{"taxonomy":"product_tag","embeddable":true,"href":"https:\/\/www.xn--tuksimaailm-ffb.ee\/fi\/wp-json\/wp\/v2\/product_tag?post=55595"},{"taxonomy":"filter_elektritoukeratas","embeddable":true,"href":"https:\/\/www.xn--tuksimaailm-ffb.ee\/fi\/wp-json\/wp\/v2\/filter_elektritoukeratas?post=55595"}],"curies":[{"name":"wp","href":"https:\/\/api.w.org\/{rel}","templated":true}]}}