{"id":55612,"date":"2021-01-30T11:21:48","date_gmt":"2021-01-30T08:21:48","guid":{"rendered":"http:\/\/www.xn--tuksimaailm-ffb.ee\/shop\/kugoo-s1-s2-s3-pro-kahvat\/"},"modified":"2021-01-30T11:21:48","modified_gmt":"2021-01-30T08:21:48","slug":"kugoo-s1-s2-s3-pro-kahvat","status":"publish","type":"product","link":"https:\/\/www.xn--tuksimaailm-ffb.ee\/fi\/shop\/kugoo-s1-s2-s3-pro-kahvat\/","title":{"rendered":"Kugoo S1 \/ S2 \/ S3 Pro kahvat"},"content":{"rendered":"<p>Kugoo S1 \/ S2 \/ S3 Pro kahvat (my\u00f6s kahvat, kahvat), sarja sis\u00e4lt\u00e4\u00e4 <strong>2 kahvaa<\/strong>, alkuper\u00e4inen varaosa. Kugoo S1 \/ S2 \/ S3 Pro kahvat sopivat s\u00e4hk\u00f6skootteriin <a><strong>Kugoo S1<\/strong><\/a><strong>, Kugoo S3<\/strong> sek\u00e4 n\u00e4iden s\u00e4hk\u00f6skoottereiden Pro-versioihin<a><strong> Kugoo S1 Pro<\/strong><\/a>ja<strong>Kugoo S3 Pro.<\/strong> Jos Kugoo-s\u00e4hk\u00f6skootterin korjaaminen tai kahvojen vaihtaminen on sinulle liikaa, s\u00e4hk\u00f6skoottereihin erikoistunut <a href=\"http:\/\/www.xn--tuksimaailm-ffb.ee\/elektrilise-toukeratta-remont\/\">korjaamomme<\/a> voi auttaa.<\/p>\n","protected":false},"excerpt":{"rendered":"<p>Kugoo S1 \/ S2 \/ S3 Pro kahvat (my\u00f6s kahvat, kahvat), sarja sis\u00e4lt\u00e4\u00e4 2 kahvaa, alkuper\u00e4inen varaosa. Kugoo S1 \/ S2 \/ S3 Pro kahvat sopivat s\u00e4hk\u00f6skootteriin Kugoo S1, Kugoo S3 sek\u00e4 n\u00e4iden s\u00e4hk\u00f6skoottereiden Pro-versioihin Kugoo S1 ProjaKugoo S3 Pro. Jos Kugoo-s\u00e4hk\u00f6skootterin korjaaminen tai kahvojen vaihtaminen on sinulle liikaa, s\u00e4hk\u00f6skoottereihin &hellip;<\/p>\n","protected":false},"featured_media":22746,"template":"","meta":[],"product_brand":[],"product_cat":[1697,1698],"product_tag":[3264],"filter_elektritoukeratas":[2649,2650,2651],"class_list":{"0":"post-55612","1":"product","2":"type-product","3":"status-publish","4":"has-post-thumbnail","6":"product_cat-lisavarusteet","7":"product_cat-varaosat","8":"product_tag-kugoo-varuosad-fi","9":"pa_tootetuup-kaepidemed-fi","10":"filter_elektritoukeratas-ft_kugoo_s1_s1_plus_s1_pro_s1_max","11":"filter_elektritoukeratas-ft_kugoo_s2_s2_pro","12":"filter_elektritoukeratas-ft_kugoo_s3_s3_plus_s3_pro","14":"first","15":"instock","16":"taxable","17":"shipping-taxable","18":"purchasable","19":"product-type-simple"},"yoast_head":"<!-- This site is optimized with the Yoast SEO Premium plugin v26.8 (Yoast SEO v27.3) - https:\/\/yoast.com\/product\/yoast-seo-premium-wordpress\/ -->\n<title>Kugoo S1 \/ S2 \/ S3 Pro kahvat | T\u00f5uksimaailm | Varuosad<\/title>\n<meta name=\"description\" content=\"Kugoo S1 \/ S2 \/ S3 Pro k\u00e4epidemed (ka gripid, ruskad), komplektis on 2 k\u00e4epidet, originaal Kugoo elektrit\u00f5ukeratta varuosad.\" \/>\n<meta name=\"robots\" content=\"index, follow, max-snippet:-1, max-image-preview:large, max-video-preview:-1\" \/>\n<link rel=\"canonical\" href=\"https:\/\/www.xn--tuksimaailm-ffb.ee\/fi\/shop\/kugoo-s1-s2-s3-pro-kahvat\/\" \/>\n<meta property=\"og:locale\" content=\"fi_FI\" \/>\n<meta property=\"og:type\" content=\"article\" \/>\n<meta property=\"og:title\" content=\"Kugoo S1 \/ S2 \/ S3 Pro kahvat\" \/>\n<meta property=\"og:description\" content=\"Kugoo S1 \/ S2 \/ S3 Pro k\u00e4epidemed (ka gripid, ruskad), komplektis on 2 k\u00e4epidet, originaal Kugoo elektrit\u00f5ukeratta varuosad.\" \/>\n<meta property=\"og:url\" content=\"https:\/\/www.xn--tuksimaailm-ffb.ee\/fi\/shop\/kugoo-s1-s2-s3-pro-kahvat\/\" \/>\n<meta property=\"og:site_name\" content=\"T\u00f5uksimaailm\" \/>\n<meta property=\"article:publisher\" content=\"https:\/\/www.facebook.com\/touksimaailm\/\" \/>\n<meta property=\"og:image\" content=\"https:\/\/www.xn--tuksimaailm-ffb.ee\/wp-content\/uploads\/2021\/01\/kugoo-k\u00e4epidemed.png\" \/>\n\t<meta property=\"og:image:width\" content=\"653\" \/>\n\t<meta property=\"og:image:height\" content=\"713\" \/>\n\t<meta property=\"og:image:type\" content=\"image\/png\" \/>\n<meta name=\"twitter:card\" content=\"summary_large_image\" \/>\n<meta name=\"twitter:label1\" content=\"Hinta\" \/>\n\t<meta name=\"twitter:data1\" content=\"&euro;14.50\" \/>\n\t<meta name=\"twitter:label2\" content=\"Saatavuus\" \/>\n\t<meta name=\"twitter:data2\" content=\"Varastossa\" \/>\n<meta property=\"product:price:amount\" content=\"14.50\" \/>\n<meta property=\"product:price:currency\" content=\"EUR\" \/>\n<meta property=\"og:availability\" content=\"instock\" \/>\n<meta property=\"product:availability\" content=\"instock\" \/>\n<meta property=\"product:condition\" content=\"new\" \/>\n<!-- \/ Yoast SEO Premium plugin. -->","yoast_head_json":{"title":"Kugoo S1 \/ S2 \/ S3 Pro kahvat | T\u00f5uksimaailm | Varuosad","description":"Kugoo S1 \/ S2 \/ S3 Pro k\u00e4epidemed (ka gripid, ruskad), komplektis on 2 k\u00e4epidet, originaal Kugoo elektrit\u00f5ukeratta varuosad.","robots":{"index":"index","follow":"follow","max-snippet":"max-snippet:-1","max-image-preview":"max-image-preview:large","max-video-preview":"max-video-preview:-1"},"canonical":"https:\/\/www.xn--tuksimaailm-ffb.ee\/fi\/shop\/kugoo-s1-s2-s3-pro-kahvat\/","og_locale":"fi_FI","og_type":"article","og_title":"Kugoo S1 \/ S2 \/ S3 Pro kahvat","og_description":"Kugoo S1 \/ S2 \/ S3 Pro k\u00e4epidemed (ka gripid, ruskad), komplektis on 2 k\u00e4epidet, originaal Kugoo elektrit\u00f5ukeratta varuosad.","og_url":"https:\/\/www.xn--tuksimaailm-ffb.ee\/fi\/shop\/kugoo-s1-s2-s3-pro-kahvat\/","og_site_name":"T\u00f5uksimaailm","article_publisher":"https:\/\/www.facebook.com\/touksimaailm\/","og_image":[{"width":653,"height":713,"url":"https:\/\/www.xn--tuksimaailm-ffb.ee\/wp-content\/uploads\/2021\/01\/kugoo-k\u00e4epidemed.png","type":"image\/png"}],"twitter_card":"summary_large_image","twitter_misc":{"Hinta":"&euro;14.50","Saatavuus":"Varastossa"},"schema":{"@context":"https:\/\/schema.org","@graph":[{"@type":"WebPage","@id":"https:\/\/www.xn--tuksimaailm-ffb.ee\/fi\/shop\/kugoo-s1-s2-s3-pro-kahvat\/","url":"https:\/\/www.xn--tuksimaailm-ffb.ee\/fi\/shop\/kugoo-s1-s2-s3-pro-kahvat\/","name":"Kugoo S1 \/ S2 \/ S3 Pro kahvat | T\u00f5uksimaailm | Varuosad","isPartOf":{"@id":"https:\/\/www.xn--tuksimaailm-ffb.ee\/fi\/#website"},"primaryImageOfPage":{"@id":"https:\/\/www.xn--tuksimaailm-ffb.ee\/fi\/shop\/kugoo-s1-s2-s3-pro-kahvat\/#primaryimage"},"image":{"@id":"https:\/\/www.xn--tuksimaailm-ffb.ee\/fi\/shop\/kugoo-s1-s2-s3-pro-kahvat\/#primaryimage"},"thumbnailUrl":"https:\/\/www.xn--tuksimaailm-ffb.ee\/wp-content\/uploads\/2021\/01\/kugoo-k\u00e4epidemed.png","datePublished":"2021-01-30T08:21:48+00:00","description":"Kugoo S1 \/ S2 \/ S3 Pro k\u00e4epidemed (ka gripid, ruskad), komplektis on 2 k\u00e4epidet, originaal Kugoo elektrit\u00f5ukeratta varuosad.","breadcrumb":{"@id":"https:\/\/www.xn--tuksimaailm-ffb.ee\/fi\/shop\/kugoo-s1-s2-s3-pro-kahvat\/#breadcrumb"},"inLanguage":"fi","potentialAction":[{"@type":"ReadAction","target":["https:\/\/www.xn--tuksimaailm-ffb.ee\/fi\/shop\/kugoo-s1-s2-s3-pro-kahvat\/"]}]},{"@type":"ImageObject","inLanguage":"fi","@id":"https:\/\/www.xn--tuksimaailm-ffb.ee\/fi\/shop\/kugoo-s1-s2-s3-pro-kahvat\/#primaryimage","url":"https:\/\/www.xn--tuksimaailm-ffb.ee\/wp-content\/uploads\/2021\/01\/kugoo-k\u00e4epidemed.png","contentUrl":"https:\/\/www.xn--tuksimaailm-ffb.ee\/wp-content\/uploads\/2021\/01\/kugoo-k\u00e4epidemed.png","width":653,"height":713},{"@type":"BreadcrumbList","@id":"https:\/\/www.xn--tuksimaailm-ffb.ee\/fi\/shop\/kugoo-s1-s2-s3-pro-kahvat\/#breadcrumb","itemListElement":[{"@type":"ListItem","position":1,"name":"Home","item":"https:\/\/www.xn--tuksimaailm-ffb.ee\/fi\/kotisivu\/"},{"@type":"ListItem","position":2,"name":"Kauppa","item":"https:\/\/www.xn--tuksimaailm-ffb.ee\/elektritoukerataste-pood\/"},{"@type":"ListItem","position":3,"name":"Kugoo S1 \/ S2 \/ S3 Pro kahvat"}]},{"@type":"WebSite","@id":"https:\/\/www.xn--tuksimaailm-ffb.ee\/fi\/#website","url":"https:\/\/www.xn--tuksimaailm-ffb.ee\/fi\/","name":"T\u00f5uksimaailm","description":"Elektrit\u00f5ukerataste m\u00fc\u00fck, remont ja rent","publisher":{"@id":"https:\/\/www.xn--tuksimaailm-ffb.ee\/fi\/#organization"},"potentialAction":[{"@type":"SearchAction","target":{"@type":"EntryPoint","urlTemplate":"https:\/\/www.xn--tuksimaailm-ffb.ee\/fi\/?s={search_term_string}"},"query-input":{"@type":"PropertyValueSpecification","valueRequired":true,"valueName":"search_term_string"}}],"inLanguage":"fi"},{"@type":"Organization","@id":"https:\/\/www.xn--tuksimaailm-ffb.ee\/fi\/#organization","name":"T\u00f5uksimaailm","url":"https:\/\/www.xn--tuksimaailm-ffb.ee\/fi\/","logo":{"@type":"ImageObject","inLanguage":"fi","@id":"https:\/\/www.xn--tuksimaailm-ffb.ee\/fi\/#\/schema\/logo\/image\/","url":"https:\/\/www.xn--tuksimaailm-ffb.ee\/wp-content\/uploads\/2020\/01\/logoz-e1579792875517.png","contentUrl":"https:\/\/www.xn--tuksimaailm-ffb.ee\/wp-content\/uploads\/2020\/01\/logoz-e1579792875517.png","width":250,"height":250,"caption":"T\u00f5uksimaailm"},"image":{"@id":"https:\/\/www.xn--tuksimaailm-ffb.ee\/fi\/#\/schema\/logo\/image\/"},"sameAs":["https:\/\/www.facebook.com\/touksimaailm\/","https:\/\/www.instagram.com\/touksimaailm_\/","https:\/\/www.youtube.com\/channel\/UC18ml0EKIDLP1xGuQjFzcXQ"]}]},"product_price_amount":"14.50","product_price_currency":"EUR","og_availability":"instock","product_availability":"instock","product_condition":"new"},"jetpack_sharing_enabled":true,"_links":{"self":[{"href":"https:\/\/www.xn--tuksimaailm-ffb.ee\/fi\/wp-json\/wp\/v2\/product\/55612","targetHints":{"allow":["GET"]}}],"collection":[{"href":"https:\/\/www.xn--tuksimaailm-ffb.ee\/fi\/wp-json\/wp\/v2\/product"}],"about":[{"href":"https:\/\/www.xn--tuksimaailm-ffb.ee\/fi\/wp-json\/wp\/v2\/types\/product"}],"wp:featuredmedia":[{"embeddable":true,"href":"https:\/\/www.xn--tuksimaailm-ffb.ee\/fi\/wp-json\/wp\/v2\/media\/22746"}],"wp:attachment":[{"href":"https:\/\/www.xn--tuksimaailm-ffb.ee\/fi\/wp-json\/wp\/v2\/media?parent=55612"}],"wp:term":[{"taxonomy":"product_brand","embeddable":true,"href":"https:\/\/www.xn--tuksimaailm-ffb.ee\/fi\/wp-json\/wp\/v2\/product_brand?post=55612"},{"taxonomy":"product_cat","embeddable":true,"href":"https:\/\/www.xn--tuksimaailm-ffb.ee\/fi\/wp-json\/wp\/v2\/product_cat?post=55612"},{"taxonomy":"product_tag","embeddable":true,"href":"https:\/\/www.xn--tuksimaailm-ffb.ee\/fi\/wp-json\/wp\/v2\/product_tag?post=55612"},{"taxonomy":"filter_elektritoukeratas","embeddable":true,"href":"https:\/\/www.xn--tuksimaailm-ffb.ee\/fi\/wp-json\/wp\/v2\/filter_elektritoukeratas?post=55612"}],"curies":[{"name":"wp","href":"https:\/\/api.w.org\/{rel}","templated":true}]}}