{"id":55690,"date":"2021-01-24T17:46:07","date_gmt":"2021-01-24T17:46:07","guid":{"rendered":"http:\/\/www.xn--tuksimaailm-ffb.ee\/shop\/segway-ninebot-max-g30-etuiskunvaimennin\/"},"modified":"2021-01-24T17:46:07","modified_gmt":"2021-01-24T14:46:07","slug":"segway-ninebot-max-g30-etuiskunvaimennin","status":"publish","type":"product","link":"https:\/\/www.xn--tuksimaailm-ffb.ee\/fi\/shop\/segway-ninebot-max-g30-etuiskunvaimennin\/","title":{"rendered":"Segway Ninebot Max G30 etuiskunvaimennin"},"content":{"rendered":"<p>S\u00e4hk\u00f6skootteri Segway Ninebot Max G30 etupy\u00f6r\u00e4n ensimm\u00e4inen iskunvaimennin (my\u00f6s haarukka iskunvaimentimella). <strong>HUOMAUTUS<\/strong>: Ensimm\u00e4inen iskunvaimentin on melko j\u00e4ykk\u00e4 ja sopii yli 90 kg painaville kuljettajille. <a><strong>Max G30 Monorim amortissa<\/strong><\/a> on suurempi amortin vaihde. Segway Ninebot Max G30 etuiskunvaimennin ensimm\u00e4inen iskunvaimennin sopii suosittuun s\u00e4hk\u00f6skootteriin <a href=\"http:\/\/www.xn--tuksimaailm-ffb.ee\/shop\/elektriline-toukeratas-ninebot-max-g30\/\"><strong>Ninebot Max G30<\/strong><\/a><strong>, <\/strong><a href=\"https:\/\/ee-en.segway.com\/products\/ninebot-kickscooter-max-g30le-powered-by-segway\"><strong>Ninebot Max G30LE<\/strong><\/a>ja<strong> Ninebot Max G30P<\/strong>. Etuiskunvaimennin auttaa parantamaan s\u00e4hk\u00f6skootterin ajomukavuutta<strong>.<\/strong> Ero alkuper\u00e4iseen Ninebot Maxin t\u00e4yteen haarukkaan on erityisen huomattava korkeammissa iskuissa, kuten ajettaessa matalampia tienvarsia yl\u00f6s ja alas, ratap\u00f6lkkyjen yli jne.<\/p>\n<p>Ensimm\u00e4inen iskunvaimennin auttaa my\u00f6s v\u00e4hent\u00e4m\u00e4\u00e4n voimakkaiden iskujen aiheuttamaa rengasrungon vaurioitumisriski\u00e4. Iskunvaimennin suojaa my\u00f6s skootterin akkua ja sis\u00e4isi\u00e4 elektroniikkaliit\u00e4nt\u00f6j\u00e4 t\u00e4rin\u00e4n aiheuttamilta vaurioilta (akkumoduulin teippien irtoaminen jne.). Jos sinulla on vaikeuksia asentaa s\u00e4hk\u00f6skootterin etusuojusta itse, Segway-s\u00e4hk\u00f6skoottereista kokenut <a href=\"http:\/\/www.xn--tuksimaailm-ffb.ee\/elektrilise-toukeratta-remont\/\">korjaamomme<\/a> voi auttaa.<\/p>\n","protected":false},"excerpt":{"rendered":"<p><strong>Tarjoamme my\u00f6s <\/strong><a href=\"http:\/\/www.xn--tuksimaailm-ffb.ee\/shop\/amortisaatori-paigaldus-xiaomi-segway-ninebot\/\"><strong>iskunvaimentimien asennusta<\/strong><\/a><strong>!<\/strong><\/p>\n","protected":false},"featured_media":78953,"template":"","meta":[],"product_brand":[],"product_cat":[1697,1698],"product_tag":[3275],"filter_elektritoukeratas":[2637],"class_list":{"0":"post-55690","1":"product","2":"type-product","3":"status-publish","4":"has-post-thumbnail","6":"product_cat-lisavarusteet","7":"product_cat-varaosat","8":"product_tag-amordid-fi","9":"pa_colour-musta","10":"pa_colour-punainen","11":"pa_tootetuup-amordid-fi","12":"filter_elektritoukeratas-ft_segway_ninebot_max_g30p_g30le_g30e_ii_g30lp_ii","14":"first","15":"instock","16":"taxable","17":"shipping-taxable","18":"purchasable","19":"product-type-simple"},"yoast_head":"<!-- This site is optimized with the Yoast SEO Premium plugin v26.8 (Yoast SEO v27.5) - https:\/\/yoast.com\/product\/yoast-seo-premium-wordpress\/ -->\n<title>Segway Ninebot Max G30 etuiskunvaimennin | T\u00f5uksimaailm<\/title>\n<meta name=\"description\" content=\"Elektrit\u00f5ukeratta Segway Ninebot Max G30 esiamort esimene amortisaator (ka amort), elektrilisele t\u00f5ukerattale Max G30, G30LE, G30P, G30LP. Amordid.\" \/>\n<meta name=\"robots\" content=\"index, follow, max-snippet:-1, max-image-preview:large, max-video-preview:-1\" \/>\n<link rel=\"canonical\" href=\"https:\/\/www.xn--tuksimaailm-ffb.ee\/fi\/shop\/segway-ninebot-max-g30-etuiskunvaimennin\/\" \/>\n<meta property=\"og:locale\" content=\"fi_FI\" \/>\n<meta property=\"og:type\" content=\"article\" \/>\n<meta property=\"og:title\" content=\"Segway Ninebot Max G30 etuiskunvaimennin\" \/>\n<meta property=\"og:description\" content=\"Elektrit\u00f5ukeratta Segway Ninebot Max G30 esiamort esimene amortisaator (ka amort), elektrilisele t\u00f5ukerattale Max G30, G30LE, G30P, G30LP. Amordid.\" \/>\n<meta property=\"og:url\" content=\"https:\/\/www.xn--tuksimaailm-ffb.ee\/fi\/shop\/segway-ninebot-max-g30-etuiskunvaimennin\/\" \/>\n<meta property=\"og:site_name\" content=\"T\u00f5uksimaailm\" \/>\n<meta property=\"article:publisher\" content=\"https:\/\/www.facebook.com\/touksimaailm\/\" \/>\n<meta property=\"og:image\" content=\"https:\/\/www.xn--tuksimaailm-ffb.ee\/wp-content\/uploads\/2021\/01\/max-esiamort-3.png\" \/>\n\t<meta property=\"og:image:width\" content=\"871\" \/>\n\t<meta property=\"og:image:height\" content=\"871\" \/>\n\t<meta property=\"og:image:type\" content=\"image\/png\" \/>\n<meta name=\"twitter:card\" content=\"summary_large_image\" \/>\n<meta name=\"twitter:label1\" content=\"Hinta\" \/>\n\t<meta name=\"twitter:data1\" content=\"&euro;89.50\" \/>\n\t<meta name=\"twitter:label2\" content=\"Saatavuus\" \/>\n\t<meta name=\"twitter:data2\" content=\"Varastossa\" \/>\n<meta property=\"product:price:amount\" content=\"89.50\" \/>\n<meta property=\"product:price:currency\" content=\"EUR\" \/>\n<meta property=\"og:availability\" content=\"instock\" \/>\n<meta property=\"product:availability\" content=\"instock\" \/>\n<meta property=\"product:retailer_item_id\" content=\"ESIAMORT-G30\" \/>\n<meta property=\"product:condition\" content=\"new\" \/>\n<!-- \/ Yoast SEO Premium plugin. -->","yoast_head_json":{"title":"Segway Ninebot Max G30 etuiskunvaimennin | T\u00f5uksimaailm","description":"Elektrit\u00f5ukeratta Segway Ninebot Max G30 esiamort esimene amortisaator (ka amort), elektrilisele t\u00f5ukerattale Max G30, G30LE, G30P, G30LP. Amordid.","robots":{"index":"index","follow":"follow","max-snippet":"max-snippet:-1","max-image-preview":"max-image-preview:large","max-video-preview":"max-video-preview:-1"},"canonical":"https:\/\/www.xn--tuksimaailm-ffb.ee\/fi\/shop\/segway-ninebot-max-g30-etuiskunvaimennin\/","og_locale":"fi_FI","og_type":"article","og_title":"Segway Ninebot Max G30 etuiskunvaimennin","og_description":"Elektrit\u00f5ukeratta Segway Ninebot Max G30 esiamort esimene amortisaator (ka amort), elektrilisele t\u00f5ukerattale Max G30, G30LE, G30P, G30LP. Amordid.","og_url":"https:\/\/www.xn--tuksimaailm-ffb.ee\/fi\/shop\/segway-ninebot-max-g30-etuiskunvaimennin\/","og_site_name":"T\u00f5uksimaailm","article_publisher":"https:\/\/www.facebook.com\/touksimaailm\/","og_image":[{"width":871,"height":871,"url":"https:\/\/www.xn--tuksimaailm-ffb.ee\/wp-content\/uploads\/2021\/01\/max-esiamort-3.png","type":"image\/png"}],"twitter_card":"summary_large_image","twitter_misc":{"Hinta":"&euro;89.50","Saatavuus":"Varastossa"},"schema":{"@context":"https:\/\/schema.org","@graph":[{"@type":"WebPage","@id":"https:\/\/www.xn--tuksimaailm-ffb.ee\/fi\/shop\/segway-ninebot-max-g30-etuiskunvaimennin\/","url":"https:\/\/www.xn--tuksimaailm-ffb.ee\/fi\/shop\/segway-ninebot-max-g30-etuiskunvaimennin\/","name":"Segway Ninebot Max G30 etuiskunvaimennin | T\u00f5uksimaailm","isPartOf":{"@id":"https:\/\/www.xn--tuksimaailm-ffb.ee\/fi\/#website"},"primaryImageOfPage":{"@id":"https:\/\/www.xn--tuksimaailm-ffb.ee\/fi\/shop\/segway-ninebot-max-g30-etuiskunvaimennin\/#primaryimage"},"image":{"@id":"https:\/\/www.xn--tuksimaailm-ffb.ee\/fi\/shop\/segway-ninebot-max-g30-etuiskunvaimennin\/#primaryimage"},"thumbnailUrl":"https:\/\/www.xn--tuksimaailm-ffb.ee\/wp-content\/uploads\/2021\/01\/Screenshot-2026-02-15-230037.webp","datePublished":"2021-01-24T17:46:07+00:00","description":"Elektrit\u00f5ukeratta Segway Ninebot Max G30 esiamort esimene amortisaator (ka amort), elektrilisele t\u00f5ukerattale Max G30, G30LE, G30P, G30LP. Amordid.","breadcrumb":{"@id":"https:\/\/www.xn--tuksimaailm-ffb.ee\/fi\/shop\/segway-ninebot-max-g30-etuiskunvaimennin\/#breadcrumb"},"inLanguage":"fi","potentialAction":[{"@type":"ReadAction","target":["https:\/\/www.xn--tuksimaailm-ffb.ee\/fi\/shop\/segway-ninebot-max-g30-etuiskunvaimennin\/"]}]},{"@type":"ImageObject","inLanguage":"fi","@id":"https:\/\/www.xn--tuksimaailm-ffb.ee\/fi\/shop\/segway-ninebot-max-g30-etuiskunvaimennin\/#primaryimage","url":"https:\/\/www.xn--tuksimaailm-ffb.ee\/wp-content\/uploads\/2021\/01\/Screenshot-2026-02-15-230037.webp","contentUrl":"https:\/\/www.xn--tuksimaailm-ffb.ee\/wp-content\/uploads\/2021\/01\/Screenshot-2026-02-15-230037.webp","width":947,"height":921,"caption":"Segway Ninebot Max G30 esiamort amortisaator"},{"@type":"BreadcrumbList","@id":"https:\/\/www.xn--tuksimaailm-ffb.ee\/fi\/shop\/segway-ninebot-max-g30-etuiskunvaimennin\/#breadcrumb","itemListElement":[{"@type":"ListItem","position":1,"name":"Home","item":"https:\/\/www.xn--tuksimaailm-ffb.ee\/fi\/kotisivu\/"},{"@type":"ListItem","position":2,"name":"Kauppa","item":"https:\/\/www.xn--tuksimaailm-ffb.ee\/elektritoukerataste-pood\/"},{"@type":"ListItem","position":3,"name":"Segway Ninebot Max G30 etuiskunvaimennin"}]},{"@type":"WebSite","@id":"https:\/\/www.xn--tuksimaailm-ffb.ee\/fi\/#website","url":"https:\/\/www.xn--tuksimaailm-ffb.ee\/fi\/","name":"T\u00f5uksimaailm","description":"Elektrit\u00f5ukerataste m\u00fc\u00fck, remont ja rent","publisher":{"@id":"https:\/\/www.xn--tuksimaailm-ffb.ee\/fi\/#organization"},"potentialAction":[{"@type":"SearchAction","target":{"@type":"EntryPoint","urlTemplate":"https:\/\/www.xn--tuksimaailm-ffb.ee\/fi\/?s={search_term_string}"},"query-input":{"@type":"PropertyValueSpecification","valueRequired":true,"valueName":"search_term_string"}}],"inLanguage":"fi"},{"@type":"Organization","@id":"https:\/\/www.xn--tuksimaailm-ffb.ee\/fi\/#organization","name":"T\u00f5uksimaailm","url":"https:\/\/www.xn--tuksimaailm-ffb.ee\/fi\/","logo":{"@type":"ImageObject","inLanguage":"fi","@id":"https:\/\/www.xn--tuksimaailm-ffb.ee\/fi\/#\/schema\/logo\/image\/","url":"https:\/\/www.xn--tuksimaailm-ffb.ee\/wp-content\/uploads\/2020\/01\/logoz-e1579792875517.png","contentUrl":"https:\/\/www.xn--tuksimaailm-ffb.ee\/wp-content\/uploads\/2020\/01\/logoz-e1579792875517.png","width":250,"height":250,"caption":"T\u00f5uksimaailm"},"image":{"@id":"https:\/\/www.xn--tuksimaailm-ffb.ee\/fi\/#\/schema\/logo\/image\/"},"sameAs":["https:\/\/www.facebook.com\/touksimaailm\/","https:\/\/www.instagram.com\/touksimaailm_\/","https:\/\/www.youtube.com\/channel\/UC18ml0EKIDLP1xGuQjFzcXQ"]}]},"product_price_amount":"89.50","product_price_currency":"EUR","og_availability":"instock","product_availability":"instock","product_retailer_item_id":"ESIAMORT-G30","product_condition":"new"},"jetpack_sharing_enabled":true,"_links":{"self":[{"href":"https:\/\/www.xn--tuksimaailm-ffb.ee\/fi\/wp-json\/wp\/v2\/product\/55690","targetHints":{"allow":["GET"]}}],"collection":[{"href":"https:\/\/www.xn--tuksimaailm-ffb.ee\/fi\/wp-json\/wp\/v2\/product"}],"about":[{"href":"https:\/\/www.xn--tuksimaailm-ffb.ee\/fi\/wp-json\/wp\/v2\/types\/product"}],"wp:featuredmedia":[{"embeddable":true,"href":"https:\/\/www.xn--tuksimaailm-ffb.ee\/fi\/wp-json\/wp\/v2\/media\/78953"}],"wp:attachment":[{"href":"https:\/\/www.xn--tuksimaailm-ffb.ee\/fi\/wp-json\/wp\/v2\/media?parent=55690"}],"wp:term":[{"taxonomy":"product_brand","embeddable":true,"href":"https:\/\/www.xn--tuksimaailm-ffb.ee\/fi\/wp-json\/wp\/v2\/product_brand?post=55690"},{"taxonomy":"product_cat","embeddable":true,"href":"https:\/\/www.xn--tuksimaailm-ffb.ee\/fi\/wp-json\/wp\/v2\/product_cat?post=55690"},{"taxonomy":"product_tag","embeddable":true,"href":"https:\/\/www.xn--tuksimaailm-ffb.ee\/fi\/wp-json\/wp\/v2\/product_tag?post=55690"},{"taxonomy":"filter_elektritoukeratas","embeddable":true,"href":"https:\/\/www.xn--tuksimaailm-ffb.ee\/fi\/wp-json\/wp\/v2\/filter_elektritoukeratas?post=55690"}],"curies":[{"name":"wp","href":"https:\/\/api.w.org\/{rel}","templated":true}]}}