{"id":55704,"date":"2021-01-24T16:31:16","date_gmt":"2021-01-24T14:31:16","guid":{"rendered":"http:\/\/www.xn--tuksimaailm-ffb.ee\/shop\/segway-ninebot-max-g30-metallikoukku-laukkuun\/"},"modified":"2021-01-24T16:31:16","modified_gmt":"2021-01-24T13:31:16","slug":"segway-ninebot-max-g30-metallikoukku-laukkuun","status":"publish","type":"product","link":"https:\/\/www.xn--tuksimaailm-ffb.ee\/fi\/shop\/segway-ninebot-max-g30-metallikoukku-laukkuun\/","title":{"rendered":"Segway Ninebot Max G30 metallikoukku laukkuun"},"content":{"rendered":"<p>Segway Ninebot Max G30 Metallinen laukkukoukku \/ -pidike - sopii ostoskassien tai raskaampien laukkujen ripustamiseen s\u00e4hk\u00f6skootterin Stem-putkesta. Koukku on v\u00e4rilt\u00e4\u00e4n <strong>musta<\/strong> ja se kiinnitet\u00e4\u00e4n kahdella pultilla kiristett\u00e4v\u00e4ll\u00e4 kiinnikkeell\u00e4 linssiputken ymp\u00e4rille. Segway Ninebot Max G30 metallinen laukkukoukku sopii suosittuun s\u00e4hk\u00f6skootteriin <a href=\"http:\/\/www.xn--tuksimaailm-ffb.ee\/shop\/elektriline-toukeratas-ninebot-max-g30\/\"><strong>Ninebot Max G30<\/strong><\/a><strong>, <\/strong><a href=\"https:\/\/ee-en.segway.com\/products\/ninebot-kickscooter-max-g30le-powered-by-segway\"><strong>Ninebot Max G30LE<\/strong><\/a> ja<strong> Ninebot Max G30P.<\/strong> Tarjoamme my\u00f6s <strong>kahden koukun versiota<\/strong> Ninebot Maxista.<\/p>\n","protected":false},"excerpt":{"rendered":"<p>Segway Ninebot Max G30 Metallinen laukkukoukku \/ -pidike - sopii ostoskassien tai raskaampien laukkujen ripustamiseen s\u00e4hk\u00f6skootterin Stem-putkesta. Koukku on v\u00e4rilt\u00e4\u00e4n musta ja se kiinnitet\u00e4\u00e4n kahdella pultilla kiristett\u00e4v\u00e4ll\u00e4 kiinnikkeell\u00e4 linssiputken ymp\u00e4rille. Segway Ninebot Max G30 metallinen laukkukoukku sopii suosittuun s\u00e4hk\u00f6skootteriin Ninebot Max G30, Ninebot Max G30LE ja Ninebot Max G30P. Tarjoamme &hellip;<\/p>\n","protected":false},"featured_media":22710,"template":"","meta":[],"product_brand":[],"product_cat":[1697],"product_tag":[3335],"filter_elektritoukeratas":[],"class_list":{"0":"post-55704","1":"product","2":"type-product","3":"status-publish","4":"has-post-thumbnail","6":"product_cat-lisavarusteet","7":"product_tag-kotikonksud","8":"pa_colour-kollane-valge-fi","9":"pa_colour-must-valge-fi","10":"pa_colour-musta","11":"pa_colour-punane-valge-fi","12":"pa_colour-sinine-valge-fi","13":"pa_tootetuup-kotikonksud-fi","15":"first","16":"instock","17":"taxable","18":"shipping-taxable","19":"purchasable","20":"product-type-variable"},"yoast_head":"<!-- This site is optimized with the Yoast SEO Premium plugin v26.8 (Yoast SEO v27.5) - https:\/\/yoast.com\/product\/yoast-seo-premium-wordpress\/ -->\n<title>Segway Ninebot Max G30 metallikoukku laukkuun | T\u00f5uksimaailm<\/title>\n<meta name=\"description\" content=\"Segway Ninebot Max G30 metallist koti konks - sobib poekottide riputamiseks elektrit\u00f5ukeratta toru k\u00fclge, sobib ka Max G30LE, G30P. Segway lisavarustus.\" \/>\n<meta name=\"robots\" content=\"index, follow, max-snippet:-1, max-image-preview:large, max-video-preview:-1\" \/>\n<link rel=\"canonical\" href=\"https:\/\/www.xn--tuksimaailm-ffb.ee\/fi\/shop\/segway-ninebot-max-g30-metallikoukku-laukkuun\/\" \/>\n<meta property=\"og:locale\" content=\"fi_FI\" \/>\n<meta property=\"og:type\" content=\"article\" \/>\n<meta property=\"og:title\" content=\"Segway Ninebot Max G30 metallikoukku laukkuun\" \/>\n<meta property=\"og:description\" content=\"Segway Ninebot Max G30 metallist koti konks - sobib poekottide riputamiseks elektrit\u00f5ukeratta toru k\u00fclge, sobib ka Max G30LE, G30P. Segway lisavarustus.\" \/>\n<meta property=\"og:url\" content=\"https:\/\/www.xn--tuksimaailm-ffb.ee\/fi\/shop\/segway-ninebot-max-g30-metallikoukku-laukkuun\/\" \/>\n<meta property=\"og:site_name\" content=\"T\u00f5uksimaailm\" \/>\n<meta property=\"article:publisher\" content=\"https:\/\/www.facebook.com\/touksimaailm\/\" \/>\n<meta property=\"og:image\" content=\"https:\/\/www.xn--tuksimaailm-ffb.ee\/wp-content\/uploads\/2021\/01\/max-konks-5.png\" \/>\n\t<meta property=\"og:image:width\" content=\"557\" \/>\n\t<meta property=\"og:image:height\" content=\"344\" \/>\n\t<meta property=\"og:image:type\" content=\"image\/png\" \/>\n<meta name=\"twitter:card\" content=\"summary_large_image\" \/>\n<meta name=\"twitter:label1\" content=\"Saatavuus\" \/>\n\t<meta name=\"twitter:data1\" content=\"Varastossa\" \/>\n<meta property=\"og:availability\" content=\"instock\" \/>\n<meta property=\"product:availability\" content=\"instock\" \/>\n<meta property=\"product:retailer_item_id\" content=\"KK-G30-METALLIST\" \/>\n<meta property=\"product:condition\" content=\"new\" \/>\n<!-- \/ Yoast SEO Premium plugin. -->","yoast_head_json":{"title":"Segway Ninebot Max G30 metallikoukku laukkuun | T\u00f5uksimaailm","description":"Segway Ninebot Max G30 metallist koti konks - sobib poekottide riputamiseks elektrit\u00f5ukeratta toru k\u00fclge, sobib ka Max G30LE, G30P. Segway lisavarustus.","robots":{"index":"index","follow":"follow","max-snippet":"max-snippet:-1","max-image-preview":"max-image-preview:large","max-video-preview":"max-video-preview:-1"},"canonical":"https:\/\/www.xn--tuksimaailm-ffb.ee\/fi\/shop\/segway-ninebot-max-g30-metallikoukku-laukkuun\/","og_locale":"fi_FI","og_type":"article","og_title":"Segway Ninebot Max G30 metallikoukku laukkuun","og_description":"Segway Ninebot Max G30 metallist koti konks - sobib poekottide riputamiseks elektrit\u00f5ukeratta toru k\u00fclge, sobib ka Max G30LE, G30P. Segway lisavarustus.","og_url":"https:\/\/www.xn--tuksimaailm-ffb.ee\/fi\/shop\/segway-ninebot-max-g30-metallikoukku-laukkuun\/","og_site_name":"T\u00f5uksimaailm","article_publisher":"https:\/\/www.facebook.com\/touksimaailm\/","og_image":[{"width":557,"height":344,"url":"https:\/\/www.xn--tuksimaailm-ffb.ee\/wp-content\/uploads\/2021\/01\/max-konks-5.png","type":"image\/png"}],"twitter_card":"summary_large_image","twitter_misc":{"Saatavuus":"Varastossa"},"schema":{"@context":"https:\/\/schema.org","@graph":[{"@type":"WebPage","@id":"https:\/\/www.xn--tuksimaailm-ffb.ee\/fi\/shop\/segway-ninebot-max-g30-metallikoukku-laukkuun\/","url":"https:\/\/www.xn--tuksimaailm-ffb.ee\/fi\/shop\/segway-ninebot-max-g30-metallikoukku-laukkuun\/","name":"Segway Ninebot Max G30 metallikoukku laukkuun | T\u00f5uksimaailm","isPartOf":{"@id":"https:\/\/www.xn--tuksimaailm-ffb.ee\/fi\/#website"},"primaryImageOfPage":{"@id":"https:\/\/www.xn--tuksimaailm-ffb.ee\/fi\/shop\/segway-ninebot-max-g30-metallikoukku-laukkuun\/#primaryimage"},"image":{"@id":"https:\/\/www.xn--tuksimaailm-ffb.ee\/fi\/shop\/segway-ninebot-max-g30-metallikoukku-laukkuun\/#primaryimage"},"thumbnailUrl":"https:\/\/www.xn--tuksimaailm-ffb.ee\/wp-content\/uploads\/2021\/01\/max-konks-5.png","datePublished":"2021-01-24T14:31:16+00:00","description":"Segway Ninebot Max G30 metallist koti konks - sobib poekottide riputamiseks elektrit\u00f5ukeratta toru k\u00fclge, sobib ka Max G30LE, G30P. Segway lisavarustus.","breadcrumb":{"@id":"https:\/\/www.xn--tuksimaailm-ffb.ee\/fi\/shop\/segway-ninebot-max-g30-metallikoukku-laukkuun\/#breadcrumb"},"inLanguage":"fi","potentialAction":[{"@type":"ReadAction","target":["https:\/\/www.xn--tuksimaailm-ffb.ee\/fi\/shop\/segway-ninebot-max-g30-metallikoukku-laukkuun\/"]}]},{"@type":"ImageObject","inLanguage":"fi","@id":"https:\/\/www.xn--tuksimaailm-ffb.ee\/fi\/shop\/segway-ninebot-max-g30-metallikoukku-laukkuun\/#primaryimage","url":"https:\/\/www.xn--tuksimaailm-ffb.ee\/wp-content\/uploads\/2021\/01\/max-konks-5.png","contentUrl":"https:\/\/www.xn--tuksimaailm-ffb.ee\/wp-content\/uploads\/2021\/01\/max-konks-5.png","width":557,"height":344,"caption":"Segway Ninebot Max G30 metallist koti konks"},{"@type":"BreadcrumbList","@id":"https:\/\/www.xn--tuksimaailm-ffb.ee\/fi\/shop\/segway-ninebot-max-g30-metallikoukku-laukkuun\/#breadcrumb","itemListElement":[{"@type":"ListItem","position":1,"name":"Home","item":"https:\/\/www.xn--tuksimaailm-ffb.ee\/fi\/kotisivu\/"},{"@type":"ListItem","position":2,"name":"Kauppa","item":"https:\/\/www.xn--tuksimaailm-ffb.ee\/elektritoukerataste-pood\/"},{"@type":"ListItem","position":3,"name":"Segway Ninebot Max G30 metallikoukku laukkuun"}]},{"@type":"WebSite","@id":"https:\/\/www.xn--tuksimaailm-ffb.ee\/fi\/#website","url":"https:\/\/www.xn--tuksimaailm-ffb.ee\/fi\/","name":"T\u00f5uksimaailm","description":"Elektrit\u00f5ukerataste m\u00fc\u00fck, remont ja rent","publisher":{"@id":"https:\/\/www.xn--tuksimaailm-ffb.ee\/fi\/#organization"},"potentialAction":[{"@type":"SearchAction","target":{"@type":"EntryPoint","urlTemplate":"https:\/\/www.xn--tuksimaailm-ffb.ee\/fi\/?s={search_term_string}"},"query-input":{"@type":"PropertyValueSpecification","valueRequired":true,"valueName":"search_term_string"}}],"inLanguage":"fi"},{"@type":"Organization","@id":"https:\/\/www.xn--tuksimaailm-ffb.ee\/fi\/#organization","name":"T\u00f5uksimaailm","url":"https:\/\/www.xn--tuksimaailm-ffb.ee\/fi\/","logo":{"@type":"ImageObject","inLanguage":"fi","@id":"https:\/\/www.xn--tuksimaailm-ffb.ee\/fi\/#\/schema\/logo\/image\/","url":"https:\/\/www.xn--tuksimaailm-ffb.ee\/wp-content\/uploads\/2020\/01\/logoz-e1579792875517.png","contentUrl":"https:\/\/www.xn--tuksimaailm-ffb.ee\/wp-content\/uploads\/2020\/01\/logoz-e1579792875517.png","width":250,"height":250,"caption":"T\u00f5uksimaailm"},"image":{"@id":"https:\/\/www.xn--tuksimaailm-ffb.ee\/fi\/#\/schema\/logo\/image\/"},"sameAs":["https:\/\/www.facebook.com\/touksimaailm\/","https:\/\/www.instagram.com\/touksimaailm_\/","https:\/\/www.youtube.com\/channel\/UC18ml0EKIDLP1xGuQjFzcXQ"]}]},"og_availability":"instock","product_availability":"instock","product_retailer_item_id":"KK-G30-METALLIST","product_condition":"new"},"jetpack_sharing_enabled":true,"_links":{"self":[{"href":"https:\/\/www.xn--tuksimaailm-ffb.ee\/fi\/wp-json\/wp\/v2\/product\/55704","targetHints":{"allow":["GET"]}}],"collection":[{"href":"https:\/\/www.xn--tuksimaailm-ffb.ee\/fi\/wp-json\/wp\/v2\/product"}],"about":[{"href":"https:\/\/www.xn--tuksimaailm-ffb.ee\/fi\/wp-json\/wp\/v2\/types\/product"}],"wp:featuredmedia":[{"embeddable":true,"href":"https:\/\/www.xn--tuksimaailm-ffb.ee\/fi\/wp-json\/wp\/v2\/media\/22710"}],"wp:attachment":[{"href":"https:\/\/www.xn--tuksimaailm-ffb.ee\/fi\/wp-json\/wp\/v2\/media?parent=55704"}],"wp:term":[{"taxonomy":"product_brand","embeddable":true,"href":"https:\/\/www.xn--tuksimaailm-ffb.ee\/fi\/wp-json\/wp\/v2\/product_brand?post=55704"},{"taxonomy":"product_cat","embeddable":true,"href":"https:\/\/www.xn--tuksimaailm-ffb.ee\/fi\/wp-json\/wp\/v2\/product_cat?post=55704"},{"taxonomy":"product_tag","embeddable":true,"href":"https:\/\/www.xn--tuksimaailm-ffb.ee\/fi\/wp-json\/wp\/v2\/product_tag?post=55704"},{"taxonomy":"filter_elektritoukeratas","embeddable":true,"href":"https:\/\/www.xn--tuksimaailm-ffb.ee\/fi\/wp-json\/wp\/v2\/filter_elektritoukeratas?post=55704"}],"curies":[{"name":"wp","href":"https:\/\/api.w.org\/{rel}","templated":true}]}}