{"id":55719,"date":"2021-01-24T11:13:26","date_gmt":"2021-01-24T09:13:26","guid":{"rendered":"http:\/\/www.xn--tuksimaailm-ffb.ee\/shop\/ninebot-max-g30-moottori-gen-2-9xxx-g30le\/"},"modified":"2021-01-24T11:13:26","modified_gmt":"2021-01-24T08:13:26","slug":"ninebot-max-g30-moottori-gen-2-9xxx-g30le","status":"publish","type":"product","link":"https:\/\/www.xn--tuksimaailm-ffb.ee\/fi\/shop\/ninebot-max-g30-moottori-gen-2-9xxx-g30le\/","title":{"rendered":"Ninebot Max G30 Moottori (Gen 2 - 9xxx) G30LE"},"content":{"rendered":"<p>S\u00e4hk\u00f6skootteri Ninebot Max G30 moottori (takamoottori, takapy\u00f6r\u00e4), <strong>alkuper\u00e4inen varaosa<\/strong>. Moottori on uusi 2. sukupolven versio, jonka sarjanumero alkaa numerolla 9. Se on parempi kuin vanhempi 1. sukupolven versio, sill\u00e4 s\u00e4hk\u00f6potkulautan huippunopeus ei laske merkitt\u00e4v\u00e4sti, kun akku tyhjenee 70 prosenttiin. Moottorin teho on <strong>350W<\/strong>, nimellinen sy\u00f6tt\u00f6j\u00e4nnite <strong>36V ja <\/strong>py\u00f6r\u00e4n halkaisija<strong> 10 tuumaa (60\/70-6,5).<\/strong> Moottorin mukana tulee uusi rengas. S\u00e4hk\u00f6skootteri Ninebot Max G30:n moottori sopii varmasti suosittuun s\u00e4hk\u00f6skootteriin <a href=\"http:\/\/www.xn--tuksimaailm-ffb.ee\/shop\/elektriline-toukeratas-ninebot-max-g30\/\"><strong>Ninebot Max G30<\/strong><\/a><strong>, <\/strong><a href=\"https:\/\/ee-en.segway.com\/products\/ninebot-kickscooter-max-g30le-powered-by-segway\"><strong>Ninebot Max G30LE<\/strong><\/a><strong>, Ninebot Max G30P.<\/strong><\/p>\n<p>Jos s\u00e4hk\u00f6skootterin moottori vikaantuu, 99 % ajasta moottori voidaan korjata eik\u00e4 uutta moottoria tarvita. Jos s\u00e4hk\u00f6skootterin moottorin vaihtaminen tai korjaaminen on liikaa, Ninebot-s\u00e4hk\u00f6skootterin kokenut <a href=\"http:\/\/www.xn--tuksimaailm-ffb.ee\/elektrilise-toukeratta-remont\/\">korjaamomme<\/a> voi auttaa.<\/p>\n","protected":false},"excerpt":{"rendered":"<p>S\u00e4hk\u00f6skootteri Ninebot Max G30 moottori (takamoottori, takapy\u00f6r\u00e4), alkuper\u00e4inen varaosa. Moottori on uusi 2. sukupolven versio, jonka sarjanumero alkaa numerolla 9. Se on parempi kuin vanhempi 1. sukupolven versio, sill\u00e4 s\u00e4hk\u00f6potkulautan huippunopeus ei laske merkitt\u00e4v\u00e4sti, kun akku tyhjenee 70 prosenttiin. Moottorin teho on 350W, nimellinen sy\u00f6tt\u00f6j\u00e4nnite 36V ja py\u00f6r\u00e4n halkaisija 10 &hellip;<\/p>\n","protected":false},"featured_media":22678,"template":"","meta":[],"product_brand":[],"product_cat":[1698],"product_tag":[3268],"filter_elektritoukeratas":[2637],"class_list":{"0":"post-55719","1":"product","2":"type-product","3":"status-publish","4":"has-post-thumbnail","6":"product_cat-varaosat","7":"product_tag-segway-ninebot-varuosad-fi","8":"pa_tootetuup-mootorid-fi","9":"filter_elektritoukeratas-ft_segway_ninebot_max_g30p_g30le_g30e_ii_g30lp_ii","11":"first","12":"instock","13":"taxable","14":"shipping-taxable","15":"purchasable","16":"product-type-simple"},"yoast_head":"<!-- This site is optimized with the Yoast SEO Premium plugin v26.8 (Yoast SEO v27.5) - https:\/\/yoast.com\/product\/yoast-seo-premium-wordpress\/ -->\n<title>Ninebot Max G30 Moottori (Gen 2 - 9xxx) G30LE | T\u00f5uksimaailm<\/title>\n<meta name=\"description\" content=\"Elektrilise t\u00f5ukeratta Ninebot Max G30 mootor. Parema tippkiirusega 2. generatsiooni mootor (seeria nr 9xxx). 350W, rehv 10&quot; (70\/60-6.5). Segway varuosad.\" \/>\n<meta name=\"robots\" content=\"index, follow, max-snippet:-1, max-image-preview:large, max-video-preview:-1\" \/>\n<link rel=\"canonical\" href=\"https:\/\/www.xn--tuksimaailm-ffb.ee\/fi\/shop\/ninebot-max-g30-moottori-gen-2-9xxx-g30le\/\" \/>\n<meta property=\"og:locale\" content=\"fi_FI\" \/>\n<meta property=\"og:type\" content=\"article\" \/>\n<meta property=\"og:title\" content=\"Ninebot Max G30 Moottori (Gen 2 - 9xxx) G30LE\" \/>\n<meta property=\"og:description\" content=\"Elektrilise t\u00f5ukeratta Ninebot Max G30 mootor. Parema tippkiirusega 2. generatsiooni mootor (seeria nr 9xxx). 350W, rehv 10&quot; (70\/60-6.5). Segway varuosad.\" \/>\n<meta property=\"og:url\" content=\"https:\/\/www.xn--tuksimaailm-ffb.ee\/fi\/shop\/ninebot-max-g30-moottori-gen-2-9xxx-g30le\/\" \/>\n<meta property=\"og:site_name\" content=\"T\u00f5uksimaailm\" \/>\n<meta property=\"article:publisher\" content=\"https:\/\/www.facebook.com\/touksimaailm\/\" \/>\n<meta property=\"og:image\" content=\"https:\/\/www.xn--tuksimaailm-ffb.ee\/wp-content\/uploads\/2021\/01\/mootor-max-3.jpg\" \/>\n\t<meta property=\"og:image:width\" content=\"607\" \/>\n\t<meta property=\"og:image:height\" content=\"544\" \/>\n\t<meta property=\"og:image:type\" content=\"image\/jpeg\" \/>\n<meta name=\"twitter:card\" content=\"summary_large_image\" \/>\n<meta name=\"twitter:label1\" content=\"Hinta\" \/>\n\t<meta name=\"twitter:data1\" content=\"&euro;249.50\" \/>\n\t<meta name=\"twitter:label2\" content=\"Saatavuus\" \/>\n\t<meta name=\"twitter:data2\" content=\"Varastossa\" \/>\n<meta property=\"product:price:amount\" content=\"249.50\" \/>\n<meta property=\"product:price:currency\" content=\"EUR\" \/>\n<meta property=\"og:availability\" content=\"instock\" \/>\n<meta property=\"product:availability\" content=\"instock\" \/>\n<meta property=\"product:condition\" content=\"new\" \/>\n<!-- \/ Yoast SEO Premium plugin. -->","yoast_head_json":{"title":"Ninebot Max G30 Moottori (Gen 2 - 9xxx) G30LE | T\u00f5uksimaailm","description":"Elektrilise t\u00f5ukeratta Ninebot Max G30 mootor. Parema tippkiirusega 2. generatsiooni mootor (seeria nr 9xxx). 350W, rehv 10\" (70\/60-6.5). Segway varuosad.","robots":{"index":"index","follow":"follow","max-snippet":"max-snippet:-1","max-image-preview":"max-image-preview:large","max-video-preview":"max-video-preview:-1"},"canonical":"https:\/\/www.xn--tuksimaailm-ffb.ee\/fi\/shop\/ninebot-max-g30-moottori-gen-2-9xxx-g30le\/","og_locale":"fi_FI","og_type":"article","og_title":"Ninebot Max G30 Moottori (Gen 2 - 9xxx) G30LE","og_description":"Elektrilise t\u00f5ukeratta Ninebot Max G30 mootor. Parema tippkiirusega 2. generatsiooni mootor (seeria nr 9xxx). 350W, rehv 10\" (70\/60-6.5). Segway varuosad.","og_url":"https:\/\/www.xn--tuksimaailm-ffb.ee\/fi\/shop\/ninebot-max-g30-moottori-gen-2-9xxx-g30le\/","og_site_name":"T\u00f5uksimaailm","article_publisher":"https:\/\/www.facebook.com\/touksimaailm\/","og_image":[{"width":607,"height":544,"url":"https:\/\/www.xn--tuksimaailm-ffb.ee\/wp-content\/uploads\/2021\/01\/mootor-max-3.jpg","type":"image\/jpeg"}],"twitter_card":"summary_large_image","twitter_misc":{"Hinta":"&euro;249.50","Saatavuus":"Varastossa"},"schema":{"@context":"https:\/\/schema.org","@graph":[{"@type":"WebPage","@id":"https:\/\/www.xn--tuksimaailm-ffb.ee\/fi\/shop\/ninebot-max-g30-moottori-gen-2-9xxx-g30le\/","url":"https:\/\/www.xn--tuksimaailm-ffb.ee\/fi\/shop\/ninebot-max-g30-moottori-gen-2-9xxx-g30le\/","name":"Ninebot Max G30 Moottori (Gen 2 - 9xxx) G30LE | T\u00f5uksimaailm","isPartOf":{"@id":"https:\/\/www.xn--tuksimaailm-ffb.ee\/fi\/#website"},"primaryImageOfPage":{"@id":"https:\/\/www.xn--tuksimaailm-ffb.ee\/fi\/shop\/ninebot-max-g30-moottori-gen-2-9xxx-g30le\/#primaryimage"},"image":{"@id":"https:\/\/www.xn--tuksimaailm-ffb.ee\/fi\/shop\/ninebot-max-g30-moottori-gen-2-9xxx-g30le\/#primaryimage"},"thumbnailUrl":"https:\/\/www.xn--tuksimaailm-ffb.ee\/wp-content\/uploads\/2021\/01\/mootor-max-3.jpg","datePublished":"2021-01-24T09:13:26+00:00","description":"Elektrilise t\u00f5ukeratta Ninebot Max G30 mootor. Parema tippkiirusega 2. generatsiooni mootor (seeria nr 9xxx). 350W, rehv 10\" (70\/60-6.5). Segway varuosad.","breadcrumb":{"@id":"https:\/\/www.xn--tuksimaailm-ffb.ee\/fi\/shop\/ninebot-max-g30-moottori-gen-2-9xxx-g30le\/#breadcrumb"},"inLanguage":"fi","potentialAction":[{"@type":"ReadAction","target":["https:\/\/www.xn--tuksimaailm-ffb.ee\/fi\/shop\/ninebot-max-g30-moottori-gen-2-9xxx-g30le\/"]}]},{"@type":"ImageObject","inLanguage":"fi","@id":"https:\/\/www.xn--tuksimaailm-ffb.ee\/fi\/shop\/ninebot-max-g30-moottori-gen-2-9xxx-g30le\/#primaryimage","url":"https:\/\/www.xn--tuksimaailm-ffb.ee\/wp-content\/uploads\/2021\/01\/mootor-max-3.jpg","contentUrl":"https:\/\/www.xn--tuksimaailm-ffb.ee\/wp-content\/uploads\/2021\/01\/mootor-max-3.jpg","width":607,"height":544},{"@type":"BreadcrumbList","@id":"https:\/\/www.xn--tuksimaailm-ffb.ee\/fi\/shop\/ninebot-max-g30-moottori-gen-2-9xxx-g30le\/#breadcrumb","itemListElement":[{"@type":"ListItem","position":1,"name":"Home","item":"https:\/\/www.xn--tuksimaailm-ffb.ee\/fi\/kotisivu\/"},{"@type":"ListItem","position":2,"name":"Kauppa","item":"https:\/\/www.xn--tuksimaailm-ffb.ee\/elektritoukerataste-pood\/"},{"@type":"ListItem","position":3,"name":"Ninebot Max G30 Moottori (Gen 2 - 9xxx) G30LE"}]},{"@type":"WebSite","@id":"https:\/\/www.xn--tuksimaailm-ffb.ee\/fi\/#website","url":"https:\/\/www.xn--tuksimaailm-ffb.ee\/fi\/","name":"T\u00f5uksimaailm","description":"Elektrit\u00f5ukerataste m\u00fc\u00fck, remont ja rent","publisher":{"@id":"https:\/\/www.xn--tuksimaailm-ffb.ee\/fi\/#organization"},"potentialAction":[{"@type":"SearchAction","target":{"@type":"EntryPoint","urlTemplate":"https:\/\/www.xn--tuksimaailm-ffb.ee\/fi\/?s={search_term_string}"},"query-input":{"@type":"PropertyValueSpecification","valueRequired":true,"valueName":"search_term_string"}}],"inLanguage":"fi"},{"@type":"Organization","@id":"https:\/\/www.xn--tuksimaailm-ffb.ee\/fi\/#organization","name":"T\u00f5uksimaailm","url":"https:\/\/www.xn--tuksimaailm-ffb.ee\/fi\/","logo":{"@type":"ImageObject","inLanguage":"fi","@id":"https:\/\/www.xn--tuksimaailm-ffb.ee\/fi\/#\/schema\/logo\/image\/","url":"https:\/\/www.xn--tuksimaailm-ffb.ee\/wp-content\/uploads\/2020\/01\/logoz-e1579792875517.png","contentUrl":"https:\/\/www.xn--tuksimaailm-ffb.ee\/wp-content\/uploads\/2020\/01\/logoz-e1579792875517.png","width":250,"height":250,"caption":"T\u00f5uksimaailm"},"image":{"@id":"https:\/\/www.xn--tuksimaailm-ffb.ee\/fi\/#\/schema\/logo\/image\/"},"sameAs":["https:\/\/www.facebook.com\/touksimaailm\/","https:\/\/www.instagram.com\/touksimaailm_\/","https:\/\/www.youtube.com\/channel\/UC18ml0EKIDLP1xGuQjFzcXQ"]}]},"product_price_amount":"249.50","product_price_currency":"EUR","og_availability":"instock","product_availability":"instock","product_condition":"new"},"jetpack_sharing_enabled":true,"_links":{"self":[{"href":"https:\/\/www.xn--tuksimaailm-ffb.ee\/fi\/wp-json\/wp\/v2\/product\/55719","targetHints":{"allow":["GET"]}}],"collection":[{"href":"https:\/\/www.xn--tuksimaailm-ffb.ee\/fi\/wp-json\/wp\/v2\/product"}],"about":[{"href":"https:\/\/www.xn--tuksimaailm-ffb.ee\/fi\/wp-json\/wp\/v2\/types\/product"}],"wp:featuredmedia":[{"embeddable":true,"href":"https:\/\/www.xn--tuksimaailm-ffb.ee\/fi\/wp-json\/wp\/v2\/media\/22678"}],"wp:attachment":[{"href":"https:\/\/www.xn--tuksimaailm-ffb.ee\/fi\/wp-json\/wp\/v2\/media?parent=55719"}],"wp:term":[{"taxonomy":"product_brand","embeddable":true,"href":"https:\/\/www.xn--tuksimaailm-ffb.ee\/fi\/wp-json\/wp\/v2\/product_brand?post=55719"},{"taxonomy":"product_cat","embeddable":true,"href":"https:\/\/www.xn--tuksimaailm-ffb.ee\/fi\/wp-json\/wp\/v2\/product_cat?post=55719"},{"taxonomy":"product_tag","embeddable":true,"href":"https:\/\/www.xn--tuksimaailm-ffb.ee\/fi\/wp-json\/wp\/v2\/product_tag?post=55719"},{"taxonomy":"filter_elektritoukeratas","embeddable":true,"href":"https:\/\/www.xn--tuksimaailm-ffb.ee\/fi\/wp-json\/wp\/v2\/filter_elektritoukeratas?post=55719"}],"curies":[{"name":"wp","href":"https:\/\/api.w.org\/{rel}","templated":true}]}}