{"id":55722,"date":"2021-01-23T14:16:48","date_gmt":"2021-01-23T14:16:48","guid":{"rendered":"http:\/\/www.xn--tuksimaailm-ffb.ee\/shop\/tehokas-sahkoskootteri-ajovalo-ip6x\/"},"modified":"2021-01-23T14:16:48","modified_gmt":"2021-01-23T11:16:48","slug":"tehokas-sahkoskootteri-ajovalo-ip6x","status":"publish","type":"product","link":"https:\/\/www.xn--tuksimaailm-ffb.ee\/fi\/shop\/tehokas-sahkoskootteri-ajovalo-ip6x\/","title":{"rendered":"Tehokas s\u00e4hk\u00f6skootteri ajovalo IP6X"},"content":{"rendered":"<p>Tehokas s\u00e4hk\u00f6skootterin ajovalo, <a><strong>IP6X-luokiteltu<\/strong><\/a> (my\u00f6s ensimm\u00e4inen valo, lis\u00e4valo, lyhty). Sopii my\u00f6s s\u00e4hk\u00f6polkupy\u00f6r\u00e4\u00e4n. Ajovalo on ruuvis\u00e4\u00e4dett\u00e4v\u00e4 ja sopii kaikkiin <strong>22mm<\/strong> ja <strong>31,8mm<\/strong> ohjaustankoihin. Valonl\u00e4hteen\u00e4 on kaksi tehokasta <strong>LED-valoa<\/strong>. Useimmissa <a href=\"http:\/\/www.xn--tuksimaailm-ffb.ee\/tootekategooria\/elektritoukeratas\/\">s\u00e4hk\u00f6skoottereissa<\/a> on jonkinlainen valaistusratkaisu jo tehtaalla asennettuna, mutta usein se ei riit\u00e4 varmistamaan, ett\u00e4 kanssapy\u00f6r\u00e4ilij\u00e4t n\u00e4kev\u00e4t sinut tai ett\u00e4 esteet havaitaan riitt\u00e4v\u00e4n kaukaa ajettaessa pime\u00e4ss\u00e4. Siksi suosittelemme vahvasti, ett\u00e4 arvioit s\u00e4hk\u00f6skootterisi valaistuksen tehokkuuden ja tarvittaessa parannat sit\u00e4 lis\u00e4valoilla - turvallisuus ennen kaikkea! Lis\u00e4tietoa valaisimien valikoimasta saat <a href=\"http:\/\/www.xn--tuksimaailm-ffb.ee\/kontakt\/\"><strong>myym\u00e4l\u00e4st\u00e4mme<\/strong><\/a>.<\/p>\n","protected":false},"excerpt":{"rendered":"<p>Tehokas s\u00e4hk\u00f6skootterin ajovalo, IP6X-luokiteltu (my\u00f6s ensimm\u00e4inen valo, lis\u00e4valo, lyhty). Sopii my\u00f6s s\u00e4hk\u00f6polkupy\u00f6r\u00e4\u00e4n. Ajovalo on ruuvis\u00e4\u00e4dett\u00e4v\u00e4 ja sopii kaikkiin 22mm ja 31,8mm ohjaustankoihin. Valonl\u00e4hteen\u00e4 on kaksi tehokasta LED-valoa. Useimmissa s\u00e4hk\u00f6skoottereissa on jonkinlainen valaistusratkaisu jo tehtaalla asennettuna, mutta usein se ei riit\u00e4 varmistamaan, ett\u00e4 kanssapy\u00f6r\u00e4ilij\u00e4t n\u00e4kev\u00e4t sinut tai ett\u00e4 esteet havaitaan riitt\u00e4v\u00e4n &hellip;<\/p>\n","protected":false},"featured_media":22646,"template":"","meta":[],"product_brand":[],"product_cat":[1697],"product_tag":[3270],"filter_elektritoukeratas":[],"class_list":{"0":"post-55722","1":"product","2":"type-product","3":"status-publish","4":"has-post-thumbnail","6":"product_cat-lisavarusteet","7":"product_tag-tuled","8":"pa_colour-musta","9":"pa_tootetuup-tuled-fi","11":"first","12":"instock","13":"taxable","14":"shipping-taxable","15":"purchasable","16":"product-type-simple"},"yoast_head":"<!-- This site is optimized with the Yoast SEO Premium plugin v26.8 (Yoast SEO v27.5) - https:\/\/yoast.com\/product\/yoast-seo-premium-wordpress\/ -->\n<title>Tehokas s\u00e4hk\u00f6skootteri ajovalo IP6X &#8212; T\u00f5uksimaailm - Tuled<\/title>\n<meta name=\"description\" content=\"T\u00f5hus elektrit\u00f5ukeratta esituli veekindel,\u00a0IP6X kaitseklassiga (ka esimene tuli, lisatuli, latern). Sobib ka elektrijalgrattale. Elektrit\u00f5ukeratas ja tuled.\" \/>\n<meta name=\"robots\" content=\"index, follow, max-snippet:-1, max-image-preview:large, max-video-preview:-1\" \/>\n<link rel=\"canonical\" href=\"https:\/\/www.xn--tuksimaailm-ffb.ee\/fi\/shop\/tehokas-sahkoskootteri-ajovalo-ip6x\/\" \/>\n<meta property=\"og:locale\" content=\"fi_FI\" \/>\n<meta property=\"og:type\" content=\"article\" \/>\n<meta property=\"og:title\" content=\"Tehokas s\u00e4hk\u00f6skootteri ajovalo IP6X\" \/>\n<meta property=\"og:description\" content=\"T\u00f5hus elektrit\u00f5ukeratta esituli veekindel,\u00a0IP6X kaitseklassiga (ka esimene tuli, lisatuli, latern). Sobib ka elektrijalgrattale. Elektrit\u00f5ukeratas ja tuled.\" \/>\n<meta property=\"og:url\" content=\"https:\/\/www.xn--tuksimaailm-ffb.ee\/fi\/shop\/tehokas-sahkoskootteri-ajovalo-ip6x\/\" \/>\n<meta property=\"og:site_name\" content=\"T\u00f5uksimaailm\" \/>\n<meta property=\"article:publisher\" content=\"https:\/\/www.facebook.com\/touksimaailm\/\" \/>\n<meta property=\"og:image\" content=\"https:\/\/www.xn--tuksimaailm-ffb.ee\/wp-content\/uploads\/2021\/01\/veekindel-tuli-1.jpg\" \/>\n\t<meta property=\"og:image:width\" content=\"557\" \/>\n\t<meta property=\"og:image:height\" content=\"443\" \/>\n\t<meta property=\"og:image:type\" content=\"image\/jpeg\" \/>\n<meta name=\"twitter:card\" content=\"summary_large_image\" \/>\n<meta name=\"twitter:label1\" content=\"Hinta\" \/>\n\t<meta name=\"twitter:data1\" content=\"&euro;59.50\" \/>\n\t<meta name=\"twitter:label2\" content=\"Saatavuus\" \/>\n\t<meta name=\"twitter:data2\" content=\"Varastossa\" \/>\n<meta property=\"product:price:amount\" content=\"59.50\" \/>\n<meta property=\"product:price:currency\" content=\"EUR\" \/>\n<meta property=\"og:availability\" content=\"instock\" \/>\n<meta property=\"product:availability\" content=\"instock\" \/>\n<meta property=\"product:condition\" content=\"new\" \/>\n<!-- \/ Yoast SEO Premium plugin. -->","yoast_head_json":{"title":"Tehokas s\u00e4hk\u00f6skootteri ajovalo IP6X &#8212; T\u00f5uksimaailm - Tuled","description":"T\u00f5hus elektrit\u00f5ukeratta esituli veekindel,\u00a0IP6X kaitseklassiga (ka esimene tuli, lisatuli, latern). Sobib ka elektrijalgrattale. Elektrit\u00f5ukeratas ja tuled.","robots":{"index":"index","follow":"follow","max-snippet":"max-snippet:-1","max-image-preview":"max-image-preview:large","max-video-preview":"max-video-preview:-1"},"canonical":"https:\/\/www.xn--tuksimaailm-ffb.ee\/fi\/shop\/tehokas-sahkoskootteri-ajovalo-ip6x\/","og_locale":"fi_FI","og_type":"article","og_title":"Tehokas s\u00e4hk\u00f6skootteri ajovalo IP6X","og_description":"T\u00f5hus elektrit\u00f5ukeratta esituli veekindel,\u00a0IP6X kaitseklassiga (ka esimene tuli, lisatuli, latern). Sobib ka elektrijalgrattale. Elektrit\u00f5ukeratas ja tuled.","og_url":"https:\/\/www.xn--tuksimaailm-ffb.ee\/fi\/shop\/tehokas-sahkoskootteri-ajovalo-ip6x\/","og_site_name":"T\u00f5uksimaailm","article_publisher":"https:\/\/www.facebook.com\/touksimaailm\/","og_image":[{"width":557,"height":443,"url":"https:\/\/www.xn--tuksimaailm-ffb.ee\/wp-content\/uploads\/2021\/01\/veekindel-tuli-1.jpg","type":"image\/jpeg"}],"twitter_card":"summary_large_image","twitter_misc":{"Hinta":"&euro;59.50","Saatavuus":"Varastossa"},"schema":{"@context":"https:\/\/schema.org","@graph":[{"@type":"WebPage","@id":"https:\/\/www.xn--tuksimaailm-ffb.ee\/fi\/shop\/tehokas-sahkoskootteri-ajovalo-ip6x\/","url":"https:\/\/www.xn--tuksimaailm-ffb.ee\/fi\/shop\/tehokas-sahkoskootteri-ajovalo-ip6x\/","name":"Tehokas s\u00e4hk\u00f6skootteri ajovalo IP6X &#8212; T\u00f5uksimaailm - Tuled","isPartOf":{"@id":"https:\/\/www.xn--tuksimaailm-ffb.ee\/fi\/#website"},"primaryImageOfPage":{"@id":"https:\/\/www.xn--tuksimaailm-ffb.ee\/fi\/shop\/tehokas-sahkoskootteri-ajovalo-ip6x\/#primaryimage"},"image":{"@id":"https:\/\/www.xn--tuksimaailm-ffb.ee\/fi\/shop\/tehokas-sahkoskootteri-ajovalo-ip6x\/#primaryimage"},"thumbnailUrl":"https:\/\/www.xn--tuksimaailm-ffb.ee\/wp-content\/uploads\/2021\/01\/veekindel-tuli-1.jpg","datePublished":"2021-01-23T14:16:48+00:00","description":"T\u00f5hus elektrit\u00f5ukeratta esituli veekindel,\u00a0IP6X kaitseklassiga (ka esimene tuli, lisatuli, latern). Sobib ka elektrijalgrattale. Elektrit\u00f5ukeratas ja tuled.","breadcrumb":{"@id":"https:\/\/www.xn--tuksimaailm-ffb.ee\/fi\/shop\/tehokas-sahkoskootteri-ajovalo-ip6x\/#breadcrumb"},"inLanguage":"fi","potentialAction":[{"@type":"ReadAction","target":["https:\/\/www.xn--tuksimaailm-ffb.ee\/fi\/shop\/tehokas-sahkoskootteri-ajovalo-ip6x\/"]}]},{"@type":"ImageObject","inLanguage":"fi","@id":"https:\/\/www.xn--tuksimaailm-ffb.ee\/fi\/shop\/tehokas-sahkoskootteri-ajovalo-ip6x\/#primaryimage","url":"https:\/\/www.xn--tuksimaailm-ffb.ee\/wp-content\/uploads\/2021\/01\/veekindel-tuli-1.jpg","contentUrl":"https:\/\/www.xn--tuksimaailm-ffb.ee\/wp-content\/uploads\/2021\/01\/veekindel-tuli-1.jpg","width":557,"height":443},{"@type":"BreadcrumbList","@id":"https:\/\/www.xn--tuksimaailm-ffb.ee\/fi\/shop\/tehokas-sahkoskootteri-ajovalo-ip6x\/#breadcrumb","itemListElement":[{"@type":"ListItem","position":1,"name":"Home","item":"https:\/\/www.xn--tuksimaailm-ffb.ee\/fi\/kotisivu\/"},{"@type":"ListItem","position":2,"name":"Kauppa","item":"https:\/\/www.xn--tuksimaailm-ffb.ee\/elektritoukerataste-pood\/"},{"@type":"ListItem","position":3,"name":"Tehokas s\u00e4hk\u00f6skootteri ajovalo IP6X"}]},{"@type":"WebSite","@id":"https:\/\/www.xn--tuksimaailm-ffb.ee\/fi\/#website","url":"https:\/\/www.xn--tuksimaailm-ffb.ee\/fi\/","name":"T\u00f5uksimaailm","description":"Elektrit\u00f5ukerataste m\u00fc\u00fck, remont ja rent","publisher":{"@id":"https:\/\/www.xn--tuksimaailm-ffb.ee\/fi\/#organization"},"potentialAction":[{"@type":"SearchAction","target":{"@type":"EntryPoint","urlTemplate":"https:\/\/www.xn--tuksimaailm-ffb.ee\/fi\/?s={search_term_string}"},"query-input":{"@type":"PropertyValueSpecification","valueRequired":true,"valueName":"search_term_string"}}],"inLanguage":"fi"},{"@type":"Organization","@id":"https:\/\/www.xn--tuksimaailm-ffb.ee\/fi\/#organization","name":"T\u00f5uksimaailm","url":"https:\/\/www.xn--tuksimaailm-ffb.ee\/fi\/","logo":{"@type":"ImageObject","inLanguage":"fi","@id":"https:\/\/www.xn--tuksimaailm-ffb.ee\/fi\/#\/schema\/logo\/image\/","url":"https:\/\/www.xn--tuksimaailm-ffb.ee\/wp-content\/uploads\/2020\/01\/logoz-e1579792875517.png","contentUrl":"https:\/\/www.xn--tuksimaailm-ffb.ee\/wp-content\/uploads\/2020\/01\/logoz-e1579792875517.png","width":250,"height":250,"caption":"T\u00f5uksimaailm"},"image":{"@id":"https:\/\/www.xn--tuksimaailm-ffb.ee\/fi\/#\/schema\/logo\/image\/"},"sameAs":["https:\/\/www.facebook.com\/touksimaailm\/","https:\/\/www.instagram.com\/touksimaailm_\/","https:\/\/www.youtube.com\/channel\/UC18ml0EKIDLP1xGuQjFzcXQ"]}]},"product_price_amount":"59.50","product_price_currency":"EUR","og_availability":"instock","product_availability":"instock","product_condition":"new"},"jetpack_sharing_enabled":true,"_links":{"self":[{"href":"https:\/\/www.xn--tuksimaailm-ffb.ee\/fi\/wp-json\/wp\/v2\/product\/55722","targetHints":{"allow":["GET"]}}],"collection":[{"href":"https:\/\/www.xn--tuksimaailm-ffb.ee\/fi\/wp-json\/wp\/v2\/product"}],"about":[{"href":"https:\/\/www.xn--tuksimaailm-ffb.ee\/fi\/wp-json\/wp\/v2\/types\/product"}],"wp:featuredmedia":[{"embeddable":true,"href":"https:\/\/www.xn--tuksimaailm-ffb.ee\/fi\/wp-json\/wp\/v2\/media\/22646"}],"wp:attachment":[{"href":"https:\/\/www.xn--tuksimaailm-ffb.ee\/fi\/wp-json\/wp\/v2\/media?parent=55722"}],"wp:term":[{"taxonomy":"product_brand","embeddable":true,"href":"https:\/\/www.xn--tuksimaailm-ffb.ee\/fi\/wp-json\/wp\/v2\/product_brand?post=55722"},{"taxonomy":"product_cat","embeddable":true,"href":"https:\/\/www.xn--tuksimaailm-ffb.ee\/fi\/wp-json\/wp\/v2\/product_cat?post=55722"},{"taxonomy":"product_tag","embeddable":true,"href":"https:\/\/www.xn--tuksimaailm-ffb.ee\/fi\/wp-json\/wp\/v2\/product_tag?post=55722"},{"taxonomy":"filter_elektritoukeratas","embeddable":true,"href":"https:\/\/www.xn--tuksimaailm-ffb.ee\/fi\/wp-json\/wp\/v2\/filter_elektritoukeratas?post=55722"}],"curies":[{"name":"wp","href":"https:\/\/api.w.org\/{rel}","templated":true}]}}