{"id":55723,"date":"2021-01-23T13:20:56","date_gmt":"2021-01-23T11:20:56","guid":{"rendered":"http:\/\/www.xn--tuksimaailm-ffb.ee\/shop\/automaattinen-ajovalo-sahkoskootterille-ohjaustankoon\/"},"modified":"2021-01-23T13:20:56","modified_gmt":"2021-01-23T10:20:56","slug":"automaattinen-ajovalo-sahkoskootterille-ohjaustankoon","status":"publish","type":"product","link":"https:\/\/www.xn--tuksimaailm-ffb.ee\/fi\/shop\/automaattinen-ajovalo-sahkoskootterille-ohjaustankoon\/","title":{"rendered":"Automaattinen ajovalo s\u00e4hk\u00f6skootterille ohjaustankoon"},"content":{"rendered":"<p>Etuvalo automaattisella ohjauksella varustetulle s\u00e4hk\u00f6skootterille (my\u00f6s ensimm\u00e4inen valo, lis\u00e4valo, lyhty). Sopii my\u00f6s (s\u00e4hk\u00f6)polkupy\u00f6r\u00e4\u00e4n. Etuvalo on s\u00e4\u00e4dett\u00e4viss\u00e4 ja sopii kaikkiin <strong>22mm<\/strong> ja <strong>31,8mm<\/strong> ohjaustankoihin. Valonl\u00e4hteen\u00e4 on CREE XPG <strong>LED-valo<\/strong>. S\u00e4hk\u00f6polkupy\u00f6rien automaattiseen ohjaustankoon tarkoitetussa etuvalaisimessa on <a href=\"https:\/\/en.wikipedia.org\/wiki\/Photodetector\"><strong>valoanturi<\/strong><\/a>, joka mittaa ymp\u00e4rist\u00f6n valoisuuden ja s\u00e4\u00e4t\u00e4\u00e4 etuvalaisimen valaistustehoa sen mukaan. Tasaisesti valoa jakava linssivalo on varustettu litiumioniakulla, joka on ladattavissa USB-laturilla \u00e4lypuhelinten tapaan. Lataus 0-100 %:sta kest\u00e4\u00e4 noin <strong>3 tuntia<\/strong>. Ensimm\u00e4isess\u00e4 valaisimessa on <strong>4 toimintatilaa<\/strong>:<\/p>\n<ol>\n<li>\u00c4lyk\u00e4s tila (itsen\u00e4inen p\u00e4\u00e4lle\/pois-kytkent\u00e4)<\/li>\n<li>P\u00e4iv\u00e4-tila (sopii h\u00e4m\u00e4r\u00e4ss\u00e4 ja v\u00e4h\u00e4n h\u00e4ik\u00e4iseviss\u00e4 olosuhteissa).<\/li>\n<li>Y\u00f6tila (sopii pime\u00e4\u00e4n pussiin, korkea luminanssi)<\/li>\n<li>Vilkkuva (ihanteellinen, kun akun varaustaso on alhainen, antaa my\u00f6s eniten huomiota ajettaessa maantiell\u00e4\/kevyess\u00e4 liikenteess\u00e4).<\/li>\n<\/ol>\n<p>Useimmissa <a href=\"http:\/\/www.xn--tuksimaailm-ffb.ee\/tootekategooria\/elektritoukeratas\/\">s\u00e4hk\u00f6skoottereissa<\/a> on jonkinlainen tehdasasennettu valaistus, mutta usein ei riit\u00e4 varmistamaan, ett\u00e4 muut kuljettajat n\u00e4kev\u00e4t sinut tai ett\u00e4 voit havaita esteet riitt\u00e4v\u00e4n kaukana pime\u00e4ss\u00e4. Siksi suosittelemme vahvasti, ett\u00e4 arvioit s\u00e4hk\u00f6skootterisi valaistuksen tehokkuuden ja tarvittaessa parannat sit\u00e4 lis\u00e4valoilla - turvallisuus ennen kaikkea! Tarjoamme my\u00f6s linssill\u00e4 varustettuja <a href=\"http:\/\/www.xn--tuksimaailm-ffb.ee\/shop\/tohus-elektritoukeratta-esituli-veekindel-ip6x\/\"><strong>vedenpit\u00e4vi\u00e4 valoja<\/strong><\/a>. Valaisinvalikoima on saatavilla <a href=\"http:\/\/www.xn--tuksimaailm-ffb.ee\/kontakt\/\"><strong>myym\u00e4l\u00e4ss\u00e4mme<\/strong><\/a>.<\/p>\n","protected":false},"excerpt":{"rendered":"<p>Etuvalo automaattisella ohjauksella varustetulle s\u00e4hk\u00f6skootterille (my\u00f6s ensimm\u00e4inen valo, lis\u00e4valo, lyhty). Sopii my\u00f6s (s\u00e4hk\u00f6)polkupy\u00f6r\u00e4\u00e4n. Etuvalo on s\u00e4\u00e4dett\u00e4viss\u00e4 ja sopii kaikkiin 22mm ja 31,8mm ohjaustankoihin. Valonl\u00e4hteen\u00e4 on CREE XPG LED-valo. S\u00e4hk\u00f6polkupy\u00f6rien automaattiseen ohjaustankoon tarkoitetussa etuvalaisimessa on valoanturi, joka mittaa ymp\u00e4rist\u00f6n valoisuuden ja s\u00e4\u00e4t\u00e4\u00e4 etuvalaisimen valaistustehoa sen mukaan. Tasaisesti valoa jakava linssivalo on &hellip;<\/p>\n","protected":false},"featured_media":22643,"template":"","meta":[],"product_brand":[],"product_cat":[1697],"product_tag":[3270],"filter_elektritoukeratas":[],"class_list":{"0":"post-55723","1":"product","2":"type-product","3":"status-publish","4":"has-post-thumbnail","6":"product_cat-lisavarusteet","7":"product_tag-tuled","8":"pa_colour-musta","9":"pa_tootetuup-tuled-fi","11":"first","12":"instock","13":"taxable","14":"shipping-taxable","15":"purchasable","16":"product-type-simple"},"yoast_head":"<!-- This site is optimized with the Yoast SEO Premium plugin v26.8 (Yoast SEO v27.5) - https:\/\/yoast.com\/product\/yoast-seo-premium-wordpress\/ -->\n<title>Automaattinen ajovalo s\u00e4hk\u00f6skootterille ohjaustankoon | T\u00f5uksimaailm<\/title>\n<meta name=\"description\" content=\"Esituli elektrit\u00f5ukerattale automaatne lenksule (ka esimene tuli, lisatuli). Sobib ka (elektri) jalgrattale. Tark esituli, valgusanduriga. LED tuled.\" \/>\n<meta name=\"robots\" content=\"index, follow, max-snippet:-1, max-image-preview:large, max-video-preview:-1\" \/>\n<link rel=\"canonical\" href=\"https:\/\/www.xn--tuksimaailm-ffb.ee\/fi\/shop\/automaattinen-ajovalo-sahkoskootterille-ohjaustankoon\/\" \/>\n<meta property=\"og:locale\" content=\"fi_FI\" \/>\n<meta property=\"og:type\" content=\"article\" \/>\n<meta property=\"og:title\" content=\"Automaattinen ajovalo s\u00e4hk\u00f6skootterille ohjaustankoon\" \/>\n<meta property=\"og:description\" content=\"Esituli elektrit\u00f5ukerattale automaatne lenksule (ka esimene tuli, lisatuli). Sobib ka (elektri) jalgrattale. Tark esituli, valgusanduriga. LED tuled.\" \/>\n<meta property=\"og:url\" content=\"https:\/\/www.xn--tuksimaailm-ffb.ee\/fi\/shop\/automaattinen-ajovalo-sahkoskootterille-ohjaustankoon\/\" \/>\n<meta property=\"og:site_name\" content=\"T\u00f5uksimaailm\" \/>\n<meta property=\"article:publisher\" content=\"https:\/\/www.facebook.com\/touksimaailm\/\" \/>\n<meta property=\"og:image\" content=\"https:\/\/www.xn--tuksimaailm-ffb.ee\/wp-content\/uploads\/2021\/01\/tark-tuli-1.jpg\" \/>\n\t<meta property=\"og:image:width\" content=\"339\" \/>\n\t<meta property=\"og:image:height\" content=\"280\" \/>\n\t<meta property=\"og:image:type\" content=\"image\/jpeg\" \/>\n<meta name=\"twitter:card\" content=\"summary_large_image\" \/>\n<meta name=\"twitter:label1\" content=\"Hinta\" \/>\n\t<meta name=\"twitter:data1\" content=\"&euro;39.50\" \/>\n\t<meta name=\"twitter:label2\" content=\"Saatavuus\" \/>\n\t<meta name=\"twitter:data2\" content=\"Varastossa\" \/>\n<meta property=\"product:price:amount\" content=\"39.50\" \/>\n<meta property=\"product:price:currency\" content=\"EUR\" \/>\n<meta property=\"og:availability\" content=\"instock\" \/>\n<meta property=\"product:availability\" content=\"instock\" \/>\n<meta property=\"product:condition\" content=\"new\" \/>\n<!-- \/ Yoast SEO Premium plugin. -->","yoast_head_json":{"title":"Automaattinen ajovalo s\u00e4hk\u00f6skootterille ohjaustankoon | T\u00f5uksimaailm","description":"Esituli elektrit\u00f5ukerattale automaatne lenksule (ka esimene tuli, lisatuli). Sobib ka (elektri) jalgrattale. Tark esituli, valgusanduriga. LED tuled.","robots":{"index":"index","follow":"follow","max-snippet":"max-snippet:-1","max-image-preview":"max-image-preview:large","max-video-preview":"max-video-preview:-1"},"canonical":"https:\/\/www.xn--tuksimaailm-ffb.ee\/fi\/shop\/automaattinen-ajovalo-sahkoskootterille-ohjaustankoon\/","og_locale":"fi_FI","og_type":"article","og_title":"Automaattinen ajovalo s\u00e4hk\u00f6skootterille ohjaustankoon","og_description":"Esituli elektrit\u00f5ukerattale automaatne lenksule (ka esimene tuli, lisatuli). Sobib ka (elektri) jalgrattale. Tark esituli, valgusanduriga. LED tuled.","og_url":"https:\/\/www.xn--tuksimaailm-ffb.ee\/fi\/shop\/automaattinen-ajovalo-sahkoskootterille-ohjaustankoon\/","og_site_name":"T\u00f5uksimaailm","article_publisher":"https:\/\/www.facebook.com\/touksimaailm\/","og_image":[{"width":339,"height":280,"url":"https:\/\/www.xn--tuksimaailm-ffb.ee\/wp-content\/uploads\/2021\/01\/tark-tuli-1.jpg","type":"image\/jpeg"}],"twitter_card":"summary_large_image","twitter_misc":{"Hinta":"&euro;39.50","Saatavuus":"Varastossa"},"schema":{"@context":"https:\/\/schema.org","@graph":[{"@type":"WebPage","@id":"https:\/\/www.xn--tuksimaailm-ffb.ee\/fi\/shop\/automaattinen-ajovalo-sahkoskootterille-ohjaustankoon\/","url":"https:\/\/www.xn--tuksimaailm-ffb.ee\/fi\/shop\/automaattinen-ajovalo-sahkoskootterille-ohjaustankoon\/","name":"Automaattinen ajovalo s\u00e4hk\u00f6skootterille ohjaustankoon | T\u00f5uksimaailm","isPartOf":{"@id":"https:\/\/www.xn--tuksimaailm-ffb.ee\/fi\/#website"},"primaryImageOfPage":{"@id":"https:\/\/www.xn--tuksimaailm-ffb.ee\/fi\/shop\/automaattinen-ajovalo-sahkoskootterille-ohjaustankoon\/#primaryimage"},"image":{"@id":"https:\/\/www.xn--tuksimaailm-ffb.ee\/fi\/shop\/automaattinen-ajovalo-sahkoskootterille-ohjaustankoon\/#primaryimage"},"thumbnailUrl":"https:\/\/www.xn--tuksimaailm-ffb.ee\/wp-content\/uploads\/2021\/01\/tark-tuli-1.jpg","datePublished":"2021-01-23T11:20:56+00:00","description":"Esituli elektrit\u00f5ukerattale automaatne lenksule (ka esimene tuli, lisatuli). Sobib ka (elektri) jalgrattale. Tark esituli, valgusanduriga. LED tuled.","breadcrumb":{"@id":"https:\/\/www.xn--tuksimaailm-ffb.ee\/fi\/shop\/automaattinen-ajovalo-sahkoskootterille-ohjaustankoon\/#breadcrumb"},"inLanguage":"fi","potentialAction":[{"@type":"ReadAction","target":["https:\/\/www.xn--tuksimaailm-ffb.ee\/fi\/shop\/automaattinen-ajovalo-sahkoskootterille-ohjaustankoon\/"]}]},{"@type":"ImageObject","inLanguage":"fi","@id":"https:\/\/www.xn--tuksimaailm-ffb.ee\/fi\/shop\/automaattinen-ajovalo-sahkoskootterille-ohjaustankoon\/#primaryimage","url":"https:\/\/www.xn--tuksimaailm-ffb.ee\/wp-content\/uploads\/2021\/01\/tark-tuli-1.jpg","contentUrl":"https:\/\/www.xn--tuksimaailm-ffb.ee\/wp-content\/uploads\/2021\/01\/tark-tuli-1.jpg","width":339,"height":280},{"@type":"BreadcrumbList","@id":"https:\/\/www.xn--tuksimaailm-ffb.ee\/fi\/shop\/automaattinen-ajovalo-sahkoskootterille-ohjaustankoon\/#breadcrumb","itemListElement":[{"@type":"ListItem","position":1,"name":"Home","item":"https:\/\/www.xn--tuksimaailm-ffb.ee\/fi\/kotisivu\/"},{"@type":"ListItem","position":2,"name":"Kauppa","item":"https:\/\/www.xn--tuksimaailm-ffb.ee\/elektritoukerataste-pood\/"},{"@type":"ListItem","position":3,"name":"Automaattinen ajovalo s\u00e4hk\u00f6skootterille ohjaustankoon"}]},{"@type":"WebSite","@id":"https:\/\/www.xn--tuksimaailm-ffb.ee\/fi\/#website","url":"https:\/\/www.xn--tuksimaailm-ffb.ee\/fi\/","name":"T\u00f5uksimaailm","description":"Elektrit\u00f5ukerataste m\u00fc\u00fck, remont ja rent","publisher":{"@id":"https:\/\/www.xn--tuksimaailm-ffb.ee\/fi\/#organization"},"potentialAction":[{"@type":"SearchAction","target":{"@type":"EntryPoint","urlTemplate":"https:\/\/www.xn--tuksimaailm-ffb.ee\/fi\/?s={search_term_string}"},"query-input":{"@type":"PropertyValueSpecification","valueRequired":true,"valueName":"search_term_string"}}],"inLanguage":"fi"},{"@type":"Organization","@id":"https:\/\/www.xn--tuksimaailm-ffb.ee\/fi\/#organization","name":"T\u00f5uksimaailm","url":"https:\/\/www.xn--tuksimaailm-ffb.ee\/fi\/","logo":{"@type":"ImageObject","inLanguage":"fi","@id":"https:\/\/www.xn--tuksimaailm-ffb.ee\/fi\/#\/schema\/logo\/image\/","url":"https:\/\/www.xn--tuksimaailm-ffb.ee\/wp-content\/uploads\/2020\/01\/logoz-e1579792875517.png","contentUrl":"https:\/\/www.xn--tuksimaailm-ffb.ee\/wp-content\/uploads\/2020\/01\/logoz-e1579792875517.png","width":250,"height":250,"caption":"T\u00f5uksimaailm"},"image":{"@id":"https:\/\/www.xn--tuksimaailm-ffb.ee\/fi\/#\/schema\/logo\/image\/"},"sameAs":["https:\/\/www.facebook.com\/touksimaailm\/","https:\/\/www.instagram.com\/touksimaailm_\/","https:\/\/www.youtube.com\/channel\/UC18ml0EKIDLP1xGuQjFzcXQ"]}]},"product_price_amount":"39.50","product_price_currency":"EUR","og_availability":"instock","product_availability":"instock","product_condition":"new"},"jetpack_sharing_enabled":true,"_links":{"self":[{"href":"https:\/\/www.xn--tuksimaailm-ffb.ee\/fi\/wp-json\/wp\/v2\/product\/55723","targetHints":{"allow":["GET"]}}],"collection":[{"href":"https:\/\/www.xn--tuksimaailm-ffb.ee\/fi\/wp-json\/wp\/v2\/product"}],"about":[{"href":"https:\/\/www.xn--tuksimaailm-ffb.ee\/fi\/wp-json\/wp\/v2\/types\/product"}],"wp:featuredmedia":[{"embeddable":true,"href":"https:\/\/www.xn--tuksimaailm-ffb.ee\/fi\/wp-json\/wp\/v2\/media\/22643"}],"wp:attachment":[{"href":"https:\/\/www.xn--tuksimaailm-ffb.ee\/fi\/wp-json\/wp\/v2\/media?parent=55723"}],"wp:term":[{"taxonomy":"product_brand","embeddable":true,"href":"https:\/\/www.xn--tuksimaailm-ffb.ee\/fi\/wp-json\/wp\/v2\/product_brand?post=55723"},{"taxonomy":"product_cat","embeddable":true,"href":"https:\/\/www.xn--tuksimaailm-ffb.ee\/fi\/wp-json\/wp\/v2\/product_cat?post=55723"},{"taxonomy":"product_tag","embeddable":true,"href":"https:\/\/www.xn--tuksimaailm-ffb.ee\/fi\/wp-json\/wp\/v2\/product_tag?post=55723"},{"taxonomy":"filter_elektritoukeratas","embeddable":true,"href":"https:\/\/www.xn--tuksimaailm-ffb.ee\/fi\/wp-json\/wp\/v2\/filter_elektritoukeratas?post=55723"}],"curies":[{"name":"wp","href":"https:\/\/api.w.org\/{rel}","templated":true}]}}