{"id":55724,"date":"2021-01-23T13:02:47","date_gmt":"2021-01-23T10:02:47","guid":{"rendered":"http:\/\/www.xn--tuksimaailm-ffb.ee\/shop\/zoom-hb875-hydraulinen-levyjarrusarja\/"},"modified":"2021-01-23T13:02:47","modified_gmt":"2021-01-23T10:02:47","slug":"zoom-hb875-hydraulinen-levyjarrusarja","status":"publish","type":"product","link":"https:\/\/www.xn--tuksimaailm-ffb.ee\/fi\/shop\/zoom-hb875-hydraulinen-levyjarrusarja\/","title":{"rendered":"Zoom HB875 hydraulinen levyjarrusarja"},"content":{"rendered":"<p>Zoom HB875 hydraulinen levyjarrusarja s\u00e4hk\u00f6skootteriin tai polkupy\u00f6r\u00e4\u00e4n (my\u00f6s hydraulinen jarru, \u00f6ljyjarru). Se on <strong>t\u00e4ydellinen sarja<\/strong>, jossa on sek\u00e4 etu- ett\u00e4 takajarru. Saatavana sek\u00e4 <strong>punainen<\/strong> ett\u00e4 <strong>musta<\/strong>jarrusarja. Etujarruletkun pituus on <strong>800mm<\/strong> ja takajarruletkun pituus on <strong>1400mm<\/strong>. Jarrulenkki sopii <strong>22mm<\/strong> linssiin. Hydraulinen jarru on parempi kuin mekaaninen levyjarru siin\u00e4, ett\u00e4 molemmat jarrupalat kuluvat tasaisesti (sarjaa ei tarvitse vaihtaa, kun toinen jarrupala on kulunut loppuun ja toisessa jarrupalassa on viel\u00e4 runsaasti materiaalia) ja jarruketjun ei tarvitse taipua (jos se on s\u00e4\u00e4detty oikein) p\u00e4\u00e4st\u00e4kseen toiselle jarrupalalle.<\/p>\n<p>Hydraulisilla levyjarruilla ajaminen tarjoaa muun muassa paljon paremman jarrutuntuman kuin mekaanisilla jarruilla. Jos sinulla on vaikeuksia asentaa tai s\u00e4\u00e4t\u00e4\u00e4 hydraulista jarrusarjaa s\u00e4hk\u00f6skootteriin itse, s\u00e4hk\u00f6skoottereihin ja muihin kevytmoottoripy\u00f6riin erikoistunut <a href=\"http:\/\/www.xn--tuksimaailm-ffb.ee\/elektrilise-toukeratta-remont\/\">korjaamomme<\/a> voi auttaa.<\/p>\n","protected":false},"excerpt":{"rendered":"<p>Zoom HB875 hydraulinen levyjarrusarja s\u00e4hk\u00f6skootteriin tai polkupy\u00f6r\u00e4\u00e4n (my\u00f6s hydraulinen jarru, \u00f6ljyjarru). Se on t\u00e4ydellinen sarja, jossa on sek\u00e4 etu- ett\u00e4 takajarru. Saatavana sek\u00e4 punainen ett\u00e4 mustajarrusarja. Etujarruletkun pituus on 800mm ja takajarruletkun pituus on 1400mm. Jarrulenkki sopii 22mm linssiin. Hydraulinen jarru on parempi kuin mekaaninen levyjarru siin\u00e4, ett\u00e4 molemmat jarrupalat &hellip;<\/p>\n","protected":false},"featured_media":22641,"template":"","meta":[],"product_brand":[],"product_cat":[1697,1698],"product_tag":[3341],"filter_elektritoukeratas":[],"class_list":{"0":"post-55724","1":"product","2":"type-product","3":"status-publish","4":"has-post-thumbnail","6":"product_cat-lisavarusteet","7":"product_cat-varaosat","8":"product_tag-piduridetailid-fi","9":"pa_colour-musta","10":"pa_colour-punainen","11":"pa_tootetuup-piduridetailid-fi","13":"first","14":"instock","15":"taxable","16":"shipping-taxable","17":"purchasable","18":"product-type-variable"},"yoast_head":"<!-- This site is optimized with the Yoast SEO Premium plugin v26.8 (Yoast SEO v27.3) - https:\/\/yoast.com\/product\/yoast-seo-premium-wordpress\/ -->\n<title>Zoom HB875 hydraulinen levyjarrusarja | T\u00f5uksimaailm<\/title>\n<meta name=\"description\" content=\"Zoom HB875 h\u00fcdrauliline ketaspidur komplekt elektrit\u00f5ukerattale v\u00f5i jalgrattale (ka h\u00fcdrauliline pidur, \u00f5lipidur), t\u00e4iskomplekt. Elektrit\u00f5ukeratta varuosad.\" \/>\n<meta name=\"robots\" content=\"index, follow, max-snippet:-1, max-image-preview:large, max-video-preview:-1\" \/>\n<link rel=\"canonical\" href=\"https:\/\/www.xn--tuksimaailm-ffb.ee\/fi\/shop\/zoom-hb875-hydraulinen-levyjarrusarja\/\" \/>\n<meta property=\"og:locale\" content=\"fi_FI\" \/>\n<meta property=\"og:type\" content=\"article\" \/>\n<meta property=\"og:title\" content=\"Zoom HB875 hydraulinen levyjarrusarja\" \/>\n<meta property=\"og:description\" content=\"Zoom HB875 h\u00fcdrauliline ketaspidur komplekt elektrit\u00f5ukerattale v\u00f5i jalgrattale (ka h\u00fcdrauliline pidur, \u00f5lipidur), t\u00e4iskomplekt. Elektrit\u00f5ukeratta varuosad.\" \/>\n<meta property=\"og:url\" content=\"https:\/\/www.xn--tuksimaailm-ffb.ee\/fi\/shop\/zoom-hb875-hydraulinen-levyjarrusarja\/\" \/>\n<meta property=\"og:site_name\" content=\"T\u00f5uksimaailm\" \/>\n<meta property=\"article:publisher\" content=\"https:\/\/www.facebook.com\/touksimaailm\/\" \/>\n<meta property=\"og:image\" content=\"https:\/\/www.xn--tuksimaailm-ffb.ee\/wp-content\/uploads\/2021\/01\/zoom-1.jpg\" \/>\n\t<meta property=\"og:image:width\" content=\"575\" \/>\n\t<meta property=\"og:image:height\" content=\"565\" \/>\n\t<meta property=\"og:image:type\" content=\"image\/jpeg\" \/>\n<meta name=\"twitter:card\" content=\"summary_large_image\" \/>\n<meta name=\"twitter:label1\" content=\"Saatavuus\" \/>\n\t<meta name=\"twitter:data1\" content=\"Varastossa\" \/>\n<meta property=\"og:availability\" content=\"instock\" \/>\n<meta property=\"product:availability\" content=\"instock\" \/>\n<meta property=\"product:condition\" content=\"new\" \/>\n<!-- \/ Yoast SEO Premium plugin. -->","yoast_head_json":{"title":"Zoom HB875 hydraulinen levyjarrusarja | T\u00f5uksimaailm","description":"Zoom HB875 h\u00fcdrauliline ketaspidur komplekt elektrit\u00f5ukerattale v\u00f5i jalgrattale (ka h\u00fcdrauliline pidur, \u00f5lipidur), t\u00e4iskomplekt. Elektrit\u00f5ukeratta varuosad.","robots":{"index":"index","follow":"follow","max-snippet":"max-snippet:-1","max-image-preview":"max-image-preview:large","max-video-preview":"max-video-preview:-1"},"canonical":"https:\/\/www.xn--tuksimaailm-ffb.ee\/fi\/shop\/zoom-hb875-hydraulinen-levyjarrusarja\/","og_locale":"fi_FI","og_type":"article","og_title":"Zoom HB875 hydraulinen levyjarrusarja","og_description":"Zoom HB875 h\u00fcdrauliline ketaspidur komplekt elektrit\u00f5ukerattale v\u00f5i jalgrattale (ka h\u00fcdrauliline pidur, \u00f5lipidur), t\u00e4iskomplekt. Elektrit\u00f5ukeratta varuosad.","og_url":"https:\/\/www.xn--tuksimaailm-ffb.ee\/fi\/shop\/zoom-hb875-hydraulinen-levyjarrusarja\/","og_site_name":"T\u00f5uksimaailm","article_publisher":"https:\/\/www.facebook.com\/touksimaailm\/","og_image":[{"width":575,"height":565,"url":"https:\/\/www.xn--tuksimaailm-ffb.ee\/wp-content\/uploads\/2021\/01\/zoom-1.jpg","type":"image\/jpeg"}],"twitter_card":"summary_large_image","twitter_misc":{"Saatavuus":"Varastossa"},"schema":{"@context":"https:\/\/schema.org","@graph":[{"@type":"WebPage","@id":"https:\/\/www.xn--tuksimaailm-ffb.ee\/fi\/shop\/zoom-hb875-hydraulinen-levyjarrusarja\/","url":"https:\/\/www.xn--tuksimaailm-ffb.ee\/fi\/shop\/zoom-hb875-hydraulinen-levyjarrusarja\/","name":"Zoom HB875 hydraulinen levyjarrusarja | T\u00f5uksimaailm","isPartOf":{"@id":"https:\/\/www.xn--tuksimaailm-ffb.ee\/fi\/#website"},"primaryImageOfPage":{"@id":"https:\/\/www.xn--tuksimaailm-ffb.ee\/fi\/shop\/zoom-hb875-hydraulinen-levyjarrusarja\/#primaryimage"},"image":{"@id":"https:\/\/www.xn--tuksimaailm-ffb.ee\/fi\/shop\/zoom-hb875-hydraulinen-levyjarrusarja\/#primaryimage"},"thumbnailUrl":"https:\/\/www.xn--tuksimaailm-ffb.ee\/wp-content\/uploads\/2021\/01\/zoom-1.jpg","datePublished":"2021-01-23T10:02:47+00:00","description":"Zoom HB875 h\u00fcdrauliline ketaspidur komplekt elektrit\u00f5ukerattale v\u00f5i jalgrattale (ka h\u00fcdrauliline pidur, \u00f5lipidur), t\u00e4iskomplekt. Elektrit\u00f5ukeratta varuosad.","breadcrumb":{"@id":"https:\/\/www.xn--tuksimaailm-ffb.ee\/fi\/shop\/zoom-hb875-hydraulinen-levyjarrusarja\/#breadcrumb"},"inLanguage":"fi","potentialAction":[{"@type":"ReadAction","target":["https:\/\/www.xn--tuksimaailm-ffb.ee\/fi\/shop\/zoom-hb875-hydraulinen-levyjarrusarja\/"]}]},{"@type":"ImageObject","inLanguage":"fi","@id":"https:\/\/www.xn--tuksimaailm-ffb.ee\/fi\/shop\/zoom-hb875-hydraulinen-levyjarrusarja\/#primaryimage","url":"https:\/\/www.xn--tuksimaailm-ffb.ee\/wp-content\/uploads\/2021\/01\/zoom-1.jpg","contentUrl":"https:\/\/www.xn--tuksimaailm-ffb.ee\/wp-content\/uploads\/2021\/01\/zoom-1.jpg","width":575,"height":565},{"@type":"BreadcrumbList","@id":"https:\/\/www.xn--tuksimaailm-ffb.ee\/fi\/shop\/zoom-hb875-hydraulinen-levyjarrusarja\/#breadcrumb","itemListElement":[{"@type":"ListItem","position":1,"name":"Home","item":"https:\/\/www.xn--tuksimaailm-ffb.ee\/fi\/kotisivu\/"},{"@type":"ListItem","position":2,"name":"Kauppa","item":"https:\/\/www.xn--tuksimaailm-ffb.ee\/elektritoukerataste-pood\/"},{"@type":"ListItem","position":3,"name":"Zoom HB875 hydraulinen levyjarrusarja"}]},{"@type":"WebSite","@id":"https:\/\/www.xn--tuksimaailm-ffb.ee\/fi\/#website","url":"https:\/\/www.xn--tuksimaailm-ffb.ee\/fi\/","name":"T\u00f5uksimaailm","description":"Elektrit\u00f5ukerataste m\u00fc\u00fck, remont ja rent","publisher":{"@id":"https:\/\/www.xn--tuksimaailm-ffb.ee\/fi\/#organization"},"potentialAction":[{"@type":"SearchAction","target":{"@type":"EntryPoint","urlTemplate":"https:\/\/www.xn--tuksimaailm-ffb.ee\/fi\/?s={search_term_string}"},"query-input":{"@type":"PropertyValueSpecification","valueRequired":true,"valueName":"search_term_string"}}],"inLanguage":"fi"},{"@type":"Organization","@id":"https:\/\/www.xn--tuksimaailm-ffb.ee\/fi\/#organization","name":"T\u00f5uksimaailm","url":"https:\/\/www.xn--tuksimaailm-ffb.ee\/fi\/","logo":{"@type":"ImageObject","inLanguage":"fi","@id":"https:\/\/www.xn--tuksimaailm-ffb.ee\/fi\/#\/schema\/logo\/image\/","url":"https:\/\/www.xn--tuksimaailm-ffb.ee\/wp-content\/uploads\/2020\/01\/logoz-e1579792875517.png","contentUrl":"https:\/\/www.xn--tuksimaailm-ffb.ee\/wp-content\/uploads\/2020\/01\/logoz-e1579792875517.png","width":250,"height":250,"caption":"T\u00f5uksimaailm"},"image":{"@id":"https:\/\/www.xn--tuksimaailm-ffb.ee\/fi\/#\/schema\/logo\/image\/"},"sameAs":["https:\/\/www.facebook.com\/touksimaailm\/","https:\/\/www.instagram.com\/touksimaailm_\/","https:\/\/www.youtube.com\/channel\/UC18ml0EKIDLP1xGuQjFzcXQ"]}]},"og_availability":"instock","product_availability":"instock","product_condition":"new"},"jetpack_sharing_enabled":true,"_links":{"self":[{"href":"https:\/\/www.xn--tuksimaailm-ffb.ee\/fi\/wp-json\/wp\/v2\/product\/55724","targetHints":{"allow":["GET"]}}],"collection":[{"href":"https:\/\/www.xn--tuksimaailm-ffb.ee\/fi\/wp-json\/wp\/v2\/product"}],"about":[{"href":"https:\/\/www.xn--tuksimaailm-ffb.ee\/fi\/wp-json\/wp\/v2\/types\/product"}],"wp:featuredmedia":[{"embeddable":true,"href":"https:\/\/www.xn--tuksimaailm-ffb.ee\/fi\/wp-json\/wp\/v2\/media\/22641"}],"wp:attachment":[{"href":"https:\/\/www.xn--tuksimaailm-ffb.ee\/fi\/wp-json\/wp\/v2\/media?parent=55724"}],"wp:term":[{"taxonomy":"product_brand","embeddable":true,"href":"https:\/\/www.xn--tuksimaailm-ffb.ee\/fi\/wp-json\/wp\/v2\/product_brand?post=55724"},{"taxonomy":"product_cat","embeddable":true,"href":"https:\/\/www.xn--tuksimaailm-ffb.ee\/fi\/wp-json\/wp\/v2\/product_cat?post=55724"},{"taxonomy":"product_tag","embeddable":true,"href":"https:\/\/www.xn--tuksimaailm-ffb.ee\/fi\/wp-json\/wp\/v2\/product_tag?post=55724"},{"taxonomy":"filter_elektritoukeratas","embeddable":true,"href":"https:\/\/www.xn--tuksimaailm-ffb.ee\/fi\/wp-json\/wp\/v2\/filter_elektritoukeratas?post=55724"}],"curies":[{"name":"wp","href":"https:\/\/api.w.org\/{rel}","templated":true}]}}