{"id":55732,"date":"2021-01-23T11:42:12","date_gmt":"2021-01-23T08:42:12","guid":{"rendered":"http:\/\/www.xn--tuksimaailm-ffb.ee\/shop\/xiaomi-poran-jatkeet-m365-pro\/"},"modified":"2021-01-23T11:42:12","modified_gmt":"2021-01-23T08:42:12","slug":"xiaomi-poran-jatkeet-m365-pro","status":"publish","type":"product","link":"https:\/\/www.xn--tuksimaailm-ffb.ee\/fi\/shop\/xiaomi-poran-jatkeet-m365-pro\/","title":{"rendered":"Xiaomi poran jatkeet M365 Pro"},"content":{"rendered":"<p>Lis\u00e4laajennukset Xiaomin huokolevylle (kutsutaan my\u00f6s nimell\u00e4 backboard extension, huokolevymela). Jos olet kyll\u00e4stynyt siihen, ett\u00e4 <a href=\"http:\/\/www.xn--tuksimaailm-ffb.ee\/shop\/elektritouks_xiaomi-360\/\"><strong>Xiaomi M365-<\/strong><\/a> tai<a href=\"http:\/\/www.xn--tuksimaailm-ffb.ee\/shop\/elektriline-toukeratas-xiaomi-mi-m365-pro\/\"><strong> Xiaomi M365 Pro<\/strong><\/a> -s\u00e4hk\u00f6potkulaudan takapy\u00f6r\u00e4 roiskii likaa housujesi selk\u00e4\u00e4n ajaessasi sateessa ja p\u00f6lylammikoissa, Xiaomi Dirt Paddle Extension on edullinen ja tehokas ratkaisu t\u00e4h\u00e4n ep\u00e4miellytt\u00e4v\u00e4\u00e4n ongelmaan. Dirtboard Extension kiinnittyy Xiaomi Dirtboardiin ruuvilla. Pakkauksen mukana tulee jatke sek\u00e4 etu- ett\u00e4 takalokasuojalle.<\/p>\n","protected":false},"excerpt":{"rendered":"<p>Lis\u00e4laajennukset Xiaomin huokolevylle (kutsutaan my\u00f6s nimell\u00e4 backboard extension, huokolevymela). Jos olet kyll\u00e4stynyt siihen, ett\u00e4 Xiaomi M365- tai Xiaomi M365 Pro -s\u00e4hk\u00f6potkulaudan takapy\u00f6r\u00e4 roiskii likaa housujesi selk\u00e4\u00e4n ajaessasi sateessa ja p\u00f6lylammikoissa, Xiaomi Dirt Paddle Extension on edullinen ja tehokas ratkaisu t\u00e4h\u00e4n ep\u00e4miellytt\u00e4v\u00e4\u00e4n ongelmaan. Dirtboard Extension kiinnittyy Xiaomi Dirtboardiin ruuvilla. Pakkauksen mukana &hellip;<\/p>\n","protected":false},"featured_media":22634,"template":"","meta":[],"product_brand":[],"product_cat":[1697,1698],"product_tag":[1706],"filter_elektritoukeratas":[],"class_list":{"0":"post-55732","1":"product","2":"type-product","3":"status-publish","4":"has-post-thumbnail","6":"product_cat-lisavarusteet","7":"product_cat-varaosat","8":"product_tag-xiaomi-varaosat","9":"pa_colour-musta","10":"pa_tootetuup-porilaua-pikendused-fi","12":"first","13":"instock","14":"taxable","15":"shipping-taxable","16":"purchasable","17":"product-type-simple"},"yoast_head":"<!-- This site is optimized with the Yoast SEO Premium plugin v26.8 (Yoast SEO v27.5) - https:\/\/yoast.com\/product\/yoast-seo-premium-wordpress\/ -->\n<title>Xiaomi poran jatkeet M365 Pro | T\u00f5uksimaailm | Lisad<\/title>\n<meta name=\"description\" content=\"Xiaomi porilaua lisa pikendused (ka tagaporilaua pikendus, pori lapats). Sobib elektrit\u00f5ukerattale Xiaomi M365 ja Xiaomi M365 Pro. Xiaomi lisavarustus.\" \/>\n<meta name=\"robots\" content=\"index, follow, max-snippet:-1, max-image-preview:large, max-video-preview:-1\" \/>\n<link rel=\"canonical\" href=\"https:\/\/www.xn--tuksimaailm-ffb.ee\/fi\/shop\/xiaomi-poran-jatkeet-m365-pro\/\" \/>\n<meta property=\"og:locale\" content=\"fi_FI\" \/>\n<meta property=\"og:type\" content=\"article\" \/>\n<meta property=\"og:title\" content=\"Xiaomi poran jatkeet M365 Pro\" \/>\n<meta property=\"og:description\" content=\"Xiaomi porilaua lisa pikendused (ka tagaporilaua pikendus, pori lapats). Sobib elektrit\u00f5ukerattale Xiaomi M365 ja Xiaomi M365 Pro. Xiaomi lisavarustus.\" \/>\n<meta property=\"og:url\" content=\"https:\/\/www.xn--tuksimaailm-ffb.ee\/fi\/shop\/xiaomi-poran-jatkeet-m365-pro\/\" \/>\n<meta property=\"og:site_name\" content=\"T\u00f5uksimaailm\" \/>\n<meta property=\"article:publisher\" content=\"https:\/\/www.facebook.com\/touksimaailm\/\" \/>\n<meta property=\"og:image\" content=\"https:\/\/www.xn--tuksimaailm-ffb.ee\/wp-content\/uploads\/2021\/01\/porilapakad-3.jpg\" \/>\n\t<meta property=\"og:image:width\" content=\"557\" \/>\n\t<meta property=\"og:image:height\" content=\"510\" \/>\n\t<meta property=\"og:image:type\" content=\"image\/jpeg\" \/>\n<meta name=\"twitter:card\" content=\"summary_large_image\" \/>\n<meta name=\"twitter:label1\" content=\"Hinta\" \/>\n\t<meta name=\"twitter:data1\" content=\"&euro;7.50\" \/>\n\t<meta name=\"twitter:label2\" content=\"Saatavuus\" \/>\n\t<meta name=\"twitter:data2\" content=\"Varastossa\" \/>\n<meta property=\"product:price:amount\" content=\"7.50\" \/>\n<meta property=\"product:price:currency\" content=\"EUR\" \/>\n<meta property=\"og:availability\" content=\"instock\" \/>\n<meta property=\"product:availability\" content=\"instock\" \/>\n<meta property=\"product:condition\" content=\"new\" \/>\n<!-- \/ Yoast SEO Premium plugin. -->","yoast_head_json":{"title":"Xiaomi poran jatkeet M365 Pro | T\u00f5uksimaailm | Lisad","description":"Xiaomi porilaua lisa pikendused (ka tagaporilaua pikendus, pori lapats). Sobib elektrit\u00f5ukerattale Xiaomi M365 ja Xiaomi M365 Pro. Xiaomi lisavarustus.","robots":{"index":"index","follow":"follow","max-snippet":"max-snippet:-1","max-image-preview":"max-image-preview:large","max-video-preview":"max-video-preview:-1"},"canonical":"https:\/\/www.xn--tuksimaailm-ffb.ee\/fi\/shop\/xiaomi-poran-jatkeet-m365-pro\/","og_locale":"fi_FI","og_type":"article","og_title":"Xiaomi poran jatkeet M365 Pro","og_description":"Xiaomi porilaua lisa pikendused (ka tagaporilaua pikendus, pori lapats). Sobib elektrit\u00f5ukerattale Xiaomi M365 ja Xiaomi M365 Pro. Xiaomi lisavarustus.","og_url":"https:\/\/www.xn--tuksimaailm-ffb.ee\/fi\/shop\/xiaomi-poran-jatkeet-m365-pro\/","og_site_name":"T\u00f5uksimaailm","article_publisher":"https:\/\/www.facebook.com\/touksimaailm\/","og_image":[{"width":557,"height":510,"url":"https:\/\/www.xn--tuksimaailm-ffb.ee\/wp-content\/uploads\/2021\/01\/porilapakad-3.jpg","type":"image\/jpeg"}],"twitter_card":"summary_large_image","twitter_misc":{"Hinta":"&euro;7.50","Saatavuus":"Varastossa"},"schema":{"@context":"https:\/\/schema.org","@graph":[{"@type":"WebPage","@id":"https:\/\/www.xn--tuksimaailm-ffb.ee\/fi\/shop\/xiaomi-poran-jatkeet-m365-pro\/","url":"https:\/\/www.xn--tuksimaailm-ffb.ee\/fi\/shop\/xiaomi-poran-jatkeet-m365-pro\/","name":"Xiaomi poran jatkeet M365 Pro | T\u00f5uksimaailm | Lisad","isPartOf":{"@id":"https:\/\/www.xn--tuksimaailm-ffb.ee\/fi\/#website"},"primaryImageOfPage":{"@id":"https:\/\/www.xn--tuksimaailm-ffb.ee\/fi\/shop\/xiaomi-poran-jatkeet-m365-pro\/#primaryimage"},"image":{"@id":"https:\/\/www.xn--tuksimaailm-ffb.ee\/fi\/shop\/xiaomi-poran-jatkeet-m365-pro\/#primaryimage"},"thumbnailUrl":"https:\/\/www.xn--tuksimaailm-ffb.ee\/wp-content\/uploads\/2021\/01\/porilapakad-3.jpg","datePublished":"2021-01-23T08:42:12+00:00","description":"Xiaomi porilaua lisa pikendused (ka tagaporilaua pikendus, pori lapats). Sobib elektrit\u00f5ukerattale Xiaomi M365 ja Xiaomi M365 Pro. Xiaomi lisavarustus.","breadcrumb":{"@id":"https:\/\/www.xn--tuksimaailm-ffb.ee\/fi\/shop\/xiaomi-poran-jatkeet-m365-pro\/#breadcrumb"},"inLanguage":"fi","potentialAction":[{"@type":"ReadAction","target":["https:\/\/www.xn--tuksimaailm-ffb.ee\/fi\/shop\/xiaomi-poran-jatkeet-m365-pro\/"]}]},{"@type":"ImageObject","inLanguage":"fi","@id":"https:\/\/www.xn--tuksimaailm-ffb.ee\/fi\/shop\/xiaomi-poran-jatkeet-m365-pro\/#primaryimage","url":"https:\/\/www.xn--tuksimaailm-ffb.ee\/wp-content\/uploads\/2021\/01\/porilapakad-3.jpg","contentUrl":"https:\/\/www.xn--tuksimaailm-ffb.ee\/wp-content\/uploads\/2021\/01\/porilapakad-3.jpg","width":557,"height":510},{"@type":"BreadcrumbList","@id":"https:\/\/www.xn--tuksimaailm-ffb.ee\/fi\/shop\/xiaomi-poran-jatkeet-m365-pro\/#breadcrumb","itemListElement":[{"@type":"ListItem","position":1,"name":"Home","item":"https:\/\/www.xn--tuksimaailm-ffb.ee\/fi\/kotisivu\/"},{"@type":"ListItem","position":2,"name":"Kauppa","item":"https:\/\/www.xn--tuksimaailm-ffb.ee\/elektritoukerataste-pood\/"},{"@type":"ListItem","position":3,"name":"Xiaomi poran jatkeet M365 Pro"}]},{"@type":"WebSite","@id":"https:\/\/www.xn--tuksimaailm-ffb.ee\/fi\/#website","url":"https:\/\/www.xn--tuksimaailm-ffb.ee\/fi\/","name":"T\u00f5uksimaailm","description":"Elektrit\u00f5ukerataste m\u00fc\u00fck, remont ja rent","publisher":{"@id":"https:\/\/www.xn--tuksimaailm-ffb.ee\/fi\/#organization"},"potentialAction":[{"@type":"SearchAction","target":{"@type":"EntryPoint","urlTemplate":"https:\/\/www.xn--tuksimaailm-ffb.ee\/fi\/?s={search_term_string}"},"query-input":{"@type":"PropertyValueSpecification","valueRequired":true,"valueName":"search_term_string"}}],"inLanguage":"fi"},{"@type":"Organization","@id":"https:\/\/www.xn--tuksimaailm-ffb.ee\/fi\/#organization","name":"T\u00f5uksimaailm","url":"https:\/\/www.xn--tuksimaailm-ffb.ee\/fi\/","logo":{"@type":"ImageObject","inLanguage":"fi","@id":"https:\/\/www.xn--tuksimaailm-ffb.ee\/fi\/#\/schema\/logo\/image\/","url":"https:\/\/www.xn--tuksimaailm-ffb.ee\/wp-content\/uploads\/2020\/01\/logoz-e1579792875517.png","contentUrl":"https:\/\/www.xn--tuksimaailm-ffb.ee\/wp-content\/uploads\/2020\/01\/logoz-e1579792875517.png","width":250,"height":250,"caption":"T\u00f5uksimaailm"},"image":{"@id":"https:\/\/www.xn--tuksimaailm-ffb.ee\/fi\/#\/schema\/logo\/image\/"},"sameAs":["https:\/\/www.facebook.com\/touksimaailm\/","https:\/\/www.instagram.com\/touksimaailm_\/","https:\/\/www.youtube.com\/channel\/UC18ml0EKIDLP1xGuQjFzcXQ"]}]},"product_price_amount":"7.50","product_price_currency":"EUR","og_availability":"instock","product_availability":"instock","product_condition":"new"},"jetpack_sharing_enabled":true,"_links":{"self":[{"href":"https:\/\/www.xn--tuksimaailm-ffb.ee\/fi\/wp-json\/wp\/v2\/product\/55732","targetHints":{"allow":["GET"]}}],"collection":[{"href":"https:\/\/www.xn--tuksimaailm-ffb.ee\/fi\/wp-json\/wp\/v2\/product"}],"about":[{"href":"https:\/\/www.xn--tuksimaailm-ffb.ee\/fi\/wp-json\/wp\/v2\/types\/product"}],"wp:featuredmedia":[{"embeddable":true,"href":"https:\/\/www.xn--tuksimaailm-ffb.ee\/fi\/wp-json\/wp\/v2\/media\/22634"}],"wp:attachment":[{"href":"https:\/\/www.xn--tuksimaailm-ffb.ee\/fi\/wp-json\/wp\/v2\/media?parent=55732"}],"wp:term":[{"taxonomy":"product_brand","embeddable":true,"href":"https:\/\/www.xn--tuksimaailm-ffb.ee\/fi\/wp-json\/wp\/v2\/product_brand?post=55732"},{"taxonomy":"product_cat","embeddable":true,"href":"https:\/\/www.xn--tuksimaailm-ffb.ee\/fi\/wp-json\/wp\/v2\/product_cat?post=55732"},{"taxonomy":"product_tag","embeddable":true,"href":"https:\/\/www.xn--tuksimaailm-ffb.ee\/fi\/wp-json\/wp\/v2\/product_tag?post=55732"},{"taxonomy":"filter_elektritoukeratas","embeddable":true,"href":"https:\/\/www.xn--tuksimaailm-ffb.ee\/fi\/wp-json\/wp\/v2\/filter_elektritoukeratas?post=55732"}],"curies":[{"name":"wp","href":"https:\/\/api.w.org\/{rel}","templated":true}]}}