{"id":55733,"date":"2021-01-23T10:52:22","date_gmt":"2021-01-23T10:52:22","guid":{"rendered":"http:\/\/www.xn--tuksimaailm-ffb.ee\/shop\/suuri-sahkoinen-skootteri-matkalaukku-reppu\/"},"modified":"2021-01-23T10:52:22","modified_gmt":"2021-01-23T07:52:22","slug":"suuri-sahkoinen-skootteri-matkalaukku-reppu","status":"publish","type":"product","link":"https:\/\/www.xn--tuksimaailm-ffb.ee\/fi\/shop\/suuri-sahkoinen-skootteri-matkalaukku-reppu\/","title":{"rendered":"Suuri s\u00e4hk\u00f6inen skootteri matkalaukku \/ reppu"},"content":{"rendered":"<p>Suuri s\u00e4hk\u00f6skootterin matkalaukku \/ reppu, <strong>musta<\/strong>. Laukku on ihanteellinen <strong>s\u00e4hk\u00f6skootteriharrastajalle<\/strong>, joka viett\u00e4\u00e4 suurimman osan vapaa-ajastaan vaeltelemalla s\u00e4hk\u00f6skootterillaan ja l\u00f6yt\u00e4m\u00e4ll\u00e4 uusia ja j\u00e4nnitt\u00e4vi\u00e4 paikkoja. Reppuun mahtuu sek\u00e4 kamera ett\u00e4 piknik-materiaalia. Suuri s\u00e4hk\u00f6skootterin retkilaukku\/-reppu kiinnittyy <strong>s\u00e4\u00e4dett\u00e4vill\u00e4 klipseill\u00e4<\/strong>(hihnoilla) s\u00e4hk\u00f6skootterin linssin ja ohjausputken ymp\u00e4rille, sopii isompiin <a href=\"http:\/\/www.xn--tuksimaailm-ffb.ee\/tootekategooria\/elektritoukeratas\/\">s\u00e4hk\u00f6skoottereihin<\/a>. Laukkua voi my\u00f6s kantaa sel\u00e4ss\u00e4.<\/p>\n","protected":false},"excerpt":{"rendered":"<p>Suuri s\u00e4hk\u00f6skootterin matkalaukku \/ reppu, musta. Laukku on ihanteellinen s\u00e4hk\u00f6skootteriharrastajalle, joka viett\u00e4\u00e4 suurimman osan vapaa-ajastaan vaeltelemalla s\u00e4hk\u00f6skootterillaan ja l\u00f6yt\u00e4m\u00e4ll\u00e4 uusia ja j\u00e4nnitt\u00e4vi\u00e4 paikkoja. Reppuun mahtuu sek\u00e4 kamera ett\u00e4 piknik-materiaalia. Suuri s\u00e4hk\u00f6skootterin retkilaukku\/-reppu kiinnittyy s\u00e4\u00e4dett\u00e4vill\u00e4 klipseill\u00e4(hihnoilla) s\u00e4hk\u00f6skootterin linssin ja ohjausputken ymp\u00e4rille, sopii isompiin s\u00e4hk\u00f6skoottereihin. Laukkua voi my\u00f6s kantaa sel\u00e4ss\u00e4.<\/p>\n","protected":false},"featured_media":63931,"template":"","meta":[],"product_brand":[],"product_cat":[1697],"product_tag":[3278],"filter_elektritoukeratas":[],"class_list":{"0":"post-55733","1":"product","2":"type-product","3":"status-publish","4":"has-post-thumbnail","6":"product_cat-lisavarusteet","7":"product_tag-lenksukotid-fi","8":"pa_tootetuup-lenksukotid-fi","10":"first","11":"instock","12":"taxable","13":"shipping-taxable","14":"purchasable","15":"product-type-variable"},"yoast_head":"<!-- This site is optimized with the Yoast SEO Premium plugin v26.8 (Yoast SEO v27.5) - https:\/\/yoast.com\/product\/yoast-seo-premium-wordpress\/ -->\n<title>Suuri s\u00e4hk\u00f6inen skootteri matkalaukku \/ reppu | T\u00f5uksimaailm<\/title>\n<meta name=\"description\" content=\"Suur elektrilise t\u00f5ukeratta matkakott \/ seljakott, musta v\u00e4rvi, lenksule, kantav ka seljas. Sobib suurematele elektrit\u00f5ukeratastele. Elektrit\u00f5ukeratta kotid\" \/>\n<meta name=\"robots\" content=\"index, follow, max-snippet:-1, max-image-preview:large, max-video-preview:-1\" \/>\n<link rel=\"canonical\" href=\"https:\/\/www.xn--tuksimaailm-ffb.ee\/fi\/shop\/suuri-sahkoinen-skootteri-matkalaukku-reppu\/\" \/>\n<meta property=\"og:locale\" content=\"fi_FI\" \/>\n<meta property=\"og:type\" content=\"article\" \/>\n<meta property=\"og:title\" content=\"Suuri s\u00e4hk\u00f6inen skootteri matkalaukku \/ reppu\" \/>\n<meta property=\"og:description\" content=\"Suur elektrilise t\u00f5ukeratta matkakott \/ seljakott, musta v\u00e4rvi, lenksule, kantav ka seljas. Sobib suurematele elektrit\u00f5ukeratastele. Elektrit\u00f5ukeratta kotid\" \/>\n<meta property=\"og:url\" content=\"https:\/\/www.xn--tuksimaailm-ffb.ee\/fi\/shop\/suuri-sahkoinen-skootteri-matkalaukku-reppu\/\" \/>\n<meta property=\"og:site_name\" content=\"T\u00f5uksimaailm\" \/>\n<meta property=\"article:publisher\" content=\"https:\/\/www.facebook.com\/touksimaailm\/\" \/>\n<meta property=\"og:image\" content=\"https:\/\/www.xn--tuksimaailm-ffb.ee\/wp-content\/uploads\/2021\/01\/matkakott-1.jpg\" \/>\n\t<meta property=\"og:image:width\" content=\"316\" \/>\n\t<meta property=\"og:image:height\" content=\"284\" \/>\n\t<meta property=\"og:image:type\" content=\"image\/jpeg\" \/>\n<meta name=\"twitter:card\" content=\"summary_large_image\" \/>\n<meta name=\"twitter:label1\" content=\"Saatavuus\" \/>\n\t<meta name=\"twitter:data1\" content=\"Varastossa\" \/>\n<meta property=\"og:availability\" content=\"instock\" \/>\n<meta property=\"product:availability\" content=\"instock\" \/>\n<meta property=\"product:condition\" content=\"new\" \/>\n<!-- \/ Yoast SEO Premium plugin. -->","yoast_head_json":{"title":"Suuri s\u00e4hk\u00f6inen skootteri matkalaukku \/ reppu | T\u00f5uksimaailm","description":"Suur elektrilise t\u00f5ukeratta matkakott \/ seljakott, musta v\u00e4rvi, lenksule, kantav ka seljas. Sobib suurematele elektrit\u00f5ukeratastele. Elektrit\u00f5ukeratta kotid","robots":{"index":"index","follow":"follow","max-snippet":"max-snippet:-1","max-image-preview":"max-image-preview:large","max-video-preview":"max-video-preview:-1"},"canonical":"https:\/\/www.xn--tuksimaailm-ffb.ee\/fi\/shop\/suuri-sahkoinen-skootteri-matkalaukku-reppu\/","og_locale":"fi_FI","og_type":"article","og_title":"Suuri s\u00e4hk\u00f6inen skootteri matkalaukku \/ reppu","og_description":"Suur elektrilise t\u00f5ukeratta matkakott \/ seljakott, musta v\u00e4rvi, lenksule, kantav ka seljas. Sobib suurematele elektrit\u00f5ukeratastele. Elektrit\u00f5ukeratta kotid","og_url":"https:\/\/www.xn--tuksimaailm-ffb.ee\/fi\/shop\/suuri-sahkoinen-skootteri-matkalaukku-reppu\/","og_site_name":"T\u00f5uksimaailm","article_publisher":"https:\/\/www.facebook.com\/touksimaailm\/","og_image":[{"width":316,"height":284,"url":"https:\/\/www.xn--tuksimaailm-ffb.ee\/wp-content\/uploads\/2021\/01\/matkakott-1.jpg","type":"image\/jpeg"}],"twitter_card":"summary_large_image","twitter_misc":{"Saatavuus":"Varastossa"},"schema":{"@context":"https:\/\/schema.org","@graph":[{"@type":"WebPage","@id":"https:\/\/www.xn--tuksimaailm-ffb.ee\/fi\/shop\/suuri-sahkoinen-skootteri-matkalaukku-reppu\/","url":"https:\/\/www.xn--tuksimaailm-ffb.ee\/fi\/shop\/suuri-sahkoinen-skootteri-matkalaukku-reppu\/","name":"Suuri s\u00e4hk\u00f6inen skootteri matkalaukku \/ reppu | T\u00f5uksimaailm","isPartOf":{"@id":"https:\/\/www.xn--tuksimaailm-ffb.ee\/fi\/#website"},"primaryImageOfPage":{"@id":"https:\/\/www.xn--tuksimaailm-ffb.ee\/fi\/shop\/suuri-sahkoinen-skootteri-matkalaukku-reppu\/#primaryimage"},"image":{"@id":"https:\/\/www.xn--tuksimaailm-ffb.ee\/fi\/shop\/suuri-sahkoinen-skootteri-matkalaukku-reppu\/#primaryimage"},"thumbnailUrl":"https:\/\/www.xn--tuksimaailm-ffb.ee\/wp-content\/uploads\/2021\/01\/Screenshot-2025-06-04-143053.webp","datePublished":"2021-01-23T10:52:22+00:00","description":"Suur elektrilise t\u00f5ukeratta matkakott \/ seljakott, musta v\u00e4rvi, lenksule, kantav ka seljas. Sobib suurematele elektrit\u00f5ukeratastele. Elektrit\u00f5ukeratta kotid","breadcrumb":{"@id":"https:\/\/www.xn--tuksimaailm-ffb.ee\/fi\/shop\/suuri-sahkoinen-skootteri-matkalaukku-reppu\/#breadcrumb"},"inLanguage":"fi","potentialAction":[{"@type":"ReadAction","target":["https:\/\/www.xn--tuksimaailm-ffb.ee\/fi\/shop\/suuri-sahkoinen-skootteri-matkalaukku-reppu\/"]}]},{"@type":"ImageObject","inLanguage":"fi","@id":"https:\/\/www.xn--tuksimaailm-ffb.ee\/fi\/shop\/suuri-sahkoinen-skootteri-matkalaukku-reppu\/#primaryimage","url":"https:\/\/www.xn--tuksimaailm-ffb.ee\/wp-content\/uploads\/2021\/01\/Screenshot-2025-06-04-143053.webp","contentUrl":"https:\/\/www.xn--tuksimaailm-ffb.ee\/wp-content\/uploads\/2021\/01\/Screenshot-2025-06-04-143053.webp","width":943,"height":905,"caption":"elektrilise t\u00f5ukeratta lenksukott kiirkinnitusega"},{"@type":"BreadcrumbList","@id":"https:\/\/www.xn--tuksimaailm-ffb.ee\/fi\/shop\/suuri-sahkoinen-skootteri-matkalaukku-reppu\/#breadcrumb","itemListElement":[{"@type":"ListItem","position":1,"name":"Home","item":"https:\/\/www.xn--tuksimaailm-ffb.ee\/fi\/kotisivu\/"},{"@type":"ListItem","position":2,"name":"Kauppa","item":"https:\/\/www.xn--tuksimaailm-ffb.ee\/elektritoukerataste-pood\/"},{"@type":"ListItem","position":3,"name":"Suuri s\u00e4hk\u00f6inen skootteri matkalaukku \/ reppu"}]},{"@type":"WebSite","@id":"https:\/\/www.xn--tuksimaailm-ffb.ee\/fi\/#website","url":"https:\/\/www.xn--tuksimaailm-ffb.ee\/fi\/","name":"T\u00f5uksimaailm","description":"Elektrit\u00f5ukerataste m\u00fc\u00fck, remont ja rent","publisher":{"@id":"https:\/\/www.xn--tuksimaailm-ffb.ee\/fi\/#organization"},"potentialAction":[{"@type":"SearchAction","target":{"@type":"EntryPoint","urlTemplate":"https:\/\/www.xn--tuksimaailm-ffb.ee\/fi\/?s={search_term_string}"},"query-input":{"@type":"PropertyValueSpecification","valueRequired":true,"valueName":"search_term_string"}}],"inLanguage":"fi"},{"@type":"Organization","@id":"https:\/\/www.xn--tuksimaailm-ffb.ee\/fi\/#organization","name":"T\u00f5uksimaailm","url":"https:\/\/www.xn--tuksimaailm-ffb.ee\/fi\/","logo":{"@type":"ImageObject","inLanguage":"fi","@id":"https:\/\/www.xn--tuksimaailm-ffb.ee\/fi\/#\/schema\/logo\/image\/","url":"https:\/\/www.xn--tuksimaailm-ffb.ee\/wp-content\/uploads\/2020\/01\/logoz-e1579792875517.png","contentUrl":"https:\/\/www.xn--tuksimaailm-ffb.ee\/wp-content\/uploads\/2020\/01\/logoz-e1579792875517.png","width":250,"height":250,"caption":"T\u00f5uksimaailm"},"image":{"@id":"https:\/\/www.xn--tuksimaailm-ffb.ee\/fi\/#\/schema\/logo\/image\/"},"sameAs":["https:\/\/www.facebook.com\/touksimaailm\/","https:\/\/www.instagram.com\/touksimaailm_\/","https:\/\/www.youtube.com\/channel\/UC18ml0EKIDLP1xGuQjFzcXQ"]}]},"og_availability":"instock","product_availability":"instock","product_condition":"new"},"jetpack_sharing_enabled":true,"_links":{"self":[{"href":"https:\/\/www.xn--tuksimaailm-ffb.ee\/fi\/wp-json\/wp\/v2\/product\/55733","targetHints":{"allow":["GET"]}}],"collection":[{"href":"https:\/\/www.xn--tuksimaailm-ffb.ee\/fi\/wp-json\/wp\/v2\/product"}],"about":[{"href":"https:\/\/www.xn--tuksimaailm-ffb.ee\/fi\/wp-json\/wp\/v2\/types\/product"}],"wp:featuredmedia":[{"embeddable":true,"href":"https:\/\/www.xn--tuksimaailm-ffb.ee\/fi\/wp-json\/wp\/v2\/media\/63931"}],"wp:attachment":[{"href":"https:\/\/www.xn--tuksimaailm-ffb.ee\/fi\/wp-json\/wp\/v2\/media?parent=55733"}],"wp:term":[{"taxonomy":"product_brand","embeddable":true,"href":"https:\/\/www.xn--tuksimaailm-ffb.ee\/fi\/wp-json\/wp\/v2\/product_brand?post=55733"},{"taxonomy":"product_cat","embeddable":true,"href":"https:\/\/www.xn--tuksimaailm-ffb.ee\/fi\/wp-json\/wp\/v2\/product_cat?post=55733"},{"taxonomy":"product_tag","embeddable":true,"href":"https:\/\/www.xn--tuksimaailm-ffb.ee\/fi\/wp-json\/wp\/v2\/product_tag?post=55733"},{"taxonomy":"filter_elektritoukeratas","embeddable":true,"href":"https:\/\/www.xn--tuksimaailm-ffb.ee\/fi\/wp-json\/wp\/v2\/filter_elektritoukeratas?post=55733"}],"curies":[{"name":"wp","href":"https:\/\/api.w.org\/{rel}","templated":true}]}}