{"id":55803,"date":"2021-01-23T10:23:48","date_gmt":"2021-01-23T08:23:48","guid":{"rendered":"http:\/\/www.xn--tuksimaailm-ffb.ee\/shop\/xiaomi-jarrudiskin-suojaus-m365-1s-pro-2\/"},"modified":"2021-01-23T10:23:48","modified_gmt":"2021-01-23T07:23:48","slug":"xiaomi-jarrudiskin-suojaus-m365-1s-pro-2","status":"publish","type":"product","link":"https:\/\/www.xn--tuksimaailm-ffb.ee\/fi\/shop\/xiaomi-jarrudiskin-suojaus-m365-1s-pro-2\/","title":{"rendered":"Xiaomi jarrudiskin suojaus M365 1S Pro 2"},"content":{"rendered":"<p>Xiaomi jarrudiskinsuoja (tunnetaan my\u00f6s nimell\u00e4 jarrulevysuoja), saatavana <strong>mustana, punaisena <\/strong>ja<strong> valkoisena<\/strong>. Roottorin suojus kiinnittyy takapy\u00f6r\u00e4n <a href=\"http:\/\/www.xn--tuksimaailm-ffb.ee\/shop\/xiaomi-stemi-kruvid-poldid-m365-1s-pro-2\/\">pultin muovisuojuksen<\/a> tilalle ja auttaa est\u00e4m\u00e4\u00e4n jarrulevyn v\u00e4\u00e4ntymisen alhaalta tulevista iskuista. Se suojaa esimerkiksi tilanteilta, joissa jarrulevy t\u00f6rm\u00e4\u00e4 reunakiveykseen ja v\u00e4\u00e4ntyy korjaamattomasti ajettaessa liian l\u00e4hell\u00e4 reunakiveyst\u00e4. Xiaomin jarrulevysuoja sopii suosittuun Xiaomi-s\u00e4hk\u00f6skootteriin <a><strong>Xiaomi M365 Pro<\/strong><\/a> ja<a><strong>Xiaomi M365<\/strong><\/a> sek\u00e4 uudempiin<a><strong> Xiaomi Mi 1S <\/strong><\/a>ja <a><strong>Xiaomi Mi Pro 2<\/strong><\/a><strong>.<\/strong><\/p>\n","protected":false},"excerpt":{"rendered":"<p>Xiaomi jarrudiskinsuoja (tunnetaan my\u00f6s nimell\u00e4 jarrulevysuoja), saatavana mustana, punaisena ja valkoisena. Roottorin suojus kiinnittyy takapy\u00f6r\u00e4n pultin muovisuojuksen tilalle ja auttaa est\u00e4m\u00e4\u00e4n jarrulevyn v\u00e4\u00e4ntymisen alhaalta tulevista iskuista. Se suojaa esimerkiksi tilanteilta, joissa jarrulevy t\u00f6rm\u00e4\u00e4 reunakiveykseen ja v\u00e4\u00e4ntyy korjaamattomasti ajettaessa liian l\u00e4hell\u00e4 reunakiveyst\u00e4. Xiaomin jarrulevysuoja sopii suosittuun Xiaomi-s\u00e4hk\u00f6skootteriin Xiaomi M365 Pro jaXiaomi &hellip;<\/p>\n","protected":false},"featured_media":22628,"template":"","meta":[],"product_brand":[],"product_cat":[1697],"product_tag":[],"filter_elektritoukeratas":[],"class_list":{"0":"post-55803","1":"product","2":"type-product","3":"status-publish","4":"has-post-thumbnail","6":"product_cat-lisavarusteet","7":"pa_colour-musta","8":"pa_colour-punainen","9":"pa_colour-vaalea","10":"pa_tootetuup-piduridetailid-fi","12":"first","13":"instock","14":"taxable","15":"shipping-taxable","16":"purchasable","17":"product-type-variable"},"yoast_head":"<!-- This site is optimized with the Yoast SEO Premium plugin v26.8 (Yoast SEO v27.5) - https:\/\/yoast.com\/product\/yoast-seo-premium-wordpress\/ -->\n<title>Xiaomi jarrudiskin suojaus M365 1S Pro 2 &#8212; T\u00f5uksimaailm - Lisad<\/title>\n<meta name=\"description\" content=\"Xiaomi piduriketta kaitse (ka piduri rootori kaitse\u00fcmbris), elektrit\u00f5ukerattale Xiaomi M365, Xiaomi M365 Pro, Xiaomi Pro 2 \/ 1S. Elektrit\u00f5ukeratas ja lisad.\" \/>\n<meta name=\"robots\" content=\"index, follow, max-snippet:-1, max-image-preview:large, max-video-preview:-1\" \/>\n<link rel=\"canonical\" href=\"https:\/\/www.xn--tuksimaailm-ffb.ee\/fi\/shop\/xiaomi-jarrudiskin-suojaus-m365-1s-pro-2\/\" \/>\n<meta property=\"og:locale\" content=\"fi_FI\" \/>\n<meta property=\"og:type\" content=\"article\" \/>\n<meta property=\"og:title\" content=\"Xiaomi jarrudiskin suojaus M365 1S Pro 2\" \/>\n<meta property=\"og:description\" content=\"Xiaomi piduriketta kaitse (ka piduri rootori kaitse\u00fcmbris), elektrit\u00f5ukerattale Xiaomi M365, Xiaomi M365 Pro, Xiaomi Pro 2 \/ 1S. Elektrit\u00f5ukeratas ja lisad.\" \/>\n<meta property=\"og:url\" content=\"https:\/\/www.xn--tuksimaailm-ffb.ee\/fi\/shop\/xiaomi-jarrudiskin-suojaus-m365-1s-pro-2\/\" \/>\n<meta property=\"og:site_name\" content=\"T\u00f5uksimaailm\" \/>\n<meta property=\"article:publisher\" content=\"https:\/\/www.facebook.com\/touksimaailm\/\" \/>\n<meta property=\"og:image\" content=\"https:\/\/www.xn--tuksimaailm-ffb.ee\/wp-content\/uploads\/2021\/01\/keta-kaitse-1.jpg\" \/>\n\t<meta property=\"og:image:width\" content=\"559\" \/>\n\t<meta property=\"og:image:height\" content=\"547\" \/>\n\t<meta property=\"og:image:type\" content=\"image\/jpeg\" \/>\n<meta name=\"twitter:card\" content=\"summary_large_image\" \/>\n<meta name=\"twitter:label1\" content=\"Saatavuus\" \/>\n\t<meta name=\"twitter:data1\" content=\"Varastossa\" \/>\n<meta property=\"og:availability\" content=\"instock\" \/>\n<meta property=\"product:availability\" content=\"instock\" \/>\n<meta property=\"product:condition\" content=\"new\" \/>\n<!-- \/ Yoast SEO Premium plugin. -->","yoast_head_json":{"title":"Xiaomi jarrudiskin suojaus M365 1S Pro 2 &#8212; T\u00f5uksimaailm - Lisad","description":"Xiaomi piduriketta kaitse (ka piduri rootori kaitse\u00fcmbris), elektrit\u00f5ukerattale Xiaomi M365, Xiaomi M365 Pro, Xiaomi Pro 2 \/ 1S. Elektrit\u00f5ukeratas ja lisad.","robots":{"index":"index","follow":"follow","max-snippet":"max-snippet:-1","max-image-preview":"max-image-preview:large","max-video-preview":"max-video-preview:-1"},"canonical":"https:\/\/www.xn--tuksimaailm-ffb.ee\/fi\/shop\/xiaomi-jarrudiskin-suojaus-m365-1s-pro-2\/","og_locale":"fi_FI","og_type":"article","og_title":"Xiaomi jarrudiskin suojaus M365 1S Pro 2","og_description":"Xiaomi piduriketta kaitse (ka piduri rootori kaitse\u00fcmbris), elektrit\u00f5ukerattale Xiaomi M365, Xiaomi M365 Pro, Xiaomi Pro 2 \/ 1S. Elektrit\u00f5ukeratas ja lisad.","og_url":"https:\/\/www.xn--tuksimaailm-ffb.ee\/fi\/shop\/xiaomi-jarrudiskin-suojaus-m365-1s-pro-2\/","og_site_name":"T\u00f5uksimaailm","article_publisher":"https:\/\/www.facebook.com\/touksimaailm\/","og_image":[{"width":559,"height":547,"url":"https:\/\/www.xn--tuksimaailm-ffb.ee\/wp-content\/uploads\/2021\/01\/keta-kaitse-1.jpg","type":"image\/jpeg"}],"twitter_card":"summary_large_image","twitter_misc":{"Saatavuus":"Varastossa"},"schema":{"@context":"https:\/\/schema.org","@graph":[{"@type":"WebPage","@id":"https:\/\/www.xn--tuksimaailm-ffb.ee\/fi\/shop\/xiaomi-jarrudiskin-suojaus-m365-1s-pro-2\/","url":"https:\/\/www.xn--tuksimaailm-ffb.ee\/fi\/shop\/xiaomi-jarrudiskin-suojaus-m365-1s-pro-2\/","name":"Xiaomi jarrudiskin suojaus M365 1S Pro 2 &#8212; T\u00f5uksimaailm - Lisad","isPartOf":{"@id":"https:\/\/www.xn--tuksimaailm-ffb.ee\/fi\/#website"},"primaryImageOfPage":{"@id":"https:\/\/www.xn--tuksimaailm-ffb.ee\/fi\/shop\/xiaomi-jarrudiskin-suojaus-m365-1s-pro-2\/#primaryimage"},"image":{"@id":"https:\/\/www.xn--tuksimaailm-ffb.ee\/fi\/shop\/xiaomi-jarrudiskin-suojaus-m365-1s-pro-2\/#primaryimage"},"thumbnailUrl":"https:\/\/www.xn--tuksimaailm-ffb.ee\/wp-content\/uploads\/2021\/01\/keta-kaitse-1.jpg","datePublished":"2021-01-23T08:23:48+00:00","description":"Xiaomi piduriketta kaitse (ka piduri rootori kaitse\u00fcmbris), elektrit\u00f5ukerattale Xiaomi M365, Xiaomi M365 Pro, Xiaomi Pro 2 \/ 1S. Elektrit\u00f5ukeratas ja lisad.","breadcrumb":{"@id":"https:\/\/www.xn--tuksimaailm-ffb.ee\/fi\/shop\/xiaomi-jarrudiskin-suojaus-m365-1s-pro-2\/#breadcrumb"},"inLanguage":"fi","potentialAction":[{"@type":"ReadAction","target":["https:\/\/www.xn--tuksimaailm-ffb.ee\/fi\/shop\/xiaomi-jarrudiskin-suojaus-m365-1s-pro-2\/"]}]},{"@type":"ImageObject","inLanguage":"fi","@id":"https:\/\/www.xn--tuksimaailm-ffb.ee\/fi\/shop\/xiaomi-jarrudiskin-suojaus-m365-1s-pro-2\/#primaryimage","url":"https:\/\/www.xn--tuksimaailm-ffb.ee\/wp-content\/uploads\/2021\/01\/keta-kaitse-1.jpg","contentUrl":"https:\/\/www.xn--tuksimaailm-ffb.ee\/wp-content\/uploads\/2021\/01\/keta-kaitse-1.jpg","width":559,"height":547},{"@type":"BreadcrumbList","@id":"https:\/\/www.xn--tuksimaailm-ffb.ee\/fi\/shop\/xiaomi-jarrudiskin-suojaus-m365-1s-pro-2\/#breadcrumb","itemListElement":[{"@type":"ListItem","position":1,"name":"Home","item":"https:\/\/www.xn--tuksimaailm-ffb.ee\/fi\/kotisivu\/"},{"@type":"ListItem","position":2,"name":"Kauppa","item":"https:\/\/www.xn--tuksimaailm-ffb.ee\/elektritoukerataste-pood\/"},{"@type":"ListItem","position":3,"name":"Xiaomi jarrudiskin suojaus M365 1S Pro 2"}]},{"@type":"WebSite","@id":"https:\/\/www.xn--tuksimaailm-ffb.ee\/fi\/#website","url":"https:\/\/www.xn--tuksimaailm-ffb.ee\/fi\/","name":"T\u00f5uksimaailm","description":"Elektrit\u00f5ukerataste m\u00fc\u00fck, remont ja rent","publisher":{"@id":"https:\/\/www.xn--tuksimaailm-ffb.ee\/fi\/#organization"},"potentialAction":[{"@type":"SearchAction","target":{"@type":"EntryPoint","urlTemplate":"https:\/\/www.xn--tuksimaailm-ffb.ee\/fi\/?s={search_term_string}"},"query-input":{"@type":"PropertyValueSpecification","valueRequired":true,"valueName":"search_term_string"}}],"inLanguage":"fi"},{"@type":"Organization","@id":"https:\/\/www.xn--tuksimaailm-ffb.ee\/fi\/#organization","name":"T\u00f5uksimaailm","url":"https:\/\/www.xn--tuksimaailm-ffb.ee\/fi\/","logo":{"@type":"ImageObject","inLanguage":"fi","@id":"https:\/\/www.xn--tuksimaailm-ffb.ee\/fi\/#\/schema\/logo\/image\/","url":"https:\/\/www.xn--tuksimaailm-ffb.ee\/wp-content\/uploads\/2020\/01\/logoz-e1579792875517.png","contentUrl":"https:\/\/www.xn--tuksimaailm-ffb.ee\/wp-content\/uploads\/2020\/01\/logoz-e1579792875517.png","width":250,"height":250,"caption":"T\u00f5uksimaailm"},"image":{"@id":"https:\/\/www.xn--tuksimaailm-ffb.ee\/fi\/#\/schema\/logo\/image\/"},"sameAs":["https:\/\/www.facebook.com\/touksimaailm\/","https:\/\/www.instagram.com\/touksimaailm_\/","https:\/\/www.youtube.com\/channel\/UC18ml0EKIDLP1xGuQjFzcXQ"]}]},"og_availability":"instock","product_availability":"instock","product_condition":"new"},"jetpack_sharing_enabled":true,"_links":{"self":[{"href":"https:\/\/www.xn--tuksimaailm-ffb.ee\/fi\/wp-json\/wp\/v2\/product\/55803","targetHints":{"allow":["GET"]}}],"collection":[{"href":"https:\/\/www.xn--tuksimaailm-ffb.ee\/fi\/wp-json\/wp\/v2\/product"}],"about":[{"href":"https:\/\/www.xn--tuksimaailm-ffb.ee\/fi\/wp-json\/wp\/v2\/types\/product"}],"wp:featuredmedia":[{"embeddable":true,"href":"https:\/\/www.xn--tuksimaailm-ffb.ee\/fi\/wp-json\/wp\/v2\/media\/22628"}],"wp:attachment":[{"href":"https:\/\/www.xn--tuksimaailm-ffb.ee\/fi\/wp-json\/wp\/v2\/media?parent=55803"}],"wp:term":[{"taxonomy":"product_brand","embeddable":true,"href":"https:\/\/www.xn--tuksimaailm-ffb.ee\/fi\/wp-json\/wp\/v2\/product_brand?post=55803"},{"taxonomy":"product_cat","embeddable":true,"href":"https:\/\/www.xn--tuksimaailm-ffb.ee\/fi\/wp-json\/wp\/v2\/product_cat?post=55803"},{"taxonomy":"product_tag","embeddable":true,"href":"https:\/\/www.xn--tuksimaailm-ffb.ee\/fi\/wp-json\/wp\/v2\/product_tag?post=55803"},{"taxonomy":"filter_elektritoukeratas","embeddable":true,"href":"https:\/\/www.xn--tuksimaailm-ffb.ee\/fi\/wp-json\/wp\/v2\/filter_elektritoukeratas?post=55803"}],"curies":[{"name":"wp","href":"https:\/\/api.w.org\/{rel}","templated":true}]}}