{"id":55968,"date":"2021-01-22T18:59:32","date_gmt":"2021-01-22T16:59:32","guid":{"rendered":"http:\/\/www.xn--tuksimaailm-ffb.ee\/shop\/juomakupin-pidike-sahkoskootterin-ohjaustankoon\/"},"modified":"2021-01-22T18:59:32","modified_gmt":"2021-01-22T15:59:32","slug":"juomakupin-pidike-sahkoskootterin-ohjaustankoon","status":"publish","type":"product","link":"https:\/\/www.xn--tuksimaailm-ffb.ee\/fi\/shop\/juomakupin-pidike-sahkoskootterin-ohjaustankoon\/","title":{"rendered":"Juomakupin pidike s\u00e4hk\u00f6skootterin ohjaustankoon"},"content":{"rendered":"<p>Juomakupin pidike s\u00e4hk\u00f6skootterin ohjaustankoon (my\u00f6s kupinpidike, pullonpidike ohjaustankoon), tiivisteell\u00e4 ja kiristysruuvilla, saatavana <strong>mustana, punaisena, keltaisena <\/strong>ja <strong>sinisen\u00e4<\/strong>. Juomakupin pidike s\u00e4hk\u00f6potkulaudan ohjaustankoon sopii kaikkiin <a href=\"http:\/\/www.xn--tuksimaailm-ffb.ee\/tootekategooria\/elektritoukeratas\/\">s\u00e4hk\u00f6potkulaudan ohjaustankoihin<\/a>, joiden halkaisija on <strong>22,2 mm<\/strong>.<\/p>\n","protected":false},"excerpt":{"rendered":"<p>Juomakupin pidike s\u00e4hk\u00f6skootterin ohjaustankoon (my\u00f6s kupinpidike, pullonpidike ohjaustankoon), tiivisteell\u00e4 ja kiristysruuvilla, saatavana mustana, punaisena, keltaisena ja sinisen\u00e4. Juomakupin pidike s\u00e4hk\u00f6potkulaudan ohjaustankoon sopii kaikkiin s\u00e4hk\u00f6potkulaudan ohjaustankoihin, joiden halkaisija on 22,2 mm.<\/p>\n","protected":false},"featured_media":22622,"template":"","meta":[],"product_brand":[],"product_cat":[1697],"product_tag":[3343],"filter_elektritoukeratas":[],"class_list":{"0":"post-55968","1":"product","2":"type-product","3":"status-publish","4":"has-post-thumbnail","6":"product_cat-lisavarusteet","7":"product_tag-pudelihoidjad","8":"pa_colour-keltainen","9":"pa_colour-musta","10":"pa_colour-punainen","11":"pa_colour-sininen","12":"pa_tootetuup-pudelihoidjad-fi","14":"first","15":"instock","16":"taxable","17":"shipping-taxable","18":"purchasable","19":"product-type-variable"},"yoast_head":"<!-- This site is optimized with the Yoast SEO Premium plugin v26.8 (Yoast SEO v27.3) - https:\/\/yoast.com\/product\/yoast-seo-premium-wordpress\/ -->\n<title>Juomakupin pidike s\u00e4hk\u00f6skootterin ohjaustankoon | T\u00f5uksimaailm | Lisad<\/title>\n<meta name=\"description\" content=\"Joogitopsi hoidja elektrit\u00f5ukeratta lenksule (ka topsihoidja, pudelihoidja juhtrauale), saadaval musta, punast, kollast ja sinist v\u00e4rvi. Lisavarustus.\" \/>\n<meta name=\"robots\" content=\"index, follow, max-snippet:-1, max-image-preview:large, max-video-preview:-1\" \/>\n<link rel=\"canonical\" href=\"https:\/\/www.xn--tuksimaailm-ffb.ee\/fi\/shop\/juomakupin-pidike-sahkoskootterin-ohjaustankoon\/\" \/>\n<meta property=\"og:locale\" content=\"fi_FI\" \/>\n<meta property=\"og:type\" content=\"article\" \/>\n<meta property=\"og:title\" content=\"Juomakupin pidike s\u00e4hk\u00f6skootterin ohjaustankoon\" \/>\n<meta property=\"og:description\" content=\"Joogitopsi hoidja elektrit\u00f5ukeratta lenksule (ka topsihoidja, pudelihoidja juhtrauale), saadaval musta, punast, kollast ja sinist v\u00e4rvi. Lisavarustus.\" \/>\n<meta property=\"og:url\" content=\"https:\/\/www.xn--tuksimaailm-ffb.ee\/fi\/shop\/juomakupin-pidike-sahkoskootterin-ohjaustankoon\/\" \/>\n<meta property=\"og:site_name\" content=\"T\u00f5uksimaailm\" \/>\n<meta property=\"article:publisher\" content=\"https:\/\/www.facebook.com\/touksimaailm\/\" \/>\n<meta property=\"og:image\" content=\"https:\/\/www.xn--tuksimaailm-ffb.ee\/wp-content\/uploads\/2021\/01\/joogitops.jpg\" \/>\n\t<meta property=\"og:image:width\" content=\"442\" \/>\n\t<meta property=\"og:image:height\" content=\"283\" \/>\n\t<meta property=\"og:image:type\" content=\"image\/jpeg\" \/>\n<meta name=\"twitter:card\" content=\"summary_large_image\" \/>\n<meta name=\"twitter:label1\" content=\"Saatavuus\" \/>\n\t<meta name=\"twitter:data1\" content=\"Varastossa\" \/>\n<meta property=\"og:availability\" content=\"instock\" \/>\n<meta property=\"product:availability\" content=\"instock\" \/>\n<meta property=\"product:condition\" content=\"new\" \/>\n<!-- \/ Yoast SEO Premium plugin. -->","yoast_head_json":{"title":"Juomakupin pidike s\u00e4hk\u00f6skootterin ohjaustankoon | T\u00f5uksimaailm | Lisad","description":"Joogitopsi hoidja elektrit\u00f5ukeratta lenksule (ka topsihoidja, pudelihoidja juhtrauale), saadaval musta, punast, kollast ja sinist v\u00e4rvi. Lisavarustus.","robots":{"index":"index","follow":"follow","max-snippet":"max-snippet:-1","max-image-preview":"max-image-preview:large","max-video-preview":"max-video-preview:-1"},"canonical":"https:\/\/www.xn--tuksimaailm-ffb.ee\/fi\/shop\/juomakupin-pidike-sahkoskootterin-ohjaustankoon\/","og_locale":"fi_FI","og_type":"article","og_title":"Juomakupin pidike s\u00e4hk\u00f6skootterin ohjaustankoon","og_description":"Joogitopsi hoidja elektrit\u00f5ukeratta lenksule (ka topsihoidja, pudelihoidja juhtrauale), saadaval musta, punast, kollast ja sinist v\u00e4rvi. Lisavarustus.","og_url":"https:\/\/www.xn--tuksimaailm-ffb.ee\/fi\/shop\/juomakupin-pidike-sahkoskootterin-ohjaustankoon\/","og_site_name":"T\u00f5uksimaailm","article_publisher":"https:\/\/www.facebook.com\/touksimaailm\/","og_image":[{"width":442,"height":283,"url":"https:\/\/www.xn--tuksimaailm-ffb.ee\/wp-content\/uploads\/2021\/01\/joogitops.jpg","type":"image\/jpeg"}],"twitter_card":"summary_large_image","twitter_misc":{"Saatavuus":"Varastossa"},"schema":{"@context":"https:\/\/schema.org","@graph":[{"@type":"WebPage","@id":"https:\/\/www.xn--tuksimaailm-ffb.ee\/fi\/shop\/juomakupin-pidike-sahkoskootterin-ohjaustankoon\/","url":"https:\/\/www.xn--tuksimaailm-ffb.ee\/fi\/shop\/juomakupin-pidike-sahkoskootterin-ohjaustankoon\/","name":"Juomakupin pidike s\u00e4hk\u00f6skootterin ohjaustankoon | T\u00f5uksimaailm | Lisad","isPartOf":{"@id":"https:\/\/www.xn--tuksimaailm-ffb.ee\/fi\/#website"},"primaryImageOfPage":{"@id":"https:\/\/www.xn--tuksimaailm-ffb.ee\/fi\/shop\/juomakupin-pidike-sahkoskootterin-ohjaustankoon\/#primaryimage"},"image":{"@id":"https:\/\/www.xn--tuksimaailm-ffb.ee\/fi\/shop\/juomakupin-pidike-sahkoskootterin-ohjaustankoon\/#primaryimage"},"thumbnailUrl":"https:\/\/www.xn--tuksimaailm-ffb.ee\/wp-content\/uploads\/2021\/01\/joogitops.jpg","datePublished":"2021-01-22T16:59:32+00:00","description":"Joogitopsi hoidja elektrit\u00f5ukeratta lenksule (ka topsihoidja, pudelihoidja juhtrauale), saadaval musta, punast, kollast ja sinist v\u00e4rvi. Lisavarustus.","breadcrumb":{"@id":"https:\/\/www.xn--tuksimaailm-ffb.ee\/fi\/shop\/juomakupin-pidike-sahkoskootterin-ohjaustankoon\/#breadcrumb"},"inLanguage":"fi","potentialAction":[{"@type":"ReadAction","target":["https:\/\/www.xn--tuksimaailm-ffb.ee\/fi\/shop\/juomakupin-pidike-sahkoskootterin-ohjaustankoon\/"]}]},{"@type":"ImageObject","inLanguage":"fi","@id":"https:\/\/www.xn--tuksimaailm-ffb.ee\/fi\/shop\/juomakupin-pidike-sahkoskootterin-ohjaustankoon\/#primaryimage","url":"https:\/\/www.xn--tuksimaailm-ffb.ee\/wp-content\/uploads\/2021\/01\/joogitops.jpg","contentUrl":"https:\/\/www.xn--tuksimaailm-ffb.ee\/wp-content\/uploads\/2021\/01\/joogitops.jpg","width":442,"height":283},{"@type":"BreadcrumbList","@id":"https:\/\/www.xn--tuksimaailm-ffb.ee\/fi\/shop\/juomakupin-pidike-sahkoskootterin-ohjaustankoon\/#breadcrumb","itemListElement":[{"@type":"ListItem","position":1,"name":"Home","item":"https:\/\/www.xn--tuksimaailm-ffb.ee\/fi\/kotisivu\/"},{"@type":"ListItem","position":2,"name":"Kauppa","item":"https:\/\/www.xn--tuksimaailm-ffb.ee\/elektritoukerataste-pood\/"},{"@type":"ListItem","position":3,"name":"Juomakupin pidike s\u00e4hk\u00f6skootterin ohjaustankoon"}]},{"@type":"WebSite","@id":"https:\/\/www.xn--tuksimaailm-ffb.ee\/fi\/#website","url":"https:\/\/www.xn--tuksimaailm-ffb.ee\/fi\/","name":"T\u00f5uksimaailm","description":"Elektrit\u00f5ukerataste m\u00fc\u00fck, remont ja rent","publisher":{"@id":"https:\/\/www.xn--tuksimaailm-ffb.ee\/fi\/#organization"},"potentialAction":[{"@type":"SearchAction","target":{"@type":"EntryPoint","urlTemplate":"https:\/\/www.xn--tuksimaailm-ffb.ee\/fi\/?s={search_term_string}"},"query-input":{"@type":"PropertyValueSpecification","valueRequired":true,"valueName":"search_term_string"}}],"inLanguage":"fi"},{"@type":"Organization","@id":"https:\/\/www.xn--tuksimaailm-ffb.ee\/fi\/#organization","name":"T\u00f5uksimaailm","url":"https:\/\/www.xn--tuksimaailm-ffb.ee\/fi\/","logo":{"@type":"ImageObject","inLanguage":"fi","@id":"https:\/\/www.xn--tuksimaailm-ffb.ee\/fi\/#\/schema\/logo\/image\/","url":"https:\/\/www.xn--tuksimaailm-ffb.ee\/wp-content\/uploads\/2020\/01\/logoz-e1579792875517.png","contentUrl":"https:\/\/www.xn--tuksimaailm-ffb.ee\/wp-content\/uploads\/2020\/01\/logoz-e1579792875517.png","width":250,"height":250,"caption":"T\u00f5uksimaailm"},"image":{"@id":"https:\/\/www.xn--tuksimaailm-ffb.ee\/fi\/#\/schema\/logo\/image\/"},"sameAs":["https:\/\/www.facebook.com\/touksimaailm\/","https:\/\/www.instagram.com\/touksimaailm_\/","https:\/\/www.youtube.com\/channel\/UC18ml0EKIDLP1xGuQjFzcXQ"]}]},"og_availability":"instock","product_availability":"instock","product_condition":"new"},"jetpack_sharing_enabled":true,"_links":{"self":[{"href":"https:\/\/www.xn--tuksimaailm-ffb.ee\/fi\/wp-json\/wp\/v2\/product\/55968","targetHints":{"allow":["GET"]}}],"collection":[{"href":"https:\/\/www.xn--tuksimaailm-ffb.ee\/fi\/wp-json\/wp\/v2\/product"}],"about":[{"href":"https:\/\/www.xn--tuksimaailm-ffb.ee\/fi\/wp-json\/wp\/v2\/types\/product"}],"wp:featuredmedia":[{"embeddable":true,"href":"https:\/\/www.xn--tuksimaailm-ffb.ee\/fi\/wp-json\/wp\/v2\/media\/22622"}],"wp:attachment":[{"href":"https:\/\/www.xn--tuksimaailm-ffb.ee\/fi\/wp-json\/wp\/v2\/media?parent=55968"}],"wp:term":[{"taxonomy":"product_brand","embeddable":true,"href":"https:\/\/www.xn--tuksimaailm-ffb.ee\/fi\/wp-json\/wp\/v2\/product_brand?post=55968"},{"taxonomy":"product_cat","embeddable":true,"href":"https:\/\/www.xn--tuksimaailm-ffb.ee\/fi\/wp-json\/wp\/v2\/product_cat?post=55968"},{"taxonomy":"product_tag","embeddable":true,"href":"https:\/\/www.xn--tuksimaailm-ffb.ee\/fi\/wp-json\/wp\/v2\/product_tag?post=55968"},{"taxonomy":"filter_elektritoukeratas","embeddable":true,"href":"https:\/\/www.xn--tuksimaailm-ffb.ee\/fi\/wp-json\/wp\/v2\/filter_elektritoukeratas?post=55968"}],"curies":[{"name":"wp","href":"https:\/\/api.w.org\/{rel}","templated":true}]}}