{"id":55973,"date":"2021-01-22T17:48:28","date_gmt":"2021-01-22T15:48:28","guid":{"rendered":"http:\/\/www.xn--tuksimaailm-ffb.ee\/shop\/xiaomi-ensimmainen-iskunvaimennin-edessa-1s-pro-2\/"},"modified":"2021-01-22T17:48:28","modified_gmt":"2021-01-22T14:48:28","slug":"xiaomi-ensimmainen-iskunvaimennin-edessa-1s-pro-2","status":"publish","type":"product","link":"https:\/\/www.xn--tuksimaailm-ffb.ee\/fi\/shop\/xiaomi-ensimmainen-iskunvaimennin-edessa-1s-pro-2\/","title":{"rendered":"Xiaomi ensimm\u00e4inen iskunvaimennin edess\u00e4 1S Pro 2"},"content":{"rendered":"<p>Xiaomin s\u00e4hk\u00f6isen skootterin ensimm\u00e4inen iskunvaimennin (tunnetaan my\u00f6s nimell\u00e4 haarukka, jossa on iskunvaimennin). Xiaomin etummainen iskunvaimennin sopii suosittuun <a href=\"http:\/\/www.xn--tuksimaailm-ffb.ee\/shop\/elektritouks_xiaomi-360\/\">Xiaomi Mi M365<\/a> ja <a href=\"http:\/\/www.xn--tuksimaailm-ffb.ee\/shop\/elektriline-toukeratas-xiaomi-mi-m365-pro\/\">Xiaomi Mi M365 Pro<\/a>-s\u00e4hk\u00f6skootteriin. Sopii my\u00f6s etummaiseen amortisoituun s\u00e4hk\u00f6skootteriin <a href=\"http:\/\/www.xn--tuksimaailm-ffb.ee\/shop\/xiaomi-pro-2-elektritoukeratas\/\">Xiaomi Mi Pro 2<\/a>, <a href=\"https:\/\/www.mi.com\/global\/mi-electric-scooter-1S\/\">Xiaomi Mi 1S<\/a> malleihin. Lis\u00e4ksi amortori sopii my\u00f6s useimpiin Xiaomi-klooneihin\/kopioihin (Macwheel, Sermangreen, Citiway, E-Wheels E2S V2, Xiaomi Essential ja monet muut). Etukannatin auttaa parantamaan s\u00e4hk\u00f6potkulautan ajomukavuutta. Suuri ero alkuper\u00e4iseen Xiaomin t\u00e4yteen etuhaarukkaan on isommat iskunvaimentimet. Esimerkiksi matalia reunakivi\u00e4 yl\u00f6s ja alas ajettaessa, ratap\u00f6lkkyjen yli jne. on huomattava ero.<\/p>\n<p>Iskunvaimennin auttaa my\u00f6s v\u00e4hent\u00e4m\u00e4\u00e4n renkaiden puhkeamisriski\u00e4 ja suojaa akkua ja skootterin sis\u00e4isi\u00e4 elektroniikkaliit\u00e4nt\u00f6j\u00e4 t\u00e4rin\u00e4n aiheuttamilta vaurioilta (akkumoduulin teippien irtoaminen jne.). T\u00e4m\u00e4 iskunvaimennin on j\u00e4ykemp\u00e4\u00e4 tyyppi\u00e4 ja soveltuu p\u00e4\u00e4asiassa v\u00e4hint\u00e4\u00e4n <strong>90 kg<\/strong> painaville henkil\u00f6ille. Jos sinulla on ongelmia s\u00e4hk\u00f6potkulaattorisi etummaisen iskunvaimentimen asentamisessa itse, s\u00e4hk\u00f6potkulaitteisiin erikoistunut <a href=\"http:\/\/www.xn--tuksimaailm-ffb.ee\/elektrilise-toukeratta-remont\/\">korjaamomme<\/a>voi auttaa.<\/p>\n","protected":false},"excerpt":{"rendered":"<p>Xiaomin s\u00e4hk\u00f6isen skootterin ensimm\u00e4inen iskunvaimennin (tunnetaan my\u00f6s nimell\u00e4 haarukka, jossa on iskunvaimennin). Xiaomin etummainen iskunvaimennin sopii suosittuun Xiaomi Mi M365 ja Xiaomi Mi M365 Pro-s\u00e4hk\u00f6skootteriin. Sopii my\u00f6s etummaiseen amortisoituun s\u00e4hk\u00f6skootteriin Xiaomi Mi Pro 2, Xiaomi Mi 1S malleihin. Lis\u00e4ksi amortori sopii my\u00f6s useimpiin Xiaomi-klooneihin\/kopioihin (Macwheel, Sermangreen, Citiway, E-Wheels E2S V2, &hellip;<\/p>\n","protected":false},"featured_media":22614,"template":"","meta":[],"product_brand":[],"product_cat":[1697,1698],"product_tag":[3275,1706],"filter_elektritoukeratas":[2613,2612],"class_list":{"0":"post-55973","1":"product","2":"type-product","3":"status-publish","4":"has-post-thumbnail","6":"product_cat-lisavarusteet","7":"product_cat-varaosat","8":"product_tag-amordid-fi","9":"product_tag-xiaomi-varaosat","10":"pa_colour-musta","11":"pa_colour-punainen","12":"pa_tootetuup-amordid-fi","13":"filter_elektritoukeratas-ft_xiaomi_1s_mi3_pro_2_3_lite","14":"filter_elektritoukeratas-ft_xiaomi_m365_m365_pro_essential","16":"first","17":"instock","18":"taxable","19":"shipping-taxable","20":"purchasable","21":"product-type-simple"},"yoast_head":"<!-- This site is optimized with the Yoast SEO Premium plugin v26.8 (Yoast SEO v27.5) - https:\/\/yoast.com\/product\/yoast-seo-premium-wordpress\/ -->\n<title>Xiaomi ensimm\u00e4inen iskunvaimennin edess\u00e4 1S Pro 2 | T\u00f5uksimaailm<\/title>\n<meta name=\"description\" content=\"Elektrit\u00f5ukeratta Xiaomi esiamort esimene amortisaator (ka amordiga kahvel), mudelile Xiaomi M365 (Pro), Xiaomi Mi 1S, Xiaomi Mi Pro 2. Xiaomi varuosad.\" \/>\n<meta name=\"robots\" content=\"index, follow, max-snippet:-1, max-image-preview:large, max-video-preview:-1\" \/>\n<link rel=\"canonical\" href=\"https:\/\/www.xn--tuksimaailm-ffb.ee\/fi\/shop\/xiaomi-ensimmainen-iskunvaimennin-edessa-1s-pro-2\/\" \/>\n<meta property=\"og:locale\" content=\"fi_FI\" \/>\n<meta property=\"og:type\" content=\"article\" \/>\n<meta property=\"og:title\" content=\"Xiaomi ensimm\u00e4inen iskunvaimennin edess\u00e4 1S Pro 2\" \/>\n<meta property=\"og:description\" content=\"Elektrit\u00f5ukeratta Xiaomi esiamort esimene amortisaator (ka amordiga kahvel), mudelile Xiaomi M365 (Pro), Xiaomi Mi 1S, Xiaomi Mi Pro 2. Xiaomi varuosad.\" \/>\n<meta property=\"og:url\" content=\"https:\/\/www.xn--tuksimaailm-ffb.ee\/fi\/shop\/xiaomi-ensimmainen-iskunvaimennin-edessa-1s-pro-2\/\" \/>\n<meta property=\"og:site_name\" content=\"T\u00f5uksimaailm\" \/>\n<meta property=\"article:publisher\" content=\"https:\/\/www.facebook.com\/touksimaailm\/\" \/>\n<meta property=\"og:image\" content=\"https:\/\/www.xn--tuksimaailm-ffb.ee\/wp-content\/uploads\/2021\/01\/fork-1.jpg\" \/>\n\t<meta property=\"og:image:width\" content=\"523\" \/>\n\t<meta property=\"og:image:height\" content=\"592\" \/>\n\t<meta property=\"og:image:type\" content=\"image\/jpeg\" \/>\n<meta name=\"twitter:card\" content=\"summary_large_image\" \/>\n<meta name=\"twitter:label1\" content=\"Hinta\" \/>\n\t<meta name=\"twitter:data1\" content=\"&euro;85.00\" \/>\n\t<meta name=\"twitter:label2\" content=\"Saatavuus\" \/>\n\t<meta name=\"twitter:data2\" content=\"Varastossa\" \/>\n<meta property=\"product:price:amount\" content=\"85.00\" \/>\n<meta property=\"product:price:currency\" content=\"EUR\" \/>\n<meta property=\"og:availability\" content=\"instock\" \/>\n<meta property=\"product:availability\" content=\"instock\" \/>\n<meta property=\"product:retailer_item_id\" content=\"ESIAMORT-XIAOMI\" \/>\n<meta property=\"product:condition\" content=\"new\" \/>\n<!-- \/ Yoast SEO Premium plugin. -->","yoast_head_json":{"title":"Xiaomi ensimm\u00e4inen iskunvaimennin edess\u00e4 1S Pro 2 | T\u00f5uksimaailm","description":"Elektrit\u00f5ukeratta Xiaomi esiamort esimene amortisaator (ka amordiga kahvel), mudelile Xiaomi M365 (Pro), Xiaomi Mi 1S, Xiaomi Mi Pro 2. Xiaomi varuosad.","robots":{"index":"index","follow":"follow","max-snippet":"max-snippet:-1","max-image-preview":"max-image-preview:large","max-video-preview":"max-video-preview:-1"},"canonical":"https:\/\/www.xn--tuksimaailm-ffb.ee\/fi\/shop\/xiaomi-ensimmainen-iskunvaimennin-edessa-1s-pro-2\/","og_locale":"fi_FI","og_type":"article","og_title":"Xiaomi ensimm\u00e4inen iskunvaimennin edess\u00e4 1S Pro 2","og_description":"Elektrit\u00f5ukeratta Xiaomi esiamort esimene amortisaator (ka amordiga kahvel), mudelile Xiaomi M365 (Pro), Xiaomi Mi 1S, Xiaomi Mi Pro 2. Xiaomi varuosad.","og_url":"https:\/\/www.xn--tuksimaailm-ffb.ee\/fi\/shop\/xiaomi-ensimmainen-iskunvaimennin-edessa-1s-pro-2\/","og_site_name":"T\u00f5uksimaailm","article_publisher":"https:\/\/www.facebook.com\/touksimaailm\/","og_image":[{"width":523,"height":592,"url":"https:\/\/www.xn--tuksimaailm-ffb.ee\/wp-content\/uploads\/2021\/01\/fork-1.jpg","type":"image\/jpeg"}],"twitter_card":"summary_large_image","twitter_misc":{"Hinta":"&euro;85.00","Saatavuus":"Varastossa"},"schema":{"@context":"https:\/\/schema.org","@graph":[{"@type":"WebPage","@id":"https:\/\/www.xn--tuksimaailm-ffb.ee\/fi\/shop\/xiaomi-ensimmainen-iskunvaimennin-edessa-1s-pro-2\/","url":"https:\/\/www.xn--tuksimaailm-ffb.ee\/fi\/shop\/xiaomi-ensimmainen-iskunvaimennin-edessa-1s-pro-2\/","name":"Xiaomi ensimm\u00e4inen iskunvaimennin edess\u00e4 1S Pro 2 | T\u00f5uksimaailm","isPartOf":{"@id":"https:\/\/www.xn--tuksimaailm-ffb.ee\/fi\/#website"},"primaryImageOfPage":{"@id":"https:\/\/www.xn--tuksimaailm-ffb.ee\/fi\/shop\/xiaomi-ensimmainen-iskunvaimennin-edessa-1s-pro-2\/#primaryimage"},"image":{"@id":"https:\/\/www.xn--tuksimaailm-ffb.ee\/fi\/shop\/xiaomi-ensimmainen-iskunvaimennin-edessa-1s-pro-2\/#primaryimage"},"thumbnailUrl":"https:\/\/www.xn--tuksimaailm-ffb.ee\/wp-content\/uploads\/2021\/01\/fork-1.jpg","datePublished":"2021-01-22T15:48:28+00:00","description":"Elektrit\u00f5ukeratta Xiaomi esiamort esimene amortisaator (ka amordiga kahvel), mudelile Xiaomi M365 (Pro), Xiaomi Mi 1S, Xiaomi Mi Pro 2. Xiaomi varuosad.","breadcrumb":{"@id":"https:\/\/www.xn--tuksimaailm-ffb.ee\/fi\/shop\/xiaomi-ensimmainen-iskunvaimennin-edessa-1s-pro-2\/#breadcrumb"},"inLanguage":"fi","potentialAction":[{"@type":"ReadAction","target":["https:\/\/www.xn--tuksimaailm-ffb.ee\/fi\/shop\/xiaomi-ensimmainen-iskunvaimennin-edessa-1s-pro-2\/"]}]},{"@type":"ImageObject","inLanguage":"fi","@id":"https:\/\/www.xn--tuksimaailm-ffb.ee\/fi\/shop\/xiaomi-ensimmainen-iskunvaimennin-edessa-1s-pro-2\/#primaryimage","url":"https:\/\/www.xn--tuksimaailm-ffb.ee\/wp-content\/uploads\/2021\/01\/fork-1.jpg","contentUrl":"https:\/\/www.xn--tuksimaailm-ffb.ee\/wp-content\/uploads\/2021\/01\/fork-1.jpg","width":523,"height":592},{"@type":"BreadcrumbList","@id":"https:\/\/www.xn--tuksimaailm-ffb.ee\/fi\/shop\/xiaomi-ensimmainen-iskunvaimennin-edessa-1s-pro-2\/#breadcrumb","itemListElement":[{"@type":"ListItem","position":1,"name":"Home","item":"https:\/\/www.xn--tuksimaailm-ffb.ee\/fi\/kotisivu\/"},{"@type":"ListItem","position":2,"name":"Kauppa","item":"https:\/\/www.xn--tuksimaailm-ffb.ee\/elektritoukerataste-pood\/"},{"@type":"ListItem","position":3,"name":"Xiaomi ensimm\u00e4inen iskunvaimennin edess\u00e4 1S Pro 2"}]},{"@type":"WebSite","@id":"https:\/\/www.xn--tuksimaailm-ffb.ee\/fi\/#website","url":"https:\/\/www.xn--tuksimaailm-ffb.ee\/fi\/","name":"T\u00f5uksimaailm","description":"Elektrit\u00f5ukerataste m\u00fc\u00fck, remont ja rent","publisher":{"@id":"https:\/\/www.xn--tuksimaailm-ffb.ee\/fi\/#organization"},"potentialAction":[{"@type":"SearchAction","target":{"@type":"EntryPoint","urlTemplate":"https:\/\/www.xn--tuksimaailm-ffb.ee\/fi\/?s={search_term_string}"},"query-input":{"@type":"PropertyValueSpecification","valueRequired":true,"valueName":"search_term_string"}}],"inLanguage":"fi"},{"@type":"Organization","@id":"https:\/\/www.xn--tuksimaailm-ffb.ee\/fi\/#organization","name":"T\u00f5uksimaailm","url":"https:\/\/www.xn--tuksimaailm-ffb.ee\/fi\/","logo":{"@type":"ImageObject","inLanguage":"fi","@id":"https:\/\/www.xn--tuksimaailm-ffb.ee\/fi\/#\/schema\/logo\/image\/","url":"https:\/\/www.xn--tuksimaailm-ffb.ee\/wp-content\/uploads\/2020\/01\/logoz-e1579792875517.png","contentUrl":"https:\/\/www.xn--tuksimaailm-ffb.ee\/wp-content\/uploads\/2020\/01\/logoz-e1579792875517.png","width":250,"height":250,"caption":"T\u00f5uksimaailm"},"image":{"@id":"https:\/\/www.xn--tuksimaailm-ffb.ee\/fi\/#\/schema\/logo\/image\/"},"sameAs":["https:\/\/www.facebook.com\/touksimaailm\/","https:\/\/www.instagram.com\/touksimaailm_\/","https:\/\/www.youtube.com\/channel\/UC18ml0EKIDLP1xGuQjFzcXQ"]}]},"product_price_amount":"85.00","product_price_currency":"EUR","og_availability":"instock","product_availability":"instock","product_retailer_item_id":"ESIAMORT-XIAOMI","product_condition":"new"},"jetpack_sharing_enabled":true,"_links":{"self":[{"href":"https:\/\/www.xn--tuksimaailm-ffb.ee\/fi\/wp-json\/wp\/v2\/product\/55973","targetHints":{"allow":["GET"]}}],"collection":[{"href":"https:\/\/www.xn--tuksimaailm-ffb.ee\/fi\/wp-json\/wp\/v2\/product"}],"about":[{"href":"https:\/\/www.xn--tuksimaailm-ffb.ee\/fi\/wp-json\/wp\/v2\/types\/product"}],"wp:featuredmedia":[{"embeddable":true,"href":"https:\/\/www.xn--tuksimaailm-ffb.ee\/fi\/wp-json\/wp\/v2\/media\/22614"}],"wp:attachment":[{"href":"https:\/\/www.xn--tuksimaailm-ffb.ee\/fi\/wp-json\/wp\/v2\/media?parent=55973"}],"wp:term":[{"taxonomy":"product_brand","embeddable":true,"href":"https:\/\/www.xn--tuksimaailm-ffb.ee\/fi\/wp-json\/wp\/v2\/product_brand?post=55973"},{"taxonomy":"product_cat","embeddable":true,"href":"https:\/\/www.xn--tuksimaailm-ffb.ee\/fi\/wp-json\/wp\/v2\/product_cat?post=55973"},{"taxonomy":"product_tag","embeddable":true,"href":"https:\/\/www.xn--tuksimaailm-ffb.ee\/fi\/wp-json\/wp\/v2\/product_tag?post=55973"},{"taxonomy":"filter_elektritoukeratas","embeddable":true,"href":"https:\/\/www.xn--tuksimaailm-ffb.ee\/fi\/wp-json\/wp\/v2\/filter_elektritoukeratas?post=55973"}],"curies":[{"name":"wp","href":"https:\/\/api.w.org\/{rel}","templated":true}]}}