{"id":55984,"date":"2021-01-19T18:22:40","date_gmt":"2021-01-19T16:22:40","guid":{"rendered":"http:\/\/www.xn--tuksimaailm-ffb.ee\/shop\/segway-ninebot-es-nayton-silikonisuojus-vedenpitava-eol\/"},"modified":"2021-01-19T18:22:40","modified_gmt":"2021-01-19T15:22:40","slug":"segway-ninebot-es-nayton-silikonisuojus-vedenpitava-eol","status":"publish","type":"product","link":"https:\/\/www.xn--tuksimaailm-ffb.ee\/fi\/shop\/segway-ninebot-es-nayton-silikonisuojus-vedenpitava-eol\/","title":{"rendered":"Segway Ninebot ES n\u00e4yt\u00f6n silikonisuojus vedenpit\u00e4v\u00e4 (EOL)"},"content":{"rendered":"<p>Segway Ninebot ES -n\u00e4yt\u00f6n silikonisuojus (my\u00f6s n\u00e4yt\u00f6n\/n\u00e4yt\u00f6n kumisuojus\/suojus), saatavana <strong>mustana, valkoisena<\/strong> ja <strong>punaisena.<\/strong> DIsplayn vedenpit\u00e4v\u00e4 silikonisuojus on erityisen hy\u00f6dyllinen niille, jotka haluavat k\u00e4ytt\u00e4\u00e4 Ninebot-s\u00e4hk\u00f6skootteriaan sateisella s\u00e4\u00e4ll\u00e4 - se est\u00e4\u00e4 veden p\u00e4\u00e4syn n\u00e4ytt\u00f6\u00f6n ja n\u00e4yt\u00f6n vesivahingot. L\u00e4pin\u00e4kyv\u00e4 silikonisuojus suojaa my\u00f6s s\u00e4hk\u00f6skootterin yl\u00e4osaa vaurioilta\/naarmuilta.<\/p>\n<p>Segway Ninebot ES -n\u00e4yt\u00f6n silikonisuojus sopii my\u00f6s suosittuihin <a><strong>Ninebot ES2-<\/strong><\/a> ja <a><strong>Ninebot ES4-s\u00e4hk\u00f6skoottereihin<\/strong><\/a><strong>.<\/strong>Suojus sopii my\u00f6s v\u00e4hemm\u00e4n suosittuihin <a><strong>Ninebot ES1-<\/strong><\/a> ja <strong>ES3-s\u00e4hk\u00f6skoottereihin.<\/strong> <a href=\"http:\/\/www.xn--tuksimaailm-ffb.ee\/tootekategooria\/lisavarustus\/\"><strong>Lis\u00e4\u00e4 Segway-tarvikkeita l\u00f6yd\u00e4t t\u00e4\u00e4lt\u00e4.<\/strong><\/a><\/p>\n","protected":false},"excerpt":{"rendered":"<p>Segway Ninebot ES -n\u00e4yt\u00f6n silikonisuojus (my\u00f6s n\u00e4yt\u00f6n\/n\u00e4yt\u00f6n kumisuojus\/suojus), saatavana mustana, valkoisena ja punaisena. DIsplayn vedenpit\u00e4v\u00e4 silikonisuojus on erityisen hy\u00f6dyllinen niille, jotka haluavat k\u00e4ytt\u00e4\u00e4 Ninebot-s\u00e4hk\u00f6skootteriaan sateisella s\u00e4\u00e4ll\u00e4 - se est\u00e4\u00e4 veden p\u00e4\u00e4syn n\u00e4ytt\u00f6\u00f6n ja n\u00e4yt\u00f6n vesivahingot. L\u00e4pin\u00e4kyv\u00e4 silikonisuojus suojaa my\u00f6s s\u00e4hk\u00f6skootterin yl\u00e4osaa vaurioilta\/naarmuilta. Segway Ninebot ES -n\u00e4yt\u00f6n silikonisuojus sopii my\u00f6s suosittuihin &hellip;<\/p>\n","protected":false},"featured_media":22579,"template":"","meta":[],"product_brand":[],"product_cat":[1697],"product_tag":[3340],"filter_elektritoukeratas":[],"class_list":{"0":"post-55984","1":"product","2":"type-product","3":"status-publish","4":"has-post-thumbnail","6":"product_cat-lisavarusteet","7":"product_tag-ekraani-katted","8":"pa_colour-musta","9":"pa_colour-punainen","10":"pa_colour-vaalea","11":"pa_tootetuup-ekraani-katted-fi","13":"first","14":"instock","15":"taxable","16":"shipping-taxable","17":"purchasable","18":"product-type-variable"},"yoast_head":"<!-- This site is optimized with the Yoast SEO Premium plugin v26.8 (Yoast SEO v27.3) - https:\/\/yoast.com\/product\/yoast-seo-premium-wordpress\/ -->\n<title>Segway Ninebot ES n\u00e4yt\u00f6n silikonisuojus vedenpit\u00e4v\u00e4 (EOL) | T\u00f5uksimaailm<\/title>\n<meta name=\"description\" content=\"Segway Ninebot ES ekraani silikoon kate (ka display \/ displei kummist kate \/ kaitse\u00fcmbris), must \/ valge \/ punane, sobib ES1, ES2, ES3, ES4. Veekindel.\" \/>\n<meta name=\"robots\" content=\"index, follow, max-snippet:-1, max-image-preview:large, max-video-preview:-1\" \/>\n<link rel=\"canonical\" href=\"https:\/\/www.xn--tuksimaailm-ffb.ee\/fi\/shop\/segway-ninebot-es-nayton-silikonisuojus-vedenpitava-eol\/\" \/>\n<meta property=\"og:locale\" content=\"fi_FI\" \/>\n<meta property=\"og:type\" content=\"article\" \/>\n<meta property=\"og:title\" content=\"Segway Ninebot ES n\u00e4yt\u00f6n silikonisuojus vedenpit\u00e4v\u00e4 (EOL)\" \/>\n<meta property=\"og:description\" content=\"Segway Ninebot ES ekraani silikoon kate (ka display \/ displei kummist kate \/ kaitse\u00fcmbris), must \/ valge \/ punane, sobib ES1, ES2, ES3, ES4. Veekindel.\" \/>\n<meta property=\"og:url\" content=\"https:\/\/www.xn--tuksimaailm-ffb.ee\/fi\/shop\/segway-ninebot-es-nayton-silikonisuojus-vedenpitava-eol\/\" \/>\n<meta property=\"og:site_name\" content=\"T\u00f5uksimaailm\" \/>\n<meta property=\"article:publisher\" content=\"https:\/\/www.facebook.com\/touksimaailm\/\" \/>\n<meta property=\"og:image\" content=\"https:\/\/www.xn--tuksimaailm-ffb.ee\/wp-content\/uploads\/2021\/01\/silikoon-nb-1.jpg\" \/>\n\t<meta property=\"og:image:width\" content=\"570\" \/>\n\t<meta property=\"og:image:height\" content=\"567\" \/>\n\t<meta property=\"og:image:type\" content=\"image\/jpeg\" \/>\n<meta name=\"twitter:card\" content=\"summary_large_image\" \/>\n<meta name=\"twitter:label1\" content=\"Saatavuus\" \/>\n\t<meta name=\"twitter:data1\" content=\"Varastossa\" \/>\n<meta property=\"og:availability\" content=\"instock\" \/>\n<meta property=\"product:availability\" content=\"instock\" \/>\n<meta property=\"product:condition\" content=\"new\" \/>\n<!-- \/ Yoast SEO Premium plugin. -->","yoast_head_json":{"title":"Segway Ninebot ES n\u00e4yt\u00f6n silikonisuojus vedenpit\u00e4v\u00e4 (EOL) | T\u00f5uksimaailm","description":"Segway Ninebot ES ekraani silikoon kate (ka display \/ displei kummist kate \/ kaitse\u00fcmbris), must \/ valge \/ punane, sobib ES1, ES2, ES3, ES4. Veekindel.","robots":{"index":"index","follow":"follow","max-snippet":"max-snippet:-1","max-image-preview":"max-image-preview:large","max-video-preview":"max-video-preview:-1"},"canonical":"https:\/\/www.xn--tuksimaailm-ffb.ee\/fi\/shop\/segway-ninebot-es-nayton-silikonisuojus-vedenpitava-eol\/","og_locale":"fi_FI","og_type":"article","og_title":"Segway Ninebot ES n\u00e4yt\u00f6n silikonisuojus vedenpit\u00e4v\u00e4 (EOL)","og_description":"Segway Ninebot ES ekraani silikoon kate (ka display \/ displei kummist kate \/ kaitse\u00fcmbris), must \/ valge \/ punane, sobib ES1, ES2, ES3, ES4. Veekindel.","og_url":"https:\/\/www.xn--tuksimaailm-ffb.ee\/fi\/shop\/segway-ninebot-es-nayton-silikonisuojus-vedenpitava-eol\/","og_site_name":"T\u00f5uksimaailm","article_publisher":"https:\/\/www.facebook.com\/touksimaailm\/","og_image":[{"width":570,"height":567,"url":"https:\/\/www.xn--tuksimaailm-ffb.ee\/wp-content\/uploads\/2021\/01\/silikoon-nb-1.jpg","type":"image\/jpeg"}],"twitter_card":"summary_large_image","twitter_misc":{"Saatavuus":"Varastossa"},"schema":{"@context":"https:\/\/schema.org","@graph":[{"@type":"WebPage","@id":"https:\/\/www.xn--tuksimaailm-ffb.ee\/fi\/shop\/segway-ninebot-es-nayton-silikonisuojus-vedenpitava-eol\/","url":"https:\/\/www.xn--tuksimaailm-ffb.ee\/fi\/shop\/segway-ninebot-es-nayton-silikonisuojus-vedenpitava-eol\/","name":"Segway Ninebot ES n\u00e4yt\u00f6n silikonisuojus vedenpit\u00e4v\u00e4 (EOL) | T\u00f5uksimaailm","isPartOf":{"@id":"https:\/\/www.xn--tuksimaailm-ffb.ee\/fi\/#website"},"primaryImageOfPage":{"@id":"https:\/\/www.xn--tuksimaailm-ffb.ee\/fi\/shop\/segway-ninebot-es-nayton-silikonisuojus-vedenpitava-eol\/#primaryimage"},"image":{"@id":"https:\/\/www.xn--tuksimaailm-ffb.ee\/fi\/shop\/segway-ninebot-es-nayton-silikonisuojus-vedenpitava-eol\/#primaryimage"},"thumbnailUrl":"https:\/\/www.xn--tuksimaailm-ffb.ee\/wp-content\/uploads\/2021\/01\/silikoon-nb-1.jpg","datePublished":"2021-01-19T16:22:40+00:00","description":"Segway Ninebot ES ekraani silikoon kate (ka display \/ displei kummist kate \/ kaitse\u00fcmbris), must \/ valge \/ punane, sobib ES1, ES2, ES3, ES4. Veekindel.","breadcrumb":{"@id":"https:\/\/www.xn--tuksimaailm-ffb.ee\/fi\/shop\/segway-ninebot-es-nayton-silikonisuojus-vedenpitava-eol\/#breadcrumb"},"inLanguage":"fi","potentialAction":[{"@type":"ReadAction","target":["https:\/\/www.xn--tuksimaailm-ffb.ee\/fi\/shop\/segway-ninebot-es-nayton-silikonisuojus-vedenpitava-eol\/"]}]},{"@type":"ImageObject","inLanguage":"fi","@id":"https:\/\/www.xn--tuksimaailm-ffb.ee\/fi\/shop\/segway-ninebot-es-nayton-silikonisuojus-vedenpitava-eol\/#primaryimage","url":"https:\/\/www.xn--tuksimaailm-ffb.ee\/wp-content\/uploads\/2021\/01\/silikoon-nb-1.jpg","contentUrl":"https:\/\/www.xn--tuksimaailm-ffb.ee\/wp-content\/uploads\/2021\/01\/silikoon-nb-1.jpg","width":570,"height":567},{"@type":"BreadcrumbList","@id":"https:\/\/www.xn--tuksimaailm-ffb.ee\/fi\/shop\/segway-ninebot-es-nayton-silikonisuojus-vedenpitava-eol\/#breadcrumb","itemListElement":[{"@type":"ListItem","position":1,"name":"Home","item":"https:\/\/www.xn--tuksimaailm-ffb.ee\/fi\/kotisivu\/"},{"@type":"ListItem","position":2,"name":"Kauppa","item":"https:\/\/www.xn--tuksimaailm-ffb.ee\/elektritoukerataste-pood\/"},{"@type":"ListItem","position":3,"name":"Segway Ninebot ES n\u00e4yt\u00f6n silikonisuojus vedenpit\u00e4v\u00e4 (EOL)"}]},{"@type":"WebSite","@id":"https:\/\/www.xn--tuksimaailm-ffb.ee\/fi\/#website","url":"https:\/\/www.xn--tuksimaailm-ffb.ee\/fi\/","name":"T\u00f5uksimaailm","description":"Elektrit\u00f5ukerataste m\u00fc\u00fck, remont ja rent","publisher":{"@id":"https:\/\/www.xn--tuksimaailm-ffb.ee\/fi\/#organization"},"potentialAction":[{"@type":"SearchAction","target":{"@type":"EntryPoint","urlTemplate":"https:\/\/www.xn--tuksimaailm-ffb.ee\/fi\/?s={search_term_string}"},"query-input":{"@type":"PropertyValueSpecification","valueRequired":true,"valueName":"search_term_string"}}],"inLanguage":"fi"},{"@type":"Organization","@id":"https:\/\/www.xn--tuksimaailm-ffb.ee\/fi\/#organization","name":"T\u00f5uksimaailm","url":"https:\/\/www.xn--tuksimaailm-ffb.ee\/fi\/","logo":{"@type":"ImageObject","inLanguage":"fi","@id":"https:\/\/www.xn--tuksimaailm-ffb.ee\/fi\/#\/schema\/logo\/image\/","url":"https:\/\/www.xn--tuksimaailm-ffb.ee\/wp-content\/uploads\/2020\/01\/logoz-e1579792875517.png","contentUrl":"https:\/\/www.xn--tuksimaailm-ffb.ee\/wp-content\/uploads\/2020\/01\/logoz-e1579792875517.png","width":250,"height":250,"caption":"T\u00f5uksimaailm"},"image":{"@id":"https:\/\/www.xn--tuksimaailm-ffb.ee\/fi\/#\/schema\/logo\/image\/"},"sameAs":["https:\/\/www.facebook.com\/touksimaailm\/","https:\/\/www.instagram.com\/touksimaailm_\/","https:\/\/www.youtube.com\/channel\/UC18ml0EKIDLP1xGuQjFzcXQ"]}]},"og_availability":"instock","product_availability":"instock","product_condition":"new"},"jetpack_sharing_enabled":true,"_links":{"self":[{"href":"https:\/\/www.xn--tuksimaailm-ffb.ee\/fi\/wp-json\/wp\/v2\/product\/55984","targetHints":{"allow":["GET"]}}],"collection":[{"href":"https:\/\/www.xn--tuksimaailm-ffb.ee\/fi\/wp-json\/wp\/v2\/product"}],"about":[{"href":"https:\/\/www.xn--tuksimaailm-ffb.ee\/fi\/wp-json\/wp\/v2\/types\/product"}],"wp:featuredmedia":[{"embeddable":true,"href":"https:\/\/www.xn--tuksimaailm-ffb.ee\/fi\/wp-json\/wp\/v2\/media\/22579"}],"wp:attachment":[{"href":"https:\/\/www.xn--tuksimaailm-ffb.ee\/fi\/wp-json\/wp\/v2\/media?parent=55984"}],"wp:term":[{"taxonomy":"product_brand","embeddable":true,"href":"https:\/\/www.xn--tuksimaailm-ffb.ee\/fi\/wp-json\/wp\/v2\/product_brand?post=55984"},{"taxonomy":"product_cat","embeddable":true,"href":"https:\/\/www.xn--tuksimaailm-ffb.ee\/fi\/wp-json\/wp\/v2\/product_cat?post=55984"},{"taxonomy":"product_tag","embeddable":true,"href":"https:\/\/www.xn--tuksimaailm-ffb.ee\/fi\/wp-json\/wp\/v2\/product_tag?post=55984"},{"taxonomy":"filter_elektritoukeratas","embeddable":true,"href":"https:\/\/www.xn--tuksimaailm-ffb.ee\/fi\/wp-json\/wp\/v2\/filter_elektritoukeratas?post=55984"}],"curies":[{"name":"wp","href":"https:\/\/api.w.org\/{rel}","templated":true}]}}