{"id":55988,"date":"2021-01-18T19:10:06","date_gmt":"2021-01-18T17:10:06","guid":{"rendered":"http:\/\/www.xn--tuksimaailm-ffb.ee\/shop\/segway-ninebot-kahvat-es1-es2-es4\/"},"modified":"2021-01-18T19:10:06","modified_gmt":"2021-01-18T16:10:06","slug":"segway-ninebot-kahvat-es1-es2-es4","status":"publish","type":"product","link":"https:\/\/www.xn--tuksimaailm-ffb.ee\/fi\/shop\/segway-ninebot-kahvat-es1-es2-es4\/","title":{"rendered":"Segway Ninebot kahvat ES1 ES2 ES4"},"content":{"rendered":"<p>Segway Ninebotin kahvat (my\u00f6s kahvat, grips, gripit), sarja sis\u00e4lt\u00e4\u00e4 <strong>2 kahvaa<\/strong>. Saatavana <strong>mustana<\/strong> ja <strong>harmaana<\/strong>. Segway Ninebot kahvat sopivat alkuper\u00e4iseen Segway s\u00e4hk\u00f6potkulautaan <a><strong>Ninebot ES2<\/strong><\/a> ja<a><strong>Ninebot ES4<\/strong><\/a><strong>.<\/strong> Kahvat sopivat my\u00f6s harvinaisempiin <a><strong>Ninebot ES1<\/strong><\/a> ja <strong>ES3<\/strong> s\u00e4hk\u00f6potkulautoihin<strong>.<\/strong> Jos tarvitset Segway Ninebot -s\u00e4hk\u00f6skootterin korjausta tai ohjaustangon vaihtoa, kokenut <a><strong>s\u00e4hk\u00f6skootteri korjaamomme<\/strong><\/a> voi auttaa.<\/p>\n","protected":false},"excerpt":{"rendered":"<p>Segway Ninebotin kahvat (my\u00f6s kahvat, grips, gripit), sarja sis\u00e4lt\u00e4\u00e4 2 kahvaa. Saatavana mustana ja harmaana. Segway Ninebot kahvat sopivat alkuper\u00e4iseen Segway s\u00e4hk\u00f6potkulautaan Ninebot ES2 jaNinebot ES4. Kahvat sopivat my\u00f6s harvinaisempiin Ninebot ES1 ja ES3 s\u00e4hk\u00f6potkulautoihin. Jos tarvitset Segway Ninebot -s\u00e4hk\u00f6skootterin korjausta tai ohjaustangon vaihtoa, kokenut s\u00e4hk\u00f6skootteri korjaamomme voi auttaa.<\/p>\n","protected":false},"featured_media":22575,"template":"","meta":[],"product_brand":[],"product_cat":[1697,1698],"product_tag":[3301,3268],"filter_elektritoukeratas":[2636,2635],"class_list":{"0":"post-55988","1":"product","2":"type-product","3":"status-publish","4":"has-post-thumbnail","6":"product_cat-lisavarusteet","7":"product_cat-varaosat","8":"product_tag-kaepidemed-fi","9":"product_tag-segway-ninebot-varuosad-fi","10":"pa_colour-hall","11":"pa_colour-musta","12":"pa_tootetuup-kaepidemed-fi","13":"filter_elektritoukeratas-ft_segway_ninebot_e22e_e35e_e45e","14":"filter_elektritoukeratas-ft_segway_ninebot_es1_es2_es4","16":"first","17":"instock","18":"taxable","19":"shipping-taxable","20":"purchasable","21":"product-type-variable"},"yoast_head":"<!-- This site is optimized with the Yoast SEO Premium plugin v26.8 (Yoast SEO v27.5) - https:\/\/yoast.com\/product\/yoast-seo-premium-wordpress\/ -->\n<title>Segway Ninebot kahvat ES1 ES2 ES4 &#8212; T\u00f5uksimaailm<\/title>\n<meta name=\"description\" content=\"Segway Ninebot k\u00e4epidemed (ka ruskad, gripid), 2 k\u00e4epidet, elektrit\u00f5ukerattale Segway Ninebot ES1, ES2, ES3, ES4. Segway elektrit\u00f5ukeratas ja varuosad.\" \/>\n<meta name=\"robots\" content=\"index, follow, max-snippet:-1, max-image-preview:large, max-video-preview:-1\" \/>\n<link rel=\"canonical\" href=\"https:\/\/www.xn--tuksimaailm-ffb.ee\/fi\/shop\/segway-ninebot-kahvat-es1-es2-es4\/\" \/>\n<meta property=\"og:locale\" content=\"fi_FI\" \/>\n<meta property=\"og:type\" content=\"article\" \/>\n<meta property=\"og:title\" content=\"Segway Ninebot kahvat ES1 ES2 ES4\" \/>\n<meta property=\"og:description\" content=\"Segway Ninebot k\u00e4epidemed (ka ruskad, gripid), 2 k\u00e4epidet, elektrit\u00f5ukerattale Segway Ninebot ES1, ES2, ES3, ES4. Segway elektrit\u00f5ukeratas ja varuosad.\" \/>\n<meta property=\"og:url\" content=\"https:\/\/www.xn--tuksimaailm-ffb.ee\/fi\/shop\/segway-ninebot-kahvat-es1-es2-es4\/\" \/>\n<meta property=\"og:site_name\" content=\"T\u00f5uksimaailm\" \/>\n<meta property=\"article:publisher\" content=\"https:\/\/www.facebook.com\/touksimaailm\/\" \/>\n<meta property=\"og:image\" content=\"https:\/\/www.xn--tuksimaailm-ffb.ee\/wp-content\/uploads\/2021\/01\/segway-k\u00e4epidemed-1.jpg\" \/>\n\t<meta property=\"og:image:width\" content=\"526\" \/>\n\t<meta property=\"og:image:height\" content=\"534\" \/>\n\t<meta property=\"og:image:type\" content=\"image\/jpeg\" \/>\n<meta name=\"twitter:card\" content=\"summary_large_image\" \/>\n<meta name=\"twitter:label1\" content=\"Saatavuus\" \/>\n\t<meta name=\"twitter:data1\" content=\"Varastossa\" \/>\n<meta property=\"og:availability\" content=\"instock\" \/>\n<meta property=\"product:availability\" content=\"instock\" \/>\n<meta property=\"product:condition\" content=\"new\" \/>\n<!-- \/ Yoast SEO Premium plugin. -->","yoast_head_json":{"title":"Segway Ninebot kahvat ES1 ES2 ES4 &#8212; T\u00f5uksimaailm","description":"Segway Ninebot k\u00e4epidemed (ka ruskad, gripid), 2 k\u00e4epidet, elektrit\u00f5ukerattale Segway Ninebot ES1, ES2, ES3, ES4. Segway elektrit\u00f5ukeratas ja varuosad.","robots":{"index":"index","follow":"follow","max-snippet":"max-snippet:-1","max-image-preview":"max-image-preview:large","max-video-preview":"max-video-preview:-1"},"canonical":"https:\/\/www.xn--tuksimaailm-ffb.ee\/fi\/shop\/segway-ninebot-kahvat-es1-es2-es4\/","og_locale":"fi_FI","og_type":"article","og_title":"Segway Ninebot kahvat ES1 ES2 ES4","og_description":"Segway Ninebot k\u00e4epidemed (ka ruskad, gripid), 2 k\u00e4epidet, elektrit\u00f5ukerattale Segway Ninebot ES1, ES2, ES3, ES4. Segway elektrit\u00f5ukeratas ja varuosad.","og_url":"https:\/\/www.xn--tuksimaailm-ffb.ee\/fi\/shop\/segway-ninebot-kahvat-es1-es2-es4\/","og_site_name":"T\u00f5uksimaailm","article_publisher":"https:\/\/www.facebook.com\/touksimaailm\/","og_image":[{"width":526,"height":534,"url":"https:\/\/www.xn--tuksimaailm-ffb.ee\/wp-content\/uploads\/2021\/01\/segway-k\u00e4epidemed-1.jpg","type":"image\/jpeg"}],"twitter_card":"summary_large_image","twitter_misc":{"Saatavuus":"Varastossa"},"schema":{"@context":"https:\/\/schema.org","@graph":[{"@type":"WebPage","@id":"https:\/\/www.xn--tuksimaailm-ffb.ee\/fi\/shop\/segway-ninebot-kahvat-es1-es2-es4\/","url":"https:\/\/www.xn--tuksimaailm-ffb.ee\/fi\/shop\/segway-ninebot-kahvat-es1-es2-es4\/","name":"Segway Ninebot kahvat ES1 ES2 ES4 &#8212; T\u00f5uksimaailm","isPartOf":{"@id":"https:\/\/www.xn--tuksimaailm-ffb.ee\/fi\/#website"},"primaryImageOfPage":{"@id":"https:\/\/www.xn--tuksimaailm-ffb.ee\/fi\/shop\/segway-ninebot-kahvat-es1-es2-es4\/#primaryimage"},"image":{"@id":"https:\/\/www.xn--tuksimaailm-ffb.ee\/fi\/shop\/segway-ninebot-kahvat-es1-es2-es4\/#primaryimage"},"thumbnailUrl":"https:\/\/www.xn--tuksimaailm-ffb.ee\/wp-content\/uploads\/2021\/01\/segway-k\u00e4epidemed-1.jpg","datePublished":"2021-01-18T17:10:06+00:00","description":"Segway Ninebot k\u00e4epidemed (ka ruskad, gripid), 2 k\u00e4epidet, elektrit\u00f5ukerattale Segway Ninebot ES1, ES2, ES3, ES4. Segway elektrit\u00f5ukeratas ja varuosad.","breadcrumb":{"@id":"https:\/\/www.xn--tuksimaailm-ffb.ee\/fi\/shop\/segway-ninebot-kahvat-es1-es2-es4\/#breadcrumb"},"inLanguage":"fi","potentialAction":[{"@type":"ReadAction","target":["https:\/\/www.xn--tuksimaailm-ffb.ee\/fi\/shop\/segway-ninebot-kahvat-es1-es2-es4\/"]}]},{"@type":"ImageObject","inLanguage":"fi","@id":"https:\/\/www.xn--tuksimaailm-ffb.ee\/fi\/shop\/segway-ninebot-kahvat-es1-es2-es4\/#primaryimage","url":"https:\/\/www.xn--tuksimaailm-ffb.ee\/wp-content\/uploads\/2021\/01\/segway-k\u00e4epidemed-1.jpg","contentUrl":"https:\/\/www.xn--tuksimaailm-ffb.ee\/wp-content\/uploads\/2021\/01\/segway-k\u00e4epidemed-1.jpg","width":526,"height":534},{"@type":"BreadcrumbList","@id":"https:\/\/www.xn--tuksimaailm-ffb.ee\/fi\/shop\/segway-ninebot-kahvat-es1-es2-es4\/#breadcrumb","itemListElement":[{"@type":"ListItem","position":1,"name":"Home","item":"https:\/\/www.xn--tuksimaailm-ffb.ee\/fi\/kotisivu\/"},{"@type":"ListItem","position":2,"name":"Kauppa","item":"https:\/\/www.xn--tuksimaailm-ffb.ee\/elektritoukerataste-pood\/"},{"@type":"ListItem","position":3,"name":"Segway Ninebot kahvat ES1 ES2 ES4"}]},{"@type":"WebSite","@id":"https:\/\/www.xn--tuksimaailm-ffb.ee\/fi\/#website","url":"https:\/\/www.xn--tuksimaailm-ffb.ee\/fi\/","name":"T\u00f5uksimaailm","description":"Elektrit\u00f5ukerataste m\u00fc\u00fck, remont ja rent","publisher":{"@id":"https:\/\/www.xn--tuksimaailm-ffb.ee\/fi\/#organization"},"potentialAction":[{"@type":"SearchAction","target":{"@type":"EntryPoint","urlTemplate":"https:\/\/www.xn--tuksimaailm-ffb.ee\/fi\/?s={search_term_string}"},"query-input":{"@type":"PropertyValueSpecification","valueRequired":true,"valueName":"search_term_string"}}],"inLanguage":"fi"},{"@type":"Organization","@id":"https:\/\/www.xn--tuksimaailm-ffb.ee\/fi\/#organization","name":"T\u00f5uksimaailm","url":"https:\/\/www.xn--tuksimaailm-ffb.ee\/fi\/","logo":{"@type":"ImageObject","inLanguage":"fi","@id":"https:\/\/www.xn--tuksimaailm-ffb.ee\/fi\/#\/schema\/logo\/image\/","url":"https:\/\/www.xn--tuksimaailm-ffb.ee\/wp-content\/uploads\/2020\/01\/logoz-e1579792875517.png","contentUrl":"https:\/\/www.xn--tuksimaailm-ffb.ee\/wp-content\/uploads\/2020\/01\/logoz-e1579792875517.png","width":250,"height":250,"caption":"T\u00f5uksimaailm"},"image":{"@id":"https:\/\/www.xn--tuksimaailm-ffb.ee\/fi\/#\/schema\/logo\/image\/"},"sameAs":["https:\/\/www.facebook.com\/touksimaailm\/","https:\/\/www.instagram.com\/touksimaailm_\/","https:\/\/www.youtube.com\/channel\/UC18ml0EKIDLP1xGuQjFzcXQ"]}]},"og_availability":"instock","product_availability":"instock","product_condition":"new"},"jetpack_sharing_enabled":true,"_links":{"self":[{"href":"https:\/\/www.xn--tuksimaailm-ffb.ee\/fi\/wp-json\/wp\/v2\/product\/55988","targetHints":{"allow":["GET"]}}],"collection":[{"href":"https:\/\/www.xn--tuksimaailm-ffb.ee\/fi\/wp-json\/wp\/v2\/product"}],"about":[{"href":"https:\/\/www.xn--tuksimaailm-ffb.ee\/fi\/wp-json\/wp\/v2\/types\/product"}],"wp:featuredmedia":[{"embeddable":true,"href":"https:\/\/www.xn--tuksimaailm-ffb.ee\/fi\/wp-json\/wp\/v2\/media\/22575"}],"wp:attachment":[{"href":"https:\/\/www.xn--tuksimaailm-ffb.ee\/fi\/wp-json\/wp\/v2\/media?parent=55988"}],"wp:term":[{"taxonomy":"product_brand","embeddable":true,"href":"https:\/\/www.xn--tuksimaailm-ffb.ee\/fi\/wp-json\/wp\/v2\/product_brand?post=55988"},{"taxonomy":"product_cat","embeddable":true,"href":"https:\/\/www.xn--tuksimaailm-ffb.ee\/fi\/wp-json\/wp\/v2\/product_cat?post=55988"},{"taxonomy":"product_tag","embeddable":true,"href":"https:\/\/www.xn--tuksimaailm-ffb.ee\/fi\/wp-json\/wp\/v2\/product_tag?post=55988"},{"taxonomy":"filter_elektritoukeratas","embeddable":true,"href":"https:\/\/www.xn--tuksimaailm-ffb.ee\/fi\/wp-json\/wp\/v2\/filter_elektritoukeratas?post=55988"}],"curies":[{"name":"wp","href":"https:\/\/api.w.org\/{rel}","templated":true}]}}