{"id":55991,"date":"2021-01-18T18:43:49","date_gmt":"2021-01-18T16:43:49","guid":{"rendered":"http:\/\/www.xn--tuksimaailm-ffb.ee\/shop\/segway-ninebot-es-kokoontaitemisen-koukku-es4\/"},"modified":"2021-01-18T18:43:49","modified_gmt":"2021-01-18T15:43:49","slug":"segway-ninebot-es-kokoontaitemisen-koukku-es4","status":"publish","type":"product","link":"https:\/\/www.xn--tuksimaailm-ffb.ee\/fi\/shop\/segway-ninebot-es-kokoontaitemisen-koukku-es4\/","title":{"rendered":"Segway Ninebot ES kokoontaitemisen koukku ES4"},"content":{"rendered":"<p>Segway Ninebot ES -taittokoukku (my\u00f6s laukkukoukku, taittokoukku). Taittokoukun vaihto on tarpeen, kun koukun k\u00e4rki on katkennut s\u00e4hk\u00f6potkulautailijan etuosan liiallisen kirist\u00e4misen vuoksi katkaisuhetkell\u00e4 tai jonkin muun ulkoisen vaurion vuoksi, eik\u00e4 s\u00e4hk\u00f6potkulautailijaa voida en\u00e4\u00e4 lukita taitettuun asentoon.<\/p>\n<p>Segway Ninebot ES -turvakoukku sopii alkuper\u00e4iseen Segway-s\u00e4hk\u00f6skootteriin <a><strong>Ninebot ES2<\/strong><\/a> ja<a><strong>Ninebot ES4<\/strong><\/a><strong>. <\/strong>Se sopii my\u00f6s harvinaisempiin <a><strong>Ninebot ES1<\/strong><\/a> ja <strong>ES3<\/strong> -s\u00e4hk\u00f6skoottereihin<strong>.<\/strong> Jos skootterisi on huollettava tai murtokoukku vaihdettava, kokenut <a><strong>skootterikorjaamomme<\/strong><\/a> voi auttaa.<\/p>\n","protected":false},"excerpt":{"rendered":"<p>Segway Ninebot ES -taittokoukku (my\u00f6s laukkukoukku, taittokoukku). Taittokoukun vaihto on tarpeen, kun koukun k\u00e4rki on katkennut s\u00e4hk\u00f6potkulautailijan etuosan liiallisen kirist\u00e4misen vuoksi katkaisuhetkell\u00e4 tai jonkin muun ulkoisen vaurion vuoksi, eik\u00e4 s\u00e4hk\u00f6potkulautailijaa voida en\u00e4\u00e4 lukita taitettuun asentoon. Segway Ninebot ES -turvakoukku sopii alkuper\u00e4iseen Segway-s\u00e4hk\u00f6skootteriin Ninebot ES2 jaNinebot ES4. Se sopii my\u00f6s harvinaisempiin &hellip;<\/p>\n","protected":false},"featured_media":22572,"template":"","meta":[],"product_brand":[],"product_cat":[1697,1698],"product_tag":[3335,3268],"filter_elektritoukeratas":[2636,2635],"class_list":{"0":"post-55991","1":"product","2":"type-product","3":"status-publish","4":"has-post-thumbnail","6":"product_cat-lisavarusteet","7":"product_cat-varaosat","8":"product_tag-kotikonksud","9":"product_tag-segway-ninebot-varuosad-fi","10":"filter_elektritoukeratas-ft_segway_ninebot_e22e_e35e_e45e","11":"filter_elektritoukeratas-ft_segway_ninebot_es1_es2_es4","13":"first","14":"instock","15":"taxable","16":"shipping-taxable","17":"purchasable","18":"product-type-simple"},"yoast_head":"<!-- This site is optimized with the Yoast SEO Premium plugin v26.8 (Yoast SEO v27.5) - https:\/\/yoast.com\/product\/yoast-seo-premium-wordpress\/ -->\n<title>Segway Ninebot ES kokoontaitemisen koukku ES4 | T\u00f5uksimaailm<\/title>\n<meta name=\"description\" content=\"Segway Ninebot ES kokku murdmise konks (ka kotikonks, kokku klappimise haak), elektrilisele t\u00f5ukerattale Segway Ninebot ES1, ES2, ES3, ES4. Segway varuosad.\" \/>\n<meta name=\"robots\" content=\"index, follow, max-snippet:-1, max-image-preview:large, max-video-preview:-1\" \/>\n<link rel=\"canonical\" href=\"https:\/\/www.xn--tuksimaailm-ffb.ee\/fi\/shop\/segway-ninebot-es-kokoontaitemisen-koukku-es4\/\" \/>\n<meta property=\"og:locale\" content=\"fi_FI\" \/>\n<meta property=\"og:type\" content=\"article\" \/>\n<meta property=\"og:title\" content=\"Segway Ninebot ES kokoontaitemisen koukku ES4\" \/>\n<meta property=\"og:description\" content=\"Segway Ninebot ES kokku murdmise konks (ka kotikonks, kokku klappimise haak), elektrilisele t\u00f5ukerattale Segway Ninebot ES1, ES2, ES3, ES4. Segway varuosad.\" \/>\n<meta property=\"og:url\" content=\"https:\/\/www.xn--tuksimaailm-ffb.ee\/fi\/shop\/segway-ninebot-es-kokoontaitemisen-koukku-es4\/\" \/>\n<meta property=\"og:site_name\" content=\"T\u00f5uksimaailm\" \/>\n<meta property=\"article:publisher\" content=\"https:\/\/www.facebook.com\/touksimaailm\/\" \/>\n<meta property=\"og:image\" content=\"https:\/\/www.xn--tuksimaailm-ffb.ee\/wp-content\/uploads\/2021\/01\/es-konks.jpg\" \/>\n\t<meta property=\"og:image:width\" content=\"481\" \/>\n\t<meta property=\"og:image:height\" content=\"476\" \/>\n\t<meta property=\"og:image:type\" content=\"image\/jpeg\" \/>\n<meta name=\"twitter:card\" content=\"summary_large_image\" \/>\n<meta name=\"twitter:label1\" content=\"Hinta\" \/>\n\t<meta name=\"twitter:data1\" content=\"&euro;7.50\" \/>\n\t<meta name=\"twitter:label2\" content=\"Saatavuus\" \/>\n\t<meta name=\"twitter:data2\" content=\"Varastossa\" \/>\n<meta property=\"product:price:amount\" content=\"7.50\" \/>\n<meta property=\"product:price:currency\" content=\"EUR\" \/>\n<meta property=\"og:availability\" content=\"instock\" \/>\n<meta property=\"product:availability\" content=\"instock\" \/>\n<meta property=\"product:condition\" content=\"new\" \/>\n<!-- \/ Yoast SEO Premium plugin. -->","yoast_head_json":{"title":"Segway Ninebot ES kokoontaitemisen koukku ES4 | T\u00f5uksimaailm","description":"Segway Ninebot ES kokku murdmise konks (ka kotikonks, kokku klappimise haak), elektrilisele t\u00f5ukerattale Segway Ninebot ES1, ES2, ES3, ES4. Segway varuosad.","robots":{"index":"index","follow":"follow","max-snippet":"max-snippet:-1","max-image-preview":"max-image-preview:large","max-video-preview":"max-video-preview:-1"},"canonical":"https:\/\/www.xn--tuksimaailm-ffb.ee\/fi\/shop\/segway-ninebot-es-kokoontaitemisen-koukku-es4\/","og_locale":"fi_FI","og_type":"article","og_title":"Segway Ninebot ES kokoontaitemisen koukku ES4","og_description":"Segway Ninebot ES kokku murdmise konks (ka kotikonks, kokku klappimise haak), elektrilisele t\u00f5ukerattale Segway Ninebot ES1, ES2, ES3, ES4. Segway varuosad.","og_url":"https:\/\/www.xn--tuksimaailm-ffb.ee\/fi\/shop\/segway-ninebot-es-kokoontaitemisen-koukku-es4\/","og_site_name":"T\u00f5uksimaailm","article_publisher":"https:\/\/www.facebook.com\/touksimaailm\/","og_image":[{"width":481,"height":476,"url":"https:\/\/www.xn--tuksimaailm-ffb.ee\/wp-content\/uploads\/2021\/01\/es-konks.jpg","type":"image\/jpeg"}],"twitter_card":"summary_large_image","twitter_misc":{"Hinta":"&euro;7.50","Saatavuus":"Varastossa"},"schema":{"@context":"https:\/\/schema.org","@graph":[{"@type":"WebPage","@id":"https:\/\/www.xn--tuksimaailm-ffb.ee\/fi\/shop\/segway-ninebot-es-kokoontaitemisen-koukku-es4\/","url":"https:\/\/www.xn--tuksimaailm-ffb.ee\/fi\/shop\/segway-ninebot-es-kokoontaitemisen-koukku-es4\/","name":"Segway Ninebot ES kokoontaitemisen koukku ES4 | T\u00f5uksimaailm","isPartOf":{"@id":"https:\/\/www.xn--tuksimaailm-ffb.ee\/fi\/#website"},"primaryImageOfPage":{"@id":"https:\/\/www.xn--tuksimaailm-ffb.ee\/fi\/shop\/segway-ninebot-es-kokoontaitemisen-koukku-es4\/#primaryimage"},"image":{"@id":"https:\/\/www.xn--tuksimaailm-ffb.ee\/fi\/shop\/segway-ninebot-es-kokoontaitemisen-koukku-es4\/#primaryimage"},"thumbnailUrl":"https:\/\/www.xn--tuksimaailm-ffb.ee\/wp-content\/uploads\/2021\/01\/es-konks.jpg","datePublished":"2021-01-18T16:43:49+00:00","description":"Segway Ninebot ES kokku murdmise konks (ka kotikonks, kokku klappimise haak), elektrilisele t\u00f5ukerattale Segway Ninebot ES1, ES2, ES3, ES4. Segway varuosad.","breadcrumb":{"@id":"https:\/\/www.xn--tuksimaailm-ffb.ee\/fi\/shop\/segway-ninebot-es-kokoontaitemisen-koukku-es4\/#breadcrumb"},"inLanguage":"fi","potentialAction":[{"@type":"ReadAction","target":["https:\/\/www.xn--tuksimaailm-ffb.ee\/fi\/shop\/segway-ninebot-es-kokoontaitemisen-koukku-es4\/"]}]},{"@type":"ImageObject","inLanguage":"fi","@id":"https:\/\/www.xn--tuksimaailm-ffb.ee\/fi\/shop\/segway-ninebot-es-kokoontaitemisen-koukku-es4\/#primaryimage","url":"https:\/\/www.xn--tuksimaailm-ffb.ee\/wp-content\/uploads\/2021\/01\/es-konks.jpg","contentUrl":"https:\/\/www.xn--tuksimaailm-ffb.ee\/wp-content\/uploads\/2021\/01\/es-konks.jpg","width":481,"height":476},{"@type":"BreadcrumbList","@id":"https:\/\/www.xn--tuksimaailm-ffb.ee\/fi\/shop\/segway-ninebot-es-kokoontaitemisen-koukku-es4\/#breadcrumb","itemListElement":[{"@type":"ListItem","position":1,"name":"Home","item":"https:\/\/www.xn--tuksimaailm-ffb.ee\/fi\/kotisivu\/"},{"@type":"ListItem","position":2,"name":"Kauppa","item":"https:\/\/www.xn--tuksimaailm-ffb.ee\/elektritoukerataste-pood\/"},{"@type":"ListItem","position":3,"name":"Segway Ninebot ES kokoontaitemisen koukku ES4"}]},{"@type":"WebSite","@id":"https:\/\/www.xn--tuksimaailm-ffb.ee\/fi\/#website","url":"https:\/\/www.xn--tuksimaailm-ffb.ee\/fi\/","name":"T\u00f5uksimaailm","description":"Elektrit\u00f5ukerataste m\u00fc\u00fck, remont ja rent","publisher":{"@id":"https:\/\/www.xn--tuksimaailm-ffb.ee\/fi\/#organization"},"potentialAction":[{"@type":"SearchAction","target":{"@type":"EntryPoint","urlTemplate":"https:\/\/www.xn--tuksimaailm-ffb.ee\/fi\/?s={search_term_string}"},"query-input":{"@type":"PropertyValueSpecification","valueRequired":true,"valueName":"search_term_string"}}],"inLanguage":"fi"},{"@type":"Organization","@id":"https:\/\/www.xn--tuksimaailm-ffb.ee\/fi\/#organization","name":"T\u00f5uksimaailm","url":"https:\/\/www.xn--tuksimaailm-ffb.ee\/fi\/","logo":{"@type":"ImageObject","inLanguage":"fi","@id":"https:\/\/www.xn--tuksimaailm-ffb.ee\/fi\/#\/schema\/logo\/image\/","url":"https:\/\/www.xn--tuksimaailm-ffb.ee\/wp-content\/uploads\/2020\/01\/logoz-e1579792875517.png","contentUrl":"https:\/\/www.xn--tuksimaailm-ffb.ee\/wp-content\/uploads\/2020\/01\/logoz-e1579792875517.png","width":250,"height":250,"caption":"T\u00f5uksimaailm"},"image":{"@id":"https:\/\/www.xn--tuksimaailm-ffb.ee\/fi\/#\/schema\/logo\/image\/"},"sameAs":["https:\/\/www.facebook.com\/touksimaailm\/","https:\/\/www.instagram.com\/touksimaailm_\/","https:\/\/www.youtube.com\/channel\/UC18ml0EKIDLP1xGuQjFzcXQ"]}]},"product_price_amount":"7.50","product_price_currency":"EUR","og_availability":"instock","product_availability":"instock","product_condition":"new"},"jetpack_sharing_enabled":true,"_links":{"self":[{"href":"https:\/\/www.xn--tuksimaailm-ffb.ee\/fi\/wp-json\/wp\/v2\/product\/55991","targetHints":{"allow":["GET"]}}],"collection":[{"href":"https:\/\/www.xn--tuksimaailm-ffb.ee\/fi\/wp-json\/wp\/v2\/product"}],"about":[{"href":"https:\/\/www.xn--tuksimaailm-ffb.ee\/fi\/wp-json\/wp\/v2\/types\/product"}],"wp:featuredmedia":[{"embeddable":true,"href":"https:\/\/www.xn--tuksimaailm-ffb.ee\/fi\/wp-json\/wp\/v2\/media\/22572"}],"wp:attachment":[{"href":"https:\/\/www.xn--tuksimaailm-ffb.ee\/fi\/wp-json\/wp\/v2\/media?parent=55991"}],"wp:term":[{"taxonomy":"product_brand","embeddable":true,"href":"https:\/\/www.xn--tuksimaailm-ffb.ee\/fi\/wp-json\/wp\/v2\/product_brand?post=55991"},{"taxonomy":"product_cat","embeddable":true,"href":"https:\/\/www.xn--tuksimaailm-ffb.ee\/fi\/wp-json\/wp\/v2\/product_cat?post=55991"},{"taxonomy":"product_tag","embeddable":true,"href":"https:\/\/www.xn--tuksimaailm-ffb.ee\/fi\/wp-json\/wp\/v2\/product_tag?post=55991"},{"taxonomy":"filter_elektritoukeratas","embeddable":true,"href":"https:\/\/www.xn--tuksimaailm-ffb.ee\/fi\/wp-json\/wp\/v2\/filter_elektritoukeratas?post=55991"}],"curies":[{"name":"wp","href":"https:\/\/api.w.org\/{rel}","templated":true}]}}