{"id":55992,"date":"2021-01-18T18:10:03","date_gmt":"2021-01-18T16:10:03","guid":{"rendered":"http:\/\/www.xn--tuksimaailm-ffb.ee\/shop\/segway-ninebot-es-ylimaarainen-paristopidike-pidike-es2-es4\/"},"modified":"2021-01-18T18:10:03","modified_gmt":"2021-01-18T15:10:03","slug":"segway-ninebot-es-ylimaarainen-paristopidike-pidike-es2-es4","status":"publish","type":"product","link":"https:\/\/www.xn--tuksimaailm-ffb.ee\/fi\/shop\/segway-ninebot-es-ylimaarainen-paristopidike-pidike-es2-es4\/","title":{"rendered":"Segway Ninebot ES ylim\u00e4\u00e4r\u00e4inen paristopidike\/pidike ES2 ES4"},"content":{"rendered":"<p>Segway Ninebot ES lis\u00e4akun pidike (my\u00f6s ulkoinen akun pidike runkoon, akkukehikko). Ulkoinen akunpidin tarvitaan, jos sinulla on <a href=\"http:\/\/www.xn--tuksimaailm-ffb.ee\/shop\/segway-ninebot-es-lisaaku-originaal-es1-es2-es3-es4\/\">Ninebotin lis\u00e4akku<\/a>, mutta sen mukana ei tullut akkukehyst\u00e4, jota tarvitaan akun kiinnitt\u00e4miseen. Ulkoinen akunpidike on my\u00f6s vaihdettava, jos pidikkeen sis\u00e4ll\u00e4 olevat ruuvikierteet ovat vaurioituneet tai jos akunpidike on v\u00e4\u00e4ntynyt ulkoisen iskun vaikutuksesta, eik\u00e4 akku saa kunnolla kiinni (suosittu <a href=\"https:\/\/www.passiongadgets.com\/segway-ninebot-es2-error-code\/\">vika numero 42<\/a> syy).<\/p>\n<p>Segway Ninebot ES -lis\u00e4akun pidike sopii alkuper\u00e4iseen Segway-s\u00e4hk\u00f6skootteriin <a><strong>Ninebot ES2<\/strong><\/a> ja <a><strong>Ninebot ES4<\/strong><\/a><strong>.<\/strong> Se sopii my\u00f6s harvinaisempiin <a><strong>Ninebot ES1<\/strong><\/a> ja <strong>ES3<\/strong> -s\u00e4hk\u00f6skoottereihin<strong>.<\/strong> Lis\u00e4akun pidike sopii my\u00f6s uusiin malleihin Ninebot E22E, E25E ja E45E. Jos sinun on korjattava skootterisi tai vaihdettava akunpidike, kokenut <a><strong>skootteri korjaamommevoi<\/strong><\/a>auttaa.<\/p>\n","protected":false},"excerpt":{"rendered":"<p>Segway Ninebot ES lis\u00e4akun pidike (my\u00f6s ulkoinen akun pidike runkoon, akkukehikko). Ulkoinen akunpidin tarvitaan, jos sinulla on Ninebotin lis\u00e4akku, mutta sen mukana ei tullut akkukehyst\u00e4, jota tarvitaan akun kiinnitt\u00e4miseen. Ulkoinen akunpidike on my\u00f6s vaihdettava, jos pidikkeen sis\u00e4ll\u00e4 olevat ruuvikierteet ovat vaurioituneet tai jos akunpidike on v\u00e4\u00e4ntynyt ulkoisen iskun vaikutuksesta, eik\u00e4 &hellip;<\/p>\n","protected":false},"featured_media":22569,"template":"","meta":[],"product_brand":[],"product_cat":[1697,1698],"product_tag":[3268],"filter_elektritoukeratas":[2636,2635],"class_list":{"0":"post-55992","1":"product","2":"type-product","3":"status-publish","4":"has-post-thumbnail","6":"product_cat-lisavarusteet","7":"product_cat-varaosat","8":"product_tag-segway-ninebot-varuosad-fi","9":"filter_elektritoukeratas-ft_segway_ninebot_e22e_e35e_e45e","10":"filter_elektritoukeratas-ft_segway_ninebot_es1_es2_es4","12":"first","13":"instock","14":"taxable","15":"shipping-taxable","16":"purchasable","17":"product-type-simple"},"yoast_head":"<!-- This site is optimized with the Yoast SEO Premium plugin v26.8 (Yoast SEO v27.5) - https:\/\/yoast.com\/product\/yoast-seo-premium-wordpress\/ -->\n<title>Segway Ninebot ES ylim\u00e4\u00e4r\u00e4inen paristopidike\/pidike ES2 ES4 | T\u00f5uksimaailm<\/title>\n<meta name=\"description\" content=\"Segway Ninebot ES lisaaku hoidja (ka v\u00e4lise aku hoidik raamile, aku raam), sobib elektrit\u00f5ukerattale Segway Ninebot ES1, ES2, ES3, ES4. Segway varuosad.\" \/>\n<meta name=\"robots\" content=\"index, follow, max-snippet:-1, max-image-preview:large, max-video-preview:-1\" \/>\n<link rel=\"canonical\" href=\"https:\/\/www.xn--tuksimaailm-ffb.ee\/fi\/shop\/segway-ninebot-es-ylimaarainen-paristopidike-pidike-es2-es4\/\" \/>\n<meta property=\"og:locale\" content=\"fi_FI\" \/>\n<meta property=\"og:type\" content=\"article\" \/>\n<meta property=\"og:title\" content=\"Segway Ninebot ES ylim\u00e4\u00e4r\u00e4inen paristopidike\/pidike ES2 ES4\" \/>\n<meta property=\"og:description\" content=\"Segway Ninebot ES lisaaku hoidja (ka v\u00e4lise aku hoidik raamile, aku raam), sobib elektrit\u00f5ukerattale Segway Ninebot ES1, ES2, ES3, ES4. Segway varuosad.\" \/>\n<meta property=\"og:url\" content=\"https:\/\/www.xn--tuksimaailm-ffb.ee\/fi\/shop\/segway-ninebot-es-ylimaarainen-paristopidike-pidike-es2-es4\/\" \/>\n<meta property=\"og:site_name\" content=\"T\u00f5uksimaailm\" \/>\n<meta property=\"article:publisher\" content=\"https:\/\/www.facebook.com\/touksimaailm\/\" \/>\n<meta property=\"og:image\" content=\"https:\/\/www.xn--tuksimaailm-ffb.ee\/wp-content\/uploads\/2021\/01\/es-aku-hoidja-1.jpg\" \/>\n\t<meta property=\"og:image:width\" content=\"621\" \/>\n\t<meta property=\"og:image:height\" content=\"544\" \/>\n\t<meta property=\"og:image:type\" content=\"image\/jpeg\" \/>\n<meta name=\"twitter:card\" content=\"summary_large_image\" \/>\n<meta name=\"twitter:label1\" content=\"Hinta\" \/>\n\t<meta name=\"twitter:data1\" content=\"&euro;18.90\" \/>\n\t<meta name=\"twitter:label2\" content=\"Saatavuus\" \/>\n\t<meta name=\"twitter:data2\" content=\"Varastossa\" \/>\n<meta property=\"product:price:amount\" content=\"18.90\" \/>\n<meta property=\"product:price:currency\" content=\"EUR\" \/>\n<meta property=\"og:availability\" content=\"instock\" \/>\n<meta property=\"product:availability\" content=\"instock\" \/>\n<meta property=\"product:retailer_item_id\" content=\"LISAAKU-ES-HOIDJA\" \/>\n<meta property=\"product:condition\" content=\"new\" \/>\n<!-- \/ Yoast SEO Premium plugin. -->","yoast_head_json":{"title":"Segway Ninebot ES ylim\u00e4\u00e4r\u00e4inen paristopidike\/pidike ES2 ES4 | T\u00f5uksimaailm","description":"Segway Ninebot ES lisaaku hoidja (ka v\u00e4lise aku hoidik raamile, aku raam), sobib elektrit\u00f5ukerattale Segway Ninebot ES1, ES2, ES3, ES4. Segway varuosad.","robots":{"index":"index","follow":"follow","max-snippet":"max-snippet:-1","max-image-preview":"max-image-preview:large","max-video-preview":"max-video-preview:-1"},"canonical":"https:\/\/www.xn--tuksimaailm-ffb.ee\/fi\/shop\/segway-ninebot-es-ylimaarainen-paristopidike-pidike-es2-es4\/","og_locale":"fi_FI","og_type":"article","og_title":"Segway Ninebot ES ylim\u00e4\u00e4r\u00e4inen paristopidike\/pidike ES2 ES4","og_description":"Segway Ninebot ES lisaaku hoidja (ka v\u00e4lise aku hoidik raamile, aku raam), sobib elektrit\u00f5ukerattale Segway Ninebot ES1, ES2, ES3, ES4. Segway varuosad.","og_url":"https:\/\/www.xn--tuksimaailm-ffb.ee\/fi\/shop\/segway-ninebot-es-ylimaarainen-paristopidike-pidike-es2-es4\/","og_site_name":"T\u00f5uksimaailm","article_publisher":"https:\/\/www.facebook.com\/touksimaailm\/","og_image":[{"width":621,"height":544,"url":"https:\/\/www.xn--tuksimaailm-ffb.ee\/wp-content\/uploads\/2021\/01\/es-aku-hoidja-1.jpg","type":"image\/jpeg"}],"twitter_card":"summary_large_image","twitter_misc":{"Hinta":"&euro;18.90","Saatavuus":"Varastossa"},"schema":{"@context":"https:\/\/schema.org","@graph":[{"@type":"WebPage","@id":"https:\/\/www.xn--tuksimaailm-ffb.ee\/fi\/shop\/segway-ninebot-es-ylimaarainen-paristopidike-pidike-es2-es4\/","url":"https:\/\/www.xn--tuksimaailm-ffb.ee\/fi\/shop\/segway-ninebot-es-ylimaarainen-paristopidike-pidike-es2-es4\/","name":"Segway Ninebot ES ylim\u00e4\u00e4r\u00e4inen paristopidike\/pidike ES2 ES4 | T\u00f5uksimaailm","isPartOf":{"@id":"https:\/\/www.xn--tuksimaailm-ffb.ee\/fi\/#website"},"primaryImageOfPage":{"@id":"https:\/\/www.xn--tuksimaailm-ffb.ee\/fi\/shop\/segway-ninebot-es-ylimaarainen-paristopidike-pidike-es2-es4\/#primaryimage"},"image":{"@id":"https:\/\/www.xn--tuksimaailm-ffb.ee\/fi\/shop\/segway-ninebot-es-ylimaarainen-paristopidike-pidike-es2-es4\/#primaryimage"},"thumbnailUrl":"https:\/\/www.xn--tuksimaailm-ffb.ee\/wp-content\/uploads\/2021\/01\/es-aku-hoidja-1.jpg","datePublished":"2021-01-18T16:10:03+00:00","description":"Segway Ninebot ES lisaaku hoidja (ka v\u00e4lise aku hoidik raamile, aku raam), sobib elektrit\u00f5ukerattale Segway Ninebot ES1, ES2, ES3, ES4. Segway varuosad.","breadcrumb":{"@id":"https:\/\/www.xn--tuksimaailm-ffb.ee\/fi\/shop\/segway-ninebot-es-ylimaarainen-paristopidike-pidike-es2-es4\/#breadcrumb"},"inLanguage":"fi","potentialAction":[{"@type":"ReadAction","target":["https:\/\/www.xn--tuksimaailm-ffb.ee\/fi\/shop\/segway-ninebot-es-ylimaarainen-paristopidike-pidike-es2-es4\/"]}]},{"@type":"ImageObject","inLanguage":"fi","@id":"https:\/\/www.xn--tuksimaailm-ffb.ee\/fi\/shop\/segway-ninebot-es-ylimaarainen-paristopidike-pidike-es2-es4\/#primaryimage","url":"https:\/\/www.xn--tuksimaailm-ffb.ee\/wp-content\/uploads\/2021\/01\/es-aku-hoidja-1.jpg","contentUrl":"https:\/\/www.xn--tuksimaailm-ffb.ee\/wp-content\/uploads\/2021\/01\/es-aku-hoidja-1.jpg","width":621,"height":544},{"@type":"BreadcrumbList","@id":"https:\/\/www.xn--tuksimaailm-ffb.ee\/fi\/shop\/segway-ninebot-es-ylimaarainen-paristopidike-pidike-es2-es4\/#breadcrumb","itemListElement":[{"@type":"ListItem","position":1,"name":"Home","item":"https:\/\/www.xn--tuksimaailm-ffb.ee\/fi\/kotisivu\/"},{"@type":"ListItem","position":2,"name":"Kauppa","item":"https:\/\/www.xn--tuksimaailm-ffb.ee\/elektritoukerataste-pood\/"},{"@type":"ListItem","position":3,"name":"Segway Ninebot ES ylim\u00e4\u00e4r\u00e4inen paristopidike\/pidike ES2 ES4"}]},{"@type":"WebSite","@id":"https:\/\/www.xn--tuksimaailm-ffb.ee\/fi\/#website","url":"https:\/\/www.xn--tuksimaailm-ffb.ee\/fi\/","name":"T\u00f5uksimaailm","description":"Elektrit\u00f5ukerataste m\u00fc\u00fck, remont ja rent","publisher":{"@id":"https:\/\/www.xn--tuksimaailm-ffb.ee\/fi\/#organization"},"potentialAction":[{"@type":"SearchAction","target":{"@type":"EntryPoint","urlTemplate":"https:\/\/www.xn--tuksimaailm-ffb.ee\/fi\/?s={search_term_string}"},"query-input":{"@type":"PropertyValueSpecification","valueRequired":true,"valueName":"search_term_string"}}],"inLanguage":"fi"},{"@type":"Organization","@id":"https:\/\/www.xn--tuksimaailm-ffb.ee\/fi\/#organization","name":"T\u00f5uksimaailm","url":"https:\/\/www.xn--tuksimaailm-ffb.ee\/fi\/","logo":{"@type":"ImageObject","inLanguage":"fi","@id":"https:\/\/www.xn--tuksimaailm-ffb.ee\/fi\/#\/schema\/logo\/image\/","url":"https:\/\/www.xn--tuksimaailm-ffb.ee\/wp-content\/uploads\/2020\/01\/logoz-e1579792875517.png","contentUrl":"https:\/\/www.xn--tuksimaailm-ffb.ee\/wp-content\/uploads\/2020\/01\/logoz-e1579792875517.png","width":250,"height":250,"caption":"T\u00f5uksimaailm"},"image":{"@id":"https:\/\/www.xn--tuksimaailm-ffb.ee\/fi\/#\/schema\/logo\/image\/"},"sameAs":["https:\/\/www.facebook.com\/touksimaailm\/","https:\/\/www.instagram.com\/touksimaailm_\/","https:\/\/www.youtube.com\/channel\/UC18ml0EKIDLP1xGuQjFzcXQ"]}]},"product_price_amount":"18.90","product_price_currency":"EUR","og_availability":"instock","product_availability":"instock","product_retailer_item_id":"LISAAKU-ES-HOIDJA","product_condition":"new"},"jetpack_sharing_enabled":true,"_links":{"self":[{"href":"https:\/\/www.xn--tuksimaailm-ffb.ee\/fi\/wp-json\/wp\/v2\/product\/55992","targetHints":{"allow":["GET"]}}],"collection":[{"href":"https:\/\/www.xn--tuksimaailm-ffb.ee\/fi\/wp-json\/wp\/v2\/product"}],"about":[{"href":"https:\/\/www.xn--tuksimaailm-ffb.ee\/fi\/wp-json\/wp\/v2\/types\/product"}],"wp:featuredmedia":[{"embeddable":true,"href":"https:\/\/www.xn--tuksimaailm-ffb.ee\/fi\/wp-json\/wp\/v2\/media\/22569"}],"wp:attachment":[{"href":"https:\/\/www.xn--tuksimaailm-ffb.ee\/fi\/wp-json\/wp\/v2\/media?parent=55992"}],"wp:term":[{"taxonomy":"product_brand","embeddable":true,"href":"https:\/\/www.xn--tuksimaailm-ffb.ee\/fi\/wp-json\/wp\/v2\/product_brand?post=55992"},{"taxonomy":"product_cat","embeddable":true,"href":"https:\/\/www.xn--tuksimaailm-ffb.ee\/fi\/wp-json\/wp\/v2\/product_cat?post=55992"},{"taxonomy":"product_tag","embeddable":true,"href":"https:\/\/www.xn--tuksimaailm-ffb.ee\/fi\/wp-json\/wp\/v2\/product_tag?post=55992"},{"taxonomy":"filter_elektritoukeratas","embeddable":true,"href":"https:\/\/www.xn--tuksimaailm-ffb.ee\/fi\/wp-json\/wp\/v2\/filter_elektritoukeratas?post=55992"}],"curies":[{"name":"wp","href":"https:\/\/api.w.org\/{rel}","templated":true}]}}