{"id":56567,"date":"2021-01-17T12:59:27","date_gmt":"2021-01-17T10:59:27","guid":{"rendered":"http:\/\/www.xn--tuksimaailm-ffb.ee\/shop\/xiaomi-m365-pro-takapyoran-polkimet\/"},"modified":"2021-01-17T12:59:27","modified_gmt":"2021-01-17T09:59:27","slug":"xiaomi-m365-pro-takapyoran-polkimet","status":"publish","type":"product","link":"https:\/\/www.xn--tuksimaailm-ffb.ee\/fi\/shop\/xiaomi-m365-pro-takapyoran-polkimet\/","title":{"rendered":"Xiaomi M365 \/ Pro takapy\u00f6r\u00e4n polkimet"},"content":{"rendered":"<p>Xiaomi M365 \/ Pro -polkimet takapy\u00f6r\u00e4\u00e4n (takapy\u00f6r\u00e4). Polkimien avulla s\u00e4hk\u00f6skootterin kuljettaja voi hinata seuralaisen nojautuen takapy\u00f6r\u00e4\u00e4n kiinnitettyihin polkimiin. Xiaomi M365 \/ Pro -polkimet kiinnitet\u00e4\u00e4n pultilla s\u00e4hk\u00f6potkulaitteen takapy\u00f6r\u00e4n akseliin ja ne sopivat t\u00e4ydellisesti suosittuihin<a><strong> Xiaomi M365<\/strong><\/a><strong> ja <\/strong><a><strong>Xiaomi M365 Pro<\/strong><\/a> -malleihin .<\/p>\n<p>Huom. 28.10.2020 hyv\u00e4ksytyn <a href=\"https:\/\/www.riigiteataja.ee\/akt\/113112020001\">liikennelain muuttamista koskevan lain<\/a> mukaan kevyell\u00e4 kaksipy\u00f6r\u00e4isell\u00e4 ei saa ajaa Virossa 1.1.2021 alkaen.<\/p>\n","protected":false},"excerpt":{"rendered":"<p>Xiaomi M365 \/ Pro -polkimet takapy\u00f6r\u00e4\u00e4n (takapy\u00f6r\u00e4). Polkimien avulla s\u00e4hk\u00f6skootterin kuljettaja voi hinata seuralaisen nojautuen takapy\u00f6r\u00e4\u00e4n kiinnitettyihin polkimiin. Xiaomi M365 \/ Pro -polkimet kiinnitet\u00e4\u00e4n pultilla s\u00e4hk\u00f6potkulaitteen takapy\u00f6r\u00e4n akseliin ja ne sopivat t\u00e4ydellisesti suosittuihin Xiaomi M365 ja Xiaomi M365 Pro -malleihin . Huom. 28.10.2020 hyv\u00e4ksytyn liikennelain muuttamista koskevan lain mukaan kevyell\u00e4 &hellip;<\/p>\n","protected":false},"featured_media":22539,"template":"","meta":[],"product_brand":[],"product_cat":[1697,1698],"product_tag":[],"filter_elektritoukeratas":[2613,2612],"class_list":{"0":"post-56567","1":"product","2":"type-product","3":"status-publish","4":"has-post-thumbnail","6":"product_cat-lisavarusteet","7":"product_cat-varaosat","8":"filter_elektritoukeratas-ft_xiaomi_1s_mi3_pro_2_3_lite","9":"filter_elektritoukeratas-ft_xiaomi_m365_m365_pro_essential","11":"first","12":"instock","13":"taxable","14":"shipping-taxable","15":"purchasable","16":"product-type-simple"},"yoast_head":"<!-- This site is optimized with the Yoast SEO Premium plugin v26.8 (Yoast SEO v27.5) - https:\/\/yoast.com\/product\/yoast-seo-premium-wordpress\/ -->\n<title>Xiaomi M365 \/ Pro takapy\u00f6r\u00e4n polkimet | T\u00f5uksimaailm | Lisad<\/title>\n<meta name=\"description\" content=\"Xiaomi M365 \/ Pro pedaalid tagarattale (tagumisele rattale), sobivad ideaalselt elektrit\u00f5ukerattale Xiaomi Mi M365 ja Xiaomi Mi M365 Pro. Lisavarustus.\" \/>\n<meta name=\"robots\" content=\"index, follow, max-snippet:-1, max-image-preview:large, max-video-preview:-1\" \/>\n<link rel=\"canonical\" href=\"https:\/\/www.xn--tuksimaailm-ffb.ee\/fi\/shop\/xiaomi-m365-pro-takapyoran-polkimet\/\" \/>\n<meta property=\"og:locale\" content=\"fi_FI\" \/>\n<meta property=\"og:type\" content=\"article\" \/>\n<meta property=\"og:title\" content=\"Xiaomi M365 \/ Pro takapy\u00f6r\u00e4n polkimet\" \/>\n<meta property=\"og:description\" content=\"Xiaomi M365 \/ Pro pedaalid tagarattale (tagumisele rattale), sobivad ideaalselt elektrit\u00f5ukerattale Xiaomi Mi M365 ja Xiaomi Mi M365 Pro. Lisavarustus.\" \/>\n<meta property=\"og:url\" content=\"https:\/\/www.xn--tuksimaailm-ffb.ee\/fi\/shop\/xiaomi-m365-pro-takapyoran-polkimet\/\" \/>\n<meta property=\"og:site_name\" content=\"T\u00f5uksimaailm\" \/>\n<meta property=\"article:publisher\" content=\"https:\/\/www.facebook.com\/touksimaailm\/\" \/>\n<meta property=\"og:image\" content=\"https:\/\/www.xn--tuksimaailm-ffb.ee\/wp-content\/uploads\/2021\/01\/xiaomi-pedaalid-tagarattale-1.jpg\" \/>\n\t<meta property=\"og:image:width\" content=\"559\" \/>\n\t<meta property=\"og:image:height\" content=\"492\" \/>\n\t<meta property=\"og:image:type\" content=\"image\/jpeg\" \/>\n<meta name=\"twitter:card\" content=\"summary_large_image\" \/>\n<meta name=\"twitter:label1\" content=\"Hinta\" \/>\n\t<meta name=\"twitter:data1\" content=\"&euro;18.00\" \/>\n\t<meta name=\"twitter:label2\" content=\"Saatavuus\" \/>\n\t<meta name=\"twitter:data2\" content=\"Varastossa\" \/>\n<meta property=\"product:price:amount\" content=\"18.00\" \/>\n<meta property=\"product:price:currency\" content=\"EUR\" \/>\n<meta property=\"og:availability\" content=\"instock\" \/>\n<meta property=\"product:availability\" content=\"instock\" \/>\n<meta property=\"product:condition\" content=\"new\" \/>\n<!-- \/ Yoast SEO Premium plugin. -->","yoast_head_json":{"title":"Xiaomi M365 \/ Pro takapy\u00f6r\u00e4n polkimet | T\u00f5uksimaailm | Lisad","description":"Xiaomi M365 \/ Pro pedaalid tagarattale (tagumisele rattale), sobivad ideaalselt elektrit\u00f5ukerattale Xiaomi Mi M365 ja Xiaomi Mi M365 Pro. Lisavarustus.","robots":{"index":"index","follow":"follow","max-snippet":"max-snippet:-1","max-image-preview":"max-image-preview:large","max-video-preview":"max-video-preview:-1"},"canonical":"https:\/\/www.xn--tuksimaailm-ffb.ee\/fi\/shop\/xiaomi-m365-pro-takapyoran-polkimet\/","og_locale":"fi_FI","og_type":"article","og_title":"Xiaomi M365 \/ Pro takapy\u00f6r\u00e4n polkimet","og_description":"Xiaomi M365 \/ Pro pedaalid tagarattale (tagumisele rattale), sobivad ideaalselt elektrit\u00f5ukerattale Xiaomi Mi M365 ja Xiaomi Mi M365 Pro. Lisavarustus.","og_url":"https:\/\/www.xn--tuksimaailm-ffb.ee\/fi\/shop\/xiaomi-m365-pro-takapyoran-polkimet\/","og_site_name":"T\u00f5uksimaailm","article_publisher":"https:\/\/www.facebook.com\/touksimaailm\/","og_image":[{"width":559,"height":492,"url":"https:\/\/www.xn--tuksimaailm-ffb.ee\/wp-content\/uploads\/2021\/01\/xiaomi-pedaalid-tagarattale-1.jpg","type":"image\/jpeg"}],"twitter_card":"summary_large_image","twitter_misc":{"Hinta":"&euro;18.00","Saatavuus":"Varastossa"},"schema":{"@context":"https:\/\/schema.org","@graph":[{"@type":"WebPage","@id":"https:\/\/www.xn--tuksimaailm-ffb.ee\/fi\/shop\/xiaomi-m365-pro-takapyoran-polkimet\/","url":"https:\/\/www.xn--tuksimaailm-ffb.ee\/fi\/shop\/xiaomi-m365-pro-takapyoran-polkimet\/","name":"Xiaomi M365 \/ Pro takapy\u00f6r\u00e4n polkimet | T\u00f5uksimaailm | Lisad","isPartOf":{"@id":"https:\/\/www.xn--tuksimaailm-ffb.ee\/fi\/#website"},"primaryImageOfPage":{"@id":"https:\/\/www.xn--tuksimaailm-ffb.ee\/fi\/shop\/xiaomi-m365-pro-takapyoran-polkimet\/#primaryimage"},"image":{"@id":"https:\/\/www.xn--tuksimaailm-ffb.ee\/fi\/shop\/xiaomi-m365-pro-takapyoran-polkimet\/#primaryimage"},"thumbnailUrl":"https:\/\/www.xn--tuksimaailm-ffb.ee\/wp-content\/uploads\/2021\/01\/xiaomi-pedaalid-tagarattale-1.jpg","datePublished":"2021-01-17T10:59:27+00:00","description":"Xiaomi M365 \/ Pro pedaalid tagarattale (tagumisele rattale), sobivad ideaalselt elektrit\u00f5ukerattale Xiaomi Mi M365 ja Xiaomi Mi M365 Pro. Lisavarustus.","breadcrumb":{"@id":"https:\/\/www.xn--tuksimaailm-ffb.ee\/fi\/shop\/xiaomi-m365-pro-takapyoran-polkimet\/#breadcrumb"},"inLanguage":"fi","potentialAction":[{"@type":"ReadAction","target":["https:\/\/www.xn--tuksimaailm-ffb.ee\/fi\/shop\/xiaomi-m365-pro-takapyoran-polkimet\/"]}]},{"@type":"ImageObject","inLanguage":"fi","@id":"https:\/\/www.xn--tuksimaailm-ffb.ee\/fi\/shop\/xiaomi-m365-pro-takapyoran-polkimet\/#primaryimage","url":"https:\/\/www.xn--tuksimaailm-ffb.ee\/wp-content\/uploads\/2021\/01\/xiaomi-pedaalid-tagarattale-1.jpg","contentUrl":"https:\/\/www.xn--tuksimaailm-ffb.ee\/wp-content\/uploads\/2021\/01\/xiaomi-pedaalid-tagarattale-1.jpg","width":559,"height":492},{"@type":"BreadcrumbList","@id":"https:\/\/www.xn--tuksimaailm-ffb.ee\/fi\/shop\/xiaomi-m365-pro-takapyoran-polkimet\/#breadcrumb","itemListElement":[{"@type":"ListItem","position":1,"name":"Home","item":"https:\/\/www.xn--tuksimaailm-ffb.ee\/fi\/kotisivu\/"},{"@type":"ListItem","position":2,"name":"Kauppa","item":"https:\/\/www.xn--tuksimaailm-ffb.ee\/elektritoukerataste-pood\/"},{"@type":"ListItem","position":3,"name":"Xiaomi M365 \/ Pro takapy\u00f6r\u00e4n polkimet"}]},{"@type":"WebSite","@id":"https:\/\/www.xn--tuksimaailm-ffb.ee\/fi\/#website","url":"https:\/\/www.xn--tuksimaailm-ffb.ee\/fi\/","name":"T\u00f5uksimaailm","description":"Elektrit\u00f5ukerataste m\u00fc\u00fck, remont ja rent","publisher":{"@id":"https:\/\/www.xn--tuksimaailm-ffb.ee\/fi\/#organization"},"potentialAction":[{"@type":"SearchAction","target":{"@type":"EntryPoint","urlTemplate":"https:\/\/www.xn--tuksimaailm-ffb.ee\/fi\/?s={search_term_string}"},"query-input":{"@type":"PropertyValueSpecification","valueRequired":true,"valueName":"search_term_string"}}],"inLanguage":"fi"},{"@type":"Organization","@id":"https:\/\/www.xn--tuksimaailm-ffb.ee\/fi\/#organization","name":"T\u00f5uksimaailm","url":"https:\/\/www.xn--tuksimaailm-ffb.ee\/fi\/","logo":{"@type":"ImageObject","inLanguage":"fi","@id":"https:\/\/www.xn--tuksimaailm-ffb.ee\/fi\/#\/schema\/logo\/image\/","url":"https:\/\/www.xn--tuksimaailm-ffb.ee\/wp-content\/uploads\/2020\/01\/logoz-e1579792875517.png","contentUrl":"https:\/\/www.xn--tuksimaailm-ffb.ee\/wp-content\/uploads\/2020\/01\/logoz-e1579792875517.png","width":250,"height":250,"caption":"T\u00f5uksimaailm"},"image":{"@id":"https:\/\/www.xn--tuksimaailm-ffb.ee\/fi\/#\/schema\/logo\/image\/"},"sameAs":["https:\/\/www.facebook.com\/touksimaailm\/","https:\/\/www.instagram.com\/touksimaailm_\/","https:\/\/www.youtube.com\/channel\/UC18ml0EKIDLP1xGuQjFzcXQ"]}]},"product_price_amount":"18.00","product_price_currency":"EUR","og_availability":"instock","product_availability":"instock","product_condition":"new"},"jetpack_sharing_enabled":true,"_links":{"self":[{"href":"https:\/\/www.xn--tuksimaailm-ffb.ee\/fi\/wp-json\/wp\/v2\/product\/56567","targetHints":{"allow":["GET"]}}],"collection":[{"href":"https:\/\/www.xn--tuksimaailm-ffb.ee\/fi\/wp-json\/wp\/v2\/product"}],"about":[{"href":"https:\/\/www.xn--tuksimaailm-ffb.ee\/fi\/wp-json\/wp\/v2\/types\/product"}],"wp:featuredmedia":[{"embeddable":true,"href":"https:\/\/www.xn--tuksimaailm-ffb.ee\/fi\/wp-json\/wp\/v2\/media\/22539"}],"wp:attachment":[{"href":"https:\/\/www.xn--tuksimaailm-ffb.ee\/fi\/wp-json\/wp\/v2\/media?parent=56567"}],"wp:term":[{"taxonomy":"product_brand","embeddable":true,"href":"https:\/\/www.xn--tuksimaailm-ffb.ee\/fi\/wp-json\/wp\/v2\/product_brand?post=56567"},{"taxonomy":"product_cat","embeddable":true,"href":"https:\/\/www.xn--tuksimaailm-ffb.ee\/fi\/wp-json\/wp\/v2\/product_cat?post=56567"},{"taxonomy":"product_tag","embeddable":true,"href":"https:\/\/www.xn--tuksimaailm-ffb.ee\/fi\/wp-json\/wp\/v2\/product_tag?post=56567"},{"taxonomy":"filter_elektritoukeratas","embeddable":true,"href":"https:\/\/www.xn--tuksimaailm-ffb.ee\/fi\/wp-json\/wp\/v2\/filter_elektritoukeratas?post=56567"}],"curies":[{"name":"wp","href":"https:\/\/api.w.org\/{rel}","templated":true}]}}