{"id":56568,"date":"2021-01-17T12:28:19","date_gmt":"2021-01-17T10:28:19","guid":{"rendered":"http:\/\/www.xn--tuksimaailm-ffb.ee\/shop\/xiaomi-sahkoskootterin-jarruvivun-kaapelin-pidike\/"},"modified":"2021-01-17T12:28:19","modified_gmt":"2021-01-17T09:28:19","slug":"xiaomi-sahkoskootterin-jarruvivun-kaapelin-pidike","status":"publish","type":"product","link":"https:\/\/www.xn--tuksimaailm-ffb.ee\/fi\/shop\/xiaomi-sahkoskootterin-jarruvivun-kaapelin-pidike\/","title":{"rendered":"Xiaomi s\u00e4hk\u00f6skootterin jarruvivun\/kaapelin pidike"},"content":{"rendered":"<p>Xiaomi s\u00e4hk\u00f6skootterin jarruvipu \/ vaijerinpidin, kiinnitett\u00e4viss\u00e4 runkoon. Xiaomi s\u00e4hk\u00f6skootterin jarruvipu \/ vaijerinpidike kiinnitt\u00e4\u00e4 jarruvivun s\u00e4hk\u00f6skootterin runkoa vasten. T\u00e4m\u00e4 est\u00e4\u00e4 jarruvipua juuttumasta esteiden (kuten puiden oksien) taakse ja loukkaantumasta. Vaijerinpidike sopii varmasti suosittuihin malleihin <a href=\"http:\/\/www.xn--tuksimaailm-ffb.ee\/shop\/elektritouks_xiaomi-360\/\"><strong>Xiaomi Mi M365<\/strong><\/a>,<a href=\"http:\/\/www.xn--tuksimaailm-ffb.ee\/shop\/elektriline-toukeratas-xiaomi-mi-m365-pro\/\"><strong>Xiaomi Mi M365 Pro<\/strong><\/a>, <a href=\"https:\/\/www.mi.com\/global\/mi-electric-scooter-Pro2\/\"><strong>Xiaomi Mi Pro 2<\/strong><\/a>, <a href=\"https:\/\/www.mi.com\/global\/mi-electric-scooter-1S\/\"><strong>Xiaomi Mi 1S<\/strong><\/a>, <a href=\"http:\/\/www.xn--tuksimaailm-ffb.ee\/shop\/elektriline-toukeratas-ninebot-max-g30\/\"><strong>Ninebot Max G30<\/strong><\/a><strong>.<\/strong> Se voidaan asentaa my\u00f6s useimpiin muihin s\u00e4hk\u00f6skoottereihin, joissa jarru- ja s\u00e4hk\u00f6kaapelit on asennettu rungon ulkopuolelle.<\/p>\n","protected":false},"excerpt":{"rendered":"<p>Xiaomi s\u00e4hk\u00f6skootterin jarruvipu \/ vaijerinpidin, kiinnitett\u00e4viss\u00e4 runkoon. Xiaomi s\u00e4hk\u00f6skootterin jarruvipu \/ vaijerinpidike kiinnitt\u00e4\u00e4 jarruvivun s\u00e4hk\u00f6skootterin runkoa vasten. T\u00e4m\u00e4 est\u00e4\u00e4 jarruvipua juuttumasta esteiden (kuten puiden oksien) taakse ja loukkaantumasta. Vaijerinpidike sopii varmasti suosittuihin malleihin Xiaomi Mi M365,Xiaomi Mi M365 Pro, Xiaomi Mi Pro 2, Xiaomi Mi 1S, Ninebot Max G30. Se &hellip;<\/p>\n","protected":false},"featured_media":22535,"template":"","meta":[],"product_brand":[],"product_cat":[1697],"product_tag":[3341,1706],"filter_elektritoukeratas":[],"class_list":{"0":"post-56568","1":"product","2":"type-product","3":"status-publish","4":"has-post-thumbnail","6":"product_cat-lisavarusteet","7":"product_tag-piduridetailid-fi","8":"product_tag-xiaomi-varaosat","9":"pa_tootetuup-piduridetailid-fi","11":"first","12":"instock","13":"taxable","14":"shipping-taxable","15":"purchasable","16":"product-type-simple"},"yoast_head":"<!-- This site is optimized with the Yoast SEO Premium plugin v26.8 (Yoast SEO v27.5) - https:\/\/yoast.com\/product\/yoast-seo-premium-wordpress\/ -->\n<title>Xiaomi s\u00e4hk\u00f6skootterin jarruvivun\/kaapelin pidike | T\u00f5uksimaailm<\/title>\n<meta name=\"description\" content=\"Xiaomi elektrit\u00f5ukeratta pidurik\u00f5ri \/ kaabli hoidik, raami k\u00fclge kleebitav, elektrilisele t\u00f5ukerattale Xiaomi M365 (Pro 2, 1S), Max G30. Lisavarustus.\" \/>\n<meta name=\"robots\" content=\"index, follow, max-snippet:-1, max-image-preview:large, max-video-preview:-1\" \/>\n<link rel=\"canonical\" href=\"https:\/\/www.xn--tuksimaailm-ffb.ee\/fi\/shop\/xiaomi-sahkoskootterin-jarruvivun-kaapelin-pidike\/\" \/>\n<meta property=\"og:locale\" content=\"fi_FI\" \/>\n<meta property=\"og:type\" content=\"article\" \/>\n<meta property=\"og:title\" content=\"Xiaomi s\u00e4hk\u00f6skootterin jarruvivun\/kaapelin pidike\" \/>\n<meta property=\"og:description\" content=\"Xiaomi elektrit\u00f5ukeratta pidurik\u00f5ri \/ kaabli hoidik, raami k\u00fclge kleebitav, elektrilisele t\u00f5ukerattale Xiaomi M365 (Pro 2, 1S), Max G30. Lisavarustus.\" \/>\n<meta property=\"og:url\" content=\"https:\/\/www.xn--tuksimaailm-ffb.ee\/fi\/shop\/xiaomi-sahkoskootterin-jarruvivun-kaapelin-pidike\/\" \/>\n<meta property=\"og:site_name\" content=\"T\u00f5uksimaailm\" \/>\n<meta property=\"article:publisher\" content=\"https:\/\/www.facebook.com\/touksimaailm\/\" \/>\n<meta property=\"og:image\" content=\"https:\/\/www.xn--tuksimaailm-ffb.ee\/wp-content\/uploads\/2021\/01\/xiaomi-kaabli-hoidik-1.jpg\" \/>\n\t<meta property=\"og:image:width\" content=\"584\" \/>\n\t<meta property=\"og:image:height\" content=\"550\" \/>\n\t<meta property=\"og:image:type\" content=\"image\/jpeg\" \/>\n<meta name=\"twitter:card\" content=\"summary_large_image\" \/>\n<meta name=\"twitter:label1\" content=\"Hinta\" \/>\n\t<meta name=\"twitter:data1\" content=\"&euro;2.00\" \/>\n\t<meta name=\"twitter:label2\" content=\"Saatavuus\" \/>\n\t<meta name=\"twitter:data2\" content=\"Varastossa\" \/>\n<meta property=\"product:price:amount\" content=\"2.00\" \/>\n<meta property=\"product:price:currency\" content=\"EUR\" \/>\n<meta property=\"og:availability\" content=\"instock\" \/>\n<meta property=\"product:availability\" content=\"instock\" \/>\n<meta property=\"product:condition\" content=\"new\" \/>\n<!-- \/ Yoast SEO Premium plugin. -->","yoast_head_json":{"title":"Xiaomi s\u00e4hk\u00f6skootterin jarruvivun\/kaapelin pidike | T\u00f5uksimaailm","description":"Xiaomi elektrit\u00f5ukeratta pidurik\u00f5ri \/ kaabli hoidik, raami k\u00fclge kleebitav, elektrilisele t\u00f5ukerattale Xiaomi M365 (Pro 2, 1S), Max G30. Lisavarustus.","robots":{"index":"index","follow":"follow","max-snippet":"max-snippet:-1","max-image-preview":"max-image-preview:large","max-video-preview":"max-video-preview:-1"},"canonical":"https:\/\/www.xn--tuksimaailm-ffb.ee\/fi\/shop\/xiaomi-sahkoskootterin-jarruvivun-kaapelin-pidike\/","og_locale":"fi_FI","og_type":"article","og_title":"Xiaomi s\u00e4hk\u00f6skootterin jarruvivun\/kaapelin pidike","og_description":"Xiaomi elektrit\u00f5ukeratta pidurik\u00f5ri \/ kaabli hoidik, raami k\u00fclge kleebitav, elektrilisele t\u00f5ukerattale Xiaomi M365 (Pro 2, 1S), Max G30. Lisavarustus.","og_url":"https:\/\/www.xn--tuksimaailm-ffb.ee\/fi\/shop\/xiaomi-sahkoskootterin-jarruvivun-kaapelin-pidike\/","og_site_name":"T\u00f5uksimaailm","article_publisher":"https:\/\/www.facebook.com\/touksimaailm\/","og_image":[{"width":584,"height":550,"url":"https:\/\/www.xn--tuksimaailm-ffb.ee\/wp-content\/uploads\/2021\/01\/xiaomi-kaabli-hoidik-1.jpg","type":"image\/jpeg"}],"twitter_card":"summary_large_image","twitter_misc":{"Hinta":"&euro;2.00","Saatavuus":"Varastossa"},"schema":{"@context":"https:\/\/schema.org","@graph":[{"@type":"WebPage","@id":"https:\/\/www.xn--tuksimaailm-ffb.ee\/fi\/shop\/xiaomi-sahkoskootterin-jarruvivun-kaapelin-pidike\/","url":"https:\/\/www.xn--tuksimaailm-ffb.ee\/fi\/shop\/xiaomi-sahkoskootterin-jarruvivun-kaapelin-pidike\/","name":"Xiaomi s\u00e4hk\u00f6skootterin jarruvivun\/kaapelin pidike | T\u00f5uksimaailm","isPartOf":{"@id":"https:\/\/www.xn--tuksimaailm-ffb.ee\/fi\/#website"},"primaryImageOfPage":{"@id":"https:\/\/www.xn--tuksimaailm-ffb.ee\/fi\/shop\/xiaomi-sahkoskootterin-jarruvivun-kaapelin-pidike\/#primaryimage"},"image":{"@id":"https:\/\/www.xn--tuksimaailm-ffb.ee\/fi\/shop\/xiaomi-sahkoskootterin-jarruvivun-kaapelin-pidike\/#primaryimage"},"thumbnailUrl":"https:\/\/www.xn--tuksimaailm-ffb.ee\/wp-content\/uploads\/2021\/01\/xiaomi-kaabli-hoidik-1.jpg","datePublished":"2021-01-17T10:28:19+00:00","description":"Xiaomi elektrit\u00f5ukeratta pidurik\u00f5ri \/ kaabli hoidik, raami k\u00fclge kleebitav, elektrilisele t\u00f5ukerattale Xiaomi M365 (Pro 2, 1S), Max G30. Lisavarustus.","breadcrumb":{"@id":"https:\/\/www.xn--tuksimaailm-ffb.ee\/fi\/shop\/xiaomi-sahkoskootterin-jarruvivun-kaapelin-pidike\/#breadcrumb"},"inLanguage":"fi","potentialAction":[{"@type":"ReadAction","target":["https:\/\/www.xn--tuksimaailm-ffb.ee\/fi\/shop\/xiaomi-sahkoskootterin-jarruvivun-kaapelin-pidike\/"]}]},{"@type":"ImageObject","inLanguage":"fi","@id":"https:\/\/www.xn--tuksimaailm-ffb.ee\/fi\/shop\/xiaomi-sahkoskootterin-jarruvivun-kaapelin-pidike\/#primaryimage","url":"https:\/\/www.xn--tuksimaailm-ffb.ee\/wp-content\/uploads\/2021\/01\/xiaomi-kaabli-hoidik-1.jpg","contentUrl":"https:\/\/www.xn--tuksimaailm-ffb.ee\/wp-content\/uploads\/2021\/01\/xiaomi-kaabli-hoidik-1.jpg","width":584,"height":550},{"@type":"BreadcrumbList","@id":"https:\/\/www.xn--tuksimaailm-ffb.ee\/fi\/shop\/xiaomi-sahkoskootterin-jarruvivun-kaapelin-pidike\/#breadcrumb","itemListElement":[{"@type":"ListItem","position":1,"name":"Home","item":"https:\/\/www.xn--tuksimaailm-ffb.ee\/fi\/kotisivu\/"},{"@type":"ListItem","position":2,"name":"Kauppa","item":"https:\/\/www.xn--tuksimaailm-ffb.ee\/elektritoukerataste-pood\/"},{"@type":"ListItem","position":3,"name":"Xiaomi s\u00e4hk\u00f6skootterin jarruvivun\/kaapelin pidike"}]},{"@type":"WebSite","@id":"https:\/\/www.xn--tuksimaailm-ffb.ee\/fi\/#website","url":"https:\/\/www.xn--tuksimaailm-ffb.ee\/fi\/","name":"T\u00f5uksimaailm","description":"Elektrit\u00f5ukerataste m\u00fc\u00fck, remont ja rent","publisher":{"@id":"https:\/\/www.xn--tuksimaailm-ffb.ee\/fi\/#organization"},"potentialAction":[{"@type":"SearchAction","target":{"@type":"EntryPoint","urlTemplate":"https:\/\/www.xn--tuksimaailm-ffb.ee\/fi\/?s={search_term_string}"},"query-input":{"@type":"PropertyValueSpecification","valueRequired":true,"valueName":"search_term_string"}}],"inLanguage":"fi"},{"@type":"Organization","@id":"https:\/\/www.xn--tuksimaailm-ffb.ee\/fi\/#organization","name":"T\u00f5uksimaailm","url":"https:\/\/www.xn--tuksimaailm-ffb.ee\/fi\/","logo":{"@type":"ImageObject","inLanguage":"fi","@id":"https:\/\/www.xn--tuksimaailm-ffb.ee\/fi\/#\/schema\/logo\/image\/","url":"https:\/\/www.xn--tuksimaailm-ffb.ee\/wp-content\/uploads\/2020\/01\/logoz-e1579792875517.png","contentUrl":"https:\/\/www.xn--tuksimaailm-ffb.ee\/wp-content\/uploads\/2020\/01\/logoz-e1579792875517.png","width":250,"height":250,"caption":"T\u00f5uksimaailm"},"image":{"@id":"https:\/\/www.xn--tuksimaailm-ffb.ee\/fi\/#\/schema\/logo\/image\/"},"sameAs":["https:\/\/www.facebook.com\/touksimaailm\/","https:\/\/www.instagram.com\/touksimaailm_\/","https:\/\/www.youtube.com\/channel\/UC18ml0EKIDLP1xGuQjFzcXQ"]}]},"product_price_amount":"2.00","product_price_currency":"EUR","og_availability":"instock","product_availability":"instock","product_condition":"new"},"jetpack_sharing_enabled":true,"_links":{"self":[{"href":"https:\/\/www.xn--tuksimaailm-ffb.ee\/fi\/wp-json\/wp\/v2\/product\/56568","targetHints":{"allow":["GET"]}}],"collection":[{"href":"https:\/\/www.xn--tuksimaailm-ffb.ee\/fi\/wp-json\/wp\/v2\/product"}],"about":[{"href":"https:\/\/www.xn--tuksimaailm-ffb.ee\/fi\/wp-json\/wp\/v2\/types\/product"}],"wp:featuredmedia":[{"embeddable":true,"href":"https:\/\/www.xn--tuksimaailm-ffb.ee\/fi\/wp-json\/wp\/v2\/media\/22535"}],"wp:attachment":[{"href":"https:\/\/www.xn--tuksimaailm-ffb.ee\/fi\/wp-json\/wp\/v2\/media?parent=56568"}],"wp:term":[{"taxonomy":"product_brand","embeddable":true,"href":"https:\/\/www.xn--tuksimaailm-ffb.ee\/fi\/wp-json\/wp\/v2\/product_brand?post=56568"},{"taxonomy":"product_cat","embeddable":true,"href":"https:\/\/www.xn--tuksimaailm-ffb.ee\/fi\/wp-json\/wp\/v2\/product_cat?post=56568"},{"taxonomy":"product_tag","embeddable":true,"href":"https:\/\/www.xn--tuksimaailm-ffb.ee\/fi\/wp-json\/wp\/v2\/product_tag?post=56568"},{"taxonomy":"filter_elektritoukeratas","embeddable":true,"href":"https:\/\/www.xn--tuksimaailm-ffb.ee\/fi\/wp-json\/wp\/v2\/filter_elektritoukeratas?post=56568"}],"curies":[{"name":"wp","href":"https:\/\/api.w.org\/{rel}","templated":true}]}}