{"id":56573,"date":"2021-01-17T10:57:42","date_gmt":"2021-01-17T08:57:42","guid":{"rendered":"http:\/\/www.xn--tuksimaailm-ffb.ee\/shop\/sahkoskootterin-seinakiinnike-2\/"},"modified":"2021-01-17T10:57:42","modified_gmt":"2021-01-17T07:57:42","slug":"sahkoskootterin-seinakiinnike-2","status":"publish","type":"product","link":"https:\/\/www.xn--tuksimaailm-ffb.ee\/fi\/shop\/sahkoskootterin-seinakiinnike-2\/","title":{"rendered":"S\u00e4hk\u00f6skootterin sein\u00e4kiinnike"},"content":{"rendered":"<p>Kiinnitysteline s\u00e4hk\u00f6potkulaudalle sein\u00e4\u00e4n (my\u00f6s koukku, sein\u00e4teline, koukku). S\u00e4hk\u00f6potkulaitteen sein\u00e4kiinnitysteline kiinnitet\u00e4\u00e4n sein\u00e4\u00e4n nelj\u00e4ll\u00e4 tapilla tai ruuvilla. S\u00e4hk\u00f6potkulauta voidaan ripustaa etupy\u00f6r\u00e4n tai takapy\u00f6r\u00e4n (moottorittoman py\u00f6r\u00e4n) kautta. N\u00e4in ollen sein\u00e4kiinnike soveltuu kaikkiin s\u00e4hk\u00f6potkulautoihin, joissa on yksi moottori \/ yksi py\u00f6r\u00e4veto. Sein\u00e4kiinnike sopii ehdottomasti suosittuihin s\u00e4hk\u00f6skoottereihin <a href=\"http:\/\/www.xn--tuksimaailm-ffb.ee\/shop\/elektritouks_xiaomi-360\/\"><strong>Xiaomi M365<\/strong><\/a> ja <a href=\"http:\/\/www.xn--tuksimaailm-ffb.ee\/shop\/elektriline-toukeratas-xiaomi-mi-m365-pro\/\"><strong>Xiaomi M365 Pro<\/strong><\/a>, <a href=\"https:\/\/ee-en.segway.com\/products\/ninebot-by-segway-kickscooter-es2\"><strong>Segway Ninebot ES2<\/strong><\/a> ja <strong>ES4<\/strong>.<\/p>\n","protected":false},"excerpt":{"rendered":"<p>Kiinnitysteline s\u00e4hk\u00f6potkulaudalle sein\u00e4\u00e4n (my\u00f6s koukku, sein\u00e4teline, koukku). S\u00e4hk\u00f6potkulaitteen sein\u00e4kiinnitysteline kiinnitet\u00e4\u00e4n sein\u00e4\u00e4n nelj\u00e4ll\u00e4 tapilla tai ruuvilla. S\u00e4hk\u00f6potkulauta voidaan ripustaa etupy\u00f6r\u00e4n tai takapy\u00f6r\u00e4n (moottorittoman py\u00f6r\u00e4n) kautta. N\u00e4in ollen sein\u00e4kiinnike soveltuu kaikkiin s\u00e4hk\u00f6potkulautoihin, joissa on yksi moottori \/ yksi py\u00f6r\u00e4veto. Sein\u00e4kiinnike sopii ehdottomasti suosittuihin s\u00e4hk\u00f6skoottereihin Xiaomi M365 ja Xiaomi M365 Pro, Segway Ninebot &hellip;<\/p>\n","protected":false},"featured_media":22528,"template":"","meta":[],"product_brand":[],"product_cat":[1697],"product_tag":[],"filter_elektritoukeratas":[],"class_list":{"0":"post-56573","1":"product","2":"type-product","3":"status-publish","4":"has-post-thumbnail","6":"product_cat-lisavarusteet","7":"pa_colour-kollane-punane-fi","8":"pa_colour-punainen","9":"pa_colour-sinine-valge-fi","11":"first","12":"instock","13":"taxable","14":"shipping-taxable","15":"purchasable","16":"product-type-simple"},"yoast_head":"<!-- This site is optimized with the Yoast SEO Premium plugin v26.8 (Yoast SEO v27.5) - https:\/\/yoast.com\/product\/yoast-seo-premium-wordpress\/ -->\n<title>S\u00e4hk\u00f6skootterin sein\u00e4kiinnike &#8212; T\u00f5uksimaailm - Lisad<\/title>\n<meta name=\"description\" content=\"Elektrit\u00f5ukeratta seinale kinnitamise hoidik (ka konks, seinakinnitus, haak). Elektrilist t\u00f5ukeratast saab seinale riputada l\u00e4bi ratta.\" \/>\n<meta name=\"robots\" content=\"index, follow, max-snippet:-1, max-image-preview:large, max-video-preview:-1\" \/>\n<link rel=\"canonical\" href=\"https:\/\/www.xn--tuksimaailm-ffb.ee\/fi\/shop\/sahkoskootterin-seinakiinnike-2\/\" \/>\n<meta property=\"og:locale\" content=\"fi_FI\" \/>\n<meta property=\"og:type\" content=\"article\" \/>\n<meta property=\"og:title\" content=\"S\u00e4hk\u00f6skootterin sein\u00e4kiinnike\" \/>\n<meta property=\"og:description\" content=\"Elektrit\u00f5ukeratta seinale kinnitamise hoidik (ka konks, seinakinnitus, haak). Elektrilist t\u00f5ukeratast saab seinale riputada l\u00e4bi ratta.\" \/>\n<meta property=\"og:url\" content=\"https:\/\/www.xn--tuksimaailm-ffb.ee\/fi\/shop\/sahkoskootterin-seinakiinnike-2\/\" \/>\n<meta property=\"og:site_name\" content=\"T\u00f5uksimaailm\" \/>\n<meta property=\"article:publisher\" content=\"https:\/\/www.facebook.com\/touksimaailm\/\" \/>\n<meta property=\"og:image\" content=\"https:\/\/www.xn--tuksimaailm-ffb.ee\/wp-content\/uploads\/2021\/01\/seinakinnitus-1.png\" \/>\n\t<meta property=\"og:image:width\" content=\"570\" \/>\n\t<meta property=\"og:image:height\" content=\"560\" \/>\n\t<meta property=\"og:image:type\" content=\"image\/png\" \/>\n<meta name=\"twitter:card\" content=\"summary_large_image\" \/>\n<meta name=\"twitter:label1\" content=\"Hinta\" \/>\n\t<meta name=\"twitter:data1\" content=\"&euro;15.00\" \/>\n\t<meta name=\"twitter:label2\" content=\"Saatavuus\" \/>\n\t<meta name=\"twitter:data2\" content=\"Varastossa\" \/>\n<meta property=\"product:price:amount\" content=\"15.00\" \/>\n<meta property=\"product:price:currency\" content=\"EUR\" \/>\n<meta property=\"og:availability\" content=\"instock\" \/>\n<meta property=\"product:availability\" content=\"instock\" \/>\n<meta property=\"product:condition\" content=\"new\" \/>\n<!-- \/ Yoast SEO Premium plugin. -->","yoast_head_json":{"title":"S\u00e4hk\u00f6skootterin sein\u00e4kiinnike &#8212; T\u00f5uksimaailm - Lisad","description":"Elektrit\u00f5ukeratta seinale kinnitamise hoidik (ka konks, seinakinnitus, haak). Elektrilist t\u00f5ukeratast saab seinale riputada l\u00e4bi ratta.","robots":{"index":"index","follow":"follow","max-snippet":"max-snippet:-1","max-image-preview":"max-image-preview:large","max-video-preview":"max-video-preview:-1"},"canonical":"https:\/\/www.xn--tuksimaailm-ffb.ee\/fi\/shop\/sahkoskootterin-seinakiinnike-2\/","og_locale":"fi_FI","og_type":"article","og_title":"S\u00e4hk\u00f6skootterin sein\u00e4kiinnike","og_description":"Elektrit\u00f5ukeratta seinale kinnitamise hoidik (ka konks, seinakinnitus, haak). Elektrilist t\u00f5ukeratast saab seinale riputada l\u00e4bi ratta.","og_url":"https:\/\/www.xn--tuksimaailm-ffb.ee\/fi\/shop\/sahkoskootterin-seinakiinnike-2\/","og_site_name":"T\u00f5uksimaailm","article_publisher":"https:\/\/www.facebook.com\/touksimaailm\/","og_image":[{"width":570,"height":560,"url":"https:\/\/www.xn--tuksimaailm-ffb.ee\/wp-content\/uploads\/2021\/01\/seinakinnitus-1.png","type":"image\/png"}],"twitter_card":"summary_large_image","twitter_misc":{"Hinta":"&euro;15.00","Saatavuus":"Varastossa"},"schema":{"@context":"https:\/\/schema.org","@graph":[{"@type":"WebPage","@id":"https:\/\/www.xn--tuksimaailm-ffb.ee\/fi\/shop\/sahkoskootterin-seinakiinnike-2\/","url":"https:\/\/www.xn--tuksimaailm-ffb.ee\/fi\/shop\/sahkoskootterin-seinakiinnike-2\/","name":"S\u00e4hk\u00f6skootterin sein\u00e4kiinnike &#8212; T\u00f5uksimaailm - Lisad","isPartOf":{"@id":"https:\/\/www.xn--tuksimaailm-ffb.ee\/fi\/#website"},"primaryImageOfPage":{"@id":"https:\/\/www.xn--tuksimaailm-ffb.ee\/fi\/shop\/sahkoskootterin-seinakiinnike-2\/#primaryimage"},"image":{"@id":"https:\/\/www.xn--tuksimaailm-ffb.ee\/fi\/shop\/sahkoskootterin-seinakiinnike-2\/#primaryimage"},"thumbnailUrl":"https:\/\/www.xn--tuksimaailm-ffb.ee\/wp-content\/uploads\/2021\/01\/seinakinnitus-1.png","datePublished":"2021-01-17T08:57:42+00:00","description":"Elektrit\u00f5ukeratta seinale kinnitamise hoidik (ka konks, seinakinnitus, haak). Elektrilist t\u00f5ukeratast saab seinale riputada l\u00e4bi ratta.","breadcrumb":{"@id":"https:\/\/www.xn--tuksimaailm-ffb.ee\/fi\/shop\/sahkoskootterin-seinakiinnike-2\/#breadcrumb"},"inLanguage":"fi","potentialAction":[{"@type":"ReadAction","target":["https:\/\/www.xn--tuksimaailm-ffb.ee\/fi\/shop\/sahkoskootterin-seinakiinnike-2\/"]}]},{"@type":"ImageObject","inLanguage":"fi","@id":"https:\/\/www.xn--tuksimaailm-ffb.ee\/fi\/shop\/sahkoskootterin-seinakiinnike-2\/#primaryimage","url":"https:\/\/www.xn--tuksimaailm-ffb.ee\/wp-content\/uploads\/2021\/01\/seinakinnitus-1.png","contentUrl":"https:\/\/www.xn--tuksimaailm-ffb.ee\/wp-content\/uploads\/2021\/01\/seinakinnitus-1.png","width":570,"height":560},{"@type":"BreadcrumbList","@id":"https:\/\/www.xn--tuksimaailm-ffb.ee\/fi\/shop\/sahkoskootterin-seinakiinnike-2\/#breadcrumb","itemListElement":[{"@type":"ListItem","position":1,"name":"Home","item":"https:\/\/www.xn--tuksimaailm-ffb.ee\/fi\/kotisivu\/"},{"@type":"ListItem","position":2,"name":"Kauppa","item":"https:\/\/www.xn--tuksimaailm-ffb.ee\/elektritoukerataste-pood\/"},{"@type":"ListItem","position":3,"name":"S\u00e4hk\u00f6skootterin sein\u00e4kiinnike"}]},{"@type":"WebSite","@id":"https:\/\/www.xn--tuksimaailm-ffb.ee\/fi\/#website","url":"https:\/\/www.xn--tuksimaailm-ffb.ee\/fi\/","name":"T\u00f5uksimaailm","description":"Elektrit\u00f5ukerataste m\u00fc\u00fck, remont ja rent","publisher":{"@id":"https:\/\/www.xn--tuksimaailm-ffb.ee\/fi\/#organization"},"potentialAction":[{"@type":"SearchAction","target":{"@type":"EntryPoint","urlTemplate":"https:\/\/www.xn--tuksimaailm-ffb.ee\/fi\/?s={search_term_string}"},"query-input":{"@type":"PropertyValueSpecification","valueRequired":true,"valueName":"search_term_string"}}],"inLanguage":"fi"},{"@type":"Organization","@id":"https:\/\/www.xn--tuksimaailm-ffb.ee\/fi\/#organization","name":"T\u00f5uksimaailm","url":"https:\/\/www.xn--tuksimaailm-ffb.ee\/fi\/","logo":{"@type":"ImageObject","inLanguage":"fi","@id":"https:\/\/www.xn--tuksimaailm-ffb.ee\/fi\/#\/schema\/logo\/image\/","url":"https:\/\/www.xn--tuksimaailm-ffb.ee\/wp-content\/uploads\/2020\/01\/logoz-e1579792875517.png","contentUrl":"https:\/\/www.xn--tuksimaailm-ffb.ee\/wp-content\/uploads\/2020\/01\/logoz-e1579792875517.png","width":250,"height":250,"caption":"T\u00f5uksimaailm"},"image":{"@id":"https:\/\/www.xn--tuksimaailm-ffb.ee\/fi\/#\/schema\/logo\/image\/"},"sameAs":["https:\/\/www.facebook.com\/touksimaailm\/","https:\/\/www.instagram.com\/touksimaailm_\/","https:\/\/www.youtube.com\/channel\/UC18ml0EKIDLP1xGuQjFzcXQ"]}]},"product_price_amount":"15.00","product_price_currency":"EUR","og_availability":"instock","product_availability":"instock","product_condition":"new"},"jetpack_sharing_enabled":true,"_links":{"self":[{"href":"https:\/\/www.xn--tuksimaailm-ffb.ee\/fi\/wp-json\/wp\/v2\/product\/56573","targetHints":{"allow":["GET"]}}],"collection":[{"href":"https:\/\/www.xn--tuksimaailm-ffb.ee\/fi\/wp-json\/wp\/v2\/product"}],"about":[{"href":"https:\/\/www.xn--tuksimaailm-ffb.ee\/fi\/wp-json\/wp\/v2\/types\/product"}],"wp:featuredmedia":[{"embeddable":true,"href":"https:\/\/www.xn--tuksimaailm-ffb.ee\/fi\/wp-json\/wp\/v2\/media\/22528"}],"wp:attachment":[{"href":"https:\/\/www.xn--tuksimaailm-ffb.ee\/fi\/wp-json\/wp\/v2\/media?parent=56573"}],"wp:term":[{"taxonomy":"product_brand","embeddable":true,"href":"https:\/\/www.xn--tuksimaailm-ffb.ee\/fi\/wp-json\/wp\/v2\/product_brand?post=56573"},{"taxonomy":"product_cat","embeddable":true,"href":"https:\/\/www.xn--tuksimaailm-ffb.ee\/fi\/wp-json\/wp\/v2\/product_cat?post=56573"},{"taxonomy":"product_tag","embeddable":true,"href":"https:\/\/www.xn--tuksimaailm-ffb.ee\/fi\/wp-json\/wp\/v2\/product_tag?post=56573"},{"taxonomy":"filter_elektritoukeratas","embeddable":true,"href":"https:\/\/www.xn--tuksimaailm-ffb.ee\/fi\/wp-json\/wp\/v2\/filter_elektritoukeratas?post=56573"}],"curies":[{"name":"wp","href":"https:\/\/api.w.org\/{rel}","templated":true}]}}