{"id":56592,"date":"2021-01-16T20:27:09","date_gmt":"2021-01-16T20:27:09","guid":{"rendered":"http:\/\/www.xn--tuksimaailm-ffb.ee\/shop\/sahkoskootterikypara-lapselle-aikuiselle\/"},"modified":"2021-01-16T20:27:09","modified_gmt":"2021-01-16T17:27:09","slug":"sahkoskootterikypara-lapselle-aikuiselle","status":"publish","type":"product","link":"https:\/\/www.xn--tuksimaailm-ffb.ee\/fi\/shop\/sahkoskootterikypara-lapselle-aikuiselle\/","title":{"rendered":"S\u00e4hk\u00f6skootterikyp\u00e4r\u00e4 lapselle \/ aikuiselle"},"content":{"rendered":"<p>S\u00e4hk\u00f6skootterikyp\u00e4r\u00e4 lapselle\/aikuiselle. Korkealaatuinen \/ turvallinen ja mukava. Saatavana <strong>mustana<\/strong>, <strong>punaisena<\/strong> ja <strong>sinisen\u00e4<\/strong>. Jokaisessa kyp\u00e4r\u00e4ss\u00e4 on 3 eri kokoa - <strong>L<\/strong> (iso), <strong>M<\/strong> (keskikokoinen), <strong>S<\/strong> (pieni). P\u00e4\u00e4n koot koon mukaan.<\/p>\n<p>S\u00e4hk\u00f6skootterin kyp\u00e4r\u00e4 on luultavasti t\u00e4rkein <a href=\"http:\/\/www.xn--tuksimaailm-ffb.ee\/tootekategooria\/lisavarustus\/\">lis\u00e4varuste<\/a> s\u00e4hk\u00f6skootterille, koska kevyen py\u00f6r\u00e4ilij\u00e4n turvallisuus ja terveys riippuvat siit\u00e4. Kaupunkiymp\u00e4rist\u00f6ss\u00e4 mahdollisia vaaratekij\u00f6it\u00e4 on paljon, ja kaatumisen tai onnettomuuden riski on eritt\u00e4in suuri. Maailman parhaallakaan tahdolla ei v\u00e4ltt\u00e4m\u00e4tt\u00e4 ole mahdollista est\u00e4\u00e4 jokaista kaatumista tai onnettomuutta. Esimerkiksi joissakin s\u00e4hk\u00f6skoottereissa on mahdollisesti varsin vaarallisia teknisi\u00e4 vikatilanteita, jotka voivat ilmet\u00e4 t\u00e4ysin yll\u00e4tt\u00e4en ja johtaa todenn\u00e4k\u00f6isesti kaatumiseen - s\u00e4hk\u00f6skootterin taittomekanismi\/kiinnike katkeaa, kaasuvipu ei palaudu alkuasentoon, kun se vapautetaan, jarrulenkki ei kytkeydy ja skootteri jarruttaa yht\u00e4kki\u00e4, s\u00e4hk\u00f6skootteri jarruttaa \u00e4killisesti suurella nopeudella ohjainh\u00e4iri\u00f6n vuoksi jne. Siksi kyp\u00e4r\u00e4\u00e4 on aina k\u00e4ytett\u00e4v\u00e4, jotta voidaan varautua odottamattomiin tilanteisiin.<\/p>\n<p><a>Tieliikennelain muuttamisesta<\/a> 28.10.2020 annetun <a>lain<\/a> mukaan alle 16-vuotiaan kevytmoottoripy\u00f6r\u00e4n kuljettajan on <strong>aina k\u00e4ytett\u00e4v\u00e4 kyp\u00e4r\u00e4\u00e4<\/strong>, olipa kyseess\u00e4 sitten vuokrattu (<a>pitk\u00e4aikainen<\/a> tai <a>yhteisk\u00e4ytt\u00f6inen<\/a>) tai yksityisess\u00e4 k\u00e4yt\u00f6ss\u00e4 oleva s\u00e4hk\u00f6moottoripy\u00f6r\u00e4. Kyp\u00e4r\u00e4\u00e4 valittaessa on my\u00f6s eritt\u00e4in t\u00e4rke\u00e4\u00e4, ett\u00e4 se istuu hyvin, on mukava eik\u00e4 purista. Mukavuus merkitsee my\u00f6s turvallisuutta. T\u00f6rm\u00e4yksess\u00e4 vaaranl\u00e4hteeseen iskun energia jakautuu tasaisesti kyp\u00e4r\u00e4n pinnalle sen sijaan, ett\u00e4 se v\u00e4littyisi k\u00e4ytt\u00e4j\u00e4\u00e4n ep\u00e4tasaisesti kyp\u00e4r\u00e4n sen alueen kautta, joka vastustaa voimakkaimmin p\u00e4\u00e4t\u00e4. Siksi suosittelemme, ett\u00e4 mahdollisuuksien mukaan et osta kyp\u00e4r\u00e4\u00e4 sokeasti, vaan tulet myym\u00e4l\u00e4\u00e4mme osoitteessa <a href=\"http:\/\/www.xn--tuksimaailm-ffb.ee\/kontakt\/\"><strong>T\u00f6\u00f6stuse 47a<\/strong><\/a><strong>,<\/strong> <strong>sovitat erilaisia kyp\u00e4ri\u00e4 <\/strong>ja valitset itsellesi sopivan ennen ostamista. Innokkaimmille s\u00e4hk\u00f6skootterin kuljettajille tarjoamme my\u00f6s <a href=\"http:\/\/www.xn--tuksimaailm-ffb.ee\/shop\/kiiver-elektritoukerattale-led-tuledega\/\"><strong>kyp\u00e4r\u00e4n, jossa on etu- ja takavalot<\/strong><\/a>, jotka takaavat turvallisuuden lis\u00e4ksi my\u00f6s n\u00e4kyvyyden muille tienk\u00e4ytt\u00e4jille.<\/p>\n","protected":false},"excerpt":{"rendered":"<p>S\u00e4hk\u00f6skootterikyp\u00e4r\u00e4 lapselle\/aikuiselle. Korkealaatuinen \/ turvallinen ja mukava. Saatavana mustana, punaisena ja sinisen\u00e4. Jokaisessa kyp\u00e4r\u00e4ss\u00e4 on 3 eri kokoa - L (iso), M (keskikokoinen), S (pieni). P\u00e4\u00e4n koot koon mukaan. S\u00e4hk\u00f6skootterin kyp\u00e4r\u00e4 on luultavasti t\u00e4rkein lis\u00e4varuste s\u00e4hk\u00f6skootterille, koska kevyen py\u00f6r\u00e4ilij\u00e4n turvallisuus ja terveys riippuvat siit\u00e4. Kaupunkiymp\u00e4rist\u00f6ss\u00e4 mahdollisia vaaratekij\u00f6it\u00e4 on paljon, ja &hellip;<\/p>\n","protected":false},"featured_media":22518,"template":"","meta":[],"product_brand":[],"product_cat":[1697],"product_tag":[1715],"filter_elektritoukeratas":[],"class_list":{"0":"post-56592","1":"product","2":"type-product","3":"status-publish","4":"has-post-thumbnail","6":"product_cat-lisavarusteet","7":"product_tag-kyparat","8":"pa_colour-musta","9":"pa_colour-punainen","10":"pa_colour-sininen","11":"pa_size-l-iso","12":"pa_size-m-keskimaarainen","13":"pa_size-s-pieni","14":"pa_tootetuup-kyparat","16":"first","17":"instock","18":"taxable","19":"shipping-taxable","20":"purchasable","21":"product-type-variable"},"yoast_head":"<!-- This site is optimized with the Yoast SEO Premium plugin v26.8 (Yoast SEO v27.5) - https:\/\/yoast.com\/product\/yoast-seo-premium-wordpress\/ -->\n<title>S\u00e4hk\u00f6skootterikyp\u00e4r\u00e4 lapselle \/ aikuiselle | T\u00f5uksimaailm<\/title>\n<meta name=\"description\" content=\"Elektrit\u00f5ukeratta kiiver lapsele \/ t\u00e4iskasvanule. V\u00e4rvid must, punane, sinine. Suurused L (suur) \/ M (keskmine) \/ S (v\u00e4ike).\" \/>\n<meta name=\"robots\" content=\"index, follow, max-snippet:-1, max-image-preview:large, max-video-preview:-1\" \/>\n<link rel=\"canonical\" href=\"https:\/\/www.xn--tuksimaailm-ffb.ee\/fi\/shop\/sahkoskootterikypara-lapselle-aikuiselle\/\" \/>\n<meta property=\"og:locale\" content=\"fi_FI\" \/>\n<meta property=\"og:type\" content=\"article\" \/>\n<meta property=\"og:title\" content=\"S\u00e4hk\u00f6skootterikyp\u00e4r\u00e4 lapselle \/ aikuiselle\" \/>\n<meta property=\"og:description\" content=\"Elektrit\u00f5ukeratta kiiver lapsele \/ t\u00e4iskasvanule. V\u00e4rvid must, punane, sinine. Suurused L (suur) \/ M (keskmine) \/ S (v\u00e4ike).\" \/>\n<meta property=\"og:url\" content=\"https:\/\/www.xn--tuksimaailm-ffb.ee\/fi\/shop\/sahkoskootterikypara-lapselle-aikuiselle\/\" \/>\n<meta property=\"og:site_name\" content=\"T\u00f5uksimaailm\" \/>\n<meta property=\"article:publisher\" content=\"https:\/\/www.facebook.com\/touksimaailm\/\" \/>\n<meta property=\"og:image\" content=\"https:\/\/www.xn--tuksimaailm-ffb.ee\/wp-content\/uploads\/2021\/01\/kiiver-3tk.jpg\" \/>\n\t<meta property=\"og:image:width\" content=\"689\" \/>\n\t<meta property=\"og:image:height\" content=\"601\" \/>\n\t<meta property=\"og:image:type\" content=\"image\/jpeg\" \/>\n<meta name=\"twitter:card\" content=\"summary_large_image\" \/>\n<meta name=\"twitter:label1\" content=\"Saatavuus\" \/>\n\t<meta name=\"twitter:data1\" content=\"Varastossa\" \/>\n<meta property=\"og:availability\" content=\"instock\" \/>\n<meta property=\"product:availability\" content=\"instock\" \/>\n<meta property=\"product:condition\" content=\"new\" \/>\n<!-- \/ Yoast SEO Premium plugin. -->","yoast_head_json":{"title":"S\u00e4hk\u00f6skootterikyp\u00e4r\u00e4 lapselle \/ aikuiselle | T\u00f5uksimaailm","description":"Elektrit\u00f5ukeratta kiiver lapsele \/ t\u00e4iskasvanule. V\u00e4rvid must, punane, sinine. Suurused L (suur) \/ M (keskmine) \/ S (v\u00e4ike).","robots":{"index":"index","follow":"follow","max-snippet":"max-snippet:-1","max-image-preview":"max-image-preview:large","max-video-preview":"max-video-preview:-1"},"canonical":"https:\/\/www.xn--tuksimaailm-ffb.ee\/fi\/shop\/sahkoskootterikypara-lapselle-aikuiselle\/","og_locale":"fi_FI","og_type":"article","og_title":"S\u00e4hk\u00f6skootterikyp\u00e4r\u00e4 lapselle \/ aikuiselle","og_description":"Elektrit\u00f5ukeratta kiiver lapsele \/ t\u00e4iskasvanule. V\u00e4rvid must, punane, sinine. Suurused L (suur) \/ M (keskmine) \/ S (v\u00e4ike).","og_url":"https:\/\/www.xn--tuksimaailm-ffb.ee\/fi\/shop\/sahkoskootterikypara-lapselle-aikuiselle\/","og_site_name":"T\u00f5uksimaailm","article_publisher":"https:\/\/www.facebook.com\/touksimaailm\/","og_image":[{"width":689,"height":601,"url":"https:\/\/www.xn--tuksimaailm-ffb.ee\/wp-content\/uploads\/2021\/01\/kiiver-3tk.jpg","type":"image\/jpeg"}],"twitter_card":"summary_large_image","twitter_misc":{"Saatavuus":"Varastossa"},"schema":{"@context":"https:\/\/schema.org","@graph":[{"@type":"WebPage","@id":"https:\/\/www.xn--tuksimaailm-ffb.ee\/fi\/shop\/sahkoskootterikypara-lapselle-aikuiselle\/","url":"https:\/\/www.xn--tuksimaailm-ffb.ee\/fi\/shop\/sahkoskootterikypara-lapselle-aikuiselle\/","name":"S\u00e4hk\u00f6skootterikyp\u00e4r\u00e4 lapselle \/ aikuiselle | T\u00f5uksimaailm","isPartOf":{"@id":"https:\/\/www.xn--tuksimaailm-ffb.ee\/fi\/#website"},"primaryImageOfPage":{"@id":"https:\/\/www.xn--tuksimaailm-ffb.ee\/fi\/shop\/sahkoskootterikypara-lapselle-aikuiselle\/#primaryimage"},"image":{"@id":"https:\/\/www.xn--tuksimaailm-ffb.ee\/fi\/shop\/sahkoskootterikypara-lapselle-aikuiselle\/#primaryimage"},"thumbnailUrl":"https:\/\/www.xn--tuksimaailm-ffb.ee\/wp-content\/uploads\/2021\/01\/kiiver-3tk.jpg","datePublished":"2021-01-16T20:27:09+00:00","description":"Elektrit\u00f5ukeratta kiiver lapsele \/ t\u00e4iskasvanule. V\u00e4rvid must, punane, sinine. Suurused L (suur) \/ M (keskmine) \/ S (v\u00e4ike).","breadcrumb":{"@id":"https:\/\/www.xn--tuksimaailm-ffb.ee\/fi\/shop\/sahkoskootterikypara-lapselle-aikuiselle\/#breadcrumb"},"inLanguage":"fi","potentialAction":[{"@type":"ReadAction","target":["https:\/\/www.xn--tuksimaailm-ffb.ee\/fi\/shop\/sahkoskootterikypara-lapselle-aikuiselle\/"]}]},{"@type":"ImageObject","inLanguage":"fi","@id":"https:\/\/www.xn--tuksimaailm-ffb.ee\/fi\/shop\/sahkoskootterikypara-lapselle-aikuiselle\/#primaryimage","url":"https:\/\/www.xn--tuksimaailm-ffb.ee\/wp-content\/uploads\/2021\/01\/kiiver-3tk.jpg","contentUrl":"https:\/\/www.xn--tuksimaailm-ffb.ee\/wp-content\/uploads\/2021\/01\/kiiver-3tk.jpg","width":689,"height":601},{"@type":"BreadcrumbList","@id":"https:\/\/www.xn--tuksimaailm-ffb.ee\/fi\/shop\/sahkoskootterikypara-lapselle-aikuiselle\/#breadcrumb","itemListElement":[{"@type":"ListItem","position":1,"name":"Home","item":"https:\/\/www.xn--tuksimaailm-ffb.ee\/fi\/kotisivu\/"},{"@type":"ListItem","position":2,"name":"Kauppa","item":"https:\/\/www.xn--tuksimaailm-ffb.ee\/elektritoukerataste-pood\/"},{"@type":"ListItem","position":3,"name":"S\u00e4hk\u00f6skootterikyp\u00e4r\u00e4 lapselle \/ aikuiselle"}]},{"@type":"WebSite","@id":"https:\/\/www.xn--tuksimaailm-ffb.ee\/fi\/#website","url":"https:\/\/www.xn--tuksimaailm-ffb.ee\/fi\/","name":"T\u00f5uksimaailm","description":"Elektrit\u00f5ukerataste m\u00fc\u00fck, remont ja rent","publisher":{"@id":"https:\/\/www.xn--tuksimaailm-ffb.ee\/fi\/#organization"},"potentialAction":[{"@type":"SearchAction","target":{"@type":"EntryPoint","urlTemplate":"https:\/\/www.xn--tuksimaailm-ffb.ee\/fi\/?s={search_term_string}"},"query-input":{"@type":"PropertyValueSpecification","valueRequired":true,"valueName":"search_term_string"}}],"inLanguage":"fi"},{"@type":"Organization","@id":"https:\/\/www.xn--tuksimaailm-ffb.ee\/fi\/#organization","name":"T\u00f5uksimaailm","url":"https:\/\/www.xn--tuksimaailm-ffb.ee\/fi\/","logo":{"@type":"ImageObject","inLanguage":"fi","@id":"https:\/\/www.xn--tuksimaailm-ffb.ee\/fi\/#\/schema\/logo\/image\/","url":"https:\/\/www.xn--tuksimaailm-ffb.ee\/wp-content\/uploads\/2020\/01\/logoz-e1579792875517.png","contentUrl":"https:\/\/www.xn--tuksimaailm-ffb.ee\/wp-content\/uploads\/2020\/01\/logoz-e1579792875517.png","width":250,"height":250,"caption":"T\u00f5uksimaailm"},"image":{"@id":"https:\/\/www.xn--tuksimaailm-ffb.ee\/fi\/#\/schema\/logo\/image\/"},"sameAs":["https:\/\/www.facebook.com\/touksimaailm\/","https:\/\/www.instagram.com\/touksimaailm_\/","https:\/\/www.youtube.com\/channel\/UC18ml0EKIDLP1xGuQjFzcXQ"]}]},"og_availability":"instock","product_availability":"instock","product_condition":"new"},"jetpack_sharing_enabled":true,"_links":{"self":[{"href":"https:\/\/www.xn--tuksimaailm-ffb.ee\/fi\/wp-json\/wp\/v2\/product\/56592","targetHints":{"allow":["GET"]}}],"collection":[{"href":"https:\/\/www.xn--tuksimaailm-ffb.ee\/fi\/wp-json\/wp\/v2\/product"}],"about":[{"href":"https:\/\/www.xn--tuksimaailm-ffb.ee\/fi\/wp-json\/wp\/v2\/types\/product"}],"wp:featuredmedia":[{"embeddable":true,"href":"https:\/\/www.xn--tuksimaailm-ffb.ee\/fi\/wp-json\/wp\/v2\/media\/22518"}],"wp:attachment":[{"href":"https:\/\/www.xn--tuksimaailm-ffb.ee\/fi\/wp-json\/wp\/v2\/media?parent=56592"}],"wp:term":[{"taxonomy":"product_brand","embeddable":true,"href":"https:\/\/www.xn--tuksimaailm-ffb.ee\/fi\/wp-json\/wp\/v2\/product_brand?post=56592"},{"taxonomy":"product_cat","embeddable":true,"href":"https:\/\/www.xn--tuksimaailm-ffb.ee\/fi\/wp-json\/wp\/v2\/product_cat?post=56592"},{"taxonomy":"product_tag","embeddable":true,"href":"https:\/\/www.xn--tuksimaailm-ffb.ee\/fi\/wp-json\/wp\/v2\/product_tag?post=56592"},{"taxonomy":"filter_elektritoukeratas","embeddable":true,"href":"https:\/\/www.xn--tuksimaailm-ffb.ee\/fi\/wp-json\/wp\/v2\/filter_elektritoukeratas?post=56592"}],"curies":[{"name":"wp","href":"https:\/\/api.w.org\/{rel}","templated":true}]}}