{"id":56602,"date":"2021-01-16T20:05:23","date_gmt":"2021-01-16T18:05:23","guid":{"rendered":"http:\/\/www.xn--tuksimaailm-ffb.ee\/shop\/xiaomi-jarrulevyjen-silikonisuojaus-m365-pro-1s\/"},"modified":"2021-01-16T20:05:23","modified_gmt":"2021-01-16T17:05:23","slug":"xiaomi-jarrulevyjen-silikonisuojaus-m365-pro-1s","status":"publish","type":"product","link":"https:\/\/www.xn--tuksimaailm-ffb.ee\/fi\/shop\/xiaomi-jarrulevyjen-silikonisuojaus-m365-pro-1s\/","title":{"rendered":"Xiaomi jarrulevyjen silikonisuojaus M365 Pro 1S"},"content":{"rendered":"<p>Silikoni jarrul\u00e4p\u00e4n suojus (my\u00f6s kumisuojus) Xiaomi-s\u00e4hk\u00f6potkulautaan, saatavana <strong>mustana<\/strong> ja <strong>punaisena<\/strong>. Xiaomi jarruter\u00e4n silikonisuoja asennetaan Xiaomi <a href=\"http:\/\/www.xn--tuksimaailm-ffb.ee\/shop\/xiaomi-pidurilink-mi-m365-pro-1s\/\">jarruter\u00e4n<\/a> p\u00e4\u00e4h\u00e4n suojaamaan linkin p\u00e4\u00e4t\u00e4 naarmuilta. Silikonisuojus parantaa my\u00f6s jarrukeng\u00e4n pitoa. Jarrulenkin suojus sopii suosittuihin s\u00e4hk\u00f6skoottereihin <a href=\"http:\/\/www.xn--tuksimaailm-ffb.ee\/shop\/elektritouks_xiaomi-360\/\"><strong>Xiaomi Mi M365<\/strong><\/a><strong> (<\/strong><a href=\"http:\/\/www.xn--tuksimaailm-ffb.ee\/shop\/elektriline-toukeratas-xiaomi-mi-m365-pro\/\"><strong>Pro<\/strong><\/a><strong>) , <\/strong><a href=\"https:\/\/www.mi.com\/global\/mi-electric-scooter-Pro2\/\"><strong>Xiaomi Mi Pro 2<\/strong><\/a><strong>, <\/strong><a href=\"https:\/\/www.mi.com\/global\/mi-electric-scooter-1S\/\"><strong>Xiaomi Mi 1S<\/strong><\/a><strong>, <\/strong><a href=\"http:\/\/www.xn--tuksimaailm-ffb.ee\/shop\/elektriline-toukeratas-ninebot-max-g30\/\"><strong>Ninebot Max G30<\/strong><\/a><strong>.<\/strong><\/p>\n","protected":false},"excerpt":{"rendered":"<p>Silikoni jarrul\u00e4p\u00e4n suojus (my\u00f6s kumisuojus) Xiaomi-s\u00e4hk\u00f6potkulautaan, saatavana mustana ja punaisena. Xiaomi jarruter\u00e4n silikonisuoja asennetaan Xiaomi jarruter\u00e4n p\u00e4\u00e4h\u00e4n suojaamaan linkin p\u00e4\u00e4t\u00e4 naarmuilta. Silikonisuojus parantaa my\u00f6s jarrukeng\u00e4n pitoa. Jarrulenkin suojus sopii suosittuihin s\u00e4hk\u00f6skoottereihin Xiaomi Mi M365 (Pro) , Xiaomi Mi Pro 2, Xiaomi Mi 1S, Ninebot Max G30.<\/p>\n","protected":false},"featured_media":22515,"template":"","meta":[],"product_brand":[],"product_cat":[1697],"product_tag":[],"filter_elektritoukeratas":[],"class_list":{"0":"post-56602","1":"product","2":"type-product","3":"status-publish","4":"has-post-thumbnail","6":"product_cat-lisavarusteet","7":"pa_colour-musta","8":"pa_colour-punainen","9":"pa_tootetuup-piduridetailid-fi","11":"first","12":"instock","13":"taxable","14":"shipping-taxable","15":"purchasable","16":"product-type-variable"},"yoast_head":"<!-- This site is optimized with the Yoast SEO Premium plugin v26.8 (Yoast SEO v27.5) - https:\/\/yoast.com\/product\/yoast-seo-premium-wordpress\/ -->\n<title>Xiaomi jarrulevyjen silikonisuojaus M365 Pro 1S | T\u00f5uksimaailm<\/title>\n<meta name=\"description\" content=\"Elektrilise t\u00f5ukeratta Xiaomi pidurilingi silikoon kaitse (ka kummist kaitse), Xiaomi M365 (Pro), Xiaomi Pro 2, Xiaomi 1S, Ninebot Max G30. Lisavarustus.\" \/>\n<meta name=\"robots\" content=\"index, follow, max-snippet:-1, max-image-preview:large, max-video-preview:-1\" \/>\n<link rel=\"canonical\" href=\"https:\/\/www.xn--tuksimaailm-ffb.ee\/fi\/shop\/xiaomi-jarrulevyjen-silikonisuojaus-m365-pro-1s\/\" \/>\n<meta property=\"og:locale\" content=\"fi_FI\" \/>\n<meta property=\"og:type\" content=\"article\" \/>\n<meta property=\"og:title\" content=\"Xiaomi jarrulevyjen silikonisuojaus M365 Pro 1S\" \/>\n<meta property=\"og:description\" content=\"Elektrilise t\u00f5ukeratta Xiaomi pidurilingi silikoon kaitse (ka kummist kaitse), Xiaomi M365 (Pro), Xiaomi Pro 2, Xiaomi 1S, Ninebot Max G30. Lisavarustus.\" \/>\n<meta property=\"og:url\" content=\"https:\/\/www.xn--tuksimaailm-ffb.ee\/fi\/shop\/xiaomi-jarrulevyjen-silikonisuojaus-m365-pro-1s\/\" \/>\n<meta property=\"og:site_name\" content=\"T\u00f5uksimaailm\" \/>\n<meta property=\"article:publisher\" content=\"https:\/\/www.facebook.com\/touksimaailm\/\" \/>\n<meta property=\"og:image\" content=\"https:\/\/www.xn--tuksimaailm-ffb.ee\/wp-content\/uploads\/2021\/01\/xiaomi-silik-link-1.jpg\" \/>\n\t<meta property=\"og:image:width\" content=\"719\" \/>\n\t<meta property=\"og:image:height\" content=\"527\" \/>\n\t<meta property=\"og:image:type\" content=\"image\/jpeg\" \/>\n<meta name=\"twitter:card\" content=\"summary_large_image\" \/>\n<meta name=\"twitter:label1\" content=\"Saatavuus\" \/>\n\t<meta name=\"twitter:data1\" content=\"Varastossa\" \/>\n<meta property=\"og:availability\" content=\"instock\" \/>\n<meta property=\"product:availability\" content=\"instock\" \/>\n<meta property=\"product:condition\" content=\"new\" \/>\n<!-- \/ Yoast SEO Premium plugin. -->","yoast_head_json":{"title":"Xiaomi jarrulevyjen silikonisuojaus M365 Pro 1S | T\u00f5uksimaailm","description":"Elektrilise t\u00f5ukeratta Xiaomi pidurilingi silikoon kaitse (ka kummist kaitse), Xiaomi M365 (Pro), Xiaomi Pro 2, Xiaomi 1S, Ninebot Max G30. Lisavarustus.","robots":{"index":"index","follow":"follow","max-snippet":"max-snippet:-1","max-image-preview":"max-image-preview:large","max-video-preview":"max-video-preview:-1"},"canonical":"https:\/\/www.xn--tuksimaailm-ffb.ee\/fi\/shop\/xiaomi-jarrulevyjen-silikonisuojaus-m365-pro-1s\/","og_locale":"fi_FI","og_type":"article","og_title":"Xiaomi jarrulevyjen silikonisuojaus M365 Pro 1S","og_description":"Elektrilise t\u00f5ukeratta Xiaomi pidurilingi silikoon kaitse (ka kummist kaitse), Xiaomi M365 (Pro), Xiaomi Pro 2, Xiaomi 1S, Ninebot Max G30. Lisavarustus.","og_url":"https:\/\/www.xn--tuksimaailm-ffb.ee\/fi\/shop\/xiaomi-jarrulevyjen-silikonisuojaus-m365-pro-1s\/","og_site_name":"T\u00f5uksimaailm","article_publisher":"https:\/\/www.facebook.com\/touksimaailm\/","og_image":[{"width":719,"height":527,"url":"https:\/\/www.xn--tuksimaailm-ffb.ee\/wp-content\/uploads\/2021\/01\/xiaomi-silik-link-1.jpg","type":"image\/jpeg"}],"twitter_card":"summary_large_image","twitter_misc":{"Saatavuus":"Varastossa"},"schema":{"@context":"https:\/\/schema.org","@graph":[{"@type":"WebPage","@id":"https:\/\/www.xn--tuksimaailm-ffb.ee\/fi\/shop\/xiaomi-jarrulevyjen-silikonisuojaus-m365-pro-1s\/","url":"https:\/\/www.xn--tuksimaailm-ffb.ee\/fi\/shop\/xiaomi-jarrulevyjen-silikonisuojaus-m365-pro-1s\/","name":"Xiaomi jarrulevyjen silikonisuojaus M365 Pro 1S | T\u00f5uksimaailm","isPartOf":{"@id":"https:\/\/www.xn--tuksimaailm-ffb.ee\/fi\/#website"},"primaryImageOfPage":{"@id":"https:\/\/www.xn--tuksimaailm-ffb.ee\/fi\/shop\/xiaomi-jarrulevyjen-silikonisuojaus-m365-pro-1s\/#primaryimage"},"image":{"@id":"https:\/\/www.xn--tuksimaailm-ffb.ee\/fi\/shop\/xiaomi-jarrulevyjen-silikonisuojaus-m365-pro-1s\/#primaryimage"},"thumbnailUrl":"https:\/\/www.xn--tuksimaailm-ffb.ee\/wp-content\/uploads\/2021\/01\/xiaomi-silik-link-1.jpg","datePublished":"2021-01-16T18:05:23+00:00","description":"Elektrilise t\u00f5ukeratta Xiaomi pidurilingi silikoon kaitse (ka kummist kaitse), Xiaomi M365 (Pro), Xiaomi Pro 2, Xiaomi 1S, Ninebot Max G30. Lisavarustus.","breadcrumb":{"@id":"https:\/\/www.xn--tuksimaailm-ffb.ee\/fi\/shop\/xiaomi-jarrulevyjen-silikonisuojaus-m365-pro-1s\/#breadcrumb"},"inLanguage":"fi","potentialAction":[{"@type":"ReadAction","target":["https:\/\/www.xn--tuksimaailm-ffb.ee\/fi\/shop\/xiaomi-jarrulevyjen-silikonisuojaus-m365-pro-1s\/"]}]},{"@type":"ImageObject","inLanguage":"fi","@id":"https:\/\/www.xn--tuksimaailm-ffb.ee\/fi\/shop\/xiaomi-jarrulevyjen-silikonisuojaus-m365-pro-1s\/#primaryimage","url":"https:\/\/www.xn--tuksimaailm-ffb.ee\/wp-content\/uploads\/2021\/01\/xiaomi-silik-link-1.jpg","contentUrl":"https:\/\/www.xn--tuksimaailm-ffb.ee\/wp-content\/uploads\/2021\/01\/xiaomi-silik-link-1.jpg","width":719,"height":527},{"@type":"BreadcrumbList","@id":"https:\/\/www.xn--tuksimaailm-ffb.ee\/fi\/shop\/xiaomi-jarrulevyjen-silikonisuojaus-m365-pro-1s\/#breadcrumb","itemListElement":[{"@type":"ListItem","position":1,"name":"Home","item":"https:\/\/www.xn--tuksimaailm-ffb.ee\/fi\/kotisivu\/"},{"@type":"ListItem","position":2,"name":"Kauppa","item":"https:\/\/www.xn--tuksimaailm-ffb.ee\/elektritoukerataste-pood\/"},{"@type":"ListItem","position":3,"name":"Xiaomi jarrulevyjen silikonisuojaus M365 Pro 1S"}]},{"@type":"WebSite","@id":"https:\/\/www.xn--tuksimaailm-ffb.ee\/fi\/#website","url":"https:\/\/www.xn--tuksimaailm-ffb.ee\/fi\/","name":"T\u00f5uksimaailm","description":"Elektrit\u00f5ukerataste m\u00fc\u00fck, remont ja rent","publisher":{"@id":"https:\/\/www.xn--tuksimaailm-ffb.ee\/fi\/#organization"},"potentialAction":[{"@type":"SearchAction","target":{"@type":"EntryPoint","urlTemplate":"https:\/\/www.xn--tuksimaailm-ffb.ee\/fi\/?s={search_term_string}"},"query-input":{"@type":"PropertyValueSpecification","valueRequired":true,"valueName":"search_term_string"}}],"inLanguage":"fi"},{"@type":"Organization","@id":"https:\/\/www.xn--tuksimaailm-ffb.ee\/fi\/#organization","name":"T\u00f5uksimaailm","url":"https:\/\/www.xn--tuksimaailm-ffb.ee\/fi\/","logo":{"@type":"ImageObject","inLanguage":"fi","@id":"https:\/\/www.xn--tuksimaailm-ffb.ee\/fi\/#\/schema\/logo\/image\/","url":"https:\/\/www.xn--tuksimaailm-ffb.ee\/wp-content\/uploads\/2020\/01\/logoz-e1579792875517.png","contentUrl":"https:\/\/www.xn--tuksimaailm-ffb.ee\/wp-content\/uploads\/2020\/01\/logoz-e1579792875517.png","width":250,"height":250,"caption":"T\u00f5uksimaailm"},"image":{"@id":"https:\/\/www.xn--tuksimaailm-ffb.ee\/fi\/#\/schema\/logo\/image\/"},"sameAs":["https:\/\/www.facebook.com\/touksimaailm\/","https:\/\/www.instagram.com\/touksimaailm_\/","https:\/\/www.youtube.com\/channel\/UC18ml0EKIDLP1xGuQjFzcXQ"]}]},"og_availability":"instock","product_availability":"instock","product_condition":"new"},"jetpack_sharing_enabled":true,"_links":{"self":[{"href":"https:\/\/www.xn--tuksimaailm-ffb.ee\/fi\/wp-json\/wp\/v2\/product\/56602","targetHints":{"allow":["GET"]}}],"collection":[{"href":"https:\/\/www.xn--tuksimaailm-ffb.ee\/fi\/wp-json\/wp\/v2\/product"}],"about":[{"href":"https:\/\/www.xn--tuksimaailm-ffb.ee\/fi\/wp-json\/wp\/v2\/types\/product"}],"wp:featuredmedia":[{"embeddable":true,"href":"https:\/\/www.xn--tuksimaailm-ffb.ee\/fi\/wp-json\/wp\/v2\/media\/22515"}],"wp:attachment":[{"href":"https:\/\/www.xn--tuksimaailm-ffb.ee\/fi\/wp-json\/wp\/v2\/media?parent=56602"}],"wp:term":[{"taxonomy":"product_brand","embeddable":true,"href":"https:\/\/www.xn--tuksimaailm-ffb.ee\/fi\/wp-json\/wp\/v2\/product_brand?post=56602"},{"taxonomy":"product_cat","embeddable":true,"href":"https:\/\/www.xn--tuksimaailm-ffb.ee\/fi\/wp-json\/wp\/v2\/product_cat?post=56602"},{"taxonomy":"product_tag","embeddable":true,"href":"https:\/\/www.xn--tuksimaailm-ffb.ee\/fi\/wp-json\/wp\/v2\/product_tag?post=56602"},{"taxonomy":"filter_elektritoukeratas","embeddable":true,"href":"https:\/\/www.xn--tuksimaailm-ffb.ee\/fi\/wp-json\/wp\/v2\/filter_elektritoukeratas?post=56602"}],"curies":[{"name":"wp","href":"https:\/\/api.w.org\/{rel}","templated":true}]}}