{"id":56605,"date":"2021-01-16T19:08:14","date_gmt":"2021-01-16T17:08:14","guid":{"rendered":"http:\/\/www.xn--tuksimaailm-ffb.ee\/shop\/lasten-ohjaustanko-ohjauslenkki-sahkoskootterille-xiaomi\/"},"modified":"2021-01-16T19:08:14","modified_gmt":"2021-01-16T16:08:14","slug":"lasten-ohjaustanko-ohjauslenkki-sahkoskootterille-xiaomi","status":"publish","type":"product","link":"https:\/\/www.xn--tuksimaailm-ffb.ee\/fi\/shop\/lasten-ohjaustanko-ohjauslenkki-sahkoskootterille-xiaomi\/","title":{"rendered":"Lasten ohjaustanko \/ ohjauslenkki s\u00e4hk\u00f6skootterille Xiaomi"},"content":{"rendered":"<p>Lasten ohjaustanko (kahva, - lasten ohjaustanko) s\u00e4hk\u00f6skootterille. Lasten ohjaustanko s\u00e4hk\u00f6skootterille sopii suosittuun s\u00e4hk\u00f6skootteriin <a><strong>Xiaomi M365<\/strong><\/a><strong>, <\/strong><a><strong>M365 Pro<\/strong><\/a><strong>, <\/strong><a><strong>Xiaomi Mi 1S<\/strong><\/a> ja<a><strong>Pro 2<\/strong><\/a><strong>.<\/strong> Lasten ohjaustanko s\u00e4hk\u00f6skootterille mahdollistaa s\u00e4hk\u00f6isen skootterin ajamisen lapsesi kanssa turvallisemmalla tavalla, koska lapsi voi tukea itse\u00e4\u00e4n ohjaustangolla jarrutuksen ja kiihdytyksen aikana. HUOM. 28.10.2020 hyv\u00e4ksytyn <a href=\"https:\/\/www.riigiteataja.ee\/akt\/113112020001\">tieliikennelain muuttamista koskevan lain<\/a> mukaan kevytmoottoripy\u00f6r\u00e4ll\u00e4 ei saa en\u00e4\u00e4 ajaa pareittain Virossa 1.1.2021 alkaen.<\/p>\n","protected":false},"excerpt":{"rendered":"<p>Lasten ohjaustanko (kahva, - lasten ohjaustanko) s\u00e4hk\u00f6skootterille. Lasten ohjaustanko s\u00e4hk\u00f6skootterille sopii suosittuun s\u00e4hk\u00f6skootteriin Xiaomi M365, M365 Pro, Xiaomi Mi 1S jaPro 2. Lasten ohjaustanko s\u00e4hk\u00f6skootterille mahdollistaa s\u00e4hk\u00f6isen skootterin ajamisen lapsesi kanssa turvallisemmalla tavalla, koska lapsi voi tukea itse\u00e4\u00e4n ohjaustangolla jarrutuksen ja kiihdytyksen aikana. HUOM. 28.10.2020 hyv\u00e4ksytyn tieliikennelain muuttamista koskevan lain &hellip;<\/p>\n","protected":false},"featured_media":22513,"template":"","meta":[],"product_brand":[],"product_cat":[1697],"product_tag":[],"filter_elektritoukeratas":[],"class_list":{"0":"post-56605","1":"product","2":"type-product","3":"status-publish","4":"has-post-thumbnail","6":"product_cat-lisavarusteet","7":"pa_tootetuup-lisalenksud-lenksupikendused-ja-korgendused","9":"first","10":"instock","11":"taxable","12":"shipping-taxable","13":"purchasable","14":"product-type-simple"},"yoast_head":"<!-- This site is optimized with the Yoast SEO Premium plugin v26.8 (Yoast SEO v27.5) - https:\/\/yoast.com\/product\/yoast-seo-premium-wordpress\/ -->\n<title>Lasten ohjaustanko \/ ohjauslenkki s\u00e4hk\u00f6skootterille Xiaomi | T\u00f5uksimaailm<\/title>\n<meta name=\"description\" content=\"Laste lenks (juhtraud, lenkstang, lapselenks) elektrit\u00f5ukerattale, sobib Xiaomi M365, Xiaomi M365 Pro, Xiaomi 1S ja Xiaomi Mi Pro 2. Lapselenksud.\" \/>\n<meta name=\"robots\" content=\"index, follow, max-snippet:-1, max-image-preview:large, max-video-preview:-1\" \/>\n<link rel=\"canonical\" href=\"https:\/\/www.xn--tuksimaailm-ffb.ee\/fi\/shop\/lasten-ohjaustanko-ohjauslenkki-sahkoskootterille-xiaomi\/\" \/>\n<meta property=\"og:locale\" content=\"fi_FI\" \/>\n<meta property=\"og:type\" content=\"article\" \/>\n<meta property=\"og:title\" content=\"Lasten ohjaustanko \/ ohjauslenkki s\u00e4hk\u00f6skootterille Xiaomi\" \/>\n<meta property=\"og:description\" content=\"Laste lenks (juhtraud, lenkstang, lapselenks) elektrit\u00f5ukerattale, sobib Xiaomi M365, Xiaomi M365 Pro, Xiaomi 1S ja Xiaomi Mi Pro 2. Lapselenksud.\" \/>\n<meta property=\"og:url\" content=\"https:\/\/www.xn--tuksimaailm-ffb.ee\/fi\/shop\/lasten-ohjaustanko-ohjauslenkki-sahkoskootterille-xiaomi\/\" \/>\n<meta property=\"og:site_name\" content=\"T\u00f5uksimaailm\" \/>\n<meta property=\"article:publisher\" content=\"https:\/\/www.facebook.com\/touksimaailm\/\" \/>\n<meta property=\"og:image\" content=\"https:\/\/www.xn--tuksimaailm-ffb.ee\/wp-content\/uploads\/2021\/01\/lapse-lisalenks-2.jpg\" \/>\n\t<meta property=\"og:image:width\" content=\"581\" \/>\n\t<meta property=\"og:image:height\" content=\"489\" \/>\n\t<meta property=\"og:image:type\" content=\"image\/jpeg\" \/>\n<meta name=\"twitter:card\" content=\"summary_large_image\" \/>\n<meta name=\"twitter:label1\" content=\"Hinta\" \/>\n\t<meta name=\"twitter:data1\" content=\"&euro;15.00\" \/>\n\t<meta name=\"twitter:label2\" content=\"Saatavuus\" \/>\n\t<meta name=\"twitter:data2\" content=\"Varastossa\" \/>\n<meta property=\"product:price:amount\" content=\"15.00\" \/>\n<meta property=\"product:price:currency\" content=\"EUR\" \/>\n<meta property=\"og:availability\" content=\"instock\" \/>\n<meta property=\"product:availability\" content=\"instock\" \/>\n<meta property=\"product:condition\" content=\"new\" \/>\n<!-- \/ Yoast SEO Premium plugin. -->","yoast_head_json":{"title":"Lasten ohjaustanko \/ ohjauslenkki s\u00e4hk\u00f6skootterille Xiaomi | T\u00f5uksimaailm","description":"Laste lenks (juhtraud, lenkstang, lapselenks) elektrit\u00f5ukerattale, sobib Xiaomi M365, Xiaomi M365 Pro, Xiaomi 1S ja Xiaomi Mi Pro 2. Lapselenksud.","robots":{"index":"index","follow":"follow","max-snippet":"max-snippet:-1","max-image-preview":"max-image-preview:large","max-video-preview":"max-video-preview:-1"},"canonical":"https:\/\/www.xn--tuksimaailm-ffb.ee\/fi\/shop\/lasten-ohjaustanko-ohjauslenkki-sahkoskootterille-xiaomi\/","og_locale":"fi_FI","og_type":"article","og_title":"Lasten ohjaustanko \/ ohjauslenkki s\u00e4hk\u00f6skootterille Xiaomi","og_description":"Laste lenks (juhtraud, lenkstang, lapselenks) elektrit\u00f5ukerattale, sobib Xiaomi M365, Xiaomi M365 Pro, Xiaomi 1S ja Xiaomi Mi Pro 2. Lapselenksud.","og_url":"https:\/\/www.xn--tuksimaailm-ffb.ee\/fi\/shop\/lasten-ohjaustanko-ohjauslenkki-sahkoskootterille-xiaomi\/","og_site_name":"T\u00f5uksimaailm","article_publisher":"https:\/\/www.facebook.com\/touksimaailm\/","og_image":[{"width":581,"height":489,"url":"https:\/\/www.xn--tuksimaailm-ffb.ee\/wp-content\/uploads\/2021\/01\/lapse-lisalenks-2.jpg","type":"image\/jpeg"}],"twitter_card":"summary_large_image","twitter_misc":{"Hinta":"&euro;15.00","Saatavuus":"Varastossa"},"schema":{"@context":"https:\/\/schema.org","@graph":[{"@type":"WebPage","@id":"https:\/\/www.xn--tuksimaailm-ffb.ee\/fi\/shop\/lasten-ohjaustanko-ohjauslenkki-sahkoskootterille-xiaomi\/","url":"https:\/\/www.xn--tuksimaailm-ffb.ee\/fi\/shop\/lasten-ohjaustanko-ohjauslenkki-sahkoskootterille-xiaomi\/","name":"Lasten ohjaustanko \/ ohjauslenkki s\u00e4hk\u00f6skootterille Xiaomi | T\u00f5uksimaailm","isPartOf":{"@id":"https:\/\/www.xn--tuksimaailm-ffb.ee\/fi\/#website"},"primaryImageOfPage":{"@id":"https:\/\/www.xn--tuksimaailm-ffb.ee\/fi\/shop\/lasten-ohjaustanko-ohjauslenkki-sahkoskootterille-xiaomi\/#primaryimage"},"image":{"@id":"https:\/\/www.xn--tuksimaailm-ffb.ee\/fi\/shop\/lasten-ohjaustanko-ohjauslenkki-sahkoskootterille-xiaomi\/#primaryimage"},"thumbnailUrl":"https:\/\/www.xn--tuksimaailm-ffb.ee\/wp-content\/uploads\/2021\/01\/lapse-lisalenks-2.jpg","datePublished":"2021-01-16T17:08:14+00:00","description":"Laste lenks (juhtraud, lenkstang, lapselenks) elektrit\u00f5ukerattale, sobib Xiaomi M365, Xiaomi M365 Pro, Xiaomi 1S ja Xiaomi Mi Pro 2. Lapselenksud.","breadcrumb":{"@id":"https:\/\/www.xn--tuksimaailm-ffb.ee\/fi\/shop\/lasten-ohjaustanko-ohjauslenkki-sahkoskootterille-xiaomi\/#breadcrumb"},"inLanguage":"fi","potentialAction":[{"@type":"ReadAction","target":["https:\/\/www.xn--tuksimaailm-ffb.ee\/fi\/shop\/lasten-ohjaustanko-ohjauslenkki-sahkoskootterille-xiaomi\/"]}]},{"@type":"ImageObject","inLanguage":"fi","@id":"https:\/\/www.xn--tuksimaailm-ffb.ee\/fi\/shop\/lasten-ohjaustanko-ohjauslenkki-sahkoskootterille-xiaomi\/#primaryimage","url":"https:\/\/www.xn--tuksimaailm-ffb.ee\/wp-content\/uploads\/2021\/01\/lapse-lisalenks-2.jpg","contentUrl":"https:\/\/www.xn--tuksimaailm-ffb.ee\/wp-content\/uploads\/2021\/01\/lapse-lisalenks-2.jpg","width":581,"height":489},{"@type":"BreadcrumbList","@id":"https:\/\/www.xn--tuksimaailm-ffb.ee\/fi\/shop\/lasten-ohjaustanko-ohjauslenkki-sahkoskootterille-xiaomi\/#breadcrumb","itemListElement":[{"@type":"ListItem","position":1,"name":"Home","item":"https:\/\/www.xn--tuksimaailm-ffb.ee\/fi\/kotisivu\/"},{"@type":"ListItem","position":2,"name":"Kauppa","item":"https:\/\/www.xn--tuksimaailm-ffb.ee\/elektritoukerataste-pood\/"},{"@type":"ListItem","position":3,"name":"Lasten ohjaustanko \/ ohjauslenkki s\u00e4hk\u00f6skootterille Xiaomi"}]},{"@type":"WebSite","@id":"https:\/\/www.xn--tuksimaailm-ffb.ee\/fi\/#website","url":"https:\/\/www.xn--tuksimaailm-ffb.ee\/fi\/","name":"T\u00f5uksimaailm","description":"Elektrit\u00f5ukerataste m\u00fc\u00fck, remont ja rent","publisher":{"@id":"https:\/\/www.xn--tuksimaailm-ffb.ee\/fi\/#organization"},"potentialAction":[{"@type":"SearchAction","target":{"@type":"EntryPoint","urlTemplate":"https:\/\/www.xn--tuksimaailm-ffb.ee\/fi\/?s={search_term_string}"},"query-input":{"@type":"PropertyValueSpecification","valueRequired":true,"valueName":"search_term_string"}}],"inLanguage":"fi"},{"@type":"Organization","@id":"https:\/\/www.xn--tuksimaailm-ffb.ee\/fi\/#organization","name":"T\u00f5uksimaailm","url":"https:\/\/www.xn--tuksimaailm-ffb.ee\/fi\/","logo":{"@type":"ImageObject","inLanguage":"fi","@id":"https:\/\/www.xn--tuksimaailm-ffb.ee\/fi\/#\/schema\/logo\/image\/","url":"https:\/\/www.xn--tuksimaailm-ffb.ee\/wp-content\/uploads\/2020\/01\/logoz-e1579792875517.png","contentUrl":"https:\/\/www.xn--tuksimaailm-ffb.ee\/wp-content\/uploads\/2020\/01\/logoz-e1579792875517.png","width":250,"height":250,"caption":"T\u00f5uksimaailm"},"image":{"@id":"https:\/\/www.xn--tuksimaailm-ffb.ee\/fi\/#\/schema\/logo\/image\/"},"sameAs":["https:\/\/www.facebook.com\/touksimaailm\/","https:\/\/www.instagram.com\/touksimaailm_\/","https:\/\/www.youtube.com\/channel\/UC18ml0EKIDLP1xGuQjFzcXQ"]}]},"product_price_amount":"15.00","product_price_currency":"EUR","og_availability":"instock","product_availability":"instock","product_condition":"new"},"jetpack_sharing_enabled":true,"_links":{"self":[{"href":"https:\/\/www.xn--tuksimaailm-ffb.ee\/fi\/wp-json\/wp\/v2\/product\/56605","targetHints":{"allow":["GET"]}}],"collection":[{"href":"https:\/\/www.xn--tuksimaailm-ffb.ee\/fi\/wp-json\/wp\/v2\/product"}],"about":[{"href":"https:\/\/www.xn--tuksimaailm-ffb.ee\/fi\/wp-json\/wp\/v2\/types\/product"}],"wp:featuredmedia":[{"embeddable":true,"href":"https:\/\/www.xn--tuksimaailm-ffb.ee\/fi\/wp-json\/wp\/v2\/media\/22513"}],"wp:attachment":[{"href":"https:\/\/www.xn--tuksimaailm-ffb.ee\/fi\/wp-json\/wp\/v2\/media?parent=56605"}],"wp:term":[{"taxonomy":"product_brand","embeddable":true,"href":"https:\/\/www.xn--tuksimaailm-ffb.ee\/fi\/wp-json\/wp\/v2\/product_brand?post=56605"},{"taxonomy":"product_cat","embeddable":true,"href":"https:\/\/www.xn--tuksimaailm-ffb.ee\/fi\/wp-json\/wp\/v2\/product_cat?post=56605"},{"taxonomy":"product_tag","embeddable":true,"href":"https:\/\/www.xn--tuksimaailm-ffb.ee\/fi\/wp-json\/wp\/v2\/product_tag?post=56605"},{"taxonomy":"filter_elektritoukeratas","embeddable":true,"href":"https:\/\/www.xn--tuksimaailm-ffb.ee\/fi\/wp-json\/wp\/v2\/filter_elektritoukeratas?post=56605"}],"curies":[{"name":"wp","href":"https:\/\/api.w.org\/{rel}","templated":true}]}}