{"id":56606,"date":"2021-01-16T18:42:09","date_gmt":"2021-01-16T16:42:09","guid":{"rendered":"http:\/\/www.xn--tuksimaailm-ffb.ee\/shop\/sahkoskootterin-lisavaruste-20cm-xiaomi-ninebot\/"},"modified":"2021-01-16T18:42:09","modified_gmt":"2021-01-16T15:42:09","slug":"sahkoskootterin-lisavaruste-20cm-xiaomi-ninebot","status":"publish","type":"product","link":"https:\/\/www.xn--tuksimaailm-ffb.ee\/fi\/shop\/sahkoskootterin-lisavaruste-20cm-xiaomi-ninebot\/","title":{"rendered":"S\u00e4hk\u00f6skootterin lis\u00e4varuste 20cm Xiaomi \/ Ninebot"},"content":{"rendered":"<p>S\u00e4hk\u00f6skootterin lis\u00e4linssi (my\u00f6s lis\u00e4linssi), linssin halkaisija <strong>22,2mm<\/strong>, pituus <strong>20cm<\/strong>, materiaali <strong>alumiini<\/strong>. Lis\u00e4linssi kiinnitet\u00e4\u00e4n s\u00e4hk\u00f6k\u00e4ytt\u00f6isen ty\u00f6nt\u00f6py\u00f6r\u00e4n ohjaustangon keskelle kahdella alumiinikiinnikkeell\u00e4. N\u00e4in voit kiinnitt\u00e4\u00e4 s\u00e4hk\u00f6potkulautasi ohjaustankoon <a href=\"http:\/\/www.xn--tuksimaailm-ffb.ee\/tootekategooria\/lisavarustus\/\">lis\u00e4varusteita<\/a>, jotka eiv\u00e4t muuten sopisi. S\u00e4hk\u00f6potkulaitteen kiinnitys sopii kaikkiin s\u00e4hk\u00f6potkulaitteisiin, joissa on <strong>22,2 mm:n<\/strong> linssi keskivarren vieress\u00e4. Se sopii my\u00f6s suosittuihin s\u00e4hk\u00f6skoottereihin <a><strong>Xiaomi M365<\/strong><\/a><strong>, <\/strong><a><strong>Xiaomi M365 Pro<\/strong><\/a><strong>, <\/strong><a><strong>Xiaomi Mi 1S<\/strong><\/a> ja<a><strong>Xiaomi Mi Pro 2<\/strong><\/a><strong>, <\/strong><a><strong>Ninebot Max G30 <\/strong><\/a>ja<a><strong> G30LE<\/strong><\/a><strong>.<\/strong><\/p>\n","protected":false},"excerpt":{"rendered":"<p>S\u00e4hk\u00f6skootterin lis\u00e4linssi (my\u00f6s lis\u00e4linssi), linssin halkaisija 22,2mm, pituus 20cm, materiaali alumiini. Lis\u00e4linssi kiinnitet\u00e4\u00e4n s\u00e4hk\u00f6k\u00e4ytt\u00f6isen ty\u00f6nt\u00f6py\u00f6r\u00e4n ohjaustangon keskelle kahdella alumiinikiinnikkeell\u00e4. N\u00e4in voit kiinnitt\u00e4\u00e4 s\u00e4hk\u00f6potkulautasi ohjaustankoon lis\u00e4varusteita, jotka eiv\u00e4t muuten sopisi. S\u00e4hk\u00f6potkulaitteen kiinnitys sopii kaikkiin s\u00e4hk\u00f6potkulaitteisiin, joissa on 22,2 mm:n linssi keskivarren vieress\u00e4. Se sopii my\u00f6s suosittuihin s\u00e4hk\u00f6skoottereihin Xiaomi M365, Xiaomi M365 &hellip;<\/p>\n","protected":false},"featured_media":22510,"template":"","meta":[],"product_brand":[],"product_cat":[1697],"product_tag":[],"filter_elektritoukeratas":[],"class_list":{"0":"post-56606","1":"product","2":"type-product","3":"status-publish","4":"has-post-thumbnail","6":"product_cat-lisavarusteet","7":"pa_colour-musta","8":"pa_colour-punainen","9":"pa_tootetuup-lisalenksud-lenksupikendused-ja-korgendused","11":"first","12":"instock","13":"taxable","14":"shipping-taxable","15":"purchasable","16":"product-type-variable"},"yoast_head":"<!-- This site is optimized with the Yoast SEO Premium plugin v26.8 (Yoast SEO v27.5) - https:\/\/yoast.com\/product\/yoast-seo-premium-wordpress\/ -->\n<title>S\u00e4hk\u00f6skootterin lis\u00e4varuste 20cm Xiaomi \/ Ninebot | T\u00f5uksimaailm<\/title>\n<meta name=\"description\" content=\"Elektrit\u00f5ukeratta lisalenks (ka lisa lenks), l\u00e4bim\u00f5\u00f5t 22,2mm, pikkus 20cm, alumiinium. Sobib Xiaomi M365 (Pro), 1S, Pro 2, Ninebot Max G30. Lisalenksud.\" \/>\n<meta name=\"robots\" content=\"index, follow, max-snippet:-1, max-image-preview:large, max-video-preview:-1\" \/>\n<link rel=\"canonical\" href=\"https:\/\/www.xn--tuksimaailm-ffb.ee\/fi\/shop\/sahkoskootterin-lisavaruste-20cm-xiaomi-ninebot\/\" \/>\n<meta property=\"og:locale\" content=\"fi_FI\" \/>\n<meta property=\"og:type\" content=\"article\" \/>\n<meta property=\"og:title\" content=\"S\u00e4hk\u00f6skootterin lis\u00e4varuste 20cm Xiaomi \/ Ninebot\" \/>\n<meta property=\"og:description\" content=\"Elektrit\u00f5ukeratta lisalenks (ka lisa lenks), l\u00e4bim\u00f5\u00f5t 22,2mm, pikkus 20cm, alumiinium. Sobib Xiaomi M365 (Pro), 1S, Pro 2, Ninebot Max G30. Lisalenksud.\" \/>\n<meta property=\"og:url\" content=\"https:\/\/www.xn--tuksimaailm-ffb.ee\/fi\/shop\/sahkoskootterin-lisavaruste-20cm-xiaomi-ninebot\/\" \/>\n<meta property=\"og:site_name\" content=\"T\u00f5uksimaailm\" \/>\n<meta property=\"article:publisher\" content=\"https:\/\/www.facebook.com\/touksimaailm\/\" \/>\n<meta property=\"og:image\" content=\"https:\/\/www.xn--tuksimaailm-ffb.ee\/wp-content\/uploads\/2021\/01\/20cm-lisalenks-4.jpg\" \/>\n\t<meta property=\"og:image:width\" content=\"767\" \/>\n\t<meta property=\"og:image:height\" content=\"737\" \/>\n\t<meta property=\"og:image:type\" content=\"image\/jpeg\" \/>\n<meta name=\"twitter:card\" content=\"summary_large_image\" \/>\n<meta name=\"twitter:label1\" content=\"Saatavuus\" \/>\n\t<meta name=\"twitter:data1\" content=\"Varastossa\" \/>\n<meta property=\"og:availability\" content=\"instock\" \/>\n<meta property=\"product:availability\" content=\"instock\" \/>\n<meta property=\"product:condition\" content=\"new\" \/>\n<!-- \/ Yoast SEO Premium plugin. -->","yoast_head_json":{"title":"S\u00e4hk\u00f6skootterin lis\u00e4varuste 20cm Xiaomi \/ Ninebot | T\u00f5uksimaailm","description":"Elektrit\u00f5ukeratta lisalenks (ka lisa lenks), l\u00e4bim\u00f5\u00f5t 22,2mm, pikkus 20cm, alumiinium. Sobib Xiaomi M365 (Pro), 1S, Pro 2, Ninebot Max G30. Lisalenksud.","robots":{"index":"index","follow":"follow","max-snippet":"max-snippet:-1","max-image-preview":"max-image-preview:large","max-video-preview":"max-video-preview:-1"},"canonical":"https:\/\/www.xn--tuksimaailm-ffb.ee\/fi\/shop\/sahkoskootterin-lisavaruste-20cm-xiaomi-ninebot\/","og_locale":"fi_FI","og_type":"article","og_title":"S\u00e4hk\u00f6skootterin lis\u00e4varuste 20cm Xiaomi \/ Ninebot","og_description":"Elektrit\u00f5ukeratta lisalenks (ka lisa lenks), l\u00e4bim\u00f5\u00f5t 22,2mm, pikkus 20cm, alumiinium. Sobib Xiaomi M365 (Pro), 1S, Pro 2, Ninebot Max G30. Lisalenksud.","og_url":"https:\/\/www.xn--tuksimaailm-ffb.ee\/fi\/shop\/sahkoskootterin-lisavaruste-20cm-xiaomi-ninebot\/","og_site_name":"T\u00f5uksimaailm","article_publisher":"https:\/\/www.facebook.com\/touksimaailm\/","og_image":[{"width":767,"height":737,"url":"https:\/\/www.xn--tuksimaailm-ffb.ee\/wp-content\/uploads\/2021\/01\/20cm-lisalenks-4.jpg","type":"image\/jpeg"}],"twitter_card":"summary_large_image","twitter_misc":{"Saatavuus":"Varastossa"},"schema":{"@context":"https:\/\/schema.org","@graph":[{"@type":"WebPage","@id":"https:\/\/www.xn--tuksimaailm-ffb.ee\/fi\/shop\/sahkoskootterin-lisavaruste-20cm-xiaomi-ninebot\/","url":"https:\/\/www.xn--tuksimaailm-ffb.ee\/fi\/shop\/sahkoskootterin-lisavaruste-20cm-xiaomi-ninebot\/","name":"S\u00e4hk\u00f6skootterin lis\u00e4varuste 20cm Xiaomi \/ Ninebot | T\u00f5uksimaailm","isPartOf":{"@id":"https:\/\/www.xn--tuksimaailm-ffb.ee\/fi\/#website"},"primaryImageOfPage":{"@id":"https:\/\/www.xn--tuksimaailm-ffb.ee\/fi\/shop\/sahkoskootterin-lisavaruste-20cm-xiaomi-ninebot\/#primaryimage"},"image":{"@id":"https:\/\/www.xn--tuksimaailm-ffb.ee\/fi\/shop\/sahkoskootterin-lisavaruste-20cm-xiaomi-ninebot\/#primaryimage"},"thumbnailUrl":"https:\/\/www.xn--tuksimaailm-ffb.ee\/wp-content\/uploads\/2021\/01\/20cm-lisalenks-4.jpg","datePublished":"2021-01-16T16:42:09+00:00","description":"Elektrit\u00f5ukeratta lisalenks (ka lisa lenks), l\u00e4bim\u00f5\u00f5t 22,2mm, pikkus 20cm, alumiinium. Sobib Xiaomi M365 (Pro), 1S, Pro 2, Ninebot Max G30. Lisalenksud.","breadcrumb":{"@id":"https:\/\/www.xn--tuksimaailm-ffb.ee\/fi\/shop\/sahkoskootterin-lisavaruste-20cm-xiaomi-ninebot\/#breadcrumb"},"inLanguage":"fi","potentialAction":[{"@type":"ReadAction","target":["https:\/\/www.xn--tuksimaailm-ffb.ee\/fi\/shop\/sahkoskootterin-lisavaruste-20cm-xiaomi-ninebot\/"]}]},{"@type":"ImageObject","inLanguage":"fi","@id":"https:\/\/www.xn--tuksimaailm-ffb.ee\/fi\/shop\/sahkoskootterin-lisavaruste-20cm-xiaomi-ninebot\/#primaryimage","url":"https:\/\/www.xn--tuksimaailm-ffb.ee\/wp-content\/uploads\/2021\/01\/20cm-lisalenks-4.jpg","contentUrl":"https:\/\/www.xn--tuksimaailm-ffb.ee\/wp-content\/uploads\/2021\/01\/20cm-lisalenks-4.jpg","width":767,"height":737},{"@type":"BreadcrumbList","@id":"https:\/\/www.xn--tuksimaailm-ffb.ee\/fi\/shop\/sahkoskootterin-lisavaruste-20cm-xiaomi-ninebot\/#breadcrumb","itemListElement":[{"@type":"ListItem","position":1,"name":"Home","item":"https:\/\/www.xn--tuksimaailm-ffb.ee\/fi\/kotisivu\/"},{"@type":"ListItem","position":2,"name":"Kauppa","item":"https:\/\/www.xn--tuksimaailm-ffb.ee\/elektritoukerataste-pood\/"},{"@type":"ListItem","position":3,"name":"S\u00e4hk\u00f6skootterin lis\u00e4varuste 20cm Xiaomi \/ Ninebot"}]},{"@type":"WebSite","@id":"https:\/\/www.xn--tuksimaailm-ffb.ee\/fi\/#website","url":"https:\/\/www.xn--tuksimaailm-ffb.ee\/fi\/","name":"T\u00f5uksimaailm","description":"Elektrit\u00f5ukerataste m\u00fc\u00fck, remont ja rent","publisher":{"@id":"https:\/\/www.xn--tuksimaailm-ffb.ee\/fi\/#organization"},"potentialAction":[{"@type":"SearchAction","target":{"@type":"EntryPoint","urlTemplate":"https:\/\/www.xn--tuksimaailm-ffb.ee\/fi\/?s={search_term_string}"},"query-input":{"@type":"PropertyValueSpecification","valueRequired":true,"valueName":"search_term_string"}}],"inLanguage":"fi"},{"@type":"Organization","@id":"https:\/\/www.xn--tuksimaailm-ffb.ee\/fi\/#organization","name":"T\u00f5uksimaailm","url":"https:\/\/www.xn--tuksimaailm-ffb.ee\/fi\/","logo":{"@type":"ImageObject","inLanguage":"fi","@id":"https:\/\/www.xn--tuksimaailm-ffb.ee\/fi\/#\/schema\/logo\/image\/","url":"https:\/\/www.xn--tuksimaailm-ffb.ee\/wp-content\/uploads\/2020\/01\/logoz-e1579792875517.png","contentUrl":"https:\/\/www.xn--tuksimaailm-ffb.ee\/wp-content\/uploads\/2020\/01\/logoz-e1579792875517.png","width":250,"height":250,"caption":"T\u00f5uksimaailm"},"image":{"@id":"https:\/\/www.xn--tuksimaailm-ffb.ee\/fi\/#\/schema\/logo\/image\/"},"sameAs":["https:\/\/www.facebook.com\/touksimaailm\/","https:\/\/www.instagram.com\/touksimaailm_\/","https:\/\/www.youtube.com\/channel\/UC18ml0EKIDLP1xGuQjFzcXQ"]}]},"og_availability":"instock","product_availability":"instock","product_condition":"new"},"jetpack_sharing_enabled":true,"_links":{"self":[{"href":"https:\/\/www.xn--tuksimaailm-ffb.ee\/fi\/wp-json\/wp\/v2\/product\/56606","targetHints":{"allow":["GET"]}}],"collection":[{"href":"https:\/\/www.xn--tuksimaailm-ffb.ee\/fi\/wp-json\/wp\/v2\/product"}],"about":[{"href":"https:\/\/www.xn--tuksimaailm-ffb.ee\/fi\/wp-json\/wp\/v2\/types\/product"}],"wp:featuredmedia":[{"embeddable":true,"href":"https:\/\/www.xn--tuksimaailm-ffb.ee\/fi\/wp-json\/wp\/v2\/media\/22510"}],"wp:attachment":[{"href":"https:\/\/www.xn--tuksimaailm-ffb.ee\/fi\/wp-json\/wp\/v2\/media?parent=56606"}],"wp:term":[{"taxonomy":"product_brand","embeddable":true,"href":"https:\/\/www.xn--tuksimaailm-ffb.ee\/fi\/wp-json\/wp\/v2\/product_brand?post=56606"},{"taxonomy":"product_cat","embeddable":true,"href":"https:\/\/www.xn--tuksimaailm-ffb.ee\/fi\/wp-json\/wp\/v2\/product_cat?post=56606"},{"taxonomy":"product_tag","embeddable":true,"href":"https:\/\/www.xn--tuksimaailm-ffb.ee\/fi\/wp-json\/wp\/v2\/product_tag?post=56606"},{"taxonomy":"filter_elektritoukeratas","embeddable":true,"href":"https:\/\/www.xn--tuksimaailm-ffb.ee\/fi\/wp-json\/wp\/v2\/filter_elektritoukeratas?post=56606"}],"curies":[{"name":"wp","href":"https:\/\/api.w.org\/{rel}","templated":true}]}}