{"id":56613,"date":"2021-01-16T18:19:54","date_gmt":"2021-01-16T16:19:54","guid":{"rendered":"http:\/\/www.xn--tuksimaailm-ffb.ee\/shop\/vahva-metallinen-laukkukoukku-xiaomi-m365-1s-pro-2\/"},"modified":"2021-01-16T18:19:54","modified_gmt":"2021-01-16T15:19:54","slug":"vahva-metallinen-laukkukoukku-xiaomi-m365-1s-pro-2","status":"publish","type":"product","link":"https:\/\/www.xn--tuksimaailm-ffb.ee\/fi\/shop\/vahva-metallinen-laukkukoukku-xiaomi-m365-1s-pro-2\/","title":{"rendered":"Vahva metallinen laukkukoukku Xiaomi M365 1S Pro 2"},"content":{"rendered":"<p>Tukeva metallinen laukkukoukku - sopii kauppakassien tai raskaampien laukkujen ripustamiseen s\u00e4hk\u00f6skootteriin. Eritt\u00e4in vahva metallinen laukkukoukku on suunniteltu k\u00e4ytett\u00e4v\u00e4ksi suosittujen <a href=\"http:\/\/www.xn--tuksimaailm-ffb.ee\/shop\/elektritouks_xiaomi-360\/\"><strong>Xiaomi M365<\/strong><\/a><strong> ja <\/strong><a href=\"http:\/\/www.xn--tuksimaailm-ffb.ee\/shop\/elektriline-toukeratas-xiaomi-mi-m365-pro\/\"><strong>Xiaomi M365 Pro<\/strong><\/a> -skoottereiden kanssa<strong>.<\/strong> Se sopii my\u00f6s k\u00e4ytett\u00e4v\u00e4ksi<a><strong>Xiaomi Mi 1S<\/strong><\/a> ja<a><strong>Xiaomi Mi Pro 2<\/strong><\/a> -mallien kanssa<strong>.<\/strong><\/p>\n","protected":false},"excerpt":{"rendered":"<p>Tukeva metallinen laukkukoukku - sopii kauppakassien tai raskaampien laukkujen ripustamiseen s\u00e4hk\u00f6skootteriin. Eritt\u00e4in vahva metallinen laukkukoukku on suunniteltu k\u00e4ytett\u00e4v\u00e4ksi suosittujen Xiaomi M365 ja Xiaomi M365 Pro -skoottereiden kanssa. Se sopii my\u00f6s k\u00e4ytett\u00e4v\u00e4ksiXiaomi Mi 1S jaXiaomi Mi Pro 2 -mallien kanssa.<\/p>\n","protected":false},"featured_media":22508,"template":"","meta":[],"product_brand":[],"product_cat":[1697],"product_tag":[3335],"filter_elektritoukeratas":[],"class_list":{"0":"post-56613","1":"product","2":"type-product","3":"status-publish","4":"has-post-thumbnail","6":"product_cat-lisavarusteet","7":"product_tag-kotikonksud","8":"pa_colour-musta","9":"pa_colour-punainen","10":"pa_tootetuup-kotikonksud-fi","12":"first","13":"instock","14":"taxable","15":"shipping-taxable","16":"purchasable","17":"product-type-simple"},"yoast_head":"<!-- This site is optimized with the Yoast SEO Premium plugin v26.8 (Yoast SEO v27.3) - https:\/\/yoast.com\/product\/yoast-seo-premium-wordpress\/ -->\n<title>Vahva metallinen laukkukoukku Xiaomi M365 1S Pro 2 | T\u00f5uksimaailm<\/title>\n<meta name=\"description\" content=\"Tugev metallist koti konks - sobib raskemate kottide riputamiseks elektrilise t\u00f5ukeratta k\u00fclge. Sobib Xiaomi M365 (Pro), Xiaomi 1S \/ Pro 2. Lisavarustus.\" \/>\n<meta name=\"robots\" content=\"index, follow, max-snippet:-1, max-image-preview:large, max-video-preview:-1\" \/>\n<link rel=\"canonical\" href=\"https:\/\/www.xn--tuksimaailm-ffb.ee\/fi\/shop\/vahva-metallinen-laukkukoukku-xiaomi-m365-1s-pro-2\/\" \/>\n<meta property=\"og:locale\" content=\"fi_FI\" \/>\n<meta property=\"og:type\" content=\"article\" \/>\n<meta property=\"og:title\" content=\"Vahva metallinen laukkukoukku Xiaomi M365 1S Pro 2\" \/>\n<meta property=\"og:description\" content=\"Tugev metallist koti konks - sobib raskemate kottide riputamiseks elektrilise t\u00f5ukeratta k\u00fclge. Sobib Xiaomi M365 (Pro), Xiaomi 1S \/ Pro 2. Lisavarustus.\" \/>\n<meta property=\"og:url\" content=\"https:\/\/www.xn--tuksimaailm-ffb.ee\/fi\/shop\/vahva-metallinen-laukkukoukku-xiaomi-m365-1s-pro-2\/\" \/>\n<meta property=\"og:site_name\" content=\"T\u00f5uksimaailm\" \/>\n<meta property=\"article:publisher\" content=\"https:\/\/www.facebook.com\/touksimaailm\/\" \/>\n<meta property=\"og:image\" content=\"https:\/\/www.xn--tuksimaailm-ffb.ee\/wp-content\/uploads\/2021\/01\/eriti-tugev-konks.jpg\" \/>\n\t<meta property=\"og:image:width\" content=\"309\" \/>\n\t<meta property=\"og:image:height\" content=\"279\" \/>\n\t<meta property=\"og:image:type\" content=\"image\/jpeg\" \/>\n<meta name=\"twitter:card\" content=\"summary_large_image\" \/>\n<meta name=\"twitter:label1\" content=\"Hinta\" \/>\n\t<meta name=\"twitter:data1\" content=\"&euro;19.50\" \/>\n\t<meta name=\"twitter:label2\" content=\"Saatavuus\" \/>\n\t<meta name=\"twitter:data2\" content=\"Varastossa\" \/>\n<meta property=\"product:price:amount\" content=\"19.50\" \/>\n<meta property=\"product:price:currency\" content=\"EUR\" \/>\n<meta property=\"og:availability\" content=\"instock\" \/>\n<meta property=\"product:availability\" content=\"instock\" \/>\n<meta property=\"product:retailer_item_id\" content=\"KK-TUGEV-METALLIST\" \/>\n<meta property=\"product:condition\" content=\"new\" \/>\n<!-- \/ Yoast SEO Premium plugin. -->","yoast_head_json":{"title":"Vahva metallinen laukkukoukku Xiaomi M365 1S Pro 2 | T\u00f5uksimaailm","description":"Tugev metallist koti konks - sobib raskemate kottide riputamiseks elektrilise t\u00f5ukeratta k\u00fclge. Sobib Xiaomi M365 (Pro), Xiaomi 1S \/ Pro 2. Lisavarustus.","robots":{"index":"index","follow":"follow","max-snippet":"max-snippet:-1","max-image-preview":"max-image-preview:large","max-video-preview":"max-video-preview:-1"},"canonical":"https:\/\/www.xn--tuksimaailm-ffb.ee\/fi\/shop\/vahva-metallinen-laukkukoukku-xiaomi-m365-1s-pro-2\/","og_locale":"fi_FI","og_type":"article","og_title":"Vahva metallinen laukkukoukku Xiaomi M365 1S Pro 2","og_description":"Tugev metallist koti konks - sobib raskemate kottide riputamiseks elektrilise t\u00f5ukeratta k\u00fclge. Sobib Xiaomi M365 (Pro), Xiaomi 1S \/ Pro 2. Lisavarustus.","og_url":"https:\/\/www.xn--tuksimaailm-ffb.ee\/fi\/shop\/vahva-metallinen-laukkukoukku-xiaomi-m365-1s-pro-2\/","og_site_name":"T\u00f5uksimaailm","article_publisher":"https:\/\/www.facebook.com\/touksimaailm\/","og_image":[{"width":309,"height":279,"url":"https:\/\/www.xn--tuksimaailm-ffb.ee\/wp-content\/uploads\/2021\/01\/eriti-tugev-konks.jpg","type":"image\/jpeg"}],"twitter_card":"summary_large_image","twitter_misc":{"Hinta":"&euro;19.50","Saatavuus":"Varastossa"},"schema":{"@context":"https:\/\/schema.org","@graph":[{"@type":"WebPage","@id":"https:\/\/www.xn--tuksimaailm-ffb.ee\/fi\/shop\/vahva-metallinen-laukkukoukku-xiaomi-m365-1s-pro-2\/","url":"https:\/\/www.xn--tuksimaailm-ffb.ee\/fi\/shop\/vahva-metallinen-laukkukoukku-xiaomi-m365-1s-pro-2\/","name":"Vahva metallinen laukkukoukku Xiaomi M365 1S Pro 2 | T\u00f5uksimaailm","isPartOf":{"@id":"https:\/\/www.xn--tuksimaailm-ffb.ee\/fi\/#website"},"primaryImageOfPage":{"@id":"https:\/\/www.xn--tuksimaailm-ffb.ee\/fi\/shop\/vahva-metallinen-laukkukoukku-xiaomi-m365-1s-pro-2\/#primaryimage"},"image":{"@id":"https:\/\/www.xn--tuksimaailm-ffb.ee\/fi\/shop\/vahva-metallinen-laukkukoukku-xiaomi-m365-1s-pro-2\/#primaryimage"},"thumbnailUrl":"https:\/\/www.xn--tuksimaailm-ffb.ee\/wp-content\/uploads\/2021\/01\/eriti-tugev-konks.jpg","datePublished":"2021-01-16T16:19:54+00:00","description":"Tugev metallist koti konks - sobib raskemate kottide riputamiseks elektrilise t\u00f5ukeratta k\u00fclge. Sobib Xiaomi M365 (Pro), Xiaomi 1S \/ Pro 2. Lisavarustus.","breadcrumb":{"@id":"https:\/\/www.xn--tuksimaailm-ffb.ee\/fi\/shop\/vahva-metallinen-laukkukoukku-xiaomi-m365-1s-pro-2\/#breadcrumb"},"inLanguage":"fi","potentialAction":[{"@type":"ReadAction","target":["https:\/\/www.xn--tuksimaailm-ffb.ee\/fi\/shop\/vahva-metallinen-laukkukoukku-xiaomi-m365-1s-pro-2\/"]}]},{"@type":"ImageObject","inLanguage":"fi","@id":"https:\/\/www.xn--tuksimaailm-ffb.ee\/fi\/shop\/vahva-metallinen-laukkukoukku-xiaomi-m365-1s-pro-2\/#primaryimage","url":"https:\/\/www.xn--tuksimaailm-ffb.ee\/wp-content\/uploads\/2021\/01\/eriti-tugev-konks.jpg","contentUrl":"https:\/\/www.xn--tuksimaailm-ffb.ee\/wp-content\/uploads\/2021\/01\/eriti-tugev-konks.jpg","width":309,"height":279},{"@type":"BreadcrumbList","@id":"https:\/\/www.xn--tuksimaailm-ffb.ee\/fi\/shop\/vahva-metallinen-laukkukoukku-xiaomi-m365-1s-pro-2\/#breadcrumb","itemListElement":[{"@type":"ListItem","position":1,"name":"Home","item":"https:\/\/www.xn--tuksimaailm-ffb.ee\/fi\/kotisivu\/"},{"@type":"ListItem","position":2,"name":"Kauppa","item":"https:\/\/www.xn--tuksimaailm-ffb.ee\/elektritoukerataste-pood\/"},{"@type":"ListItem","position":3,"name":"Vahva metallinen laukkukoukku Xiaomi M365 1S Pro 2"}]},{"@type":"WebSite","@id":"https:\/\/www.xn--tuksimaailm-ffb.ee\/fi\/#website","url":"https:\/\/www.xn--tuksimaailm-ffb.ee\/fi\/","name":"T\u00f5uksimaailm","description":"Elektrit\u00f5ukerataste m\u00fc\u00fck, remont ja rent","publisher":{"@id":"https:\/\/www.xn--tuksimaailm-ffb.ee\/fi\/#organization"},"potentialAction":[{"@type":"SearchAction","target":{"@type":"EntryPoint","urlTemplate":"https:\/\/www.xn--tuksimaailm-ffb.ee\/fi\/?s={search_term_string}"},"query-input":{"@type":"PropertyValueSpecification","valueRequired":true,"valueName":"search_term_string"}}],"inLanguage":"fi"},{"@type":"Organization","@id":"https:\/\/www.xn--tuksimaailm-ffb.ee\/fi\/#organization","name":"T\u00f5uksimaailm","url":"https:\/\/www.xn--tuksimaailm-ffb.ee\/fi\/","logo":{"@type":"ImageObject","inLanguage":"fi","@id":"https:\/\/www.xn--tuksimaailm-ffb.ee\/fi\/#\/schema\/logo\/image\/","url":"https:\/\/www.xn--tuksimaailm-ffb.ee\/wp-content\/uploads\/2020\/01\/logoz-e1579792875517.png","contentUrl":"https:\/\/www.xn--tuksimaailm-ffb.ee\/wp-content\/uploads\/2020\/01\/logoz-e1579792875517.png","width":250,"height":250,"caption":"T\u00f5uksimaailm"},"image":{"@id":"https:\/\/www.xn--tuksimaailm-ffb.ee\/fi\/#\/schema\/logo\/image\/"},"sameAs":["https:\/\/www.facebook.com\/touksimaailm\/","https:\/\/www.instagram.com\/touksimaailm_\/","https:\/\/www.youtube.com\/channel\/UC18ml0EKIDLP1xGuQjFzcXQ"]}]},"product_price_amount":"19.50","product_price_currency":"EUR","og_availability":"instock","product_availability":"instock","product_retailer_item_id":"KK-TUGEV-METALLIST","product_condition":"new"},"jetpack_sharing_enabled":true,"_links":{"self":[{"href":"https:\/\/www.xn--tuksimaailm-ffb.ee\/fi\/wp-json\/wp\/v2\/product\/56613","targetHints":{"allow":["GET"]}}],"collection":[{"href":"https:\/\/www.xn--tuksimaailm-ffb.ee\/fi\/wp-json\/wp\/v2\/product"}],"about":[{"href":"https:\/\/www.xn--tuksimaailm-ffb.ee\/fi\/wp-json\/wp\/v2\/types\/product"}],"wp:featuredmedia":[{"embeddable":true,"href":"https:\/\/www.xn--tuksimaailm-ffb.ee\/fi\/wp-json\/wp\/v2\/media\/22508"}],"wp:attachment":[{"href":"https:\/\/www.xn--tuksimaailm-ffb.ee\/fi\/wp-json\/wp\/v2\/media?parent=56613"}],"wp:term":[{"taxonomy":"product_brand","embeddable":true,"href":"https:\/\/www.xn--tuksimaailm-ffb.ee\/fi\/wp-json\/wp\/v2\/product_brand?post=56613"},{"taxonomy":"product_cat","embeddable":true,"href":"https:\/\/www.xn--tuksimaailm-ffb.ee\/fi\/wp-json\/wp\/v2\/product_cat?post=56613"},{"taxonomy":"product_tag","embeddable":true,"href":"https:\/\/www.xn--tuksimaailm-ffb.ee\/fi\/wp-json\/wp\/v2\/product_tag?post=56613"},{"taxonomy":"filter_elektritoukeratas","embeddable":true,"href":"https:\/\/www.xn--tuksimaailm-ffb.ee\/fi\/wp-json\/wp\/v2\/filter_elektritoukeratas?post=56613"}],"curies":[{"name":"wp","href":"https:\/\/api.w.org\/{rel}","templated":true}]}}