{"id":56619,"date":"2021-01-16T17:36:18","date_gmt":"2021-01-16T15:36:18","guid":{"rendered":"http:\/\/www.xn--tuksimaailm-ffb.ee\/shop\/koodilukko-sahkokayttoiselle-skootterille-5-paikkainen\/"},"modified":"2021-01-16T17:36:18","modified_gmt":"2021-01-16T14:36:18","slug":"koodilukko-sahkokayttoiselle-skootterille-5-paikkainen","status":"publish","type":"product","link":"https:\/\/www.xn--tuksimaailm-ffb.ee\/fi\/shop\/koodilukko-sahkokayttoiselle-skootterille-5-paikkainen\/","title":{"rendered":"Koodilukko s\u00e4hk\u00f6k\u00e4ytt\u00f6iselle skootterille 5-paikkainen"},"content":{"rendered":"<p>Koodilukko s\u00e4hk\u00f6skootterille, <strong>5-paikkainen<\/strong>. Lukon sis\u00e4ll\u00e4 on vahva ter\u00e4svaijeri. Sopii kaikkiin <a href=\"http:\/\/www.xn--tuksimaailm-ffb.ee\/tootekategooria\/elektritoukeratas\/\">s\u00e4hk\u00f6potkulautoihin<\/a>, joissa lukko voidaan kiinnitt\u00e4\u00e4 rungon tai takapy\u00f6r\u00e4n l\u00e4pi. Lukon mukana toimitetaan pidike, jolla se voidaan kiinnitt\u00e4\u00e4 k\u00e4tev\u00e4sti halkaisijaltaan <strong>22,2 mm:n<\/strong> ohjaustankoon ajon aikana.<\/p>\n","protected":false},"excerpt":{"rendered":"<p>Koodilukko s\u00e4hk\u00f6skootterille, 5-paikkainen. Lukon sis\u00e4ll\u00e4 on vahva ter\u00e4svaijeri. Sopii kaikkiin s\u00e4hk\u00f6potkulautoihin, joissa lukko voidaan kiinnitt\u00e4\u00e4 rungon tai takapy\u00f6r\u00e4n l\u00e4pi. Lukon mukana toimitetaan pidike, jolla se voidaan kiinnitt\u00e4\u00e4 k\u00e4tev\u00e4sti halkaisijaltaan 22,2 mm:n ohjaustankoon ajon aikana.<\/p>\n","protected":false},"featured_media":26389,"template":"","meta":[],"product_brand":[],"product_cat":[1697],"product_tag":[1721],"filter_elektritoukeratas":[],"class_list":{"0":"post-56619","1":"product","2":"type-product","3":"status-publish","4":"has-post-thumbnail","6":"product_cat-lisavarusteet","7":"product_tag-lukot","8":"pa_colour-musta","9":"pa_colour-punainen","10":"pa_tootetuup-lukot","12":"first","13":"instock","14":"taxable","15":"shipping-taxable","16":"purchasable","17":"product-type-simple"},"yoast_head":"<!-- This site is optimized with the Yoast SEO Premium plugin v26.8 (Yoast SEO v27.5) - https:\/\/yoast.com\/product\/yoast-seo-premium-wordpress\/ -->\n<title>Koodilukko s\u00e4hk\u00f6k\u00e4ytt\u00f6iselle skootterille 5-paikkainen &#8212; T\u00f5uksimaailm - Lisad<\/title>\n<meta name=\"description\" content=\"Koodlukk elektrit\u00f5ukerattale, 5-kohaline, k\u00f5igile elektrilistele t\u00f5ukeratastele, kus on lukku v\u00f5imalik l\u00e4bi raami v\u00f5i ratta kinnitada. Koodlukud.\" \/>\n<meta name=\"robots\" content=\"index, follow, max-snippet:-1, max-image-preview:large, max-video-preview:-1\" \/>\n<link rel=\"canonical\" href=\"https:\/\/www.xn--tuksimaailm-ffb.ee\/fi\/shop\/koodilukko-sahkokayttoiselle-skootterille-5-paikkainen\/\" \/>\n<meta property=\"og:locale\" content=\"fi_FI\" \/>\n<meta property=\"og:type\" content=\"article\" \/>\n<meta property=\"og:title\" content=\"Koodilukko s\u00e4hk\u00f6k\u00e4ytt\u00f6iselle skootterille 5-paikkainen\" \/>\n<meta property=\"og:description\" content=\"Koodlukk elektrit\u00f5ukerattale, 5-kohaline, k\u00f5igile elektrilistele t\u00f5ukeratastele, kus on lukku v\u00f5imalik l\u00e4bi raami v\u00f5i ratta kinnitada. Koodlukud.\" \/>\n<meta property=\"og:url\" content=\"https:\/\/www.xn--tuksimaailm-ffb.ee\/fi\/shop\/koodilukko-sahkokayttoiselle-skootterille-5-paikkainen\/\" \/>\n<meta property=\"og:site_name\" content=\"T\u00f5uksimaailm\" \/>\n<meta property=\"article:publisher\" content=\"https:\/\/www.facebook.com\/touksimaailm\/\" \/>\n<meta property=\"og:image\" content=\"https:\/\/www.xn--tuksimaailm-ffb.ee\/wp-content\/uploads\/2021\/01\/KOODLUKK-ELEKTRITOUKERATTALE-5-KOHALINE.webp\" \/>\n\t<meta property=\"og:image:width\" content=\"800\" \/>\n\t<meta property=\"og:image:height\" content=\"800\" \/>\n\t<meta property=\"og:image:type\" content=\"image\/webp\" \/>\n<meta name=\"twitter:card\" content=\"summary_large_image\" \/>\n<meta name=\"twitter:label1\" content=\"Hinta\" \/>\n\t<meta name=\"twitter:data1\" content=\"&euro;15.00\" \/>\n\t<meta name=\"twitter:label2\" content=\"Saatavuus\" \/>\n\t<meta name=\"twitter:data2\" content=\"Varastossa\" \/>\n<meta property=\"product:price:amount\" content=\"15.00\" \/>\n<meta property=\"product:price:currency\" content=\"EUR\" \/>\n<meta property=\"og:availability\" content=\"instock\" \/>\n<meta property=\"product:availability\" content=\"instock\" \/>\n<meta property=\"product:retailer_item_id\" content=\"LUKK-KOODIGA-5KOHALINE\" \/>\n<meta property=\"product:condition\" content=\"new\" \/>\n<!-- \/ Yoast SEO Premium plugin. -->","yoast_head_json":{"title":"Koodilukko s\u00e4hk\u00f6k\u00e4ytt\u00f6iselle skootterille 5-paikkainen &#8212; T\u00f5uksimaailm - Lisad","description":"Koodlukk elektrit\u00f5ukerattale, 5-kohaline, k\u00f5igile elektrilistele t\u00f5ukeratastele, kus on lukku v\u00f5imalik l\u00e4bi raami v\u00f5i ratta kinnitada. Koodlukud.","robots":{"index":"index","follow":"follow","max-snippet":"max-snippet:-1","max-image-preview":"max-image-preview:large","max-video-preview":"max-video-preview:-1"},"canonical":"https:\/\/www.xn--tuksimaailm-ffb.ee\/fi\/shop\/koodilukko-sahkokayttoiselle-skootterille-5-paikkainen\/","og_locale":"fi_FI","og_type":"article","og_title":"Koodilukko s\u00e4hk\u00f6k\u00e4ytt\u00f6iselle skootterille 5-paikkainen","og_description":"Koodlukk elektrit\u00f5ukerattale, 5-kohaline, k\u00f5igile elektrilistele t\u00f5ukeratastele, kus on lukku v\u00f5imalik l\u00e4bi raami v\u00f5i ratta kinnitada. Koodlukud.","og_url":"https:\/\/www.xn--tuksimaailm-ffb.ee\/fi\/shop\/koodilukko-sahkokayttoiselle-skootterille-5-paikkainen\/","og_site_name":"T\u00f5uksimaailm","article_publisher":"https:\/\/www.facebook.com\/touksimaailm\/","og_image":[{"width":800,"height":800,"url":"https:\/\/www.xn--tuksimaailm-ffb.ee\/wp-content\/uploads\/2021\/01\/KOODLUKK-ELEKTRITOUKERATTALE-5-KOHALINE.webp","type":"image\/webp"}],"twitter_card":"summary_large_image","twitter_misc":{"Hinta":"&euro;15.00","Saatavuus":"Varastossa"},"schema":{"@context":"https:\/\/schema.org","@graph":[{"@type":"WebPage","@id":"https:\/\/www.xn--tuksimaailm-ffb.ee\/fi\/shop\/koodilukko-sahkokayttoiselle-skootterille-5-paikkainen\/","url":"https:\/\/www.xn--tuksimaailm-ffb.ee\/fi\/shop\/koodilukko-sahkokayttoiselle-skootterille-5-paikkainen\/","name":"Koodilukko s\u00e4hk\u00f6k\u00e4ytt\u00f6iselle skootterille 5-paikkainen &#8212; T\u00f5uksimaailm - Lisad","isPartOf":{"@id":"https:\/\/www.xn--tuksimaailm-ffb.ee\/fi\/#website"},"primaryImageOfPage":{"@id":"https:\/\/www.xn--tuksimaailm-ffb.ee\/fi\/shop\/koodilukko-sahkokayttoiselle-skootterille-5-paikkainen\/#primaryimage"},"image":{"@id":"https:\/\/www.xn--tuksimaailm-ffb.ee\/fi\/shop\/koodilukko-sahkokayttoiselle-skootterille-5-paikkainen\/#primaryimage"},"thumbnailUrl":"https:\/\/www.xn--tuksimaailm-ffb.ee\/wp-content\/uploads\/2021\/01\/KOODLUKK-ELEKTRITOUKERATTALE-5-KOHALINE.webp","datePublished":"2021-01-16T15:36:18+00:00","description":"Koodlukk elektrit\u00f5ukerattale, 5-kohaline, k\u00f5igile elektrilistele t\u00f5ukeratastele, kus on lukku v\u00f5imalik l\u00e4bi raami v\u00f5i ratta kinnitada. Koodlukud.","breadcrumb":{"@id":"https:\/\/www.xn--tuksimaailm-ffb.ee\/fi\/shop\/koodilukko-sahkokayttoiselle-skootterille-5-paikkainen\/#breadcrumb"},"inLanguage":"fi","potentialAction":[{"@type":"ReadAction","target":["https:\/\/www.xn--tuksimaailm-ffb.ee\/fi\/shop\/koodilukko-sahkokayttoiselle-skootterille-5-paikkainen\/"]}]},{"@type":"ImageObject","inLanguage":"fi","@id":"https:\/\/www.xn--tuksimaailm-ffb.ee\/fi\/shop\/koodilukko-sahkokayttoiselle-skootterille-5-paikkainen\/#primaryimage","url":"https:\/\/www.xn--tuksimaailm-ffb.ee\/wp-content\/uploads\/2021\/01\/KOODLUKK-ELEKTRITOUKERATTALE-5-KOHALINE.webp","contentUrl":"https:\/\/www.xn--tuksimaailm-ffb.ee\/wp-content\/uploads\/2021\/01\/KOODLUKK-ELEKTRITOUKERATTALE-5-KOHALINE.webp","width":800,"height":800,"caption":"KOODLUKK ELEKTRIT\u00d5UKERATTALE 5-KOHALINE 2"},{"@type":"BreadcrumbList","@id":"https:\/\/www.xn--tuksimaailm-ffb.ee\/fi\/shop\/koodilukko-sahkokayttoiselle-skootterille-5-paikkainen\/#breadcrumb","itemListElement":[{"@type":"ListItem","position":1,"name":"Home","item":"https:\/\/www.xn--tuksimaailm-ffb.ee\/fi\/kotisivu\/"},{"@type":"ListItem","position":2,"name":"Kauppa","item":"https:\/\/www.xn--tuksimaailm-ffb.ee\/elektritoukerataste-pood\/"},{"@type":"ListItem","position":3,"name":"Koodilukko s\u00e4hk\u00f6k\u00e4ytt\u00f6iselle skootterille 5-paikkainen"}]},{"@type":"WebSite","@id":"https:\/\/www.xn--tuksimaailm-ffb.ee\/fi\/#website","url":"https:\/\/www.xn--tuksimaailm-ffb.ee\/fi\/","name":"T\u00f5uksimaailm","description":"Elektrit\u00f5ukerataste m\u00fc\u00fck, remont ja rent","publisher":{"@id":"https:\/\/www.xn--tuksimaailm-ffb.ee\/fi\/#organization"},"potentialAction":[{"@type":"SearchAction","target":{"@type":"EntryPoint","urlTemplate":"https:\/\/www.xn--tuksimaailm-ffb.ee\/fi\/?s={search_term_string}"},"query-input":{"@type":"PropertyValueSpecification","valueRequired":true,"valueName":"search_term_string"}}],"inLanguage":"fi"},{"@type":"Organization","@id":"https:\/\/www.xn--tuksimaailm-ffb.ee\/fi\/#organization","name":"T\u00f5uksimaailm","url":"https:\/\/www.xn--tuksimaailm-ffb.ee\/fi\/","logo":{"@type":"ImageObject","inLanguage":"fi","@id":"https:\/\/www.xn--tuksimaailm-ffb.ee\/fi\/#\/schema\/logo\/image\/","url":"https:\/\/www.xn--tuksimaailm-ffb.ee\/wp-content\/uploads\/2020\/01\/logoz-e1579792875517.png","contentUrl":"https:\/\/www.xn--tuksimaailm-ffb.ee\/wp-content\/uploads\/2020\/01\/logoz-e1579792875517.png","width":250,"height":250,"caption":"T\u00f5uksimaailm"},"image":{"@id":"https:\/\/www.xn--tuksimaailm-ffb.ee\/fi\/#\/schema\/logo\/image\/"},"sameAs":["https:\/\/www.facebook.com\/touksimaailm\/","https:\/\/www.instagram.com\/touksimaailm_\/","https:\/\/www.youtube.com\/channel\/UC18ml0EKIDLP1xGuQjFzcXQ"]}]},"product_price_amount":"15.00","product_price_currency":"EUR","og_availability":"instock","product_availability":"instock","product_retailer_item_id":"LUKK-KOODIGA-5KOHALINE","product_condition":"new"},"jetpack_sharing_enabled":true,"_links":{"self":[{"href":"https:\/\/www.xn--tuksimaailm-ffb.ee\/fi\/wp-json\/wp\/v2\/product\/56619","targetHints":{"allow":["GET"]}}],"collection":[{"href":"https:\/\/www.xn--tuksimaailm-ffb.ee\/fi\/wp-json\/wp\/v2\/product"}],"about":[{"href":"https:\/\/www.xn--tuksimaailm-ffb.ee\/fi\/wp-json\/wp\/v2\/types\/product"}],"wp:featuredmedia":[{"embeddable":true,"href":"https:\/\/www.xn--tuksimaailm-ffb.ee\/fi\/wp-json\/wp\/v2\/media\/26389"}],"wp:attachment":[{"href":"https:\/\/www.xn--tuksimaailm-ffb.ee\/fi\/wp-json\/wp\/v2\/media?parent=56619"}],"wp:term":[{"taxonomy":"product_brand","embeddable":true,"href":"https:\/\/www.xn--tuksimaailm-ffb.ee\/fi\/wp-json\/wp\/v2\/product_brand?post=56619"},{"taxonomy":"product_cat","embeddable":true,"href":"https:\/\/www.xn--tuksimaailm-ffb.ee\/fi\/wp-json\/wp\/v2\/product_cat?post=56619"},{"taxonomy":"product_tag","embeddable":true,"href":"https:\/\/www.xn--tuksimaailm-ffb.ee\/fi\/wp-json\/wp\/v2\/product_tag?post=56619"},{"taxonomy":"filter_elektritoukeratas","embeddable":true,"href":"https:\/\/www.xn--tuksimaailm-ffb.ee\/fi\/wp-json\/wp\/v2\/filter_elektritoukeratas?post=56619"}],"curies":[{"name":"wp","href":"https:\/\/api.w.org\/{rel}","templated":true}]}}