{"id":56620,"date":"2021-01-16T17:13:28","date_gmt":"2021-01-16T15:13:28","guid":{"rendered":"http:\/\/www.xn--tuksimaailm-ffb.ee\/shop\/levyjarrun-lukko-halyttimella-signaalilla-vedenpitava\/"},"modified":"2021-01-16T17:13:28","modified_gmt":"2021-01-16T14:13:28","slug":"levyjarrun-lukko-halyttimella-signaalilla-vedenpitava","status":"publish","type":"product","link":"https:\/\/www.xn--tuksimaailm-ffb.ee\/fi\/shop\/levyjarrun-lukko-halyttimella-signaalilla-vedenpitava\/","title":{"rendered":"Levyjarrun lukko h\u00e4lyttimell\u00e4\/signaalilla vedenpit\u00e4v\u00e4"},"content":{"rendered":"<p>Levyjarrun lukko h\u00e4lytyksell\u00e4 (my\u00f6s signaali levyjarrun lukko, levyjarrun lukko, jarrulevyn lukko), vedenpit\u00e4v\u00e4. Innovatiivinen levyjarrun h\u00e4lytyksell\u00e4 on eritt\u00e4in turvallinen tapa lukita s\u00e4hk\u00f6skootteri. Lukko sopii s\u00e4hk\u00f6skootterin jarrulevyn l\u00e4pi niin, ett\u00e4 kun yrit\u00e4t k\u00e4ynnist\u00e4\u00e4 ajon, lukko juuttuu jarrukytkimen taakse eik\u00e4 py\u00f6r\u00e4 voi en\u00e4\u00e4 liikkua. Lukon leikkaaminen l\u00e4pi on mahdollista vain <a href=\"https:\/\/www.k-rauta.ee\/p\/makita-dga506zj-18v-cordless-angle-grinder-without-battery\/7ozk\">levyleikkurin<\/a> avulla, ja silloinkin se vie kauan aikaa. Kun s\u00e4hk\u00f6potkulautaa liikutetaan, sen v\u00e4r\u00e4ht\u00e4ess\u00e4 kuuluu kova \u00e4\u00e4nimerkki, jonka voi hiljent\u00e4\u00e4 avaamalla lukon avaimella. Levyjarrun h\u00e4lytyslukko sopii kaikkiin <a href=\"http:\/\/www.xn--tuksimaailm-ffb.ee\/tootekategooria\/elektritoukeratas\/\">ketjujarrulla varustettuihin s\u00e4hk\u00f6skoottereihin<\/a>.<\/p>\n","protected":false},"excerpt":{"rendered":"<p>Levyjarrun lukko h\u00e4lytyksell\u00e4 (my\u00f6s signaali levyjarrun lukko, levyjarrun lukko, jarrulevyn lukko), vedenpit\u00e4v\u00e4. Innovatiivinen levyjarrun h\u00e4lytyksell\u00e4 on eritt\u00e4in turvallinen tapa lukita s\u00e4hk\u00f6skootteri. Lukko sopii s\u00e4hk\u00f6skootterin jarrulevyn l\u00e4pi niin, ett\u00e4 kun yrit\u00e4t k\u00e4ynnist\u00e4\u00e4 ajon, lukko juuttuu jarrukytkimen taakse eik\u00e4 py\u00f6r\u00e4 voi en\u00e4\u00e4 liikkua. Lukon leikkaaminen l\u00e4pi on mahdollista vain levyleikkurin avulla, ja &hellip;<\/p>\n","protected":false},"featured_media":22501,"template":"","meta":[],"product_brand":[],"product_cat":[1697],"product_tag":[1721],"filter_elektritoukeratas":[],"class_list":{"0":"post-56620","1":"product","2":"type-product","3":"status-publish","4":"has-post-thumbnail","6":"product_cat-lisavarusteet","7":"product_tag-lukot","8":"pa_colour-musta","9":"pa_colour-punainen","10":"pa_colour-sininen","11":"pa_tootetuup-lukot","13":"first","14":"instock","15":"taxable","16":"shipping-taxable","17":"purchasable","18":"product-type-variable"},"yoast_head":"<!-- This site is optimized with the Yoast SEO Premium plugin v26.8 (Yoast SEO v27.5) - https:\/\/yoast.com\/product\/yoast-seo-premium-wordpress\/ -->\n<title>Levyjarrun lukko h\u00e4lyttimell\u00e4\/signaalilla vedenpit\u00e4v\u00e4 | T\u00f5uksimaailm<\/title>\n<meta name=\"description\" content=\"Ketaspiduri lukk alarmiga (ka ketas piduri lukk, lukk ketaspidurile, piduriketta lukk), veekindel, ketaspiduriga elektrit\u00f5ukeratastele. Alarmlukud.\" \/>\n<meta name=\"robots\" content=\"index, follow, max-snippet:-1, max-image-preview:large, max-video-preview:-1\" \/>\n<link rel=\"canonical\" href=\"https:\/\/www.xn--tuksimaailm-ffb.ee\/fi\/shop\/levyjarrun-lukko-halyttimella-signaalilla-vedenpitava\/\" \/>\n<meta property=\"og:locale\" content=\"fi_FI\" \/>\n<meta property=\"og:type\" content=\"article\" \/>\n<meta property=\"og:title\" content=\"Levyjarrun lukko h\u00e4lyttimell\u00e4\/signaalilla vedenpit\u00e4v\u00e4\" \/>\n<meta property=\"og:description\" content=\"Ketaspiduri lukk alarmiga (ka ketas piduri lukk, lukk ketaspidurile, piduriketta lukk), veekindel, ketaspiduriga elektrit\u00f5ukeratastele. Alarmlukud.\" \/>\n<meta property=\"og:url\" content=\"https:\/\/www.xn--tuksimaailm-ffb.ee\/fi\/shop\/levyjarrun-lukko-halyttimella-signaalilla-vedenpitava\/\" \/>\n<meta property=\"og:site_name\" content=\"T\u00f5uksimaailm\" \/>\n<meta property=\"article:publisher\" content=\"https:\/\/www.facebook.com\/touksimaailm\/\" \/>\n<meta property=\"og:image\" content=\"https:\/\/www.xn--tuksimaailm-ffb.ee\/wp-content\/uploads\/2021\/01\/alarmiga-ketasp-lukk.jpg\" \/>\n\t<meta property=\"og:image:width\" content=\"265\" \/>\n\t<meta property=\"og:image:height\" content=\"285\" \/>\n\t<meta property=\"og:image:type\" content=\"image\/jpeg\" \/>\n<meta name=\"twitter:card\" content=\"summary_large_image\" \/>\n<meta name=\"twitter:label1\" content=\"Saatavuus\" \/>\n\t<meta name=\"twitter:data1\" content=\"Varastossa\" \/>\n<meta property=\"og:availability\" content=\"instock\" \/>\n<meta property=\"product:availability\" content=\"instock\" \/>\n<meta property=\"product:condition\" content=\"new\" \/>\n<!-- \/ Yoast SEO Premium plugin. -->","yoast_head_json":{"title":"Levyjarrun lukko h\u00e4lyttimell\u00e4\/signaalilla vedenpit\u00e4v\u00e4 | T\u00f5uksimaailm","description":"Ketaspiduri lukk alarmiga (ka ketas piduri lukk, lukk ketaspidurile, piduriketta lukk), veekindel, ketaspiduriga elektrit\u00f5ukeratastele. Alarmlukud.","robots":{"index":"index","follow":"follow","max-snippet":"max-snippet:-1","max-image-preview":"max-image-preview:large","max-video-preview":"max-video-preview:-1"},"canonical":"https:\/\/www.xn--tuksimaailm-ffb.ee\/fi\/shop\/levyjarrun-lukko-halyttimella-signaalilla-vedenpitava\/","og_locale":"fi_FI","og_type":"article","og_title":"Levyjarrun lukko h\u00e4lyttimell\u00e4\/signaalilla vedenpit\u00e4v\u00e4","og_description":"Ketaspiduri lukk alarmiga (ka ketas piduri lukk, lukk ketaspidurile, piduriketta lukk), veekindel, ketaspiduriga elektrit\u00f5ukeratastele. Alarmlukud.","og_url":"https:\/\/www.xn--tuksimaailm-ffb.ee\/fi\/shop\/levyjarrun-lukko-halyttimella-signaalilla-vedenpitava\/","og_site_name":"T\u00f5uksimaailm","article_publisher":"https:\/\/www.facebook.com\/touksimaailm\/","og_image":[{"width":265,"height":285,"url":"https:\/\/www.xn--tuksimaailm-ffb.ee\/wp-content\/uploads\/2021\/01\/alarmiga-ketasp-lukk.jpg","type":"image\/jpeg"}],"twitter_card":"summary_large_image","twitter_misc":{"Saatavuus":"Varastossa"},"schema":{"@context":"https:\/\/schema.org","@graph":[{"@type":"WebPage","@id":"https:\/\/www.xn--tuksimaailm-ffb.ee\/fi\/shop\/levyjarrun-lukko-halyttimella-signaalilla-vedenpitava\/","url":"https:\/\/www.xn--tuksimaailm-ffb.ee\/fi\/shop\/levyjarrun-lukko-halyttimella-signaalilla-vedenpitava\/","name":"Levyjarrun lukko h\u00e4lyttimell\u00e4\/signaalilla vedenpit\u00e4v\u00e4 | T\u00f5uksimaailm","isPartOf":{"@id":"https:\/\/www.xn--tuksimaailm-ffb.ee\/fi\/#website"},"primaryImageOfPage":{"@id":"https:\/\/www.xn--tuksimaailm-ffb.ee\/fi\/shop\/levyjarrun-lukko-halyttimella-signaalilla-vedenpitava\/#primaryimage"},"image":{"@id":"https:\/\/www.xn--tuksimaailm-ffb.ee\/fi\/shop\/levyjarrun-lukko-halyttimella-signaalilla-vedenpitava\/#primaryimage"},"thumbnailUrl":"https:\/\/www.xn--tuksimaailm-ffb.ee\/wp-content\/uploads\/2021\/01\/alarmiga-ketasp-lukk.jpg","datePublished":"2021-01-16T15:13:28+00:00","description":"Ketaspiduri lukk alarmiga (ka ketas piduri lukk, lukk ketaspidurile, piduriketta lukk), veekindel, ketaspiduriga elektrit\u00f5ukeratastele. Alarmlukud.","breadcrumb":{"@id":"https:\/\/www.xn--tuksimaailm-ffb.ee\/fi\/shop\/levyjarrun-lukko-halyttimella-signaalilla-vedenpitava\/#breadcrumb"},"inLanguage":"fi","potentialAction":[{"@type":"ReadAction","target":["https:\/\/www.xn--tuksimaailm-ffb.ee\/fi\/shop\/levyjarrun-lukko-halyttimella-signaalilla-vedenpitava\/"]}]},{"@type":"ImageObject","inLanguage":"fi","@id":"https:\/\/www.xn--tuksimaailm-ffb.ee\/fi\/shop\/levyjarrun-lukko-halyttimella-signaalilla-vedenpitava\/#primaryimage","url":"https:\/\/www.xn--tuksimaailm-ffb.ee\/wp-content\/uploads\/2021\/01\/alarmiga-ketasp-lukk.jpg","contentUrl":"https:\/\/www.xn--tuksimaailm-ffb.ee\/wp-content\/uploads\/2021\/01\/alarmiga-ketasp-lukk.jpg","width":265,"height":285},{"@type":"BreadcrumbList","@id":"https:\/\/www.xn--tuksimaailm-ffb.ee\/fi\/shop\/levyjarrun-lukko-halyttimella-signaalilla-vedenpitava\/#breadcrumb","itemListElement":[{"@type":"ListItem","position":1,"name":"Home","item":"https:\/\/www.xn--tuksimaailm-ffb.ee\/fi\/kotisivu\/"},{"@type":"ListItem","position":2,"name":"Kauppa","item":"https:\/\/www.xn--tuksimaailm-ffb.ee\/elektritoukerataste-pood\/"},{"@type":"ListItem","position":3,"name":"Levyjarrun lukko h\u00e4lyttimell\u00e4\/signaalilla vedenpit\u00e4v\u00e4"}]},{"@type":"WebSite","@id":"https:\/\/www.xn--tuksimaailm-ffb.ee\/fi\/#website","url":"https:\/\/www.xn--tuksimaailm-ffb.ee\/fi\/","name":"T\u00f5uksimaailm","description":"Elektrit\u00f5ukerataste m\u00fc\u00fck, remont ja rent","publisher":{"@id":"https:\/\/www.xn--tuksimaailm-ffb.ee\/fi\/#organization"},"potentialAction":[{"@type":"SearchAction","target":{"@type":"EntryPoint","urlTemplate":"https:\/\/www.xn--tuksimaailm-ffb.ee\/fi\/?s={search_term_string}"},"query-input":{"@type":"PropertyValueSpecification","valueRequired":true,"valueName":"search_term_string"}}],"inLanguage":"fi"},{"@type":"Organization","@id":"https:\/\/www.xn--tuksimaailm-ffb.ee\/fi\/#organization","name":"T\u00f5uksimaailm","url":"https:\/\/www.xn--tuksimaailm-ffb.ee\/fi\/","logo":{"@type":"ImageObject","inLanguage":"fi","@id":"https:\/\/www.xn--tuksimaailm-ffb.ee\/fi\/#\/schema\/logo\/image\/","url":"https:\/\/www.xn--tuksimaailm-ffb.ee\/wp-content\/uploads\/2020\/01\/logoz-e1579792875517.png","contentUrl":"https:\/\/www.xn--tuksimaailm-ffb.ee\/wp-content\/uploads\/2020\/01\/logoz-e1579792875517.png","width":250,"height":250,"caption":"T\u00f5uksimaailm"},"image":{"@id":"https:\/\/www.xn--tuksimaailm-ffb.ee\/fi\/#\/schema\/logo\/image\/"},"sameAs":["https:\/\/www.facebook.com\/touksimaailm\/","https:\/\/www.instagram.com\/touksimaailm_\/","https:\/\/www.youtube.com\/channel\/UC18ml0EKIDLP1xGuQjFzcXQ"]}]},"og_availability":"instock","product_availability":"instock","product_condition":"new"},"jetpack_sharing_enabled":true,"_links":{"self":[{"href":"https:\/\/www.xn--tuksimaailm-ffb.ee\/fi\/wp-json\/wp\/v2\/product\/56620","targetHints":{"allow":["GET"]}}],"collection":[{"href":"https:\/\/www.xn--tuksimaailm-ffb.ee\/fi\/wp-json\/wp\/v2\/product"}],"about":[{"href":"https:\/\/www.xn--tuksimaailm-ffb.ee\/fi\/wp-json\/wp\/v2\/types\/product"}],"wp:featuredmedia":[{"embeddable":true,"href":"https:\/\/www.xn--tuksimaailm-ffb.ee\/fi\/wp-json\/wp\/v2\/media\/22501"}],"wp:attachment":[{"href":"https:\/\/www.xn--tuksimaailm-ffb.ee\/fi\/wp-json\/wp\/v2\/media?parent=56620"}],"wp:term":[{"taxonomy":"product_brand","embeddable":true,"href":"https:\/\/www.xn--tuksimaailm-ffb.ee\/fi\/wp-json\/wp\/v2\/product_brand?post=56620"},{"taxonomy":"product_cat","embeddable":true,"href":"https:\/\/www.xn--tuksimaailm-ffb.ee\/fi\/wp-json\/wp\/v2\/product_cat?post=56620"},{"taxonomy":"product_tag","embeddable":true,"href":"https:\/\/www.xn--tuksimaailm-ffb.ee\/fi\/wp-json\/wp\/v2\/product_tag?post=56620"},{"taxonomy":"filter_elektritoukeratas","embeddable":true,"href":"https:\/\/www.xn--tuksimaailm-ffb.ee\/fi\/wp-json\/wp\/v2\/filter_elektritoukeratas?post=56620"}],"curies":[{"name":"wp","href":"https:\/\/api.w.org\/{rel}","templated":true}]}}