{"id":56624,"date":"2021-01-16T16:43:06","date_gmt":"2021-01-16T14:43:06","guid":{"rendered":"http:\/\/www.xn--tuksimaailm-ffb.ee\/shop\/levyjarrun-lukko-musta-punainen-xiaomi-m365-pro\/"},"modified":"2021-01-16T16:43:06","modified_gmt":"2021-01-16T13:43:06","slug":"levyjarrun-lukko-musta-punainen-xiaomi-m365-pro","status":"publish","type":"product","link":"https:\/\/www.xn--tuksimaailm-ffb.ee\/fi\/shop\/levyjarrun-lukko-musta-punainen-xiaomi-m365-pro\/","title":{"rendered":"Levyjarrun lukko musta \/ punainen Xiaomi M365 Pro"},"content":{"rendered":"<p>Levyjarrun lukko (tunnetaan my\u00f6s nimell\u00e4 levy jarrun lukko, levyjarru lukko), saatavana mustana ja punaisena. Innovatiivinen levyjarrun on eritt\u00e4in turvallinen mutta my\u00f6s eritt\u00e4in edullinen tapa lukita s\u00e4hk\u00f6skootterisi. Lukko sopii s\u00e4hk\u00f6skootterin jarrulevyn l\u00e4pi niin, ett\u00e4 kun yrit\u00e4t k\u00e4ynnist\u00e4\u00e4 kyyti\u00e4, lukko juuttuu jarrukytkimen taakse eik\u00e4 py\u00f6r\u00e4 voi en\u00e4\u00e4 liikkua. Lukon leikkaaminen l\u00e4pi on mahdollista vain <a href=\"https:\/\/www.k-rauta.ee\/p\/makita-dga506zj-18v-cordless-angle-grinder-without-battery\/7ozk\">levyleikkurin<\/a> avulla, ja silloinkin se vie kauan aikaa. Lis\u00e4ksi jarrulukon osaan on kiinnitetty ketjun l\u00e4pi vaijeri, jolla s\u00e4hk\u00f6potkulauta voidaan kiinnitt\u00e4\u00e4 pylv\u00e4\u00e4seen tai polkupy\u00f6r\u00e4telineeseen. Levyjarrun lukko voidaan kiinnitt\u00e4\u00e4 s\u00e4hk\u00f6potkulautaan ruuvilla\/pultilla erityisen pidikkeen ansiosta. Levyjarrun lukko sopii my\u00f6s suosittuihin <a href=\"http:\/\/www.xn--tuksimaailm-ffb.ee\/shop\/elektritouks_xiaomi-360\/\"><strong>Xiaomi M365 ja<\/strong><\/a> <a href=\"http:\/\/www.xn--tuksimaailm-ffb.ee\/shop\/elektriline-toukeratas-xiaomi-mi-m365-pro\/\"><strong>Xiaomi M365 Pro -s\u00e4hk\u00f6skoottereihin<\/strong><\/a>. Tarjoamme my\u00f6s <a href=\"http:\/\/www.xn--tuksimaailm-ffb.ee\/shop\/ketaspiduri-lukk-alarmiga-signaaliga-veekindel\/\"><strong>h\u00e4lytyslukon jarruketjulle<\/strong><\/a>.<\/p>\n","protected":false},"excerpt":{"rendered":"<p>Levyjarrun lukko (tunnetaan my\u00f6s nimell\u00e4 levy jarrun lukko, levyjarru lukko), saatavana mustana ja punaisena. Innovatiivinen levyjarrun on eritt\u00e4in turvallinen mutta my\u00f6s eritt\u00e4in edullinen tapa lukita s\u00e4hk\u00f6skootterisi. Lukko sopii s\u00e4hk\u00f6skootterin jarrulevyn l\u00e4pi niin, ett\u00e4 kun yrit\u00e4t k\u00e4ynnist\u00e4\u00e4 kyyti\u00e4, lukko juuttuu jarrukytkimen taakse eik\u00e4 py\u00f6r\u00e4 voi en\u00e4\u00e4 liikkua. Lukon leikkaaminen l\u00e4pi on &hellip;<\/p>\n","protected":false},"featured_media":22497,"template":"","meta":[],"product_brand":[],"product_cat":[1697],"product_tag":[1721],"filter_elektritoukeratas":[],"class_list":{"0":"post-56624","1":"product","2":"type-product","3":"status-publish","4":"has-post-thumbnail","6":"product_cat-lisavarusteet","7":"product_tag-lukot","8":"pa_colour-musta","9":"pa_colour-punainen","10":"pa_size-ilma-trossita-fi","11":"pa_size-trossiga-fi","12":"pa_tootetuup-lukot","14":"first","15":"instock","16":"taxable","17":"shipping-taxable","18":"purchasable","19":"product-type-variable"},"yoast_head":"<!-- This site is optimized with the Yoast SEO Premium plugin v26.8 (Yoast SEO v27.5) - https:\/\/yoast.com\/product\/yoast-seo-premium-wordpress\/ -->\n<title>Levyjarrun lukko musta \/ punainen Xiaomi M365 Pro | T\u00f5uksimaailm<\/title>\n<meta name=\"description\" content=\"Ketaspiduri lukk (ka ketas piduri lukk, lukk ketaspidurile). Sobib k\u00f5ik ketaspiduriga elektrit\u00f5ukerattad (ka Xiaomi M365). Elektrit\u00f5ukeratta lukud.\" \/>\n<meta name=\"robots\" content=\"index, follow, max-snippet:-1, max-image-preview:large, max-video-preview:-1\" \/>\n<link rel=\"canonical\" href=\"https:\/\/www.xn--tuksimaailm-ffb.ee\/fi\/shop\/levyjarrun-lukko-musta-punainen-xiaomi-m365-pro\/\" \/>\n<meta property=\"og:locale\" content=\"fi_FI\" \/>\n<meta property=\"og:type\" content=\"article\" \/>\n<meta property=\"og:title\" content=\"Levyjarrun lukko musta \/ punainen Xiaomi M365 Pro\" \/>\n<meta property=\"og:description\" content=\"Ketaspiduri lukk (ka ketas piduri lukk, lukk ketaspidurile). Sobib k\u00f5ik ketaspiduriga elektrit\u00f5ukerattad (ka Xiaomi M365). Elektrit\u00f5ukeratta lukud.\" \/>\n<meta property=\"og:url\" content=\"https:\/\/www.xn--tuksimaailm-ffb.ee\/fi\/shop\/levyjarrun-lukko-musta-punainen-xiaomi-m365-pro\/\" \/>\n<meta property=\"og:site_name\" content=\"T\u00f5uksimaailm\" \/>\n<meta property=\"article:publisher\" content=\"https:\/\/www.facebook.com\/touksimaailm\/\" \/>\n<meta property=\"og:image\" content=\"https:\/\/www.xn--tuksimaailm-ffb.ee\/wp-content\/uploads\/2021\/01\/ketasp-lukk-1.jpg\" \/>\n\t<meta property=\"og:image:width\" content=\"785\" \/>\n\t<meta property=\"og:image:height\" content=\"766\" \/>\n\t<meta property=\"og:image:type\" content=\"image\/jpeg\" \/>\n<meta name=\"twitter:card\" content=\"summary_large_image\" \/>\n<meta name=\"twitter:label1\" content=\"Saatavuus\" \/>\n\t<meta name=\"twitter:data1\" content=\"Varastossa\" \/>\n<meta property=\"og:availability\" content=\"instock\" \/>\n<meta property=\"product:availability\" content=\"instock\" \/>\n<meta property=\"product:condition\" content=\"new\" \/>\n<!-- \/ Yoast SEO Premium plugin. -->","yoast_head_json":{"title":"Levyjarrun lukko musta \/ punainen Xiaomi M365 Pro | T\u00f5uksimaailm","description":"Ketaspiduri lukk (ka ketas piduri lukk, lukk ketaspidurile). Sobib k\u00f5ik ketaspiduriga elektrit\u00f5ukerattad (ka Xiaomi M365). Elektrit\u00f5ukeratta lukud.","robots":{"index":"index","follow":"follow","max-snippet":"max-snippet:-1","max-image-preview":"max-image-preview:large","max-video-preview":"max-video-preview:-1"},"canonical":"https:\/\/www.xn--tuksimaailm-ffb.ee\/fi\/shop\/levyjarrun-lukko-musta-punainen-xiaomi-m365-pro\/","og_locale":"fi_FI","og_type":"article","og_title":"Levyjarrun lukko musta \/ punainen Xiaomi M365 Pro","og_description":"Ketaspiduri lukk (ka ketas piduri lukk, lukk ketaspidurile). Sobib k\u00f5ik ketaspiduriga elektrit\u00f5ukerattad (ka Xiaomi M365). Elektrit\u00f5ukeratta lukud.","og_url":"https:\/\/www.xn--tuksimaailm-ffb.ee\/fi\/shop\/levyjarrun-lukko-musta-punainen-xiaomi-m365-pro\/","og_site_name":"T\u00f5uksimaailm","article_publisher":"https:\/\/www.facebook.com\/touksimaailm\/","og_image":[{"width":785,"height":766,"url":"https:\/\/www.xn--tuksimaailm-ffb.ee\/wp-content\/uploads\/2021\/01\/ketasp-lukk-1.jpg","type":"image\/jpeg"}],"twitter_card":"summary_large_image","twitter_misc":{"Saatavuus":"Varastossa"},"schema":{"@context":"https:\/\/schema.org","@graph":[{"@type":"WebPage","@id":"https:\/\/www.xn--tuksimaailm-ffb.ee\/fi\/shop\/levyjarrun-lukko-musta-punainen-xiaomi-m365-pro\/","url":"https:\/\/www.xn--tuksimaailm-ffb.ee\/fi\/shop\/levyjarrun-lukko-musta-punainen-xiaomi-m365-pro\/","name":"Levyjarrun lukko musta \/ punainen Xiaomi M365 Pro | T\u00f5uksimaailm","isPartOf":{"@id":"https:\/\/www.xn--tuksimaailm-ffb.ee\/fi\/#website"},"primaryImageOfPage":{"@id":"https:\/\/www.xn--tuksimaailm-ffb.ee\/fi\/shop\/levyjarrun-lukko-musta-punainen-xiaomi-m365-pro\/#primaryimage"},"image":{"@id":"https:\/\/www.xn--tuksimaailm-ffb.ee\/fi\/shop\/levyjarrun-lukko-musta-punainen-xiaomi-m365-pro\/#primaryimage"},"thumbnailUrl":"https:\/\/www.xn--tuksimaailm-ffb.ee\/wp-content\/uploads\/2021\/01\/ketasp-lukk-1.jpg","datePublished":"2021-01-16T14:43:06+00:00","description":"Ketaspiduri lukk (ka ketas piduri lukk, lukk ketaspidurile). Sobib k\u00f5ik ketaspiduriga elektrit\u00f5ukerattad (ka Xiaomi M365). Elektrit\u00f5ukeratta lukud.","breadcrumb":{"@id":"https:\/\/www.xn--tuksimaailm-ffb.ee\/fi\/shop\/levyjarrun-lukko-musta-punainen-xiaomi-m365-pro\/#breadcrumb"},"inLanguage":"fi","potentialAction":[{"@type":"ReadAction","target":["https:\/\/www.xn--tuksimaailm-ffb.ee\/fi\/shop\/levyjarrun-lukko-musta-punainen-xiaomi-m365-pro\/"]}]},{"@type":"ImageObject","inLanguage":"fi","@id":"https:\/\/www.xn--tuksimaailm-ffb.ee\/fi\/shop\/levyjarrun-lukko-musta-punainen-xiaomi-m365-pro\/#primaryimage","url":"https:\/\/www.xn--tuksimaailm-ffb.ee\/wp-content\/uploads\/2021\/01\/ketasp-lukk-1.jpg","contentUrl":"https:\/\/www.xn--tuksimaailm-ffb.ee\/wp-content\/uploads\/2021\/01\/ketasp-lukk-1.jpg","width":785,"height":766},{"@type":"BreadcrumbList","@id":"https:\/\/www.xn--tuksimaailm-ffb.ee\/fi\/shop\/levyjarrun-lukko-musta-punainen-xiaomi-m365-pro\/#breadcrumb","itemListElement":[{"@type":"ListItem","position":1,"name":"Home","item":"https:\/\/www.xn--tuksimaailm-ffb.ee\/fi\/kotisivu\/"},{"@type":"ListItem","position":2,"name":"Kauppa","item":"https:\/\/www.xn--tuksimaailm-ffb.ee\/elektritoukerataste-pood\/"},{"@type":"ListItem","position":3,"name":"Levyjarrun lukko musta \/ punainen Xiaomi M365 Pro"}]},{"@type":"WebSite","@id":"https:\/\/www.xn--tuksimaailm-ffb.ee\/fi\/#website","url":"https:\/\/www.xn--tuksimaailm-ffb.ee\/fi\/","name":"T\u00f5uksimaailm","description":"Elektrit\u00f5ukerataste m\u00fc\u00fck, remont ja rent","publisher":{"@id":"https:\/\/www.xn--tuksimaailm-ffb.ee\/fi\/#organization"},"potentialAction":[{"@type":"SearchAction","target":{"@type":"EntryPoint","urlTemplate":"https:\/\/www.xn--tuksimaailm-ffb.ee\/fi\/?s={search_term_string}"},"query-input":{"@type":"PropertyValueSpecification","valueRequired":true,"valueName":"search_term_string"}}],"inLanguage":"fi"},{"@type":"Organization","@id":"https:\/\/www.xn--tuksimaailm-ffb.ee\/fi\/#organization","name":"T\u00f5uksimaailm","url":"https:\/\/www.xn--tuksimaailm-ffb.ee\/fi\/","logo":{"@type":"ImageObject","inLanguage":"fi","@id":"https:\/\/www.xn--tuksimaailm-ffb.ee\/fi\/#\/schema\/logo\/image\/","url":"https:\/\/www.xn--tuksimaailm-ffb.ee\/wp-content\/uploads\/2020\/01\/logoz-e1579792875517.png","contentUrl":"https:\/\/www.xn--tuksimaailm-ffb.ee\/wp-content\/uploads\/2020\/01\/logoz-e1579792875517.png","width":250,"height":250,"caption":"T\u00f5uksimaailm"},"image":{"@id":"https:\/\/www.xn--tuksimaailm-ffb.ee\/fi\/#\/schema\/logo\/image\/"},"sameAs":["https:\/\/www.facebook.com\/touksimaailm\/","https:\/\/www.instagram.com\/touksimaailm_\/","https:\/\/www.youtube.com\/channel\/UC18ml0EKIDLP1xGuQjFzcXQ"]}]},"og_availability":"instock","product_availability":"instock","product_condition":"new"},"jetpack_sharing_enabled":true,"_links":{"self":[{"href":"https:\/\/www.xn--tuksimaailm-ffb.ee\/fi\/wp-json\/wp\/v2\/product\/56624","targetHints":{"allow":["GET"]}}],"collection":[{"href":"https:\/\/www.xn--tuksimaailm-ffb.ee\/fi\/wp-json\/wp\/v2\/product"}],"about":[{"href":"https:\/\/www.xn--tuksimaailm-ffb.ee\/fi\/wp-json\/wp\/v2\/types\/product"}],"wp:featuredmedia":[{"embeddable":true,"href":"https:\/\/www.xn--tuksimaailm-ffb.ee\/fi\/wp-json\/wp\/v2\/media\/22497"}],"wp:attachment":[{"href":"https:\/\/www.xn--tuksimaailm-ffb.ee\/fi\/wp-json\/wp\/v2\/media?parent=56624"}],"wp:term":[{"taxonomy":"product_brand","embeddable":true,"href":"https:\/\/www.xn--tuksimaailm-ffb.ee\/fi\/wp-json\/wp\/v2\/product_brand?post=56624"},{"taxonomy":"product_cat","embeddable":true,"href":"https:\/\/www.xn--tuksimaailm-ffb.ee\/fi\/wp-json\/wp\/v2\/product_cat?post=56624"},{"taxonomy":"product_tag","embeddable":true,"href":"https:\/\/www.xn--tuksimaailm-ffb.ee\/fi\/wp-json\/wp\/v2\/product_tag?post=56624"},{"taxonomy":"filter_elektritoukeratas","embeddable":true,"href":"https:\/\/www.xn--tuksimaailm-ffb.ee\/fi\/wp-json\/wp\/v2\/filter_elektritoukeratas?post=56624"}],"curies":[{"name":"wp","href":"https:\/\/api.w.org\/{rel}","templated":true}]}}