{"id":56630,"date":"2021-01-16T15:35:43","date_gmt":"2021-01-16T13:35:43","guid":{"rendered":"http:\/\/www.xn--tuksimaailm-ffb.ee\/shop\/segway-ninebot-poran-jatkopalat-es2-es3-es4\/"},"modified":"2021-01-16T15:35:43","modified_gmt":"2021-01-16T12:35:43","slug":"segway-ninebot-poran-jatkopalat-es2-es3-es4","status":"publish","type":"product","link":"https:\/\/www.xn--tuksimaailm-ffb.ee\/fi\/shop\/segway-ninebot-poran-jatkopalat-es2-es3-es4\/","title":{"rendered":"Segway Ninebot poran jatkopalat ES2 ES3 ES4"},"content":{"rendered":"<p>Segway Ninebot lokasuojan jatkeet (my\u00f6s takalokasuojan jatke, lokasuoja). Jos olet kyll\u00e4stynyt siihen, ett\u00e4 <a href=\"https:\/\/ee-en.segway.com\/products\/ninebot-by-segway-kickscooter-es2\">Segway Ninebot ES1 , ES2 , ES3 tai ES4 -s\u00e4hk\u00f6skootterisi<\/a> takapy\u00f6r\u00e4 roiskii mutaa vaatteillesi, kun ajat sateisella s\u00e4\u00e4ll\u00e4 tai vaikka tie olisi vain hieman kostea, Segway Ninebotin takalokasuojan jatke on edullinen ja tehokas ratkaisu t\u00e4h\u00e4n ik\u00e4v\u00e4\u00e4n ongelmaan. Lokasuojan jatke kiinnittyy Ninebotin lokasuojaan ruuvilla. Pakkaus sis\u00e4lt\u00e4\u00e4 jatkeen sek\u00e4 etu- ett\u00e4 takalokasuojiin.<\/p>\n","protected":false},"excerpt":{"rendered":"<p>Segway Ninebot lokasuojan jatkeet (my\u00f6s takalokasuojan jatke, lokasuoja). Jos olet kyll\u00e4stynyt siihen, ett\u00e4 Segway Ninebot ES1 , ES2 , ES3 tai ES4 -s\u00e4hk\u00f6skootterisi takapy\u00f6r\u00e4 roiskii mutaa vaatteillesi, kun ajat sateisella s\u00e4\u00e4ll\u00e4 tai vaikka tie olisi vain hieman kostea, Segway Ninebotin takalokasuojan jatke on edullinen ja tehokas ratkaisu t\u00e4h\u00e4n ik\u00e4v\u00e4\u00e4n ongelmaan. &hellip;<\/p>\n","protected":false},"featured_media":22495,"template":"","meta":[],"product_brand":[],"product_cat":[1697,1698],"product_tag":[3268],"filter_elektritoukeratas":[],"class_list":{"0":"post-56630","1":"product","2":"type-product","3":"status-publish","4":"has-post-thumbnail","6":"product_cat-lisavarusteet","7":"product_cat-varaosat","8":"product_tag-segway-ninebot-varuosad-fi","9":"pa_colour-musta","10":"pa_tootetuup-porilaua-pikendused-fi","12":"first","13":"instock","14":"taxable","15":"shipping-taxable","16":"purchasable","17":"product-type-simple"},"yoast_head":"<!-- This site is optimized with the Yoast SEO Premium plugin v26.8 (Yoast SEO v27.5) - https:\/\/yoast.com\/product\/yoast-seo-premium-wordpress\/ -->\n<title>Segway Ninebot poran jatkopalat ES2 ES3 ES4 | T\u00f5uksimaailm<\/title>\n<meta name=\"description\" content=\"Segway Ninebot porilaua pikendused (ka tagaporilaua pikendus, pori lapats), Segway Ninebot ES elektrit\u00f5ukerataste porilaudade pikendamiseks\" \/>\n<meta name=\"robots\" content=\"index, follow, max-snippet:-1, max-image-preview:large, max-video-preview:-1\" \/>\n<link rel=\"canonical\" href=\"https:\/\/www.xn--tuksimaailm-ffb.ee\/fi\/shop\/segway-ninebot-poran-jatkopalat-es2-es3-es4\/\" \/>\n<meta property=\"og:locale\" content=\"fi_FI\" \/>\n<meta property=\"og:type\" content=\"article\" \/>\n<meta property=\"og:title\" content=\"Segway Ninebot poran jatkopalat ES2 ES3 ES4\" \/>\n<meta property=\"og:description\" content=\"Segway Ninebot porilaua pikendused (ka tagaporilaua pikendus, pori lapats), Segway Ninebot ES elektrit\u00f5ukerataste porilaudade pikendamiseks\" \/>\n<meta property=\"og:url\" content=\"https:\/\/www.xn--tuksimaailm-ffb.ee\/fi\/shop\/segway-ninebot-poran-jatkopalat-es2-es3-es4\/\" \/>\n<meta property=\"og:site_name\" content=\"T\u00f5uksimaailm\" \/>\n<meta property=\"article:publisher\" content=\"https:\/\/www.facebook.com\/touksimaailm\/\" \/>\n<meta property=\"og:image\" content=\"https:\/\/www.xn--tuksimaailm-ffb.ee\/wp-content\/uploads\/2021\/01\/porilapats.png\" \/>\n\t<meta property=\"og:image:width\" content=\"471\" \/>\n\t<meta property=\"og:image:height\" content=\"283\" \/>\n\t<meta property=\"og:image:type\" content=\"image\/png\" \/>\n<meta name=\"twitter:card\" content=\"summary_large_image\" \/>\n<meta name=\"twitter:label1\" content=\"Hinta\" \/>\n\t<meta name=\"twitter:data1\" content=\"&euro;5.00\" \/>\n\t<meta name=\"twitter:label2\" content=\"Saatavuus\" \/>\n\t<meta name=\"twitter:data2\" content=\"Varastossa\" \/>\n<meta property=\"product:price:amount\" content=\"5.00\" \/>\n<meta property=\"product:price:currency\" content=\"EUR\" \/>\n<meta property=\"og:availability\" content=\"instock\" \/>\n<meta property=\"product:availability\" content=\"instock\" \/>\n<meta property=\"product:condition\" content=\"new\" \/>\n<!-- \/ Yoast SEO Premium plugin. -->","yoast_head_json":{"title":"Segway Ninebot poran jatkopalat ES2 ES3 ES4 | T\u00f5uksimaailm","description":"Segway Ninebot porilaua pikendused (ka tagaporilaua pikendus, pori lapats), Segway Ninebot ES elektrit\u00f5ukerataste porilaudade pikendamiseks","robots":{"index":"index","follow":"follow","max-snippet":"max-snippet:-1","max-image-preview":"max-image-preview:large","max-video-preview":"max-video-preview:-1"},"canonical":"https:\/\/www.xn--tuksimaailm-ffb.ee\/fi\/shop\/segway-ninebot-poran-jatkopalat-es2-es3-es4\/","og_locale":"fi_FI","og_type":"article","og_title":"Segway Ninebot poran jatkopalat ES2 ES3 ES4","og_description":"Segway Ninebot porilaua pikendused (ka tagaporilaua pikendus, pori lapats), Segway Ninebot ES elektrit\u00f5ukerataste porilaudade pikendamiseks","og_url":"https:\/\/www.xn--tuksimaailm-ffb.ee\/fi\/shop\/segway-ninebot-poran-jatkopalat-es2-es3-es4\/","og_site_name":"T\u00f5uksimaailm","article_publisher":"https:\/\/www.facebook.com\/touksimaailm\/","og_image":[{"width":471,"height":283,"url":"https:\/\/www.xn--tuksimaailm-ffb.ee\/wp-content\/uploads\/2021\/01\/porilapats.png","type":"image\/png"}],"twitter_card":"summary_large_image","twitter_misc":{"Hinta":"&euro;5.00","Saatavuus":"Varastossa"},"schema":{"@context":"https:\/\/schema.org","@graph":[{"@type":"WebPage","@id":"https:\/\/www.xn--tuksimaailm-ffb.ee\/fi\/shop\/segway-ninebot-poran-jatkopalat-es2-es3-es4\/","url":"https:\/\/www.xn--tuksimaailm-ffb.ee\/fi\/shop\/segway-ninebot-poran-jatkopalat-es2-es3-es4\/","name":"Segway Ninebot poran jatkopalat ES2 ES3 ES4 | T\u00f5uksimaailm","isPartOf":{"@id":"https:\/\/www.xn--tuksimaailm-ffb.ee\/fi\/#website"},"primaryImageOfPage":{"@id":"https:\/\/www.xn--tuksimaailm-ffb.ee\/fi\/shop\/segway-ninebot-poran-jatkopalat-es2-es3-es4\/#primaryimage"},"image":{"@id":"https:\/\/www.xn--tuksimaailm-ffb.ee\/fi\/shop\/segway-ninebot-poran-jatkopalat-es2-es3-es4\/#primaryimage"},"thumbnailUrl":"https:\/\/www.xn--tuksimaailm-ffb.ee\/wp-content\/uploads\/2021\/01\/porilapats.png","datePublished":"2021-01-16T13:35:43+00:00","description":"Segway Ninebot porilaua pikendused (ka tagaporilaua pikendus, pori lapats), Segway Ninebot ES elektrit\u00f5ukerataste porilaudade pikendamiseks","breadcrumb":{"@id":"https:\/\/www.xn--tuksimaailm-ffb.ee\/fi\/shop\/segway-ninebot-poran-jatkopalat-es2-es3-es4\/#breadcrumb"},"inLanguage":"fi","potentialAction":[{"@type":"ReadAction","target":["https:\/\/www.xn--tuksimaailm-ffb.ee\/fi\/shop\/segway-ninebot-poran-jatkopalat-es2-es3-es4\/"]}]},{"@type":"ImageObject","inLanguage":"fi","@id":"https:\/\/www.xn--tuksimaailm-ffb.ee\/fi\/shop\/segway-ninebot-poran-jatkopalat-es2-es3-es4\/#primaryimage","url":"https:\/\/www.xn--tuksimaailm-ffb.ee\/wp-content\/uploads\/2021\/01\/porilapats.png","contentUrl":"https:\/\/www.xn--tuksimaailm-ffb.ee\/wp-content\/uploads\/2021\/01\/porilapats.png","width":471,"height":283},{"@type":"BreadcrumbList","@id":"https:\/\/www.xn--tuksimaailm-ffb.ee\/fi\/shop\/segway-ninebot-poran-jatkopalat-es2-es3-es4\/#breadcrumb","itemListElement":[{"@type":"ListItem","position":1,"name":"Home","item":"https:\/\/www.xn--tuksimaailm-ffb.ee\/fi\/kotisivu\/"},{"@type":"ListItem","position":2,"name":"Kauppa","item":"https:\/\/www.xn--tuksimaailm-ffb.ee\/elektritoukerataste-pood\/"},{"@type":"ListItem","position":3,"name":"Segway Ninebot poran jatkopalat ES2 ES3 ES4"}]},{"@type":"WebSite","@id":"https:\/\/www.xn--tuksimaailm-ffb.ee\/fi\/#website","url":"https:\/\/www.xn--tuksimaailm-ffb.ee\/fi\/","name":"T\u00f5uksimaailm","description":"Elektrit\u00f5ukerataste m\u00fc\u00fck, remont ja rent","publisher":{"@id":"https:\/\/www.xn--tuksimaailm-ffb.ee\/fi\/#organization"},"potentialAction":[{"@type":"SearchAction","target":{"@type":"EntryPoint","urlTemplate":"https:\/\/www.xn--tuksimaailm-ffb.ee\/fi\/?s={search_term_string}"},"query-input":{"@type":"PropertyValueSpecification","valueRequired":true,"valueName":"search_term_string"}}],"inLanguage":"fi"},{"@type":"Organization","@id":"https:\/\/www.xn--tuksimaailm-ffb.ee\/fi\/#organization","name":"T\u00f5uksimaailm","url":"https:\/\/www.xn--tuksimaailm-ffb.ee\/fi\/","logo":{"@type":"ImageObject","inLanguage":"fi","@id":"https:\/\/www.xn--tuksimaailm-ffb.ee\/fi\/#\/schema\/logo\/image\/","url":"https:\/\/www.xn--tuksimaailm-ffb.ee\/wp-content\/uploads\/2020\/01\/logoz-e1579792875517.png","contentUrl":"https:\/\/www.xn--tuksimaailm-ffb.ee\/wp-content\/uploads\/2020\/01\/logoz-e1579792875517.png","width":250,"height":250,"caption":"T\u00f5uksimaailm"},"image":{"@id":"https:\/\/www.xn--tuksimaailm-ffb.ee\/fi\/#\/schema\/logo\/image\/"},"sameAs":["https:\/\/www.facebook.com\/touksimaailm\/","https:\/\/www.instagram.com\/touksimaailm_\/","https:\/\/www.youtube.com\/channel\/UC18ml0EKIDLP1xGuQjFzcXQ"]}]},"product_price_amount":"5.00","product_price_currency":"EUR","og_availability":"instock","product_availability":"instock","product_condition":"new"},"jetpack_sharing_enabled":true,"_links":{"self":[{"href":"https:\/\/www.xn--tuksimaailm-ffb.ee\/fi\/wp-json\/wp\/v2\/product\/56630","targetHints":{"allow":["GET"]}}],"collection":[{"href":"https:\/\/www.xn--tuksimaailm-ffb.ee\/fi\/wp-json\/wp\/v2\/product"}],"about":[{"href":"https:\/\/www.xn--tuksimaailm-ffb.ee\/fi\/wp-json\/wp\/v2\/types\/product"}],"wp:featuredmedia":[{"embeddable":true,"href":"https:\/\/www.xn--tuksimaailm-ffb.ee\/fi\/wp-json\/wp\/v2\/media\/22495"}],"wp:attachment":[{"href":"https:\/\/www.xn--tuksimaailm-ffb.ee\/fi\/wp-json\/wp\/v2\/media?parent=56630"}],"wp:term":[{"taxonomy":"product_brand","embeddable":true,"href":"https:\/\/www.xn--tuksimaailm-ffb.ee\/fi\/wp-json\/wp\/v2\/product_brand?post=56630"},{"taxonomy":"product_cat","embeddable":true,"href":"https:\/\/www.xn--tuksimaailm-ffb.ee\/fi\/wp-json\/wp\/v2\/product_cat?post=56630"},{"taxonomy":"product_tag","embeddable":true,"href":"https:\/\/www.xn--tuksimaailm-ffb.ee\/fi\/wp-json\/wp\/v2\/product_tag?post=56630"},{"taxonomy":"filter_elektritoukeratas","embeddable":true,"href":"https:\/\/www.xn--tuksimaailm-ffb.ee\/fi\/wp-json\/wp\/v2\/filter_elektritoukeratas?post=56630"}],"curies":[{"name":"wp","href":"https:\/\/api.w.org\/{rel}","templated":true}]}}