{"id":56653,"date":"2021-01-16T14:13:04","date_gmt":"2021-01-16T14:13:04","guid":{"rendered":"http:\/\/www.xn--tuksimaailm-ffb.ee\/shop\/ohjauslaukku-sahkoskootterille-3l-wildman\/"},"modified":"2021-01-16T14:13:04","modified_gmt":"2021-01-16T11:13:04","slug":"ohjauslaukku-sahkoskootterille-3l-wildman","status":"publish","type":"product","link":"https:\/\/www.xn--tuksimaailm-ffb.ee\/fi\/shop\/ohjauslaukku-sahkoskootterille-3l-wildman\/","title":{"rendered":"Ohjauslaukku s\u00e4hk\u00f6skootterille 3L Wildman"},"content":{"rendered":"<p>Ohjauslaukku s\u00e4hk\u00f6skootterille (my\u00f6s etupy\u00f6r\u00e4laukku), vedenpit\u00e4v\u00e4 \/<strong> sateenpit\u00e4v\u00e4 , musta v\u00e4ri<\/strong>, <strong>Wild Man -merkki<\/strong>, <strong>tilavuus 3 litraa<\/strong>. S\u00e4hk\u00f6skootterin ohjaustankolaukku kiinnittyy skootterin ohjaustangon ja ohjausputken (ohjausputken) ymp\u00e4rille s\u00e4\u00e4dett\u00e4vill\u00e4 klipseill\u00e4 <strong>(hihnoilla), ja se sopii<\/strong> kaikkiin s\u00e4hk\u00f6skoottereihin. <a href=\"http:\/\/www.xn--tuksimaailm-ffb.ee\/tootekategooria\/elektritoukeratas\/\">Wild Man -s\u00e4hk\u00f6skootterilaukkuja<\/a>on saatavana my\u00f6s hieman pienempin\u00e4 2 litran tilavuudella.<\/p>\n","protected":false},"excerpt":{"rendered":"<p>Ohjauslaukku s\u00e4hk\u00f6skootterille (my\u00f6s etupy\u00f6r\u00e4laukku), vedenpit\u00e4v\u00e4 \/ sateenpit\u00e4v\u00e4 , musta v\u00e4ri, Wild Man -merkki, tilavuus 3 litraa. S\u00e4hk\u00f6skootterin ohjaustankolaukku kiinnittyy skootterin ohjaustangon ja ohjausputken (ohjausputken) ymp\u00e4rille s\u00e4\u00e4dett\u00e4vill\u00e4 klipseill\u00e4 (hihnoilla), ja se sopii kaikkiin s\u00e4hk\u00f6skoottereihin. Wild Man -s\u00e4hk\u00f6skootterilaukkujaon saatavana my\u00f6s hieman pienempin\u00e4 2 litran tilavuudella.<\/p>\n","protected":false},"featured_media":22483,"template":"","meta":[],"product_brand":[],"product_cat":[1697],"product_tag":[3278],"filter_elektritoukeratas":[],"class_list":{"0":"post-56653","1":"product","2":"type-product","3":"status-publish","4":"has-post-thumbnail","6":"product_cat-lisavarusteet","7":"product_tag-lenksukotid-fi","8":"pa_colour-musta","9":"pa_tootetuup-lenksukotid-fi","11":"first","12":"instock","13":"taxable","14":"shipping-taxable","15":"purchasable","16":"product-type-simple"},"yoast_head":"<!-- This site is optimized with the Yoast SEO Premium plugin v26.8 (Yoast SEO v27.5) - https:\/\/yoast.com\/product\/yoast-seo-premium-wordpress\/ -->\n<title>Ohjauslaukku s\u00e4hk\u00f6skootterille 3L Wildman | T\u00f5uksimaailm<\/title>\n<meta name=\"description\" content=\"Lenksukott elektrilisele t\u00f5ukerattale (ka esimene kott), veekindel \/ vihmakindel, must, Wildman, maht 3 liitrit, lenksu ja lenksutoru \u00fcmber. Lisavarustus.\" \/>\n<meta name=\"robots\" content=\"index, follow, max-snippet:-1, max-image-preview:large, max-video-preview:-1\" \/>\n<link rel=\"canonical\" href=\"https:\/\/www.xn--tuksimaailm-ffb.ee\/fi\/shop\/ohjauslaukku-sahkoskootterille-3l-wildman\/\" \/>\n<meta property=\"og:locale\" content=\"fi_FI\" \/>\n<meta property=\"og:type\" content=\"article\" \/>\n<meta property=\"og:title\" content=\"Ohjauslaukku s\u00e4hk\u00f6skootterille 3L Wildman\" \/>\n<meta property=\"og:description\" content=\"Lenksukott elektrilisele t\u00f5ukerattale (ka esimene kott), veekindel \/ vihmakindel, must, Wildman, maht 3 liitrit, lenksu ja lenksutoru \u00fcmber. Lisavarustus.\" \/>\n<meta property=\"og:url\" content=\"https:\/\/www.xn--tuksimaailm-ffb.ee\/fi\/shop\/ohjauslaukku-sahkoskootterille-3l-wildman\/\" \/>\n<meta property=\"og:site_name\" content=\"T\u00f5uksimaailm\" \/>\n<meta property=\"article:publisher\" content=\"https:\/\/www.facebook.com\/touksimaailm\/\" \/>\n<meta property=\"og:image\" content=\"https:\/\/www.xn--tuksimaailm-ffb.ee\/wp-content\/uploads\/2021\/01\/kott-wild-man-2l-1-1.jpg\" \/>\n\t<meta property=\"og:image:width\" content=\"753\" \/>\n\t<meta property=\"og:image:height\" content=\"785\" \/>\n\t<meta property=\"og:image:type\" content=\"image\/jpeg\" \/>\n<meta name=\"twitter:card\" content=\"summary_large_image\" \/>\n<meta name=\"twitter:label1\" content=\"Hinta\" \/>\n\t<meta name=\"twitter:data1\" content=\"&euro;39.50\" \/>\n\t<meta name=\"twitter:label2\" content=\"Saatavuus\" \/>\n\t<meta name=\"twitter:data2\" content=\"Varastossa\" \/>\n<meta property=\"product:price:amount\" content=\"39.50\" \/>\n<meta property=\"product:price:currency\" content=\"EUR\" \/>\n<meta property=\"og:availability\" content=\"instock\" \/>\n<meta property=\"product:availability\" content=\"instock\" \/>\n<meta property=\"product:retailer_item_id\" content=\"LENKSUKOTT-WILDMAN-3L\" \/>\n<meta property=\"product:condition\" content=\"new\" \/>\n<!-- \/ Yoast SEO Premium plugin. -->","yoast_head_json":{"title":"Ohjauslaukku s\u00e4hk\u00f6skootterille 3L Wildman | T\u00f5uksimaailm","description":"Lenksukott elektrilisele t\u00f5ukerattale (ka esimene kott), veekindel \/ vihmakindel, must, Wildman, maht 3 liitrit, lenksu ja lenksutoru \u00fcmber. Lisavarustus.","robots":{"index":"index","follow":"follow","max-snippet":"max-snippet:-1","max-image-preview":"max-image-preview:large","max-video-preview":"max-video-preview:-1"},"canonical":"https:\/\/www.xn--tuksimaailm-ffb.ee\/fi\/shop\/ohjauslaukku-sahkoskootterille-3l-wildman\/","og_locale":"fi_FI","og_type":"article","og_title":"Ohjauslaukku s\u00e4hk\u00f6skootterille 3L Wildman","og_description":"Lenksukott elektrilisele t\u00f5ukerattale (ka esimene kott), veekindel \/ vihmakindel, must, Wildman, maht 3 liitrit, lenksu ja lenksutoru \u00fcmber. Lisavarustus.","og_url":"https:\/\/www.xn--tuksimaailm-ffb.ee\/fi\/shop\/ohjauslaukku-sahkoskootterille-3l-wildman\/","og_site_name":"T\u00f5uksimaailm","article_publisher":"https:\/\/www.facebook.com\/touksimaailm\/","og_image":[{"width":753,"height":785,"url":"https:\/\/www.xn--tuksimaailm-ffb.ee\/wp-content\/uploads\/2021\/01\/kott-wild-man-2l-1-1.jpg","type":"image\/jpeg"}],"twitter_card":"summary_large_image","twitter_misc":{"Hinta":"&euro;39.50","Saatavuus":"Varastossa"},"schema":{"@context":"https:\/\/schema.org","@graph":[{"@type":"WebPage","@id":"https:\/\/www.xn--tuksimaailm-ffb.ee\/fi\/shop\/ohjauslaukku-sahkoskootterille-3l-wildman\/","url":"https:\/\/www.xn--tuksimaailm-ffb.ee\/fi\/shop\/ohjauslaukku-sahkoskootterille-3l-wildman\/","name":"Ohjauslaukku s\u00e4hk\u00f6skootterille 3L Wildman | T\u00f5uksimaailm","isPartOf":{"@id":"https:\/\/www.xn--tuksimaailm-ffb.ee\/fi\/#website"},"primaryImageOfPage":{"@id":"https:\/\/www.xn--tuksimaailm-ffb.ee\/fi\/shop\/ohjauslaukku-sahkoskootterille-3l-wildman\/#primaryimage"},"image":{"@id":"https:\/\/www.xn--tuksimaailm-ffb.ee\/fi\/shop\/ohjauslaukku-sahkoskootterille-3l-wildman\/#primaryimage"},"thumbnailUrl":"https:\/\/www.xn--tuksimaailm-ffb.ee\/wp-content\/uploads\/2021\/01\/kott-wild-man-2l-1-1.jpg","datePublished":"2021-01-16T14:13:04+00:00","description":"Lenksukott elektrilisele t\u00f5ukerattale (ka esimene kott), veekindel \/ vihmakindel, must, Wildman, maht 3 liitrit, lenksu ja lenksutoru \u00fcmber. Lisavarustus.","breadcrumb":{"@id":"https:\/\/www.xn--tuksimaailm-ffb.ee\/fi\/shop\/ohjauslaukku-sahkoskootterille-3l-wildman\/#breadcrumb"},"inLanguage":"fi","potentialAction":[{"@type":"ReadAction","target":["https:\/\/www.xn--tuksimaailm-ffb.ee\/fi\/shop\/ohjauslaukku-sahkoskootterille-3l-wildman\/"]}]},{"@type":"ImageObject","inLanguage":"fi","@id":"https:\/\/www.xn--tuksimaailm-ffb.ee\/fi\/shop\/ohjauslaukku-sahkoskootterille-3l-wildman\/#primaryimage","url":"https:\/\/www.xn--tuksimaailm-ffb.ee\/wp-content\/uploads\/2021\/01\/kott-wild-man-2l-1-1.jpg","contentUrl":"https:\/\/www.xn--tuksimaailm-ffb.ee\/wp-content\/uploads\/2021\/01\/kott-wild-man-2l-1-1.jpg","width":753,"height":785},{"@type":"BreadcrumbList","@id":"https:\/\/www.xn--tuksimaailm-ffb.ee\/fi\/shop\/ohjauslaukku-sahkoskootterille-3l-wildman\/#breadcrumb","itemListElement":[{"@type":"ListItem","position":1,"name":"Home","item":"https:\/\/www.xn--tuksimaailm-ffb.ee\/fi\/kotisivu\/"},{"@type":"ListItem","position":2,"name":"Kauppa","item":"https:\/\/www.xn--tuksimaailm-ffb.ee\/elektritoukerataste-pood\/"},{"@type":"ListItem","position":3,"name":"Ohjauslaukku s\u00e4hk\u00f6skootterille 3L Wildman"}]},{"@type":"WebSite","@id":"https:\/\/www.xn--tuksimaailm-ffb.ee\/fi\/#website","url":"https:\/\/www.xn--tuksimaailm-ffb.ee\/fi\/","name":"T\u00f5uksimaailm","description":"Elektrit\u00f5ukerataste m\u00fc\u00fck, remont ja rent","publisher":{"@id":"https:\/\/www.xn--tuksimaailm-ffb.ee\/fi\/#organization"},"potentialAction":[{"@type":"SearchAction","target":{"@type":"EntryPoint","urlTemplate":"https:\/\/www.xn--tuksimaailm-ffb.ee\/fi\/?s={search_term_string}"},"query-input":{"@type":"PropertyValueSpecification","valueRequired":true,"valueName":"search_term_string"}}],"inLanguage":"fi"},{"@type":"Organization","@id":"https:\/\/www.xn--tuksimaailm-ffb.ee\/fi\/#organization","name":"T\u00f5uksimaailm","url":"https:\/\/www.xn--tuksimaailm-ffb.ee\/fi\/","logo":{"@type":"ImageObject","inLanguage":"fi","@id":"https:\/\/www.xn--tuksimaailm-ffb.ee\/fi\/#\/schema\/logo\/image\/","url":"https:\/\/www.xn--tuksimaailm-ffb.ee\/wp-content\/uploads\/2020\/01\/logoz-e1579792875517.png","contentUrl":"https:\/\/www.xn--tuksimaailm-ffb.ee\/wp-content\/uploads\/2020\/01\/logoz-e1579792875517.png","width":250,"height":250,"caption":"T\u00f5uksimaailm"},"image":{"@id":"https:\/\/www.xn--tuksimaailm-ffb.ee\/fi\/#\/schema\/logo\/image\/"},"sameAs":["https:\/\/www.facebook.com\/touksimaailm\/","https:\/\/www.instagram.com\/touksimaailm_\/","https:\/\/www.youtube.com\/channel\/UC18ml0EKIDLP1xGuQjFzcXQ"]}]},"product_price_amount":"39.50","product_price_currency":"EUR","og_availability":"instock","product_availability":"instock","product_retailer_item_id":"LENKSUKOTT-WILDMAN-3L","product_condition":"new"},"jetpack_sharing_enabled":true,"_links":{"self":[{"href":"https:\/\/www.xn--tuksimaailm-ffb.ee\/fi\/wp-json\/wp\/v2\/product\/56653","targetHints":{"allow":["GET"]}}],"collection":[{"href":"https:\/\/www.xn--tuksimaailm-ffb.ee\/fi\/wp-json\/wp\/v2\/product"}],"about":[{"href":"https:\/\/www.xn--tuksimaailm-ffb.ee\/fi\/wp-json\/wp\/v2\/types\/product"}],"wp:featuredmedia":[{"embeddable":true,"href":"https:\/\/www.xn--tuksimaailm-ffb.ee\/fi\/wp-json\/wp\/v2\/media\/22483"}],"wp:attachment":[{"href":"https:\/\/www.xn--tuksimaailm-ffb.ee\/fi\/wp-json\/wp\/v2\/media?parent=56653"}],"wp:term":[{"taxonomy":"product_brand","embeddable":true,"href":"https:\/\/www.xn--tuksimaailm-ffb.ee\/fi\/wp-json\/wp\/v2\/product_brand?post=56653"},{"taxonomy":"product_cat","embeddable":true,"href":"https:\/\/www.xn--tuksimaailm-ffb.ee\/fi\/wp-json\/wp\/v2\/product_cat?post=56653"},{"taxonomy":"product_tag","embeddable":true,"href":"https:\/\/www.xn--tuksimaailm-ffb.ee\/fi\/wp-json\/wp\/v2\/product_tag?post=56653"},{"taxonomy":"filter_elektritoukeratas","embeddable":true,"href":"https:\/\/www.xn--tuksimaailm-ffb.ee\/fi\/wp-json\/wp\/v2\/filter_elektritoukeratas?post=56653"}],"curies":[{"name":"wp","href":"https:\/\/api.w.org\/{rel}","templated":true}]}}