{"id":56700,"date":"2021-01-15T19:50:05","date_gmt":"2021-01-15T17:50:05","guid":{"rendered":"http:\/\/www.xn--tuksimaailm-ffb.ee\/shop\/sahkoskootterin-laukku-ohjaustankoon-inokim-vihrea\/"},"modified":"2021-01-15T19:50:05","modified_gmt":"2021-01-15T16:50:05","slug":"sahkoskootterin-laukku-ohjaustankoon-inokim-vihrea","status":"publish","type":"product","link":"https:\/\/www.xn--tuksimaailm-ffb.ee\/fi\/shop\/sahkoskootterin-laukku-ohjaustankoon-inokim-vihrea\/","title":{"rendered":"S\u00e4hk\u00f6skootterin laukku ohjaustankoon Inokim vihre\u00e4"},"content":{"rendered":"<p>Inokim-s\u00e4hk\u00f6skootterilaukku (my\u00f6s etulaukku), vihre\u00e4, <strong>Inokim-merkki<\/strong>. Inokim-s\u00e4hk\u00f6skootterin linssilaukku kiinnittyy s\u00e4hk\u00f6skootterin linssin ja ohjausputken ymp\u00e4rille <strong>s\u00e4\u00e4dett\u00e4vill\u00e4 pidikkeill\u00e4<\/strong>. Ensimm\u00e4inen laukku sopii kaikkiin <a href=\"https:\/\/inokim.com\/\">Inokim-s\u00e4hk\u00f6skoottereihin<\/a>. Tarjoamme my\u00f6s samaa pussia:<\/p>\n<p><a href=\"http:\/\/www.xn--tuksimaailm-ffb.ee\/shop\/elektrilise-toukeratta-kott-lenksule-inokim-sinine\/\"><strong>Sininen<\/strong><\/a><\/p>\n<p><a href=\"http:\/\/www.xn--tuksimaailm-ffb.ee\/shop\/veekindel-elektritoukeratta-lenksukott-inokim-kollane\/\"><strong>Keltainen<\/strong><\/a><\/p>\n","protected":false},"excerpt":{"rendered":"<p>Inokim-s\u00e4hk\u00f6skootterilaukku (my\u00f6s etulaukku), vihre\u00e4, Inokim-merkki. Inokim-s\u00e4hk\u00f6skootterin linssilaukku kiinnittyy s\u00e4hk\u00f6skootterin linssin ja ohjausputken ymp\u00e4rille s\u00e4\u00e4dett\u00e4vill\u00e4 pidikkeill\u00e4. Ensimm\u00e4inen laukku sopii kaikkiin Inokim-s\u00e4hk\u00f6skoottereihin. Tarjoamme my\u00f6s samaa pussia: Sininen Keltainen<\/p>\n","protected":false},"featured_media":22465,"template":"","meta":[],"product_brand":[],"product_cat":[1697],"product_tag":[3278],"filter_elektritoukeratas":[],"class_list":{"0":"post-56700","1":"product","2":"type-product","3":"status-publish","4":"has-post-thumbnail","6":"product_cat-lisavarusteet","7":"product_tag-lenksukotid-fi","8":"pa_colour-musta","9":"pa_tootetuup-lenksukotid-fi","11":"first","12":"instock","13":"taxable","14":"shipping-taxable","15":"purchasable","16":"product-type-simple"},"yoast_head":"<!-- This site is optimized with the Yoast SEO Premium plugin v26.8 (Yoast SEO v27.5) - https:\/\/yoast.com\/product\/yoast-seo-premium-wordpress\/ -->\n<title>S\u00e4hk\u00f6skootterin laukku ohjaustankoon Inokim vihre\u00e4 | T\u00f5uksimaailm<\/title>\n<meta name=\"description\" content=\"Elektrit\u00f5ukeratta kott lenksule Inokim (ka esikott), rohelist v\u00e4rvi, Inokim br\u00e4nd, reguleeritav, kinnitub lenksu ja lenksutoru \u00fcmber. Lisavarustus.\" \/>\n<meta name=\"robots\" content=\"index, follow, max-snippet:-1, max-image-preview:large, max-video-preview:-1\" \/>\n<link rel=\"canonical\" href=\"https:\/\/www.xn--tuksimaailm-ffb.ee\/fi\/shop\/sahkoskootterin-laukku-ohjaustankoon-inokim-vihrea\/\" \/>\n<meta property=\"og:locale\" content=\"fi_FI\" \/>\n<meta property=\"og:type\" content=\"article\" \/>\n<meta property=\"og:title\" content=\"S\u00e4hk\u00f6skootterin laukku ohjaustankoon Inokim vihre\u00e4\" \/>\n<meta property=\"og:description\" content=\"Elektrit\u00f5ukeratta kott lenksule Inokim (ka esikott), rohelist v\u00e4rvi, Inokim br\u00e4nd, reguleeritav, kinnitub lenksu ja lenksutoru \u00fcmber. Lisavarustus.\" \/>\n<meta property=\"og:url\" content=\"https:\/\/www.xn--tuksimaailm-ffb.ee\/fi\/shop\/sahkoskootterin-laukku-ohjaustankoon-inokim-vihrea\/\" \/>\n<meta property=\"og:site_name\" content=\"T\u00f5uksimaailm\" \/>\n<meta property=\"article:publisher\" content=\"https:\/\/www.facebook.com\/touksimaailm\/\" \/>\n<meta property=\"og:image\" content=\"https:\/\/www.xn--tuksimaailm-ffb.ee\/wp-content\/uploads\/2021\/01\/inokim-rohe-1.jpg\" \/>\n\t<meta property=\"og:image:width\" content=\"1251\" \/>\n\t<meta property=\"og:image:height\" content=\"835\" \/>\n\t<meta property=\"og:image:type\" content=\"image\/jpeg\" \/>\n<meta name=\"twitter:card\" content=\"summary_large_image\" \/>\n<meta name=\"twitter:label1\" content=\"Hinta\" \/>\n\t<meta name=\"twitter:data1\" content=\"&euro;39.00\" \/>\n\t<meta name=\"twitter:label2\" content=\"Saatavuus\" \/>\n\t<meta name=\"twitter:data2\" content=\"Varastossa\" \/>\n<meta property=\"product:price:amount\" content=\"39.00\" \/>\n<meta property=\"product:price:currency\" content=\"EUR\" \/>\n<meta property=\"og:availability\" content=\"instock\" \/>\n<meta property=\"product:availability\" content=\"instock\" \/>\n<meta property=\"product:condition\" content=\"new\" \/>\n<!-- \/ Yoast SEO Premium plugin. -->","yoast_head_json":{"title":"S\u00e4hk\u00f6skootterin laukku ohjaustankoon Inokim vihre\u00e4 | T\u00f5uksimaailm","description":"Elektrit\u00f5ukeratta kott lenksule Inokim (ka esikott), rohelist v\u00e4rvi, Inokim br\u00e4nd, reguleeritav, kinnitub lenksu ja lenksutoru \u00fcmber. Lisavarustus.","robots":{"index":"index","follow":"follow","max-snippet":"max-snippet:-1","max-image-preview":"max-image-preview:large","max-video-preview":"max-video-preview:-1"},"canonical":"https:\/\/www.xn--tuksimaailm-ffb.ee\/fi\/shop\/sahkoskootterin-laukku-ohjaustankoon-inokim-vihrea\/","og_locale":"fi_FI","og_type":"article","og_title":"S\u00e4hk\u00f6skootterin laukku ohjaustankoon Inokim vihre\u00e4","og_description":"Elektrit\u00f5ukeratta kott lenksule Inokim (ka esikott), rohelist v\u00e4rvi, Inokim br\u00e4nd, reguleeritav, kinnitub lenksu ja lenksutoru \u00fcmber. Lisavarustus.","og_url":"https:\/\/www.xn--tuksimaailm-ffb.ee\/fi\/shop\/sahkoskootterin-laukku-ohjaustankoon-inokim-vihrea\/","og_site_name":"T\u00f5uksimaailm","article_publisher":"https:\/\/www.facebook.com\/touksimaailm\/","og_image":[{"width":1251,"height":835,"url":"https:\/\/www.xn--tuksimaailm-ffb.ee\/wp-content\/uploads\/2021\/01\/inokim-rohe-1.jpg","type":"image\/jpeg"}],"twitter_card":"summary_large_image","twitter_misc":{"Hinta":"&euro;39.00","Saatavuus":"Varastossa"},"schema":{"@context":"https:\/\/schema.org","@graph":[{"@type":"WebPage","@id":"https:\/\/www.xn--tuksimaailm-ffb.ee\/fi\/shop\/sahkoskootterin-laukku-ohjaustankoon-inokim-vihrea\/","url":"https:\/\/www.xn--tuksimaailm-ffb.ee\/fi\/shop\/sahkoskootterin-laukku-ohjaustankoon-inokim-vihrea\/","name":"S\u00e4hk\u00f6skootterin laukku ohjaustankoon Inokim vihre\u00e4 | T\u00f5uksimaailm","isPartOf":{"@id":"https:\/\/www.xn--tuksimaailm-ffb.ee\/fi\/#website"},"primaryImageOfPage":{"@id":"https:\/\/www.xn--tuksimaailm-ffb.ee\/fi\/shop\/sahkoskootterin-laukku-ohjaustankoon-inokim-vihrea\/#primaryimage"},"image":{"@id":"https:\/\/www.xn--tuksimaailm-ffb.ee\/fi\/shop\/sahkoskootterin-laukku-ohjaustankoon-inokim-vihrea\/#primaryimage"},"thumbnailUrl":"https:\/\/www.xn--tuksimaailm-ffb.ee\/wp-content\/uploads\/2021\/01\/inokim-rohe-1.jpg","datePublished":"2021-01-15T17:50:05+00:00","description":"Elektrit\u00f5ukeratta kott lenksule Inokim (ka esikott), rohelist v\u00e4rvi, Inokim br\u00e4nd, reguleeritav, kinnitub lenksu ja lenksutoru \u00fcmber. Lisavarustus.","breadcrumb":{"@id":"https:\/\/www.xn--tuksimaailm-ffb.ee\/fi\/shop\/sahkoskootterin-laukku-ohjaustankoon-inokim-vihrea\/#breadcrumb"},"inLanguage":"fi","potentialAction":[{"@type":"ReadAction","target":["https:\/\/www.xn--tuksimaailm-ffb.ee\/fi\/shop\/sahkoskootterin-laukku-ohjaustankoon-inokim-vihrea\/"]}]},{"@type":"ImageObject","inLanguage":"fi","@id":"https:\/\/www.xn--tuksimaailm-ffb.ee\/fi\/shop\/sahkoskootterin-laukku-ohjaustankoon-inokim-vihrea\/#primaryimage","url":"https:\/\/www.xn--tuksimaailm-ffb.ee\/wp-content\/uploads\/2021\/01\/inokim-rohe-1.jpg","contentUrl":"https:\/\/www.xn--tuksimaailm-ffb.ee\/wp-content\/uploads\/2021\/01\/inokim-rohe-1.jpg","width":1251,"height":835},{"@type":"BreadcrumbList","@id":"https:\/\/www.xn--tuksimaailm-ffb.ee\/fi\/shop\/sahkoskootterin-laukku-ohjaustankoon-inokim-vihrea\/#breadcrumb","itemListElement":[{"@type":"ListItem","position":1,"name":"Home","item":"https:\/\/www.xn--tuksimaailm-ffb.ee\/fi\/kotisivu\/"},{"@type":"ListItem","position":2,"name":"Kauppa","item":"https:\/\/www.xn--tuksimaailm-ffb.ee\/elektritoukerataste-pood\/"},{"@type":"ListItem","position":3,"name":"S\u00e4hk\u00f6skootterin laukku ohjaustankoon Inokim vihre\u00e4"}]},{"@type":"WebSite","@id":"https:\/\/www.xn--tuksimaailm-ffb.ee\/fi\/#website","url":"https:\/\/www.xn--tuksimaailm-ffb.ee\/fi\/","name":"T\u00f5uksimaailm","description":"Elektrit\u00f5ukerataste m\u00fc\u00fck, remont ja rent","publisher":{"@id":"https:\/\/www.xn--tuksimaailm-ffb.ee\/fi\/#organization"},"potentialAction":[{"@type":"SearchAction","target":{"@type":"EntryPoint","urlTemplate":"https:\/\/www.xn--tuksimaailm-ffb.ee\/fi\/?s={search_term_string}"},"query-input":{"@type":"PropertyValueSpecification","valueRequired":true,"valueName":"search_term_string"}}],"inLanguage":"fi"},{"@type":"Organization","@id":"https:\/\/www.xn--tuksimaailm-ffb.ee\/fi\/#organization","name":"T\u00f5uksimaailm","url":"https:\/\/www.xn--tuksimaailm-ffb.ee\/fi\/","logo":{"@type":"ImageObject","inLanguage":"fi","@id":"https:\/\/www.xn--tuksimaailm-ffb.ee\/fi\/#\/schema\/logo\/image\/","url":"https:\/\/www.xn--tuksimaailm-ffb.ee\/wp-content\/uploads\/2020\/01\/logoz-e1579792875517.png","contentUrl":"https:\/\/www.xn--tuksimaailm-ffb.ee\/wp-content\/uploads\/2020\/01\/logoz-e1579792875517.png","width":250,"height":250,"caption":"T\u00f5uksimaailm"},"image":{"@id":"https:\/\/www.xn--tuksimaailm-ffb.ee\/fi\/#\/schema\/logo\/image\/"},"sameAs":["https:\/\/www.facebook.com\/touksimaailm\/","https:\/\/www.instagram.com\/touksimaailm_\/","https:\/\/www.youtube.com\/channel\/UC18ml0EKIDLP1xGuQjFzcXQ"]}]},"product_price_amount":"39.00","product_price_currency":"EUR","og_availability":"instock","product_availability":"instock","product_condition":"new"},"jetpack_sharing_enabled":true,"_links":{"self":[{"href":"https:\/\/www.xn--tuksimaailm-ffb.ee\/fi\/wp-json\/wp\/v2\/product\/56700","targetHints":{"allow":["GET"]}}],"collection":[{"href":"https:\/\/www.xn--tuksimaailm-ffb.ee\/fi\/wp-json\/wp\/v2\/product"}],"about":[{"href":"https:\/\/www.xn--tuksimaailm-ffb.ee\/fi\/wp-json\/wp\/v2\/types\/product"}],"wp:featuredmedia":[{"embeddable":true,"href":"https:\/\/www.xn--tuksimaailm-ffb.ee\/fi\/wp-json\/wp\/v2\/media\/22465"}],"wp:attachment":[{"href":"https:\/\/www.xn--tuksimaailm-ffb.ee\/fi\/wp-json\/wp\/v2\/media?parent=56700"}],"wp:term":[{"taxonomy":"product_brand","embeddable":true,"href":"https:\/\/www.xn--tuksimaailm-ffb.ee\/fi\/wp-json\/wp\/v2\/product_brand?post=56700"},{"taxonomy":"product_cat","embeddable":true,"href":"https:\/\/www.xn--tuksimaailm-ffb.ee\/fi\/wp-json\/wp\/v2\/product_cat?post=56700"},{"taxonomy":"product_tag","embeddable":true,"href":"https:\/\/www.xn--tuksimaailm-ffb.ee\/fi\/wp-json\/wp\/v2\/product_tag?post=56700"},{"taxonomy":"filter_elektritoukeratas","embeddable":true,"href":"https:\/\/www.xn--tuksimaailm-ffb.ee\/fi\/wp-json\/wp\/v2\/filter_elektritoukeratas?post=56700"}],"curies":[{"name":"wp","href":"https:\/\/api.w.org\/{rel}","templated":true}]}}