{"id":56717,"date":"2021-01-12T19:18:50","date_gmt":"2021-01-12T17:18:50","guid":{"rendered":"http:\/\/www.xn--tuksimaailm-ffb.ee\/shop\/xiaomi-heijastavat-tarrat-sarja-m365-1s-pro-2\/"},"modified":"2021-01-12T19:18:50","modified_gmt":"2021-01-12T16:18:50","slug":"xiaomi-heijastavat-tarrat-sarja-m365-1s-pro-2","status":"publish","type":"product","link":"https:\/\/www.xn--tuksimaailm-ffb.ee\/fi\/shop\/xiaomi-heijastavat-tarrat-sarja-m365-1s-pro-2\/","title":{"rendered":"Xiaomi heijastavat tarrat sarja M365 1S Pro 2"},"content":{"rendered":"<p>Xiaomi heijastintarrat (my\u00f6s heijastintarrat), saatavana valko-sinisen\u00e4, <strong>punaisena ja kelta-punaisena <\/strong><strong>v\u00e4risarjana<\/strong>. Tarrasarjat, jotka toimivat pime\u00e4ss\u00e4 heijastimina, parantavat merkitt\u00e4v\u00e4sti kuljettajan n\u00e4kyvyytt\u00e4 muihin kuljettajiin pime\u00e4ss\u00e4 ajettaessa ja tekev\u00e4t ajamisesta siten turvallisempaa. Xiaomi heijastavat tarrasarjat sopivat suosittuun Xiaomi s\u00e4hk\u00f6skootteriin <a href=\"http:\/\/www.xn--tuksimaailm-ffb.ee\/shop\/elektriline-toukeratas-xiaomi-mi-m365-pro\/\"><strong>Xiaomi M365 Pro<\/strong><\/a>,<a href=\"https:\/\/www.mi.com\/global\/mi-electric-scooter-1S\/\"><strong>Xiaomi Mi 1S<\/strong><\/a>,<a href=\"https:\/\/www.mi.com\/global\/mi-electric-scooter-Pro2\/\"><strong>Xiaomi Mi Pro 2<\/strong><\/a>,<a href=\"http:\/\/www.xn--tuksimaailm-ffb.ee\/shop\/elektritouks_xiaomi-360\/\"><strong>Xiaomi M365<\/strong><\/a>.<\/p>\n","protected":false},"excerpt":{"rendered":"<p>Xiaomi heijastintarrat (my\u00f6s heijastintarrat), saatavana valko-sinisen\u00e4, punaisena ja kelta-punaisena v\u00e4risarjana. Tarrasarjat, jotka toimivat pime\u00e4ss\u00e4 heijastimina, parantavat merkitt\u00e4v\u00e4sti kuljettajan n\u00e4kyvyytt\u00e4 muihin kuljettajiin pime\u00e4ss\u00e4 ajettaessa ja tekev\u00e4t ajamisesta siten turvallisempaa. Xiaomi heijastavat tarrasarjat sopivat suosittuun Xiaomi s\u00e4hk\u00f6skootteriin Xiaomi M365 Pro,Xiaomi Mi 1S,Xiaomi Mi Pro 2,Xiaomi M365.<\/p>\n","protected":false},"featured_media":22447,"template":"","meta":[],"product_brand":[],"product_cat":[1697],"product_tag":[],"filter_elektritoukeratas":[],"class_list":{"0":"post-56717","1":"product","2":"type-product","3":"status-publish","4":"has-post-thumbnail","6":"product_cat-lisavarusteet","7":"pa_colour-kollane-punane-fi","8":"pa_colour-kollane-valge-fi","9":"pa_colour-punainen","10":"pa_colour-punane-valge-fi","11":"pa_colour-sinine-valge-fi","13":"first","14":"instock","15":"taxable","16":"shipping-taxable","17":"purchasable","18":"product-type-variable"},"yoast_head":"<!-- This site is optimized with the Yoast SEO Premium plugin v26.8 (Yoast SEO v27.5) - https:\/\/yoast.com\/product\/yoast-seo-premium-wordpress\/ -->\n<title>Xiaomi heijastavat tarrat sarja M365 1S Pro 2 | T\u00f5uksimaailm<\/title>\n<meta name=\"description\" content=\"Xiaomi helkurkleebised (ka helkur kleepsud) - valget-sinist v\u00f5i punast v\u00e4rvi, elektrit\u00f5ukerattale Xiaomi M365 (Pro), Xiaomi 1S \/ Pro 2. Lisavarustus.\" \/>\n<meta name=\"robots\" content=\"index, follow, max-snippet:-1, max-image-preview:large, max-video-preview:-1\" \/>\n<link rel=\"canonical\" href=\"https:\/\/www.xn--tuksimaailm-ffb.ee\/fi\/shop\/xiaomi-heijastavat-tarrat-sarja-m365-1s-pro-2\/\" \/>\n<meta property=\"og:locale\" content=\"fi_FI\" \/>\n<meta property=\"og:type\" content=\"article\" \/>\n<meta property=\"og:title\" content=\"Xiaomi heijastavat tarrat sarja M365 1S Pro 2\" \/>\n<meta property=\"og:description\" content=\"Xiaomi helkurkleebised (ka helkur kleepsud) - valget-sinist v\u00f5i punast v\u00e4rvi, elektrit\u00f5ukerattale Xiaomi M365 (Pro), Xiaomi 1S \/ Pro 2. Lisavarustus.\" \/>\n<meta property=\"og:url\" content=\"https:\/\/www.xn--tuksimaailm-ffb.ee\/fi\/shop\/xiaomi-heijastavat-tarrat-sarja-m365-1s-pro-2\/\" \/>\n<meta property=\"og:site_name\" content=\"T\u00f5uksimaailm\" \/>\n<meta property=\"article:publisher\" content=\"https:\/\/www.facebook.com\/touksimaailm\/\" \/>\n<meta property=\"og:image\" content=\"https:\/\/www.xn--tuksimaailm-ffb.ee\/wp-content\/uploads\/2021\/01\/xiaomi-helkurkleebised-2.jpg\" \/>\n\t<meta property=\"og:image:width\" content=\"925\" \/>\n\t<meta property=\"og:image:height\" content=\"857\" \/>\n\t<meta property=\"og:image:type\" content=\"image\/jpeg\" \/>\n<meta name=\"twitter:card\" content=\"summary_large_image\" \/>\n<meta name=\"twitter:label1\" content=\"Saatavuus\" \/>\n\t<meta name=\"twitter:data1\" content=\"Varastossa\" \/>\n<meta property=\"og:availability\" content=\"instock\" \/>\n<meta property=\"product:availability\" content=\"instock\" \/>\n<meta property=\"product:condition\" content=\"new\" \/>\n<!-- \/ Yoast SEO Premium plugin. -->","yoast_head_json":{"title":"Xiaomi heijastavat tarrat sarja M365 1S Pro 2 | T\u00f5uksimaailm","description":"Xiaomi helkurkleebised (ka helkur kleepsud) - valget-sinist v\u00f5i punast v\u00e4rvi, elektrit\u00f5ukerattale Xiaomi M365 (Pro), Xiaomi 1S \/ Pro 2. Lisavarustus.","robots":{"index":"index","follow":"follow","max-snippet":"max-snippet:-1","max-image-preview":"max-image-preview:large","max-video-preview":"max-video-preview:-1"},"canonical":"https:\/\/www.xn--tuksimaailm-ffb.ee\/fi\/shop\/xiaomi-heijastavat-tarrat-sarja-m365-1s-pro-2\/","og_locale":"fi_FI","og_type":"article","og_title":"Xiaomi heijastavat tarrat sarja M365 1S Pro 2","og_description":"Xiaomi helkurkleebised (ka helkur kleepsud) - valget-sinist v\u00f5i punast v\u00e4rvi, elektrit\u00f5ukerattale Xiaomi M365 (Pro), Xiaomi 1S \/ Pro 2. Lisavarustus.","og_url":"https:\/\/www.xn--tuksimaailm-ffb.ee\/fi\/shop\/xiaomi-heijastavat-tarrat-sarja-m365-1s-pro-2\/","og_site_name":"T\u00f5uksimaailm","article_publisher":"https:\/\/www.facebook.com\/touksimaailm\/","og_image":[{"width":925,"height":857,"url":"https:\/\/www.xn--tuksimaailm-ffb.ee\/wp-content\/uploads\/2021\/01\/xiaomi-helkurkleebised-2.jpg","type":"image\/jpeg"}],"twitter_card":"summary_large_image","twitter_misc":{"Saatavuus":"Varastossa"},"schema":{"@context":"https:\/\/schema.org","@graph":[{"@type":"WebPage","@id":"https:\/\/www.xn--tuksimaailm-ffb.ee\/fi\/shop\/xiaomi-heijastavat-tarrat-sarja-m365-1s-pro-2\/","url":"https:\/\/www.xn--tuksimaailm-ffb.ee\/fi\/shop\/xiaomi-heijastavat-tarrat-sarja-m365-1s-pro-2\/","name":"Xiaomi heijastavat tarrat sarja M365 1S Pro 2 | T\u00f5uksimaailm","isPartOf":{"@id":"https:\/\/www.xn--tuksimaailm-ffb.ee\/fi\/#website"},"primaryImageOfPage":{"@id":"https:\/\/www.xn--tuksimaailm-ffb.ee\/fi\/shop\/xiaomi-heijastavat-tarrat-sarja-m365-1s-pro-2\/#primaryimage"},"image":{"@id":"https:\/\/www.xn--tuksimaailm-ffb.ee\/fi\/shop\/xiaomi-heijastavat-tarrat-sarja-m365-1s-pro-2\/#primaryimage"},"thumbnailUrl":"https:\/\/www.xn--tuksimaailm-ffb.ee\/wp-content\/uploads\/2021\/01\/xiaomi-helkurkleebised-2.jpg","datePublished":"2021-01-12T17:18:50+00:00","description":"Xiaomi helkurkleebised (ka helkur kleepsud) - valget-sinist v\u00f5i punast v\u00e4rvi, elektrit\u00f5ukerattale Xiaomi M365 (Pro), Xiaomi 1S \/ Pro 2. Lisavarustus.","breadcrumb":{"@id":"https:\/\/www.xn--tuksimaailm-ffb.ee\/fi\/shop\/xiaomi-heijastavat-tarrat-sarja-m365-1s-pro-2\/#breadcrumb"},"inLanguage":"fi","potentialAction":[{"@type":"ReadAction","target":["https:\/\/www.xn--tuksimaailm-ffb.ee\/fi\/shop\/xiaomi-heijastavat-tarrat-sarja-m365-1s-pro-2\/"]}]},{"@type":"ImageObject","inLanguage":"fi","@id":"https:\/\/www.xn--tuksimaailm-ffb.ee\/fi\/shop\/xiaomi-heijastavat-tarrat-sarja-m365-1s-pro-2\/#primaryimage","url":"https:\/\/www.xn--tuksimaailm-ffb.ee\/wp-content\/uploads\/2021\/01\/xiaomi-helkurkleebised-2.jpg","contentUrl":"https:\/\/www.xn--tuksimaailm-ffb.ee\/wp-content\/uploads\/2021\/01\/xiaomi-helkurkleebised-2.jpg","width":925,"height":857},{"@type":"BreadcrumbList","@id":"https:\/\/www.xn--tuksimaailm-ffb.ee\/fi\/shop\/xiaomi-heijastavat-tarrat-sarja-m365-1s-pro-2\/#breadcrumb","itemListElement":[{"@type":"ListItem","position":1,"name":"Home","item":"https:\/\/www.xn--tuksimaailm-ffb.ee\/fi\/kotisivu\/"},{"@type":"ListItem","position":2,"name":"Kauppa","item":"https:\/\/www.xn--tuksimaailm-ffb.ee\/elektritoukerataste-pood\/"},{"@type":"ListItem","position":3,"name":"Xiaomi heijastavat tarrat sarja M365 1S Pro 2"}]},{"@type":"WebSite","@id":"https:\/\/www.xn--tuksimaailm-ffb.ee\/fi\/#website","url":"https:\/\/www.xn--tuksimaailm-ffb.ee\/fi\/","name":"T\u00f5uksimaailm","description":"Elektrit\u00f5ukerataste m\u00fc\u00fck, remont ja rent","publisher":{"@id":"https:\/\/www.xn--tuksimaailm-ffb.ee\/fi\/#organization"},"potentialAction":[{"@type":"SearchAction","target":{"@type":"EntryPoint","urlTemplate":"https:\/\/www.xn--tuksimaailm-ffb.ee\/fi\/?s={search_term_string}"},"query-input":{"@type":"PropertyValueSpecification","valueRequired":true,"valueName":"search_term_string"}}],"inLanguage":"fi"},{"@type":"Organization","@id":"https:\/\/www.xn--tuksimaailm-ffb.ee\/fi\/#organization","name":"T\u00f5uksimaailm","url":"https:\/\/www.xn--tuksimaailm-ffb.ee\/fi\/","logo":{"@type":"ImageObject","inLanguage":"fi","@id":"https:\/\/www.xn--tuksimaailm-ffb.ee\/fi\/#\/schema\/logo\/image\/","url":"https:\/\/www.xn--tuksimaailm-ffb.ee\/wp-content\/uploads\/2020\/01\/logoz-e1579792875517.png","contentUrl":"https:\/\/www.xn--tuksimaailm-ffb.ee\/wp-content\/uploads\/2020\/01\/logoz-e1579792875517.png","width":250,"height":250,"caption":"T\u00f5uksimaailm"},"image":{"@id":"https:\/\/www.xn--tuksimaailm-ffb.ee\/fi\/#\/schema\/logo\/image\/"},"sameAs":["https:\/\/www.facebook.com\/touksimaailm\/","https:\/\/www.instagram.com\/touksimaailm_\/","https:\/\/www.youtube.com\/channel\/UC18ml0EKIDLP1xGuQjFzcXQ"]}]},"og_availability":"instock","product_availability":"instock","product_condition":"new"},"jetpack_sharing_enabled":true,"_links":{"self":[{"href":"https:\/\/www.xn--tuksimaailm-ffb.ee\/fi\/wp-json\/wp\/v2\/product\/56717","targetHints":{"allow":["GET"]}}],"collection":[{"href":"https:\/\/www.xn--tuksimaailm-ffb.ee\/fi\/wp-json\/wp\/v2\/product"}],"about":[{"href":"https:\/\/www.xn--tuksimaailm-ffb.ee\/fi\/wp-json\/wp\/v2\/types\/product"}],"wp:featuredmedia":[{"embeddable":true,"href":"https:\/\/www.xn--tuksimaailm-ffb.ee\/fi\/wp-json\/wp\/v2\/media\/22447"}],"wp:attachment":[{"href":"https:\/\/www.xn--tuksimaailm-ffb.ee\/fi\/wp-json\/wp\/v2\/media?parent=56717"}],"wp:term":[{"taxonomy":"product_brand","embeddable":true,"href":"https:\/\/www.xn--tuksimaailm-ffb.ee\/fi\/wp-json\/wp\/v2\/product_brand?post=56717"},{"taxonomy":"product_cat","embeddable":true,"href":"https:\/\/www.xn--tuksimaailm-ffb.ee\/fi\/wp-json\/wp\/v2\/product_cat?post=56717"},{"taxonomy":"product_tag","embeddable":true,"href":"https:\/\/www.xn--tuksimaailm-ffb.ee\/fi\/wp-json\/wp\/v2\/product_tag?post=56717"},{"taxonomy":"filter_elektritoukeratas","embeddable":true,"href":"https:\/\/www.xn--tuksimaailm-ffb.ee\/fi\/wp-json\/wp\/v2\/filter_elektritoukeratas?post=56717"}],"curies":[{"name":"wp","href":"https:\/\/api.w.org\/{rel}","templated":true}]}}