{"id":56724,"date":"2021-01-12T18:34:12","date_gmt":"2021-01-12T16:34:12","guid":{"rendered":"http:\/\/www.xn--tuksimaailm-ffb.ee\/shop\/xiaomi-takalokasuojan-tukihaarukka-lokasuojalle-m365-pro\/"},"modified":"2021-01-12T18:34:12","modified_gmt":"2021-01-12T15:34:12","slug":"xiaomi-takalokasuojan-tukihaarukka-lokasuojalle-m365-pro","status":"publish","type":"product","link":"https:\/\/www.xn--tuksimaailm-ffb.ee\/fi\/shop\/xiaomi-takalokasuojan-tukihaarukka-lokasuojalle-m365-pro\/","title":{"rendered":"Xiaomi takalokasuojan tukihaarukka lokasuojalle M365 Pro"},"content":{"rendered":"<p>Xiaomi takalokasuojan tuki \/ palkki, saatavana mustana, <strong>punaisena ja valkoisena, valmistettu<\/strong> tukevasta muovista, korkealaatuinen takalokasuojan tuki. Takalokasuojatuessa on pistorasia takavalojen kaapelille. Jos olet kyll\u00e4stynyt siihen, ett\u00e4 Xiaomisi p\u00f6lysuojus ja <a href=\"http:\/\/www.xn--tuksimaailm-ffb.ee\/shop\/xiaomi-tagumine-porilaud-mi-m365-pro\/\">takavalon kaapeli<\/a> katkeavat jatkuvasti, kun p\u00e4ivitetyiss\u00e4 (1S ja Pro 2 ) versioissa <a href=\"https:\/\/www.mi.com\/global\/mi-electric-scooter-Pro2\/\"><strong>on<\/strong><\/a><a href=\"https:\/\/www.mi.com\/global\/mi-electric-scooter-1S\/\"><strong>jo<\/strong><\/a>tehtaalla <a href=\"https:\/\/www.mi.com\/global\/mi-electric-scooter-Pro2\/\"><strong>asennettu<\/strong><\/a> p\u00f6lysuojan tuki, t\u00e4m\u00e4 p\u00f6lysuojan tuki on ratkaisu t\u00e4h\u00e4n ongelmaan! Xiaomi takaluukun tuki\/kiinnike sopii suosittuun Xiaomi s\u00e4hk\u00f6skootteriin <a><strong>Xiaomi M365 Pro ja<\/strong><\/a><a><strong>Xiaomi M365<\/strong><\/a>. Tarjoamme my\u00f6s tukevan <a href=\"http:\/\/www.xn--tuksimaailm-ffb.ee\/shop\/xiaomi-tagumise-porilaua-tugev-tugi-mi-m365-pro\/\"><strong>nailonista valmistetun takalokasuojan Xiaomi-s\u00e4hk\u00f6skootterille<\/strong><\/a>.<\/p>\n","protected":false},"excerpt":{"rendered":"<p>Xiaomi takalokasuojan tuki \/ palkki, saatavana mustana, punaisena ja valkoisena, valmistettu tukevasta muovista, korkealaatuinen takalokasuojan tuki. Takalokasuojatuessa on pistorasia takavalojen kaapelille. Jos olet kyll\u00e4stynyt siihen, ett\u00e4 Xiaomisi p\u00f6lysuojus ja takavalon kaapeli katkeavat jatkuvasti, kun p\u00e4ivitetyiss\u00e4 (1S ja Pro 2 ) versioissa onjotehtaalla asennettu p\u00f6lysuojan tuki, t\u00e4m\u00e4 p\u00f6lysuojan tuki on ratkaisu &hellip;<\/p>\n","protected":false},"featured_media":22445,"template":"","meta":[],"product_brand":[],"product_cat":[1697,1698],"product_tag":[1706],"filter_elektritoukeratas":[2612],"class_list":{"0":"post-56724","1":"product","2":"type-product","3":"status-publish","4":"has-post-thumbnail","6":"product_cat-lisavarusteet","7":"product_cat-varaosat","8":"product_tag-xiaomi-varaosat","9":"pa_colour-musta","10":"pa_colour-punainen","11":"pa_colour-vaalea","12":"filter_elektritoukeratas-ft_xiaomi_m365_m365_pro_essential","14":"first","15":"instock","16":"taxable","17":"shipping-taxable","18":"purchasable","19":"product-type-variable"},"yoast_head":"<!-- This site is optimized with the Yoast SEO Premium plugin v26.8 (Yoast SEO v27.5) - https:\/\/yoast.com\/product\/yoast-seo-premium-wordpress\/ -->\n<title>Xiaomi takalokasuojan tukihaarukka lokasuojalle M365 Pro | T\u00f5uksimaailm<\/title>\n<meta name=\"description\" content=\"Xiaomi tagaporilaua tugi \/ hark elektrilisele t\u00f5ukerattale - musta, punast v\u00f5i valget v\u00e4rvi, elektrit\u00f5ukerattale Xiaomi Mi M365 \/ Pro. Varuosad.\" \/>\n<meta name=\"robots\" content=\"index, follow, max-snippet:-1, max-image-preview:large, max-video-preview:-1\" \/>\n<link rel=\"canonical\" href=\"https:\/\/www.xn--tuksimaailm-ffb.ee\/fi\/shop\/xiaomi-takalokasuojan-tukihaarukka-lokasuojalle-m365-pro\/\" \/>\n<meta property=\"og:locale\" content=\"fi_FI\" \/>\n<meta property=\"og:type\" content=\"article\" \/>\n<meta property=\"og:title\" content=\"Xiaomi takalokasuojan tukihaarukka lokasuojalle M365 Pro\" \/>\n<meta property=\"og:description\" content=\"Xiaomi tagaporilaua tugi \/ hark elektrilisele t\u00f5ukerattale - musta, punast v\u00f5i valget v\u00e4rvi, elektrit\u00f5ukerattale Xiaomi Mi M365 \/ Pro. Varuosad.\" \/>\n<meta property=\"og:url\" content=\"https:\/\/www.xn--tuksimaailm-ffb.ee\/fi\/shop\/xiaomi-takalokasuojan-tukihaarukka-lokasuojalle-m365-pro\/\" \/>\n<meta property=\"og:site_name\" content=\"T\u00f5uksimaailm\" \/>\n<meta property=\"article:publisher\" content=\"https:\/\/www.facebook.com\/touksimaailm\/\" \/>\n<meta property=\"og:image\" content=\"https:\/\/www.XN--TUKSIMAAILM-FFB.EE\/wp-content\/uploads\/2021\/01\/xiaomi-porilaua-tugi-2.jpg\" \/>\n\t<meta property=\"og:image:width\" content=\"931\" \/>\n\t<meta property=\"og:image:height\" content=\"933\" \/>\n\t<meta property=\"og:image:type\" content=\"image\/jpeg\" \/>\n<meta name=\"twitter:card\" content=\"summary_large_image\" \/>\n<meta name=\"twitter:label1\" content=\"Saatavuus\" \/>\n\t<meta name=\"twitter:data1\" content=\"Varastossa\" \/>\n<meta property=\"og:availability\" content=\"instock\" \/>\n<meta property=\"product:availability\" content=\"instock\" \/>\n<meta property=\"product:condition\" content=\"new\" \/>\n<!-- \/ Yoast SEO Premium plugin. -->","yoast_head_json":{"title":"Xiaomi takalokasuojan tukihaarukka lokasuojalle M365 Pro | T\u00f5uksimaailm","description":"Xiaomi tagaporilaua tugi \/ hark elektrilisele t\u00f5ukerattale - musta, punast v\u00f5i valget v\u00e4rvi, elektrit\u00f5ukerattale Xiaomi Mi M365 \/ Pro. Varuosad.","robots":{"index":"index","follow":"follow","max-snippet":"max-snippet:-1","max-image-preview":"max-image-preview:large","max-video-preview":"max-video-preview:-1"},"canonical":"https:\/\/www.xn--tuksimaailm-ffb.ee\/fi\/shop\/xiaomi-takalokasuojan-tukihaarukka-lokasuojalle-m365-pro\/","og_locale":"fi_FI","og_type":"article","og_title":"Xiaomi takalokasuojan tukihaarukka lokasuojalle M365 Pro","og_description":"Xiaomi tagaporilaua tugi \/ hark elektrilisele t\u00f5ukerattale - musta, punast v\u00f5i valget v\u00e4rvi, elektrit\u00f5ukerattale Xiaomi Mi M365 \/ Pro. Varuosad.","og_url":"https:\/\/www.xn--tuksimaailm-ffb.ee\/fi\/shop\/xiaomi-takalokasuojan-tukihaarukka-lokasuojalle-m365-pro\/","og_site_name":"T\u00f5uksimaailm","article_publisher":"https:\/\/www.facebook.com\/touksimaailm\/","og_image":[{"width":931,"height":933,"url":"https:\/\/www.XN--TUKSIMAAILM-FFB.EE\/wp-content\/uploads\/2021\/01\/xiaomi-porilaua-tugi-2.jpg","type":"image\/jpeg"}],"twitter_card":"summary_large_image","twitter_misc":{"Saatavuus":"Varastossa"},"schema":{"@context":"https:\/\/schema.org","@graph":[{"@type":"WebPage","@id":"https:\/\/www.xn--tuksimaailm-ffb.ee\/fi\/shop\/xiaomi-takalokasuojan-tukihaarukka-lokasuojalle-m365-pro\/","url":"https:\/\/www.xn--tuksimaailm-ffb.ee\/fi\/shop\/xiaomi-takalokasuojan-tukihaarukka-lokasuojalle-m365-pro\/","name":"Xiaomi takalokasuojan tukihaarukka lokasuojalle M365 Pro | T\u00f5uksimaailm","isPartOf":{"@id":"https:\/\/www.xn--tuksimaailm-ffb.ee\/fi\/#website"},"primaryImageOfPage":{"@id":"https:\/\/www.xn--tuksimaailm-ffb.ee\/fi\/shop\/xiaomi-takalokasuojan-tukihaarukka-lokasuojalle-m365-pro\/#primaryimage"},"image":{"@id":"https:\/\/www.xn--tuksimaailm-ffb.ee\/fi\/shop\/xiaomi-takalokasuojan-tukihaarukka-lokasuojalle-m365-pro\/#primaryimage"},"thumbnailUrl":"https:\/\/www.xn--tuksimaailm-ffb.ee\/wp-content\/uploads\/2021\/01\/xiaomi-porilaua-tugi-2.jpg","datePublished":"2021-01-12T16:34:12+00:00","description":"Xiaomi tagaporilaua tugi \/ hark elektrilisele t\u00f5ukerattale - musta, punast v\u00f5i valget v\u00e4rvi, elektrit\u00f5ukerattale Xiaomi Mi M365 \/ Pro. Varuosad.","breadcrumb":{"@id":"https:\/\/www.xn--tuksimaailm-ffb.ee\/fi\/shop\/xiaomi-takalokasuojan-tukihaarukka-lokasuojalle-m365-pro\/#breadcrumb"},"inLanguage":"fi","potentialAction":[{"@type":"ReadAction","target":["https:\/\/www.xn--tuksimaailm-ffb.ee\/fi\/shop\/xiaomi-takalokasuojan-tukihaarukka-lokasuojalle-m365-pro\/"]}]},{"@type":"ImageObject","inLanguage":"fi","@id":"https:\/\/www.xn--tuksimaailm-ffb.ee\/fi\/shop\/xiaomi-takalokasuojan-tukihaarukka-lokasuojalle-m365-pro\/#primaryimage","url":"https:\/\/www.xn--tuksimaailm-ffb.ee\/wp-content\/uploads\/2021\/01\/xiaomi-porilaua-tugi-2.jpg","contentUrl":"https:\/\/www.xn--tuksimaailm-ffb.ee\/wp-content\/uploads\/2021\/01\/xiaomi-porilaua-tugi-2.jpg","width":931,"height":933},{"@type":"BreadcrumbList","@id":"https:\/\/www.xn--tuksimaailm-ffb.ee\/fi\/shop\/xiaomi-takalokasuojan-tukihaarukka-lokasuojalle-m365-pro\/#breadcrumb","itemListElement":[{"@type":"ListItem","position":1,"name":"Home","item":"https:\/\/www.xn--tuksimaailm-ffb.ee\/fi\/kotisivu\/"},{"@type":"ListItem","position":2,"name":"Kauppa","item":"https:\/\/www.xn--tuksimaailm-ffb.ee\/elektritoukerataste-pood\/"},{"@type":"ListItem","position":3,"name":"Xiaomi takalokasuojan tukihaarukka lokasuojalle M365 Pro"}]},{"@type":"WebSite","@id":"https:\/\/www.xn--tuksimaailm-ffb.ee\/fi\/#website","url":"https:\/\/www.xn--tuksimaailm-ffb.ee\/fi\/","name":"T\u00f5uksimaailm","description":"Elektrit\u00f5ukerataste m\u00fc\u00fck, remont ja rent","publisher":{"@id":"https:\/\/www.xn--tuksimaailm-ffb.ee\/fi\/#organization"},"potentialAction":[{"@type":"SearchAction","target":{"@type":"EntryPoint","urlTemplate":"https:\/\/www.xn--tuksimaailm-ffb.ee\/fi\/?s={search_term_string}"},"query-input":{"@type":"PropertyValueSpecification","valueRequired":true,"valueName":"search_term_string"}}],"inLanguage":"fi"},{"@type":"Organization","@id":"https:\/\/www.xn--tuksimaailm-ffb.ee\/fi\/#organization","name":"T\u00f5uksimaailm","url":"https:\/\/www.xn--tuksimaailm-ffb.ee\/fi\/","logo":{"@type":"ImageObject","inLanguage":"fi","@id":"https:\/\/www.xn--tuksimaailm-ffb.ee\/fi\/#\/schema\/logo\/image\/","url":"https:\/\/www.xn--tuksimaailm-ffb.ee\/wp-content\/uploads\/2020\/01\/logoz-e1579792875517.png","contentUrl":"https:\/\/www.xn--tuksimaailm-ffb.ee\/wp-content\/uploads\/2020\/01\/logoz-e1579792875517.png","width":250,"height":250,"caption":"T\u00f5uksimaailm"},"image":{"@id":"https:\/\/www.xn--tuksimaailm-ffb.ee\/fi\/#\/schema\/logo\/image\/"},"sameAs":["https:\/\/www.facebook.com\/touksimaailm\/","https:\/\/www.instagram.com\/touksimaailm_\/","https:\/\/www.youtube.com\/channel\/UC18ml0EKIDLP1xGuQjFzcXQ"]}]},"og_availability":"instock","product_availability":"instock","product_condition":"new"},"jetpack_sharing_enabled":true,"_links":{"self":[{"href":"https:\/\/www.xn--tuksimaailm-ffb.ee\/fi\/wp-json\/wp\/v2\/product\/56724","targetHints":{"allow":["GET"]}}],"collection":[{"href":"https:\/\/www.xn--tuksimaailm-ffb.ee\/fi\/wp-json\/wp\/v2\/product"}],"about":[{"href":"https:\/\/www.xn--tuksimaailm-ffb.ee\/fi\/wp-json\/wp\/v2\/types\/product"}],"wp:featuredmedia":[{"embeddable":true,"href":"https:\/\/www.xn--tuksimaailm-ffb.ee\/fi\/wp-json\/wp\/v2\/media\/22445"}],"wp:attachment":[{"href":"https:\/\/www.xn--tuksimaailm-ffb.ee\/fi\/wp-json\/wp\/v2\/media?parent=56724"}],"wp:term":[{"taxonomy":"product_brand","embeddable":true,"href":"https:\/\/www.xn--tuksimaailm-ffb.ee\/fi\/wp-json\/wp\/v2\/product_brand?post=56724"},{"taxonomy":"product_cat","embeddable":true,"href":"https:\/\/www.xn--tuksimaailm-ffb.ee\/fi\/wp-json\/wp\/v2\/product_cat?post=56724"},{"taxonomy":"product_tag","embeddable":true,"href":"https:\/\/www.xn--tuksimaailm-ffb.ee\/fi\/wp-json\/wp\/v2\/product_tag?post=56724"},{"taxonomy":"filter_elektritoukeratas","embeddable":true,"href":"https:\/\/www.xn--tuksimaailm-ffb.ee\/fi\/wp-json\/wp\/v2\/filter_elektritoukeratas?post=56724"}],"curies":[{"name":"wp","href":"https:\/\/api.w.org\/{rel}","templated":true}]}}