{"id":56762,"date":"2021-01-10T16:49:49","date_gmt":"2021-01-10T14:49:49","guid":{"rendered":"http:\/\/www.xn--tuksimaailm-ffb.ee\/shop\/turvallinen-puhelimen-pidike-sahkoskootterille-polkupyoralle\/"},"modified":"2021-01-10T16:49:49","modified_gmt":"2021-01-10T13:49:49","slug":"turvallinen-puhelimen-pidike-sahkoskootterille-polkupyoralle","status":"publish","type":"product","link":"https:\/\/www.xn--tuksimaailm-ffb.ee\/fi\/shop\/turvallinen-puhelimen-pidike-sahkoskootterille-polkupyoralle\/","title":{"rendered":"Turvallinen puhelimen pidike s\u00e4hk\u00f6skootterille polkupy\u00f6r\u00e4lle"},"content":{"rendered":"<p>Turvallinen puhelimen pidike s\u00e4hk\u00f6skootteriin \/ polkupy\u00f6r\u00e4\u00e4n (puhelimen pidike), jossa on kiinnitysklipsi. Puhelimen pidikkeess\u00e4 on <strong>s\u00e4\u00e4dett\u00e4v\u00e4 kulma ja lukittava asento, ja se sopii puhelimille, joiden n\u00e4ytt\u00f6 on enint\u00e4\u00e4n<\/strong> 5\u201d. Puhelimen pidike sopii <strong>22,2mm ja 31,8mm <\/strong><strong>halkaisijaltaan oleviin s\u00e4hk\u00f6potkulaudan<\/strong> tai polkupy\u00f6r\u00e4n linsseihin.<\/p>\n","protected":false},"excerpt":{"rendered":"<p>Turvallinen puhelimen pidike s\u00e4hk\u00f6skootteriin \/ polkupy\u00f6r\u00e4\u00e4n (puhelimen pidike), jossa on kiinnitysklipsi. Puhelimen pidikkeess\u00e4 on s\u00e4\u00e4dett\u00e4v\u00e4 kulma ja lukittava asento, ja se sopii puhelimille, joiden n\u00e4ytt\u00f6 on enint\u00e4\u00e4n 5\u201d. Puhelimen pidike sopii 22,2mm ja 31,8mm halkaisijaltaan oleviin s\u00e4hk\u00f6potkulaudan tai polkupy\u00f6r\u00e4n linsseihin.<\/p>\n","protected":false},"featured_media":23448,"template":"","meta":[],"product_brand":[],"product_cat":[1697],"product_tag":[3329],"filter_elektritoukeratas":[],"class_list":{"0":"post-56762","1":"product","2":"type-product","3":"status-publish","4":"has-post-thumbnail","6":"product_cat-lisavarusteet","7":"product_tag-telefonihoidjad","8":"pa_tootetuup-telefonihoidjad-fi","10":"first","11":"instock","12":"taxable","13":"shipping-taxable","14":"purchasable","15":"product-type-simple"},"yoast_head":"<!-- This site is optimized with the Yoast SEO Premium plugin v26.8 (Yoast SEO v27.5) - https:\/\/yoast.com\/product\/yoast-seo-premium-wordpress\/ -->\n<title>Turvallinen puhelimen pidike s\u00e4hk\u00f6skootterille polkupy\u00f6r\u00e4lle | T\u00f5uksimaailm<\/title>\n<meta name=\"description\" content=\"Turvaline ja soodne telefonihoidja elektrit\u00f5ukerattale \/ jalgrattale (telefonihoidik) koos klambriga, reguleeritav, 22,2mm lenksule.\" \/>\n<meta name=\"robots\" content=\"index, follow, max-snippet:-1, max-image-preview:large, max-video-preview:-1\" \/>\n<link rel=\"canonical\" href=\"https:\/\/www.xn--tuksimaailm-ffb.ee\/fi\/shop\/turvallinen-puhelimen-pidike-sahkoskootterille-polkupyoralle\/\" \/>\n<meta property=\"og:locale\" content=\"fi_FI\" \/>\n<meta property=\"og:type\" content=\"article\" \/>\n<meta property=\"og:title\" content=\"Turvallinen puhelimen pidike s\u00e4hk\u00f6skootterille polkupy\u00f6r\u00e4lle\" \/>\n<meta property=\"og:description\" content=\"Turvaline ja soodne telefonihoidja elektrit\u00f5ukerattale \/ jalgrattale (telefonihoidik) koos klambriga, reguleeritav, 22,2mm lenksule.\" \/>\n<meta property=\"og:url\" content=\"https:\/\/www.xn--tuksimaailm-ffb.ee\/fi\/shop\/turvallinen-puhelimen-pidike-sahkoskootterille-polkupyoralle\/\" \/>\n<meta property=\"og:site_name\" content=\"T\u00f5uksimaailm\" \/>\n<meta property=\"article:publisher\" content=\"https:\/\/www.facebook.com\/touksimaailm\/\" \/>\n<meta property=\"og:image\" content=\"https:\/\/www.xn--tuksimaailm-ffb.ee\/wp-content\/uploads\/2021\/01\/turvaline-telefonihoidja-scaled.jpg\" \/>\n\t<meta property=\"og:image:width\" content=\"1440\" \/>\n\t<meta property=\"og:image:height\" content=\"2560\" \/>\n\t<meta property=\"og:image:type\" content=\"image\/jpeg\" \/>\n<meta name=\"twitter:card\" content=\"summary_large_image\" \/>\n<meta name=\"twitter:label1\" content=\"Hinta\" \/>\n\t<meta name=\"twitter:data1\" content=\"&euro;12.00\" \/>\n\t<meta name=\"twitter:label2\" content=\"Saatavuus\" \/>\n\t<meta name=\"twitter:data2\" content=\"Varastossa\" \/>\n<meta property=\"product:price:amount\" content=\"12.00\" \/>\n<meta property=\"product:price:currency\" content=\"EUR\" \/>\n<meta property=\"og:availability\" content=\"instock\" \/>\n<meta property=\"product:availability\" content=\"instock\" \/>\n<meta property=\"product:retailer_item_id\" content=\"TELEFONIHOIDJA-TURVALINE\" \/>\n<meta property=\"product:condition\" content=\"new\" \/>\n<!-- \/ Yoast SEO Premium plugin. -->","yoast_head_json":{"title":"Turvallinen puhelimen pidike s\u00e4hk\u00f6skootterille polkupy\u00f6r\u00e4lle | T\u00f5uksimaailm","description":"Turvaline ja soodne telefonihoidja elektrit\u00f5ukerattale \/ jalgrattale (telefonihoidik) koos klambriga, reguleeritav, 22,2mm lenksule.","robots":{"index":"index","follow":"follow","max-snippet":"max-snippet:-1","max-image-preview":"max-image-preview:large","max-video-preview":"max-video-preview:-1"},"canonical":"https:\/\/www.xn--tuksimaailm-ffb.ee\/fi\/shop\/turvallinen-puhelimen-pidike-sahkoskootterille-polkupyoralle\/","og_locale":"fi_FI","og_type":"article","og_title":"Turvallinen puhelimen pidike s\u00e4hk\u00f6skootterille polkupy\u00f6r\u00e4lle","og_description":"Turvaline ja soodne telefonihoidja elektrit\u00f5ukerattale \/ jalgrattale (telefonihoidik) koos klambriga, reguleeritav, 22,2mm lenksule.","og_url":"https:\/\/www.xn--tuksimaailm-ffb.ee\/fi\/shop\/turvallinen-puhelimen-pidike-sahkoskootterille-polkupyoralle\/","og_site_name":"T\u00f5uksimaailm","article_publisher":"https:\/\/www.facebook.com\/touksimaailm\/","og_image":[{"width":1440,"height":2560,"url":"https:\/\/www.xn--tuksimaailm-ffb.ee\/wp-content\/uploads\/2021\/01\/turvaline-telefonihoidja-scaled.jpg","type":"image\/jpeg"}],"twitter_card":"summary_large_image","twitter_misc":{"Hinta":"&euro;12.00","Saatavuus":"Varastossa"},"schema":{"@context":"https:\/\/schema.org","@graph":[{"@type":"WebPage","@id":"https:\/\/www.xn--tuksimaailm-ffb.ee\/fi\/shop\/turvallinen-puhelimen-pidike-sahkoskootterille-polkupyoralle\/","url":"https:\/\/www.xn--tuksimaailm-ffb.ee\/fi\/shop\/turvallinen-puhelimen-pidike-sahkoskootterille-polkupyoralle\/","name":"Turvallinen puhelimen pidike s\u00e4hk\u00f6skootterille polkupy\u00f6r\u00e4lle | T\u00f5uksimaailm","isPartOf":{"@id":"https:\/\/www.xn--tuksimaailm-ffb.ee\/fi\/#website"},"primaryImageOfPage":{"@id":"https:\/\/www.xn--tuksimaailm-ffb.ee\/fi\/shop\/turvallinen-puhelimen-pidike-sahkoskootterille-polkupyoralle\/#primaryimage"},"image":{"@id":"https:\/\/www.xn--tuksimaailm-ffb.ee\/fi\/shop\/turvallinen-puhelimen-pidike-sahkoskootterille-polkupyoralle\/#primaryimage"},"thumbnailUrl":"https:\/\/www.xn--tuksimaailm-ffb.ee\/wp-content\/uploads\/2021\/01\/turvaline-telefonihoidja-scaled.jpg","datePublished":"2021-01-10T14:49:49+00:00","description":"Turvaline ja soodne telefonihoidja elektrit\u00f5ukerattale \/ jalgrattale (telefonihoidik) koos klambriga, reguleeritav, 22,2mm lenksule.","breadcrumb":{"@id":"https:\/\/www.xn--tuksimaailm-ffb.ee\/fi\/shop\/turvallinen-puhelimen-pidike-sahkoskootterille-polkupyoralle\/#breadcrumb"},"inLanguage":"fi","potentialAction":[{"@type":"ReadAction","target":["https:\/\/www.xn--tuksimaailm-ffb.ee\/fi\/shop\/turvallinen-puhelimen-pidike-sahkoskootterille-polkupyoralle\/"]}]},{"@type":"ImageObject","inLanguage":"fi","@id":"https:\/\/www.xn--tuksimaailm-ffb.ee\/fi\/shop\/turvallinen-puhelimen-pidike-sahkoskootterille-polkupyoralle\/#primaryimage","url":"https:\/\/www.xn--tuksimaailm-ffb.ee\/wp-content\/uploads\/2021\/01\/turvaline-telefonihoidja-scaled.jpg","contentUrl":"https:\/\/www.xn--tuksimaailm-ffb.ee\/wp-content\/uploads\/2021\/01\/turvaline-telefonihoidja-scaled.jpg","width":1440,"height":2560},{"@type":"BreadcrumbList","@id":"https:\/\/www.xn--tuksimaailm-ffb.ee\/fi\/shop\/turvallinen-puhelimen-pidike-sahkoskootterille-polkupyoralle\/#breadcrumb","itemListElement":[{"@type":"ListItem","position":1,"name":"Home","item":"https:\/\/www.xn--tuksimaailm-ffb.ee\/fi\/kotisivu\/"},{"@type":"ListItem","position":2,"name":"Kauppa","item":"https:\/\/www.xn--tuksimaailm-ffb.ee\/elektritoukerataste-pood\/"},{"@type":"ListItem","position":3,"name":"Turvallinen puhelimen pidike s\u00e4hk\u00f6skootterille polkupy\u00f6r\u00e4lle"}]},{"@type":"WebSite","@id":"https:\/\/www.xn--tuksimaailm-ffb.ee\/fi\/#website","url":"https:\/\/www.xn--tuksimaailm-ffb.ee\/fi\/","name":"T\u00f5uksimaailm","description":"Elektrit\u00f5ukerataste m\u00fc\u00fck, remont ja rent","publisher":{"@id":"https:\/\/www.xn--tuksimaailm-ffb.ee\/fi\/#organization"},"potentialAction":[{"@type":"SearchAction","target":{"@type":"EntryPoint","urlTemplate":"https:\/\/www.xn--tuksimaailm-ffb.ee\/fi\/?s={search_term_string}"},"query-input":{"@type":"PropertyValueSpecification","valueRequired":true,"valueName":"search_term_string"}}],"inLanguage":"fi"},{"@type":"Organization","@id":"https:\/\/www.xn--tuksimaailm-ffb.ee\/fi\/#organization","name":"T\u00f5uksimaailm","url":"https:\/\/www.xn--tuksimaailm-ffb.ee\/fi\/","logo":{"@type":"ImageObject","inLanguage":"fi","@id":"https:\/\/www.xn--tuksimaailm-ffb.ee\/fi\/#\/schema\/logo\/image\/","url":"https:\/\/www.xn--tuksimaailm-ffb.ee\/wp-content\/uploads\/2020\/01\/logoz-e1579792875517.png","contentUrl":"https:\/\/www.xn--tuksimaailm-ffb.ee\/wp-content\/uploads\/2020\/01\/logoz-e1579792875517.png","width":250,"height":250,"caption":"T\u00f5uksimaailm"},"image":{"@id":"https:\/\/www.xn--tuksimaailm-ffb.ee\/fi\/#\/schema\/logo\/image\/"},"sameAs":["https:\/\/www.facebook.com\/touksimaailm\/","https:\/\/www.instagram.com\/touksimaailm_\/","https:\/\/www.youtube.com\/channel\/UC18ml0EKIDLP1xGuQjFzcXQ"]}]},"product_price_amount":"12.00","product_price_currency":"EUR","og_availability":"instock","product_availability":"instock","product_retailer_item_id":"TELEFONIHOIDJA-TURVALINE","product_condition":"new"},"jetpack_sharing_enabled":true,"_links":{"self":[{"href":"https:\/\/www.xn--tuksimaailm-ffb.ee\/fi\/wp-json\/wp\/v2\/product\/56762","targetHints":{"allow":["GET"]}}],"collection":[{"href":"https:\/\/www.xn--tuksimaailm-ffb.ee\/fi\/wp-json\/wp\/v2\/product"}],"about":[{"href":"https:\/\/www.xn--tuksimaailm-ffb.ee\/fi\/wp-json\/wp\/v2\/types\/product"}],"wp:featuredmedia":[{"embeddable":true,"href":"https:\/\/www.xn--tuksimaailm-ffb.ee\/fi\/wp-json\/wp\/v2\/media\/23448"}],"wp:attachment":[{"href":"https:\/\/www.xn--tuksimaailm-ffb.ee\/fi\/wp-json\/wp\/v2\/media?parent=56762"}],"wp:term":[{"taxonomy":"product_brand","embeddable":true,"href":"https:\/\/www.xn--tuksimaailm-ffb.ee\/fi\/wp-json\/wp\/v2\/product_brand?post=56762"},{"taxonomy":"product_cat","embeddable":true,"href":"https:\/\/www.xn--tuksimaailm-ffb.ee\/fi\/wp-json\/wp\/v2\/product_cat?post=56762"},{"taxonomy":"product_tag","embeddable":true,"href":"https:\/\/www.xn--tuksimaailm-ffb.ee\/fi\/wp-json\/wp\/v2\/product_tag?post=56762"},{"taxonomy":"filter_elektritoukeratas","embeddable":true,"href":"https:\/\/www.xn--tuksimaailm-ffb.ee\/fi\/wp-json\/wp\/v2\/filter_elektritoukeratas?post=56762"}],"curies":[{"name":"wp","href":"https:\/\/api.w.org\/{rel}","templated":true}]}}