{"id":56817,"date":"2021-01-12T18:00:22","date_gmt":"2021-01-12T16:00:22","guid":{"rendered":"http:\/\/www.xn--tuksimaailm-ffb.ee\/shop\/xiaomi-ninebot-sahkoskootterin-istuin-satula-1s-es4\/"},"modified":"2021-01-12T18:00:22","modified_gmt":"2021-01-12T15:00:22","slug":"xiaomi-ninebot-sahkoskootterin-istuin-satula-1s-es4","status":"publish","type":"product","link":"https:\/\/www.xn--tuksimaailm-ffb.ee\/fi\/shop\/xiaomi-ninebot-sahkoskootterin-istuin-satula-1s-es4\/","title":{"rendered":"Xiaomi Ninebot s\u00e4hk\u00f6skootterin istuin satula 1S ES4"},"content":{"rendered":"<p>Xiaomi \/ Ninebot s\u00e4hk\u00f6skootterin istuin \/ satula, jossa on yleisk\u00e4ytt\u00f6iset kiinnikkeet. Xiaomi \/ Ninebot s\u00e4hk\u00f6skootterin istuin \/ satula sopii suosittuun Segway s\u00e4hk\u00f6skootteriin<strong> Ninebot ES1 , ES2 , ES4 ja <\/strong><a href=\"http:\/\/www.xn--tuksimaailm-ffb.ee\/shop\/elektritouks_xiaomi-360\/\"><strong>Xiaomi M365 ,<\/strong><\/a><a href=\"http:\/\/www.xn--tuksimaailm-ffb.ee\/shop\/elektriline-toukeratas-xiaomi-mi-m365-pro\/\"><strong>M365 Pro ,<\/strong><\/a><a href=\"https:\/\/www.mi.com\/global\/mi-electric-scooter-1S\/\"><strong>Xiaomi Mi 1S<\/strong><\/a><strong> ja <\/strong><a href=\"https:\/\/www.mi.com\/global\/mi-electric-scooter-Pro2\/\"><strong>Pro 2<\/strong><\/a>.<strong> S\u00e4hk\u00f6skootterin istuin<\/strong> tekee ajamisesta mukavampaa, koska jalat eiv\u00e4t v\u00e4sy seisomalla pitki\u00e4 aikoja. Istuen ajaminen v\u00e4hent\u00e4\u00e4 my\u00f6s tuulenvastusta, mik\u00e4 tarkoittaa, ett\u00e4 yhdell\u00e4 latauksella p\u00e4\u00e4set pidemm\u00e4lle istuen kuin seisten. Lis\u00e4ksi istuminen alentaa my\u00f6s ajajan painopistett\u00e4. Huom. <a href=\"https:\/\/www.riigiteataja.ee\/akt\/113112020001\">28.10.2020 hyv\u00e4ksytyn liikennelain<\/a> muuttamista koskevan lain mukaan Virossa ei saa en\u00e4\u00e4 1.1.2021 alkaen ajaa kevytpy\u00f6r\u00e4ll\u00e4 istuen.<\/p>\n","protected":false},"excerpt":{"rendered":"<p>Xiaomi \/ Ninebot s\u00e4hk\u00f6skootterin istuin \/ satula, jossa on yleisk\u00e4ytt\u00f6iset kiinnikkeet. Xiaomi \/ Ninebot s\u00e4hk\u00f6skootterin istuin \/ satula sopii suosittuun Segway s\u00e4hk\u00f6skootteriin Ninebot ES1 , ES2 , ES4 ja Xiaomi M365 ,M365 Pro ,Xiaomi Mi 1S ja Pro 2. S\u00e4hk\u00f6skootterin istuin tekee ajamisesta mukavampaa, koska jalat eiv\u00e4t v\u00e4sy seisomalla pitki\u00e4 &hellip;<\/p>\n","protected":false},"featured_media":26385,"template":"","meta":[],"product_brand":[],"product_cat":[1697,1698],"product_tag":[3272,3268,1706],"filter_elektritoukeratas":[],"class_list":{"0":"post-56817","1":"product","2":"type-product","3":"status-publish","4":"has-post-thumbnail","6":"product_cat-lisavarusteet","7":"product_cat-varaosat","8":"product_tag-istmed","9":"product_tag-segway-ninebot-varuosad-fi","10":"product_tag-xiaomi-varaosat","11":"pa_tootetuup-istmed-fi","13":"first","14":"instock","15":"taxable","16":"shipping-taxable","17":"purchasable","18":"product-type-simple"},"yoast_head":"<!-- This site is optimized with the Yoast SEO Premium plugin v26.8 (Yoast SEO v27.5) - https:\/\/yoast.com\/product\/yoast-seo-premium-wordpress\/ -->\n<title>Xiaomi Ninebot s\u00e4hk\u00f6skootterin istuin satula 1S ES4 | T\u00f5uksimaailm<\/title>\n<meta name=\"description\" content=\"Xiaomi \/ Ninebot elektrit\u00f5ukeratta iste, elektrit\u00f5ukerattale Segway Ninebot ES1, ES2, ES3, ES4 ja Xiaomi M365, M365 Pro, Xiaomi 1S \/Pro 2. Istmed.\" \/>\n<meta name=\"robots\" content=\"index, follow, max-snippet:-1, max-image-preview:large, max-video-preview:-1\" \/>\n<link rel=\"canonical\" href=\"https:\/\/www.xn--tuksimaailm-ffb.ee\/fi\/shop\/xiaomi-ninebot-sahkoskootterin-istuin-satula-1s-es4\/\" \/>\n<meta property=\"og:locale\" content=\"fi_FI\" \/>\n<meta property=\"og:type\" content=\"article\" \/>\n<meta property=\"og:title\" content=\"Xiaomi Ninebot s\u00e4hk\u00f6skootterin istuin satula 1S ES4\" \/>\n<meta property=\"og:description\" content=\"Xiaomi \/ Ninebot elektrit\u00f5ukeratta iste, elektrit\u00f5ukerattale Segway Ninebot ES1, ES2, ES3, ES4 ja Xiaomi M365, M365 Pro, Xiaomi 1S \/Pro 2. Istmed.\" \/>\n<meta property=\"og:url\" content=\"https:\/\/www.xn--tuksimaailm-ffb.ee\/fi\/shop\/xiaomi-ninebot-sahkoskootterin-istuin-satula-1s-es4\/\" \/>\n<meta property=\"og:site_name\" content=\"T\u00f5uksimaailm\" \/>\n<meta property=\"article:publisher\" content=\"https:\/\/www.facebook.com\/touksimaailm\/\" \/>\n<meta property=\"og:image\" content=\"https:\/\/www.xn--tuksimaailm-ffb.ee\/wp-content\/uploads\/2021\/01\/Xiaomi-Ninebot-elektritoukeratta-iste-sadul-M365-ES4.jpeg\" \/>\n\t<meta property=\"og:image:width\" content=\"1000\" \/>\n\t<meta property=\"og:image:height\" content=\"1000\" \/>\n\t<meta property=\"og:image:type\" content=\"image\/jpeg\" \/>\n<meta name=\"twitter:card\" content=\"summary_large_image\" \/>\n<meta name=\"twitter:label1\" content=\"Hinta\" \/>\n\t<meta name=\"twitter:data1\" content=\"&euro;59.50\" \/>\n\t<meta name=\"twitter:label2\" content=\"Saatavuus\" \/>\n\t<meta name=\"twitter:data2\" content=\"Varastossa\" \/>\n<meta property=\"product:price:amount\" content=\"59.50\" \/>\n<meta property=\"product:price:currency\" content=\"EUR\" \/>\n<meta property=\"og:availability\" content=\"instock\" \/>\n<meta property=\"product:availability\" content=\"instock\" \/>\n<meta property=\"product:retailer_item_id\" content=\"ISTE-XIAOMI-NINEBOT\/ES\" \/>\n<meta property=\"product:condition\" content=\"new\" \/>\n<!-- \/ Yoast SEO Premium plugin. -->","yoast_head_json":{"title":"Xiaomi Ninebot s\u00e4hk\u00f6skootterin istuin satula 1S ES4 | T\u00f5uksimaailm","description":"Xiaomi \/ Ninebot elektrit\u00f5ukeratta iste, elektrit\u00f5ukerattale Segway Ninebot ES1, ES2, ES3, ES4 ja Xiaomi M365, M365 Pro, Xiaomi 1S \/Pro 2. Istmed.","robots":{"index":"index","follow":"follow","max-snippet":"max-snippet:-1","max-image-preview":"max-image-preview:large","max-video-preview":"max-video-preview:-1"},"canonical":"https:\/\/www.xn--tuksimaailm-ffb.ee\/fi\/shop\/xiaomi-ninebot-sahkoskootterin-istuin-satula-1s-es4\/","og_locale":"fi_FI","og_type":"article","og_title":"Xiaomi Ninebot s\u00e4hk\u00f6skootterin istuin satula 1S ES4","og_description":"Xiaomi \/ Ninebot elektrit\u00f5ukeratta iste, elektrit\u00f5ukerattale Segway Ninebot ES1, ES2, ES3, ES4 ja Xiaomi M365, M365 Pro, Xiaomi 1S \/Pro 2. Istmed.","og_url":"https:\/\/www.xn--tuksimaailm-ffb.ee\/fi\/shop\/xiaomi-ninebot-sahkoskootterin-istuin-satula-1s-es4\/","og_site_name":"T\u00f5uksimaailm","article_publisher":"https:\/\/www.facebook.com\/touksimaailm\/","og_image":[{"width":1000,"height":1000,"url":"https:\/\/www.xn--tuksimaailm-ffb.ee\/wp-content\/uploads\/2021\/01\/Xiaomi-Ninebot-elektritoukeratta-iste-sadul-M365-ES4.jpeg","type":"image\/jpeg"}],"twitter_card":"summary_large_image","twitter_misc":{"Hinta":"&euro;59.50","Saatavuus":"Varastossa"},"schema":{"@context":"https:\/\/schema.org","@graph":[{"@type":"WebPage","@id":"https:\/\/www.xn--tuksimaailm-ffb.ee\/fi\/shop\/xiaomi-ninebot-sahkoskootterin-istuin-satula-1s-es4\/","url":"https:\/\/www.xn--tuksimaailm-ffb.ee\/fi\/shop\/xiaomi-ninebot-sahkoskootterin-istuin-satula-1s-es4\/","name":"Xiaomi Ninebot s\u00e4hk\u00f6skootterin istuin satula 1S ES4 | T\u00f5uksimaailm","isPartOf":{"@id":"https:\/\/www.xn--tuksimaailm-ffb.ee\/fi\/#website"},"primaryImageOfPage":{"@id":"https:\/\/www.xn--tuksimaailm-ffb.ee\/fi\/shop\/xiaomi-ninebot-sahkoskootterin-istuin-satula-1s-es4\/#primaryimage"},"image":{"@id":"https:\/\/www.xn--tuksimaailm-ffb.ee\/fi\/shop\/xiaomi-ninebot-sahkoskootterin-istuin-satula-1s-es4\/#primaryimage"},"thumbnailUrl":"https:\/\/www.xn--tuksimaailm-ffb.ee\/wp-content\/uploads\/2021\/01\/Xiaomi-Ninebot-elektritoukeratta-iste-sadul-M365-ES4.jpeg","datePublished":"2021-01-12T16:00:22+00:00","description":"Xiaomi \/ Ninebot elektrit\u00f5ukeratta iste, elektrit\u00f5ukerattale Segway Ninebot ES1, ES2, ES3, ES4 ja Xiaomi M365, M365 Pro, Xiaomi 1S \/Pro 2. Istmed.","breadcrumb":{"@id":"https:\/\/www.xn--tuksimaailm-ffb.ee\/fi\/shop\/xiaomi-ninebot-sahkoskootterin-istuin-satula-1s-es4\/#breadcrumb"},"inLanguage":"fi","potentialAction":[{"@type":"ReadAction","target":["https:\/\/www.xn--tuksimaailm-ffb.ee\/fi\/shop\/xiaomi-ninebot-sahkoskootterin-istuin-satula-1s-es4\/"]}]},{"@type":"ImageObject","inLanguage":"fi","@id":"https:\/\/www.xn--tuksimaailm-ffb.ee\/fi\/shop\/xiaomi-ninebot-sahkoskootterin-istuin-satula-1s-es4\/#primaryimage","url":"https:\/\/www.xn--tuksimaailm-ffb.ee\/wp-content\/uploads\/2021\/01\/Xiaomi-Ninebot-elektritoukeratta-iste-sadul-M365-ES4.jpeg","contentUrl":"https:\/\/www.xn--tuksimaailm-ffb.ee\/wp-content\/uploads\/2021\/01\/Xiaomi-Ninebot-elektritoukeratta-iste-sadul-M365-ES4.jpeg","width":1000,"height":1000,"caption":"Xiaomi \/ Ninebot elektrit\u00f5ukeratta iste \/ sadul M365 ES4"},{"@type":"BreadcrumbList","@id":"https:\/\/www.xn--tuksimaailm-ffb.ee\/fi\/shop\/xiaomi-ninebot-sahkoskootterin-istuin-satula-1s-es4\/#breadcrumb","itemListElement":[{"@type":"ListItem","position":1,"name":"Home","item":"https:\/\/www.xn--tuksimaailm-ffb.ee\/fi\/kotisivu\/"},{"@type":"ListItem","position":2,"name":"Kauppa","item":"https:\/\/www.xn--tuksimaailm-ffb.ee\/elektritoukerataste-pood\/"},{"@type":"ListItem","position":3,"name":"Xiaomi Ninebot s\u00e4hk\u00f6skootterin istuin satula 1S ES4"}]},{"@type":"WebSite","@id":"https:\/\/www.xn--tuksimaailm-ffb.ee\/fi\/#website","url":"https:\/\/www.xn--tuksimaailm-ffb.ee\/fi\/","name":"T\u00f5uksimaailm","description":"Elektrit\u00f5ukerataste m\u00fc\u00fck, remont ja rent","publisher":{"@id":"https:\/\/www.xn--tuksimaailm-ffb.ee\/fi\/#organization"},"potentialAction":[{"@type":"SearchAction","target":{"@type":"EntryPoint","urlTemplate":"https:\/\/www.xn--tuksimaailm-ffb.ee\/fi\/?s={search_term_string}"},"query-input":{"@type":"PropertyValueSpecification","valueRequired":true,"valueName":"search_term_string"}}],"inLanguage":"fi"},{"@type":"Organization","@id":"https:\/\/www.xn--tuksimaailm-ffb.ee\/fi\/#organization","name":"T\u00f5uksimaailm","url":"https:\/\/www.xn--tuksimaailm-ffb.ee\/fi\/","logo":{"@type":"ImageObject","inLanguage":"fi","@id":"https:\/\/www.xn--tuksimaailm-ffb.ee\/fi\/#\/schema\/logo\/image\/","url":"https:\/\/www.xn--tuksimaailm-ffb.ee\/wp-content\/uploads\/2020\/01\/logoz-e1579792875517.png","contentUrl":"https:\/\/www.xn--tuksimaailm-ffb.ee\/wp-content\/uploads\/2020\/01\/logoz-e1579792875517.png","width":250,"height":250,"caption":"T\u00f5uksimaailm"},"image":{"@id":"https:\/\/www.xn--tuksimaailm-ffb.ee\/fi\/#\/schema\/logo\/image\/"},"sameAs":["https:\/\/www.facebook.com\/touksimaailm\/","https:\/\/www.instagram.com\/touksimaailm_\/","https:\/\/www.youtube.com\/channel\/UC18ml0EKIDLP1xGuQjFzcXQ"]}]},"product_price_amount":"59.50","product_price_currency":"EUR","og_availability":"instock","product_availability":"instock","product_retailer_item_id":"ISTE-XIAOMI-NINEBOT\/ES","product_condition":"new"},"jetpack_sharing_enabled":true,"_links":{"self":[{"href":"https:\/\/www.xn--tuksimaailm-ffb.ee\/fi\/wp-json\/wp\/v2\/product\/56817","targetHints":{"allow":["GET"]}}],"collection":[{"href":"https:\/\/www.xn--tuksimaailm-ffb.ee\/fi\/wp-json\/wp\/v2\/product"}],"about":[{"href":"https:\/\/www.xn--tuksimaailm-ffb.ee\/fi\/wp-json\/wp\/v2\/types\/product"}],"wp:featuredmedia":[{"embeddable":true,"href":"https:\/\/www.xn--tuksimaailm-ffb.ee\/fi\/wp-json\/wp\/v2\/media\/26385"}],"wp:attachment":[{"href":"https:\/\/www.xn--tuksimaailm-ffb.ee\/fi\/wp-json\/wp\/v2\/media?parent=56817"}],"wp:term":[{"taxonomy":"product_brand","embeddable":true,"href":"https:\/\/www.xn--tuksimaailm-ffb.ee\/fi\/wp-json\/wp\/v2\/product_brand?post=56817"},{"taxonomy":"product_cat","embeddable":true,"href":"https:\/\/www.xn--tuksimaailm-ffb.ee\/fi\/wp-json\/wp\/v2\/product_cat?post=56817"},{"taxonomy":"product_tag","embeddable":true,"href":"https:\/\/www.xn--tuksimaailm-ffb.ee\/fi\/wp-json\/wp\/v2\/product_tag?post=56817"},{"taxonomy":"filter_elektritoukeratas","embeddable":true,"href":"https:\/\/www.xn--tuksimaailm-ffb.ee\/fi\/wp-json\/wp\/v2\/filter_elektritoukeratas?post=56817"}],"curies":[{"name":"wp","href":"https:\/\/api.w.org\/{rel}","templated":true}]}}