{"id":56818,"date":"2021-01-12T17:34:25","date_gmt":"2021-01-12T15:34:25","guid":{"rendered":"http:\/\/www.xn--tuksimaailm-ffb.ee\/shop\/ninebot-alkuperainen-laturi-sahkoskootterille-es4\/"},"modified":"2021-01-12T17:34:25","modified_gmt":"2021-01-12T14:34:25","slug":"ninebot-alkuperainen-laturi-sahkoskootterille-es4","status":"publish","type":"product","link":"https:\/\/www.xn--tuksimaailm-ffb.ee\/fi\/shop\/ninebot-alkuperainen-laturi-sahkoskootterille-es4\/","title":{"rendered":"Ninebot alkuper\u00e4inen laturi s\u00e4hk\u00f6skootterille ES4"},"content":{"rendered":"<p>Ninebotin alkuper\u00e4inen laturi s\u00e4hk\u00f6skootterille (my\u00f6s kaapeli, virtal\u00e4hde, adapteri), tuloj\u00e4nnite 230VAC , <strong>l\u00e4ht\u00f6j\u00e4nnite 42VDC<\/strong>(akuille, <strong>joiden<\/strong> nimellisj\u00e4nnite <strong>on 36VDC<\/strong>), maksimilatausvirta 2A . Ninebotin alkuper\u00e4inen 42V laturi sopii suosittuun Segway-s\u00e4hk\u00f6skootteriin <a href=\"https:\/\/ee-en.segway.com\/products\/ninebot-by-segway-kickscooter-es2\"><strong>Ninebot<\/strong><\/a><a href=\"https:\/\/ee-en.segway.com\/products\/ninebot-kickscooter-e22e-powered-by-segway\"><strong>ES1<\/strong><\/a> <a href=\"https:\/\/ee-en.segway.com\/products\/ninebot-by-segway-kickscooter-es1\"><strong>,<\/strong><\/a><a href=\"https:\/\/ee-en.segway.com\/products\/ninebot-by-segway-kickscooter-es2\"><strong>ES2<\/strong><\/a> <a href=\"https:\/\/ee-en.segway.com\/products\/ninebot-by-segway-kickscooter-es1\"><strong>,<\/strong><\/a><strong> ES4 , <\/strong><a href=\"https:\/\/ee-en.segway.com\/products\/ninebot-kickscooter-e22e-powered-by-segway\"><strong>E22E<\/strong><\/a><strong>, <\/strong><a href=\"https:\/\/ee-en.segway.com\/products\/ninebot-kickscooter-e25e-powered-by-segway\"><strong>E25E<\/strong><\/a><strong> ja <\/strong><a href=\"https:\/\/ee-en.segway.com\/products\/ninebot-kickscooter-e45e-powered-by-segway\"><strong>E45E<\/strong><\/a>. S\u00e4hk\u00f6skootterisi tarvitsee uuden laturin, jos laturin merkkivalon LED-valo ei pala tai ulostulossa ei ole j\u00e4nnitett\u00e4. Vaihtoehtoisesti tarjoamme my\u00f6s <a href=\"http:\/\/www.xn--tuksimaailm-ffb.ee\/shop\/ninebot-elektritoukeratta-laadija-42v-2a-es2-es4-e22e\/\"><strong>halvemman laturin Segway Ninebot -s\u00e4hk\u00f6potkulaitteille<\/strong><\/a>.<\/p>\n","protected":false},"excerpt":{"rendered":"<p>Ninebotin alkuper\u00e4inen laturi s\u00e4hk\u00f6skootterille (my\u00f6s kaapeli, virtal\u00e4hde, adapteri), tuloj\u00e4nnite 230VAC , l\u00e4ht\u00f6j\u00e4nnite 42VDC(akuille, joiden nimellisj\u00e4nnite on 36VDC), maksimilatausvirta 2A . Ninebotin alkuper\u00e4inen 42V laturi sopii suosittuun Segway-s\u00e4hk\u00f6skootteriin NinebotES1 ,ES2 , ES4 , E22E, E25E ja E45E. S\u00e4hk\u00f6skootterisi tarvitsee uuden laturin, jos laturin merkkivalon LED-valo ei pala tai ulostulossa ei ole &hellip;<\/p>\n","protected":false},"featured_media":22442,"template":"","meta":[],"product_brand":[],"product_cat":[1697,1698],"product_tag":[1707,3268],"filter_elektritoukeratas":[2639,2636,2635],"class_list":{"0":"post-56818","1":"product","2":"type-product","3":"status-publish","4":"has-post-thumbnail","6":"product_cat-lisavarusteet","7":"product_cat-varaosat","8":"product_tag-laturit","9":"product_tag-segway-ninebot-varuosad-fi","10":"pa_tootetuup-laturit","11":"filter_elektritoukeratas-ft_segway_ninebot_d18e_d28e_d38e","12":"filter_elektritoukeratas-ft_segway_ninebot_e22e_e35e_e45e","13":"filter_elektritoukeratas-ft_segway_ninebot_es1_es2_es4","15":"first","16":"instock","17":"taxable","18":"shipping-taxable","19":"purchasable","20":"product-type-simple"},"yoast_head":"<!-- This site is optimized with the Yoast SEO Premium plugin v26.8 (Yoast SEO v27.5) - https:\/\/yoast.com\/product\/yoast-seo-premium-wordpress\/ -->\n<title>Ninebot alkuper\u00e4inen laturi s\u00e4hk\u00f6skootterille ES4 | T\u00f5uksimaailm<\/title>\n<meta name=\"description\" content=\"Ninebot originaal laadija (ka juhe, toiteadapter, adapter), 42V 2A, elektrit\u00f5ukerattale Segway Ninebot ES1, ES2, ES3, ES4, E22E, E25E, E45E. Laadijad.\" \/>\n<meta name=\"robots\" content=\"index, follow, max-snippet:-1, max-image-preview:large, max-video-preview:-1\" \/>\n<link rel=\"canonical\" href=\"https:\/\/www.xn--tuksimaailm-ffb.ee\/fi\/shop\/ninebot-alkuperainen-laturi-sahkoskootterille-es4\/\" \/>\n<meta property=\"og:locale\" content=\"fi_FI\" \/>\n<meta property=\"og:type\" content=\"article\" \/>\n<meta property=\"og:title\" content=\"Ninebot alkuper\u00e4inen laturi s\u00e4hk\u00f6skootterille ES4\" \/>\n<meta property=\"og:description\" content=\"Ninebot originaal laadija (ka juhe, toiteadapter, adapter), 42V 2A, elektrit\u00f5ukerattale Segway Ninebot ES1, ES2, ES3, ES4, E22E, E25E, E45E. Laadijad.\" \/>\n<meta property=\"og:url\" content=\"https:\/\/www.xn--tuksimaailm-ffb.ee\/fi\/shop\/ninebot-alkuperainen-laturi-sahkoskootterille-es4\/\" \/>\n<meta property=\"og:site_name\" content=\"T\u00f5uksimaailm\" \/>\n<meta property=\"article:publisher\" content=\"https:\/\/www.facebook.com\/touksimaailm\/\" \/>\n<meta property=\"og:image\" content=\"https:\/\/www.xn--tuksimaailm-ffb.ee\/wp-content\/uploads\/2021\/01\/ninebot-originaal-laadija.jpg\" \/>\n\t<meta property=\"og:image:width\" content=\"923\" \/>\n\t<meta property=\"og:image:height\" content=\"895\" \/>\n\t<meta property=\"og:image:type\" content=\"image\/jpeg\" \/>\n<meta name=\"twitter:card\" content=\"summary_large_image\" \/>\n<meta name=\"twitter:label1\" content=\"Hinta\" \/>\n\t<meta name=\"twitter:data1\" content=\"&euro;49.00\" \/>\n\t<meta name=\"twitter:label2\" content=\"Saatavuus\" \/>\n\t<meta name=\"twitter:data2\" content=\"Varastossa\" \/>\n<meta property=\"product:price:amount\" content=\"49.00\" \/>\n<meta property=\"product:price:currency\" content=\"EUR\" \/>\n<meta property=\"og:availability\" content=\"instock\" \/>\n<meta property=\"product:availability\" content=\"instock\" \/>\n<meta property=\"product:retailer_item_id\" content=\"LAADIJA-42V2A-NINEBOT-ORG\" \/>\n<meta property=\"product:condition\" content=\"new\" \/>\n<!-- \/ Yoast SEO Premium plugin. -->","yoast_head_json":{"title":"Ninebot alkuper\u00e4inen laturi s\u00e4hk\u00f6skootterille ES4 | T\u00f5uksimaailm","description":"Ninebot originaal laadija (ka juhe, toiteadapter, adapter), 42V 2A, elektrit\u00f5ukerattale Segway Ninebot ES1, ES2, ES3, ES4, E22E, E25E, E45E. Laadijad.","robots":{"index":"index","follow":"follow","max-snippet":"max-snippet:-1","max-image-preview":"max-image-preview:large","max-video-preview":"max-video-preview:-1"},"canonical":"https:\/\/www.xn--tuksimaailm-ffb.ee\/fi\/shop\/ninebot-alkuperainen-laturi-sahkoskootterille-es4\/","og_locale":"fi_FI","og_type":"article","og_title":"Ninebot alkuper\u00e4inen laturi s\u00e4hk\u00f6skootterille ES4","og_description":"Ninebot originaal laadija (ka juhe, toiteadapter, adapter), 42V 2A, elektrit\u00f5ukerattale Segway Ninebot ES1, ES2, ES3, ES4, E22E, E25E, E45E. Laadijad.","og_url":"https:\/\/www.xn--tuksimaailm-ffb.ee\/fi\/shop\/ninebot-alkuperainen-laturi-sahkoskootterille-es4\/","og_site_name":"T\u00f5uksimaailm","article_publisher":"https:\/\/www.facebook.com\/touksimaailm\/","og_image":[{"width":923,"height":895,"url":"https:\/\/www.xn--tuksimaailm-ffb.ee\/wp-content\/uploads\/2021\/01\/ninebot-originaal-laadija.jpg","type":"image\/jpeg"}],"twitter_card":"summary_large_image","twitter_misc":{"Hinta":"&euro;49.00","Saatavuus":"Varastossa"},"schema":{"@context":"https:\/\/schema.org","@graph":[{"@type":"WebPage","@id":"https:\/\/www.xn--tuksimaailm-ffb.ee\/fi\/shop\/ninebot-alkuperainen-laturi-sahkoskootterille-es4\/","url":"https:\/\/www.xn--tuksimaailm-ffb.ee\/fi\/shop\/ninebot-alkuperainen-laturi-sahkoskootterille-es4\/","name":"Ninebot alkuper\u00e4inen laturi s\u00e4hk\u00f6skootterille ES4 | T\u00f5uksimaailm","isPartOf":{"@id":"https:\/\/www.xn--tuksimaailm-ffb.ee\/fi\/#website"},"primaryImageOfPage":{"@id":"https:\/\/www.xn--tuksimaailm-ffb.ee\/fi\/shop\/ninebot-alkuperainen-laturi-sahkoskootterille-es4\/#primaryimage"},"image":{"@id":"https:\/\/www.xn--tuksimaailm-ffb.ee\/fi\/shop\/ninebot-alkuperainen-laturi-sahkoskootterille-es4\/#primaryimage"},"thumbnailUrl":"https:\/\/www.xn--tuksimaailm-ffb.ee\/wp-content\/uploads\/2021\/01\/ninebot-originaal-laadija.jpg","datePublished":"2021-01-12T15:34:25+00:00","description":"Ninebot originaal laadija (ka juhe, toiteadapter, adapter), 42V 2A, elektrit\u00f5ukerattale Segway Ninebot ES1, ES2, ES3, ES4, E22E, E25E, E45E. Laadijad.","breadcrumb":{"@id":"https:\/\/www.xn--tuksimaailm-ffb.ee\/fi\/shop\/ninebot-alkuperainen-laturi-sahkoskootterille-es4\/#breadcrumb"},"inLanguage":"fi","potentialAction":[{"@type":"ReadAction","target":["https:\/\/www.xn--tuksimaailm-ffb.ee\/fi\/shop\/ninebot-alkuperainen-laturi-sahkoskootterille-es4\/"]}]},{"@type":"ImageObject","inLanguage":"fi","@id":"https:\/\/www.xn--tuksimaailm-ffb.ee\/fi\/shop\/ninebot-alkuperainen-laturi-sahkoskootterille-es4\/#primaryimage","url":"https:\/\/www.xn--tuksimaailm-ffb.ee\/wp-content\/uploads\/2021\/01\/ninebot-originaal-laadija.jpg","contentUrl":"https:\/\/www.xn--tuksimaailm-ffb.ee\/wp-content\/uploads\/2021\/01\/ninebot-originaal-laadija.jpg","width":923,"height":895},{"@type":"BreadcrumbList","@id":"https:\/\/www.xn--tuksimaailm-ffb.ee\/fi\/shop\/ninebot-alkuperainen-laturi-sahkoskootterille-es4\/#breadcrumb","itemListElement":[{"@type":"ListItem","position":1,"name":"Home","item":"https:\/\/www.xn--tuksimaailm-ffb.ee\/fi\/kotisivu\/"},{"@type":"ListItem","position":2,"name":"Kauppa","item":"https:\/\/www.xn--tuksimaailm-ffb.ee\/elektritoukerataste-pood\/"},{"@type":"ListItem","position":3,"name":"Ninebot alkuper\u00e4inen laturi s\u00e4hk\u00f6skootterille ES4"}]},{"@type":"WebSite","@id":"https:\/\/www.xn--tuksimaailm-ffb.ee\/fi\/#website","url":"https:\/\/www.xn--tuksimaailm-ffb.ee\/fi\/","name":"T\u00f5uksimaailm","description":"Elektrit\u00f5ukerataste m\u00fc\u00fck, remont ja rent","publisher":{"@id":"https:\/\/www.xn--tuksimaailm-ffb.ee\/fi\/#organization"},"potentialAction":[{"@type":"SearchAction","target":{"@type":"EntryPoint","urlTemplate":"https:\/\/www.xn--tuksimaailm-ffb.ee\/fi\/?s={search_term_string}"},"query-input":{"@type":"PropertyValueSpecification","valueRequired":true,"valueName":"search_term_string"}}],"inLanguage":"fi"},{"@type":"Organization","@id":"https:\/\/www.xn--tuksimaailm-ffb.ee\/fi\/#organization","name":"T\u00f5uksimaailm","url":"https:\/\/www.xn--tuksimaailm-ffb.ee\/fi\/","logo":{"@type":"ImageObject","inLanguage":"fi","@id":"https:\/\/www.xn--tuksimaailm-ffb.ee\/fi\/#\/schema\/logo\/image\/","url":"https:\/\/www.xn--tuksimaailm-ffb.ee\/wp-content\/uploads\/2020\/01\/logoz-e1579792875517.png","contentUrl":"https:\/\/www.xn--tuksimaailm-ffb.ee\/wp-content\/uploads\/2020\/01\/logoz-e1579792875517.png","width":250,"height":250,"caption":"T\u00f5uksimaailm"},"image":{"@id":"https:\/\/www.xn--tuksimaailm-ffb.ee\/fi\/#\/schema\/logo\/image\/"},"sameAs":["https:\/\/www.facebook.com\/touksimaailm\/","https:\/\/www.instagram.com\/touksimaailm_\/","https:\/\/www.youtube.com\/channel\/UC18ml0EKIDLP1xGuQjFzcXQ"]}]},"product_price_amount":"49.00","product_price_currency":"EUR","og_availability":"instock","product_availability":"instock","product_retailer_item_id":"LAADIJA-42V2A-NINEBOT-ORG","product_condition":"new"},"jetpack_sharing_enabled":true,"_links":{"self":[{"href":"https:\/\/www.xn--tuksimaailm-ffb.ee\/fi\/wp-json\/wp\/v2\/product\/56818","targetHints":{"allow":["GET"]}}],"collection":[{"href":"https:\/\/www.xn--tuksimaailm-ffb.ee\/fi\/wp-json\/wp\/v2\/product"}],"about":[{"href":"https:\/\/www.xn--tuksimaailm-ffb.ee\/fi\/wp-json\/wp\/v2\/types\/product"}],"wp:featuredmedia":[{"embeddable":true,"href":"https:\/\/www.xn--tuksimaailm-ffb.ee\/fi\/wp-json\/wp\/v2\/media\/22442"}],"wp:attachment":[{"href":"https:\/\/www.xn--tuksimaailm-ffb.ee\/fi\/wp-json\/wp\/v2\/media?parent=56818"}],"wp:term":[{"taxonomy":"product_brand","embeddable":true,"href":"https:\/\/www.xn--tuksimaailm-ffb.ee\/fi\/wp-json\/wp\/v2\/product_brand?post=56818"},{"taxonomy":"product_cat","embeddable":true,"href":"https:\/\/www.xn--tuksimaailm-ffb.ee\/fi\/wp-json\/wp\/v2\/product_cat?post=56818"},{"taxonomy":"product_tag","embeddable":true,"href":"https:\/\/www.xn--tuksimaailm-ffb.ee\/fi\/wp-json\/wp\/v2\/product_tag?post=56818"},{"taxonomy":"filter_elektritoukeratas","embeddable":true,"href":"https:\/\/www.xn--tuksimaailm-ffb.ee\/fi\/wp-json\/wp\/v2\/filter_elektritoukeratas?post=56818"}],"curies":[{"name":"wp","href":"https:\/\/api.w.org\/{rel}","templated":true}]}}