{"id":56829,"date":"2021-01-10T15:22:48","date_gmt":"2021-01-10T13:22:48","guid":{"rendered":"http:\/\/www.xn--tuksimaailm-ffb.ee\/shop\/metallinen-puhelimen-pidike-saadettavalla-kulmalla\/"},"modified":"2021-01-10T15:22:48","modified_gmt":"2021-01-10T12:22:48","slug":"metallinen-puhelimen-pidike-saadettavalla-kulmalla","status":"publish","type":"product","link":"https:\/\/www.xn--tuksimaailm-ffb.ee\/fi\/shop\/metallinen-puhelimen-pidike-saadettavalla-kulmalla\/","title":{"rendered":"Metallinen puhelimen pidike s\u00e4\u00e4dett\u00e4v\u00e4ll\u00e4 kulmalla"},"content":{"rendered":"<p>Metallinen puhelimen pidike s\u00e4\u00e4dett\u00e4v\u00e4ll\u00e4 kulmalla (puhelimen pidike). Puhelimen pidikkeen mukana toimitetaan kiinnike ja kaksi s\u00e4\u00e4t\u00f6ruuvia. Niiden avulla voidaan s\u00e4\u00e4t\u00e4\u00e4 paitsi puhelimen pidikkeen vaakasuoraa kulmaa my\u00f6s puhelimen asentoa suhteessa kuljettajaan. Metallinen puhelimen pidike sopii <strong>22 mm halkaisijaltaan oleviin\u00a0<\/strong>s\u00e4hk\u00f6skootterin linsseihin.<\/p>\n","protected":false},"excerpt":{"rendered":"<p>Metallinen puhelimen pidike s\u00e4\u00e4dett\u00e4v\u00e4ll\u00e4 kulmalla (puhelimen pidike). Puhelimen pidikkeen mukana toimitetaan kiinnike ja kaksi s\u00e4\u00e4t\u00f6ruuvia. Niiden avulla voidaan s\u00e4\u00e4t\u00e4\u00e4 paitsi puhelimen pidikkeen vaakasuoraa kulmaa my\u00f6s puhelimen asentoa suhteessa kuljettajaan. Metallinen puhelimen pidike sopii 22 mm halkaisijaltaan oleviin\u00a0s\u00e4hk\u00f6skootterin linsseihin.<\/p>\n","protected":false},"featured_media":22417,"template":"","meta":[],"product_brand":[],"product_cat":[1697],"product_tag":[3329],"filter_elektritoukeratas":[],"class_list":{"0":"post-56829","1":"product","2":"type-product","3":"status-publish","4":"has-post-thumbnail","6":"product_cat-lisavarusteet","7":"product_tag-telefonihoidjad","8":"pa_tootetuup-telefonihoidjad-fi","10":"first","11":"instock","12":"taxable","13":"shipping-taxable","14":"purchasable","15":"product-type-simple"},"yoast_head":"<!-- This site is optimized with the Yoast SEO Premium plugin v26.8 (Yoast SEO v27.5) - https:\/\/yoast.com\/product\/yoast-seo-premium-wordpress\/ -->\n<title>Metallinen puhelimen pidike s\u00e4\u00e4dett\u00e4v\u00e4ll\u00e4 kulmalla &#8212; T\u00f5uksimaailm<\/title>\n<meta name=\"description\" content=\"Metallist telefonihoidja reguleeritava nurgaga (telefonihoidik) koos kinnitusklambriga ja kahe reguleerkruviga, 22mm lenksule.\" \/>\n<meta name=\"robots\" content=\"index, follow, max-snippet:-1, max-image-preview:large, max-video-preview:-1\" \/>\n<link rel=\"canonical\" href=\"https:\/\/www.xn--tuksimaailm-ffb.ee\/fi\/shop\/metallinen-puhelimen-pidike-saadettavalla-kulmalla\/\" \/>\n<meta property=\"og:locale\" content=\"fi_FI\" \/>\n<meta property=\"og:type\" content=\"article\" \/>\n<meta property=\"og:title\" content=\"Metallinen puhelimen pidike s\u00e4\u00e4dett\u00e4v\u00e4ll\u00e4 kulmalla\" \/>\n<meta property=\"og:description\" content=\"Metallist telefonihoidja reguleeritava nurgaga (telefonihoidik) koos kinnitusklambriga ja kahe reguleerkruviga, 22mm lenksule.\" \/>\n<meta property=\"og:url\" content=\"https:\/\/www.xn--tuksimaailm-ffb.ee\/fi\/shop\/metallinen-puhelimen-pidike-saadettavalla-kulmalla\/\" \/>\n<meta property=\"og:site_name\" content=\"T\u00f5uksimaailm\" \/>\n<meta property=\"article:publisher\" content=\"https:\/\/www.facebook.com\/touksimaailm\/\" \/>\n<meta property=\"og:image\" content=\"https:\/\/www.xn--tuksimaailm-ffb.ee\/wp-content\/uploads\/2021\/01\/metallist-telefonihoidja-reguleeritava-nurgaga.jpg\" \/>\n\t<meta property=\"og:image:width\" content=\"363\" \/>\n\t<meta property=\"og:image:height\" content=\"275\" \/>\n\t<meta property=\"og:image:type\" content=\"image\/jpeg\" \/>\n<meta name=\"twitter:card\" content=\"summary_large_image\" \/>\n<meta name=\"twitter:label1\" content=\"Hinta\" \/>\n\t<meta name=\"twitter:data1\" content=\"&euro;29.50\" \/>\n\t<meta name=\"twitter:label2\" content=\"Saatavuus\" \/>\n\t<meta name=\"twitter:data2\" content=\"Varastossa\" \/>\n<meta property=\"product:price:amount\" content=\"29.50\" \/>\n<meta property=\"product:price:currency\" content=\"EUR\" \/>\n<meta property=\"og:availability\" content=\"instock\" \/>\n<meta property=\"product:availability\" content=\"instock\" \/>\n<meta property=\"product:retailer_item_id\" content=\"TELEFONIHOIDJA-REGULEERITAVA-NURGAGA\" \/>\n<meta property=\"product:condition\" content=\"new\" \/>\n<!-- \/ Yoast SEO Premium plugin. -->","yoast_head_json":{"title":"Metallinen puhelimen pidike s\u00e4\u00e4dett\u00e4v\u00e4ll\u00e4 kulmalla &#8212; T\u00f5uksimaailm","description":"Metallist telefonihoidja reguleeritava nurgaga (telefonihoidik) koos kinnitusklambriga ja kahe reguleerkruviga, 22mm lenksule.","robots":{"index":"index","follow":"follow","max-snippet":"max-snippet:-1","max-image-preview":"max-image-preview:large","max-video-preview":"max-video-preview:-1"},"canonical":"https:\/\/www.xn--tuksimaailm-ffb.ee\/fi\/shop\/metallinen-puhelimen-pidike-saadettavalla-kulmalla\/","og_locale":"fi_FI","og_type":"article","og_title":"Metallinen puhelimen pidike s\u00e4\u00e4dett\u00e4v\u00e4ll\u00e4 kulmalla","og_description":"Metallist telefonihoidja reguleeritava nurgaga (telefonihoidik) koos kinnitusklambriga ja kahe reguleerkruviga, 22mm lenksule.","og_url":"https:\/\/www.xn--tuksimaailm-ffb.ee\/fi\/shop\/metallinen-puhelimen-pidike-saadettavalla-kulmalla\/","og_site_name":"T\u00f5uksimaailm","article_publisher":"https:\/\/www.facebook.com\/touksimaailm\/","og_image":[{"width":363,"height":275,"url":"https:\/\/www.xn--tuksimaailm-ffb.ee\/wp-content\/uploads\/2021\/01\/metallist-telefonihoidja-reguleeritava-nurgaga.jpg","type":"image\/jpeg"}],"twitter_card":"summary_large_image","twitter_misc":{"Hinta":"&euro;29.50","Saatavuus":"Varastossa"},"schema":{"@context":"https:\/\/schema.org","@graph":[{"@type":"WebPage","@id":"https:\/\/www.xn--tuksimaailm-ffb.ee\/fi\/shop\/metallinen-puhelimen-pidike-saadettavalla-kulmalla\/","url":"https:\/\/www.xn--tuksimaailm-ffb.ee\/fi\/shop\/metallinen-puhelimen-pidike-saadettavalla-kulmalla\/","name":"Metallinen puhelimen pidike s\u00e4\u00e4dett\u00e4v\u00e4ll\u00e4 kulmalla &#8212; T\u00f5uksimaailm","isPartOf":{"@id":"https:\/\/www.xn--tuksimaailm-ffb.ee\/fi\/#website"},"primaryImageOfPage":{"@id":"https:\/\/www.xn--tuksimaailm-ffb.ee\/fi\/shop\/metallinen-puhelimen-pidike-saadettavalla-kulmalla\/#primaryimage"},"image":{"@id":"https:\/\/www.xn--tuksimaailm-ffb.ee\/fi\/shop\/metallinen-puhelimen-pidike-saadettavalla-kulmalla\/#primaryimage"},"thumbnailUrl":"https:\/\/www.xn--tuksimaailm-ffb.ee\/wp-content\/uploads\/2021\/01\/metallist-telefonihoidja-reguleeritava-nurgaga.jpg","datePublished":"2021-01-10T13:22:48+00:00","description":"Metallist telefonihoidja reguleeritava nurgaga (telefonihoidik) koos kinnitusklambriga ja kahe reguleerkruviga, 22mm lenksule.","breadcrumb":{"@id":"https:\/\/www.xn--tuksimaailm-ffb.ee\/fi\/shop\/metallinen-puhelimen-pidike-saadettavalla-kulmalla\/#breadcrumb"},"inLanguage":"fi","potentialAction":[{"@type":"ReadAction","target":["https:\/\/www.xn--tuksimaailm-ffb.ee\/fi\/shop\/metallinen-puhelimen-pidike-saadettavalla-kulmalla\/"]}]},{"@type":"ImageObject","inLanguage":"fi","@id":"https:\/\/www.xn--tuksimaailm-ffb.ee\/fi\/shop\/metallinen-puhelimen-pidike-saadettavalla-kulmalla\/#primaryimage","url":"https:\/\/www.xn--tuksimaailm-ffb.ee\/wp-content\/uploads\/2021\/01\/metallist-telefonihoidja-reguleeritava-nurgaga.jpg","contentUrl":"https:\/\/www.xn--tuksimaailm-ffb.ee\/wp-content\/uploads\/2021\/01\/metallist-telefonihoidja-reguleeritava-nurgaga.jpg","width":363,"height":275},{"@type":"BreadcrumbList","@id":"https:\/\/www.xn--tuksimaailm-ffb.ee\/fi\/shop\/metallinen-puhelimen-pidike-saadettavalla-kulmalla\/#breadcrumb","itemListElement":[{"@type":"ListItem","position":1,"name":"Home","item":"https:\/\/www.xn--tuksimaailm-ffb.ee\/fi\/kotisivu\/"},{"@type":"ListItem","position":2,"name":"Kauppa","item":"https:\/\/www.xn--tuksimaailm-ffb.ee\/elektritoukerataste-pood\/"},{"@type":"ListItem","position":3,"name":"Metallinen puhelimen pidike s\u00e4\u00e4dett\u00e4v\u00e4ll\u00e4 kulmalla"}]},{"@type":"WebSite","@id":"https:\/\/www.xn--tuksimaailm-ffb.ee\/fi\/#website","url":"https:\/\/www.xn--tuksimaailm-ffb.ee\/fi\/","name":"T\u00f5uksimaailm","description":"Elektrit\u00f5ukerataste m\u00fc\u00fck, remont ja rent","publisher":{"@id":"https:\/\/www.xn--tuksimaailm-ffb.ee\/fi\/#organization"},"potentialAction":[{"@type":"SearchAction","target":{"@type":"EntryPoint","urlTemplate":"https:\/\/www.xn--tuksimaailm-ffb.ee\/fi\/?s={search_term_string}"},"query-input":{"@type":"PropertyValueSpecification","valueRequired":true,"valueName":"search_term_string"}}],"inLanguage":"fi"},{"@type":"Organization","@id":"https:\/\/www.xn--tuksimaailm-ffb.ee\/fi\/#organization","name":"T\u00f5uksimaailm","url":"https:\/\/www.xn--tuksimaailm-ffb.ee\/fi\/","logo":{"@type":"ImageObject","inLanguage":"fi","@id":"https:\/\/www.xn--tuksimaailm-ffb.ee\/fi\/#\/schema\/logo\/image\/","url":"https:\/\/www.xn--tuksimaailm-ffb.ee\/wp-content\/uploads\/2020\/01\/logoz-e1579792875517.png","contentUrl":"https:\/\/www.xn--tuksimaailm-ffb.ee\/wp-content\/uploads\/2020\/01\/logoz-e1579792875517.png","width":250,"height":250,"caption":"T\u00f5uksimaailm"},"image":{"@id":"https:\/\/www.xn--tuksimaailm-ffb.ee\/fi\/#\/schema\/logo\/image\/"},"sameAs":["https:\/\/www.facebook.com\/touksimaailm\/","https:\/\/www.instagram.com\/touksimaailm_\/","https:\/\/www.youtube.com\/channel\/UC18ml0EKIDLP1xGuQjFzcXQ"]}]},"product_price_amount":"29.50","product_price_currency":"EUR","og_availability":"instock","product_availability":"instock","product_retailer_item_id":"TELEFONIHOIDJA-REGULEERITAVA-NURGAGA","product_condition":"new"},"jetpack_sharing_enabled":true,"_links":{"self":[{"href":"https:\/\/www.xn--tuksimaailm-ffb.ee\/fi\/wp-json\/wp\/v2\/product\/56829","targetHints":{"allow":["GET"]}}],"collection":[{"href":"https:\/\/www.xn--tuksimaailm-ffb.ee\/fi\/wp-json\/wp\/v2\/product"}],"about":[{"href":"https:\/\/www.xn--tuksimaailm-ffb.ee\/fi\/wp-json\/wp\/v2\/types\/product"}],"wp:featuredmedia":[{"embeddable":true,"href":"https:\/\/www.xn--tuksimaailm-ffb.ee\/fi\/wp-json\/wp\/v2\/media\/22417"}],"wp:attachment":[{"href":"https:\/\/www.xn--tuksimaailm-ffb.ee\/fi\/wp-json\/wp\/v2\/media?parent=56829"}],"wp:term":[{"taxonomy":"product_brand","embeddable":true,"href":"https:\/\/www.xn--tuksimaailm-ffb.ee\/fi\/wp-json\/wp\/v2\/product_brand?post=56829"},{"taxonomy":"product_cat","embeddable":true,"href":"https:\/\/www.xn--tuksimaailm-ffb.ee\/fi\/wp-json\/wp\/v2\/product_cat?post=56829"},{"taxonomy":"product_tag","embeddable":true,"href":"https:\/\/www.xn--tuksimaailm-ffb.ee\/fi\/wp-json\/wp\/v2\/product_tag?post=56829"},{"taxonomy":"filter_elektritoukeratas","embeddable":true,"href":"https:\/\/www.xn--tuksimaailm-ffb.ee\/fi\/wp-json\/wp\/v2\/filter_elektritoukeratas?post=56829"}],"curies":[{"name":"wp","href":"https:\/\/api.w.org\/{rel}","templated":true}]}}