{"id":56844,"date":"2021-01-10T14:03:58","date_gmt":"2021-01-10T12:03:58","guid":{"rendered":"http:\/\/www.xn--tuksimaailm-ffb.ee\/shop\/xiaomi-kaapelipuristin-mi-m365-pro-2\/"},"modified":"2021-01-10T14:03:58","modified_gmt":"2021-01-10T11:03:58","slug":"xiaomi-kaapelipuristin-mi-m365-pro-2","status":"publish","type":"product","link":"https:\/\/www.xn--tuksimaailm-ffb.ee\/fi\/shop\/xiaomi-kaapelipuristin-mi-m365-pro-2\/","title":{"rendered":"Xiaomi kaapelipuristin Mi M365 Pro 2"},"content":{"rendered":"<p>Xiaomi lankapuristin, n\u00e4ytt\u00f6kaapelin ja takajarrusatulan\/-kaapelin kiinnitt\u00e4miseen. Xiaomin s\u00e4hk\u00f6skootterin lankapuristin sopii suositulle s\u00e4hk\u00f6skootterille Xiaomi M365 ja Xiaomi Mi 1S. Klipsi sopii my\u00f6s Xiaomi Mi M365 Pro ja Xiaomi Mi Pro 2 s\u00e4hk\u00f6skoottereihin. Lis\u00e4ksi kaapelipidike sopii my\u00f6s useimpiin Xiaomin klooneihin\/kopioihin (Macwheel, Sermangreen, Citiway, E-Wheels E2S V2, Xiaomi Essential ja monet muut).<\/p>\n","protected":false},"excerpt":{"rendered":"<p>Xiaomi lankapuristin, n\u00e4ytt\u00f6kaapelin ja takajarrusatulan\/-kaapelin kiinnitt\u00e4miseen. Xiaomin s\u00e4hk\u00f6skootterin lankapuristin sopii suositulle s\u00e4hk\u00f6skootterille Xiaomi M365 ja Xiaomi Mi 1S. Klipsi sopii my\u00f6s Xiaomi Mi M365 Pro ja Xiaomi Mi Pro 2 s\u00e4hk\u00f6skoottereihin. Lis\u00e4ksi kaapelipidike sopii my\u00f6s useimpiin Xiaomin klooneihin\/kopioihin (Macwheel, Sermangreen, Citiway, E-Wheels E2S V2, Xiaomi Essential ja monet muut).<\/p>\n","protected":false},"featured_media":22410,"template":"","meta":[],"product_brand":[],"product_cat":[1697,1698],"product_tag":[1700,1706],"filter_elektritoukeratas":[2613,2612],"class_list":{"0":"post-56844","1":"product","2":"type-product","3":"status-publish","4":"has-post-thumbnail","6":"product_cat-lisavarusteet","7":"product_cat-varaosat","8":"product_tag-universal-sahkoskootterin-varaosat","9":"product_tag-xiaomi-varaosat","10":"filter_elektritoukeratas-ft_xiaomi_1s_mi3_pro_2_3_lite","11":"filter_elektritoukeratas-ft_xiaomi_m365_m365_pro_essential","13":"first","14":"instock","15":"taxable","16":"shipping-taxable","17":"purchasable","18":"product-type-simple"},"yoast_head":"<!-- This site is optimized with the Yoast SEO Premium plugin v26.8 (Yoast SEO v27.5) - https:\/\/yoast.com\/product\/yoast-seo-premium-wordpress\/ -->\n<title>Xiaomi kaapelipuristin Mi M365 Pro 2 | T\u00f5uksimaailm | Varuosad<\/title>\n<meta name=\"description\" content=\"Xiaomi juhtmete klamber, displei kaabli ja pidurik\u00f5ri \/ trossi kokku kinnitamiseks, elektrit\u00f5ukerattale Xiaomi M365 (Pro 2), Xiaomi Mi 1S\" \/>\n<meta name=\"robots\" content=\"index, follow, max-snippet:-1, max-image-preview:large, max-video-preview:-1\" \/>\n<link rel=\"canonical\" href=\"https:\/\/www.xn--tuksimaailm-ffb.ee\/fi\/shop\/xiaomi-kaapelipuristin-mi-m365-pro-2\/\" \/>\n<meta property=\"og:locale\" content=\"fi_FI\" \/>\n<meta property=\"og:type\" content=\"article\" \/>\n<meta property=\"og:title\" content=\"Xiaomi kaapelipuristin Mi M365 Pro 2\" \/>\n<meta property=\"og:description\" content=\"Xiaomi juhtmete klamber, displei kaabli ja pidurik\u00f5ri \/ trossi kokku kinnitamiseks, elektrit\u00f5ukerattale Xiaomi M365 (Pro 2), Xiaomi Mi 1S\" \/>\n<meta property=\"og:url\" content=\"https:\/\/www.xn--tuksimaailm-ffb.ee\/fi\/shop\/xiaomi-kaapelipuristin-mi-m365-pro-2\/\" \/>\n<meta property=\"og:site_name\" content=\"T\u00f5uksimaailm\" \/>\n<meta property=\"article:publisher\" content=\"https:\/\/www.facebook.com\/touksimaailm\/\" \/>\n<meta property=\"og:image\" content=\"https:\/\/www.xn--tuksimaailm-ffb.ee\/wp-content\/uploads\/2021\/01\/xiaomi-juhtmete-klamber.jpg\" \/>\n\t<meta property=\"og:image:width\" content=\"537\" \/>\n\t<meta property=\"og:image:height\" content=\"277\" \/>\n\t<meta property=\"og:image:type\" content=\"image\/jpeg\" \/>\n<meta name=\"twitter:card\" content=\"summary_large_image\" \/>\n<meta name=\"twitter:label1\" content=\"Hinta\" \/>\n\t<meta name=\"twitter:data1\" content=\"&euro;3.50\" \/>\n\t<meta name=\"twitter:label2\" content=\"Saatavuus\" \/>\n\t<meta name=\"twitter:data2\" content=\"Varastossa\" \/>\n<meta property=\"product:price:amount\" content=\"3.50\" \/>\n<meta property=\"product:price:currency\" content=\"EUR\" \/>\n<meta property=\"og:availability\" content=\"instock\" \/>\n<meta property=\"product:availability\" content=\"instock\" \/>\n<meta property=\"product:condition\" content=\"new\" \/>\n<!-- \/ Yoast SEO Premium plugin. -->","yoast_head_json":{"title":"Xiaomi kaapelipuristin Mi M365 Pro 2 | T\u00f5uksimaailm | Varuosad","description":"Xiaomi juhtmete klamber, displei kaabli ja pidurik\u00f5ri \/ trossi kokku kinnitamiseks, elektrit\u00f5ukerattale Xiaomi M365 (Pro 2), Xiaomi Mi 1S","robots":{"index":"index","follow":"follow","max-snippet":"max-snippet:-1","max-image-preview":"max-image-preview:large","max-video-preview":"max-video-preview:-1"},"canonical":"https:\/\/www.xn--tuksimaailm-ffb.ee\/fi\/shop\/xiaomi-kaapelipuristin-mi-m365-pro-2\/","og_locale":"fi_FI","og_type":"article","og_title":"Xiaomi kaapelipuristin Mi M365 Pro 2","og_description":"Xiaomi juhtmete klamber, displei kaabli ja pidurik\u00f5ri \/ trossi kokku kinnitamiseks, elektrit\u00f5ukerattale Xiaomi M365 (Pro 2), Xiaomi Mi 1S","og_url":"https:\/\/www.xn--tuksimaailm-ffb.ee\/fi\/shop\/xiaomi-kaapelipuristin-mi-m365-pro-2\/","og_site_name":"T\u00f5uksimaailm","article_publisher":"https:\/\/www.facebook.com\/touksimaailm\/","og_image":[{"width":537,"height":277,"url":"https:\/\/www.xn--tuksimaailm-ffb.ee\/wp-content\/uploads\/2021\/01\/xiaomi-juhtmete-klamber.jpg","type":"image\/jpeg"}],"twitter_card":"summary_large_image","twitter_misc":{"Hinta":"&euro;3.50","Saatavuus":"Varastossa"},"schema":{"@context":"https:\/\/schema.org","@graph":[{"@type":"WebPage","@id":"https:\/\/www.xn--tuksimaailm-ffb.ee\/fi\/shop\/xiaomi-kaapelipuristin-mi-m365-pro-2\/","url":"https:\/\/www.xn--tuksimaailm-ffb.ee\/fi\/shop\/xiaomi-kaapelipuristin-mi-m365-pro-2\/","name":"Xiaomi kaapelipuristin Mi M365 Pro 2 | T\u00f5uksimaailm | Varuosad","isPartOf":{"@id":"https:\/\/www.xn--tuksimaailm-ffb.ee\/fi\/#website"},"primaryImageOfPage":{"@id":"https:\/\/www.xn--tuksimaailm-ffb.ee\/fi\/shop\/xiaomi-kaapelipuristin-mi-m365-pro-2\/#primaryimage"},"image":{"@id":"https:\/\/www.xn--tuksimaailm-ffb.ee\/fi\/shop\/xiaomi-kaapelipuristin-mi-m365-pro-2\/#primaryimage"},"thumbnailUrl":"https:\/\/www.xn--tuksimaailm-ffb.ee\/wp-content\/uploads\/2021\/01\/xiaomi-juhtmete-klamber.jpg","datePublished":"2021-01-10T12:03:58+00:00","description":"Xiaomi juhtmete klamber, displei kaabli ja pidurik\u00f5ri \/ trossi kokku kinnitamiseks, elektrit\u00f5ukerattale Xiaomi M365 (Pro 2), Xiaomi Mi 1S","breadcrumb":{"@id":"https:\/\/www.xn--tuksimaailm-ffb.ee\/fi\/shop\/xiaomi-kaapelipuristin-mi-m365-pro-2\/#breadcrumb"},"inLanguage":"fi","potentialAction":[{"@type":"ReadAction","target":["https:\/\/www.xn--tuksimaailm-ffb.ee\/fi\/shop\/xiaomi-kaapelipuristin-mi-m365-pro-2\/"]}]},{"@type":"ImageObject","inLanguage":"fi","@id":"https:\/\/www.xn--tuksimaailm-ffb.ee\/fi\/shop\/xiaomi-kaapelipuristin-mi-m365-pro-2\/#primaryimage","url":"https:\/\/www.xn--tuksimaailm-ffb.ee\/wp-content\/uploads\/2021\/01\/xiaomi-juhtmete-klamber.jpg","contentUrl":"https:\/\/www.xn--tuksimaailm-ffb.ee\/wp-content\/uploads\/2021\/01\/xiaomi-juhtmete-klamber.jpg","width":537,"height":277},{"@type":"BreadcrumbList","@id":"https:\/\/www.xn--tuksimaailm-ffb.ee\/fi\/shop\/xiaomi-kaapelipuristin-mi-m365-pro-2\/#breadcrumb","itemListElement":[{"@type":"ListItem","position":1,"name":"Home","item":"https:\/\/www.xn--tuksimaailm-ffb.ee\/fi\/kotisivu\/"},{"@type":"ListItem","position":2,"name":"Kauppa","item":"https:\/\/www.xn--tuksimaailm-ffb.ee\/elektritoukerataste-pood\/"},{"@type":"ListItem","position":3,"name":"Xiaomi kaapelipuristin Mi M365 Pro 2"}]},{"@type":"WebSite","@id":"https:\/\/www.xn--tuksimaailm-ffb.ee\/fi\/#website","url":"https:\/\/www.xn--tuksimaailm-ffb.ee\/fi\/","name":"T\u00f5uksimaailm","description":"Elektrit\u00f5ukerataste m\u00fc\u00fck, remont ja rent","publisher":{"@id":"https:\/\/www.xn--tuksimaailm-ffb.ee\/fi\/#organization"},"potentialAction":[{"@type":"SearchAction","target":{"@type":"EntryPoint","urlTemplate":"https:\/\/www.xn--tuksimaailm-ffb.ee\/fi\/?s={search_term_string}"},"query-input":{"@type":"PropertyValueSpecification","valueRequired":true,"valueName":"search_term_string"}}],"inLanguage":"fi"},{"@type":"Organization","@id":"https:\/\/www.xn--tuksimaailm-ffb.ee\/fi\/#organization","name":"T\u00f5uksimaailm","url":"https:\/\/www.xn--tuksimaailm-ffb.ee\/fi\/","logo":{"@type":"ImageObject","inLanguage":"fi","@id":"https:\/\/www.xn--tuksimaailm-ffb.ee\/fi\/#\/schema\/logo\/image\/","url":"https:\/\/www.xn--tuksimaailm-ffb.ee\/wp-content\/uploads\/2020\/01\/logoz-e1579792875517.png","contentUrl":"https:\/\/www.xn--tuksimaailm-ffb.ee\/wp-content\/uploads\/2020\/01\/logoz-e1579792875517.png","width":250,"height":250,"caption":"T\u00f5uksimaailm"},"image":{"@id":"https:\/\/www.xn--tuksimaailm-ffb.ee\/fi\/#\/schema\/logo\/image\/"},"sameAs":["https:\/\/www.facebook.com\/touksimaailm\/","https:\/\/www.instagram.com\/touksimaailm_\/","https:\/\/www.youtube.com\/channel\/UC18ml0EKIDLP1xGuQjFzcXQ"]}]},"product_price_amount":"3.50","product_price_currency":"EUR","og_availability":"instock","product_availability":"instock","product_condition":"new"},"jetpack_sharing_enabled":true,"_links":{"self":[{"href":"https:\/\/www.xn--tuksimaailm-ffb.ee\/fi\/wp-json\/wp\/v2\/product\/56844","targetHints":{"allow":["GET"]}}],"collection":[{"href":"https:\/\/www.xn--tuksimaailm-ffb.ee\/fi\/wp-json\/wp\/v2\/product"}],"about":[{"href":"https:\/\/www.xn--tuksimaailm-ffb.ee\/fi\/wp-json\/wp\/v2\/types\/product"}],"wp:featuredmedia":[{"embeddable":true,"href":"https:\/\/www.xn--tuksimaailm-ffb.ee\/fi\/wp-json\/wp\/v2\/media\/22410"}],"wp:attachment":[{"href":"https:\/\/www.xn--tuksimaailm-ffb.ee\/fi\/wp-json\/wp\/v2\/media?parent=56844"}],"wp:term":[{"taxonomy":"product_brand","embeddable":true,"href":"https:\/\/www.xn--tuksimaailm-ffb.ee\/fi\/wp-json\/wp\/v2\/product_brand?post=56844"},{"taxonomy":"product_cat","embeddable":true,"href":"https:\/\/www.xn--tuksimaailm-ffb.ee\/fi\/wp-json\/wp\/v2\/product_cat?post=56844"},{"taxonomy":"product_tag","embeddable":true,"href":"https:\/\/www.xn--tuksimaailm-ffb.ee\/fi\/wp-json\/wp\/v2\/product_tag?post=56844"},{"taxonomy":"filter_elektritoukeratas","embeddable":true,"href":"https:\/\/www.xn--tuksimaailm-ffb.ee\/fi\/wp-json\/wp\/v2\/filter_elektritoukeratas?post=56844"}],"curies":[{"name":"wp","href":"https:\/\/api.w.org\/{rel}","templated":true}]}}