{"id":56845,"date":"2021-01-09T17:17:14","date_gmt":"2021-01-09T15:17:14","guid":{"rendered":"http:\/\/www.xn--tuksimaailm-ffb.ee\/shop\/xiaomi-kahvat-mi-m365-1s-pro-2-harmaa\/"},"modified":"2021-01-09T17:17:14","modified_gmt":"2021-01-09T14:17:14","slug":"xiaomi-kahvat-mi-m365-1s-pro-2-harmaa","status":"publish","type":"product","link":"https:\/\/www.xn--tuksimaailm-ffb.ee\/fi\/shop\/xiaomi-kahvat-mi-m365-1s-pro-2-harmaa\/","title":{"rendered":"Xiaomi kahvat Mi M365 1S Pro 2 harmaa"},"content":{"rendered":"<p>Xiaomi kahvat, 2 <strong>silikonikahvaa, harmaa<\/strong> <strong>v\u00e4ri<\/strong>. Alkuper\u00e4iset Xiaomi M365 kahvat. Xiaomi kahvat sopivat suosittuihin Xiaomi s\u00e4hk\u00f6skoottereihin <a><strong>Xiaomi Mi M365<\/strong><\/a>j <a><strong>a<\/strong><\/a><a><strong>Xiaomi M365 Pro<\/strong><\/a>. Sopii my\u00f6s s\u00e4hk\u00f6skootteriin<a><strong>Xiaomi Mi 1S<\/strong><\/a>j<a><strong>a<\/strong><\/a><a><strong>Xiaomi Mi Pro 2<\/strong><\/a>.<\/p>\n","protected":false},"excerpt":{"rendered":"<p>Xiaomi kahvat, 2 silikonikahvaa, harmaa v\u00e4ri. Alkuper\u00e4iset Xiaomi M365 kahvat. Xiaomi kahvat sopivat suosittuihin Xiaomi s\u00e4hk\u00f6skoottereihin Xiaomi Mi M365j aXiaomi M365 Pro. Sopii my\u00f6s s\u00e4hk\u00f6skootteriinXiaomi Mi 1SjaXiaomi Mi Pro 2.<\/p>\n","protected":false},"featured_media":22399,"template":"","meta":[],"product_brand":[],"product_cat":[1697,1698],"product_tag":[3301,1706],"filter_elektritoukeratas":[2613,2612],"class_list":{"0":"post-56845","1":"product","2":"type-product","3":"status-publish","4":"has-post-thumbnail","6":"product_cat-lisavarusteet","7":"product_cat-varaosat","8":"product_tag-kaepidemed-fi","9":"product_tag-xiaomi-varaosat","10":"pa_tootetuup-kaepidemed-fi","11":"filter_elektritoukeratas-ft_xiaomi_1s_mi3_pro_2_3_lite","12":"filter_elektritoukeratas-ft_xiaomi_m365_m365_pro_essential","14":"first","15":"instock","16":"taxable","17":"shipping-taxable","18":"purchasable","19":"product-type-simple"},"yoast_head":"<!-- This site is optimized with the Yoast SEO Premium plugin v26.8 (Yoast SEO v27.5) - https:\/\/yoast.com\/product\/yoast-seo-premium-wordpress\/ -->\n<title>Xiaomi kahvat Mi M365 1S Pro 2 harmaa &#8212; T\u00f5uksimaailm<\/title>\n<meta name=\"description\" content=\"Xiaomi k\u00e4epidemed, komplektis 2 silikoonist k\u00e4epidet, halli v\u00e4rvi, elektrit\u00f5ukerattale Xiaomi Mi M365, Xiaomi M365 Pro, Xiaomi Pro 2 \/ 1S.\" \/>\n<meta name=\"robots\" content=\"index, follow, max-snippet:-1, max-image-preview:large, max-video-preview:-1\" \/>\n<link rel=\"canonical\" href=\"https:\/\/www.xn--tuksimaailm-ffb.ee\/fi\/shop\/xiaomi-kahvat-mi-m365-1s-pro-2-harmaa\/\" \/>\n<meta property=\"og:locale\" content=\"fi_FI\" \/>\n<meta property=\"og:type\" content=\"article\" \/>\n<meta property=\"og:title\" content=\"Xiaomi kahvat Mi M365 1S Pro 2 harmaa\" \/>\n<meta property=\"og:description\" content=\"Xiaomi k\u00e4epidemed, komplektis 2 silikoonist k\u00e4epidet, halli v\u00e4rvi, elektrit\u00f5ukerattale Xiaomi Mi M365, Xiaomi M365 Pro, Xiaomi Pro 2 \/ 1S.\" \/>\n<meta property=\"og:url\" content=\"https:\/\/www.xn--tuksimaailm-ffb.ee\/fi\/shop\/xiaomi-kahvat-mi-m365-1s-pro-2-harmaa\/\" \/>\n<meta property=\"og:site_name\" content=\"T\u00f5uksimaailm\" \/>\n<meta property=\"article:publisher\" content=\"https:\/\/www.facebook.com\/touksimaailm\/\" \/>\n<meta property=\"og:image\" content=\"https:\/\/www.xn--tuksimaailm-ffb.ee\/wp-content\/uploads\/2021\/01\/xiaomi-ninebot-hallid-k\u00e4epidemed.jpg\" \/>\n\t<meta property=\"og:image:width\" content=\"579\" \/>\n\t<meta property=\"og:image:height\" content=\"425\" \/>\n\t<meta property=\"og:image:type\" content=\"image\/jpeg\" \/>\n<meta name=\"twitter:card\" content=\"summary_large_image\" \/>\n<meta name=\"twitter:label1\" content=\"Hinta\" \/>\n\t<meta name=\"twitter:data1\" content=\"&euro;9.50\" \/>\n\t<meta name=\"twitter:label2\" content=\"Saatavuus\" \/>\n\t<meta name=\"twitter:data2\" content=\"Varastossa\" \/>\n<meta property=\"product:price:amount\" content=\"9.50\" \/>\n<meta property=\"product:price:currency\" content=\"EUR\" \/>\n<meta property=\"og:availability\" content=\"instock\" \/>\n<meta property=\"product:availability\" content=\"instock\" \/>\n<meta property=\"product:retailer_item_id\" content=\"KP-XIAOMI-HALL\" \/>\n<meta property=\"product:condition\" content=\"new\" \/>\n<!-- \/ Yoast SEO Premium plugin. -->","yoast_head_json":{"title":"Xiaomi kahvat Mi M365 1S Pro 2 harmaa &#8212; T\u00f5uksimaailm","description":"Xiaomi k\u00e4epidemed, komplektis 2 silikoonist k\u00e4epidet, halli v\u00e4rvi, elektrit\u00f5ukerattale Xiaomi Mi M365, Xiaomi M365 Pro, Xiaomi Pro 2 \/ 1S.","robots":{"index":"index","follow":"follow","max-snippet":"max-snippet:-1","max-image-preview":"max-image-preview:large","max-video-preview":"max-video-preview:-1"},"canonical":"https:\/\/www.xn--tuksimaailm-ffb.ee\/fi\/shop\/xiaomi-kahvat-mi-m365-1s-pro-2-harmaa\/","og_locale":"fi_FI","og_type":"article","og_title":"Xiaomi kahvat Mi M365 1S Pro 2 harmaa","og_description":"Xiaomi k\u00e4epidemed, komplektis 2 silikoonist k\u00e4epidet, halli v\u00e4rvi, elektrit\u00f5ukerattale Xiaomi Mi M365, Xiaomi M365 Pro, Xiaomi Pro 2 \/ 1S.","og_url":"https:\/\/www.xn--tuksimaailm-ffb.ee\/fi\/shop\/xiaomi-kahvat-mi-m365-1s-pro-2-harmaa\/","og_site_name":"T\u00f5uksimaailm","article_publisher":"https:\/\/www.facebook.com\/touksimaailm\/","og_image":[{"width":579,"height":425,"url":"https:\/\/www.xn--tuksimaailm-ffb.ee\/wp-content\/uploads\/2021\/01\/xiaomi-ninebot-hallid-k\u00e4epidemed.jpg","type":"image\/jpeg"}],"twitter_card":"summary_large_image","twitter_misc":{"Hinta":"&euro;9.50","Saatavuus":"Varastossa"},"schema":{"@context":"https:\/\/schema.org","@graph":[{"@type":"WebPage","@id":"https:\/\/www.xn--tuksimaailm-ffb.ee\/fi\/shop\/xiaomi-kahvat-mi-m365-1s-pro-2-harmaa\/","url":"https:\/\/www.xn--tuksimaailm-ffb.ee\/fi\/shop\/xiaomi-kahvat-mi-m365-1s-pro-2-harmaa\/","name":"Xiaomi kahvat Mi M365 1S Pro 2 harmaa &#8212; T\u00f5uksimaailm","isPartOf":{"@id":"https:\/\/www.xn--tuksimaailm-ffb.ee\/fi\/#website"},"primaryImageOfPage":{"@id":"https:\/\/www.xn--tuksimaailm-ffb.ee\/fi\/shop\/xiaomi-kahvat-mi-m365-1s-pro-2-harmaa\/#primaryimage"},"image":{"@id":"https:\/\/www.xn--tuksimaailm-ffb.ee\/fi\/shop\/xiaomi-kahvat-mi-m365-1s-pro-2-harmaa\/#primaryimage"},"thumbnailUrl":"https:\/\/www.xn--tuksimaailm-ffb.ee\/wp-content\/uploads\/2021\/01\/xiaomi-ninebot-hallid-k\u00e4epidemed.jpg","datePublished":"2021-01-09T15:17:14+00:00","description":"Xiaomi k\u00e4epidemed, komplektis 2 silikoonist k\u00e4epidet, halli v\u00e4rvi, elektrit\u00f5ukerattale Xiaomi Mi M365, Xiaomi M365 Pro, Xiaomi Pro 2 \/ 1S.","breadcrumb":{"@id":"https:\/\/www.xn--tuksimaailm-ffb.ee\/fi\/shop\/xiaomi-kahvat-mi-m365-1s-pro-2-harmaa\/#breadcrumb"},"inLanguage":"fi","potentialAction":[{"@type":"ReadAction","target":["https:\/\/www.xn--tuksimaailm-ffb.ee\/fi\/shop\/xiaomi-kahvat-mi-m365-1s-pro-2-harmaa\/"]}]},{"@type":"ImageObject","inLanguage":"fi","@id":"https:\/\/www.xn--tuksimaailm-ffb.ee\/fi\/shop\/xiaomi-kahvat-mi-m365-1s-pro-2-harmaa\/#primaryimage","url":"https:\/\/www.xn--tuksimaailm-ffb.ee\/wp-content\/uploads\/2021\/01\/xiaomi-ninebot-hallid-k\u00e4epidemed.jpg","contentUrl":"https:\/\/www.xn--tuksimaailm-ffb.ee\/wp-content\/uploads\/2021\/01\/xiaomi-ninebot-hallid-k\u00e4epidemed.jpg","width":579,"height":425},{"@type":"BreadcrumbList","@id":"https:\/\/www.xn--tuksimaailm-ffb.ee\/fi\/shop\/xiaomi-kahvat-mi-m365-1s-pro-2-harmaa\/#breadcrumb","itemListElement":[{"@type":"ListItem","position":1,"name":"Home","item":"https:\/\/www.xn--tuksimaailm-ffb.ee\/fi\/kotisivu\/"},{"@type":"ListItem","position":2,"name":"Kauppa","item":"https:\/\/www.xn--tuksimaailm-ffb.ee\/elektritoukerataste-pood\/"},{"@type":"ListItem","position":3,"name":"Xiaomi kahvat Mi M365 1S Pro 2 harmaa"}]},{"@type":"WebSite","@id":"https:\/\/www.xn--tuksimaailm-ffb.ee\/fi\/#website","url":"https:\/\/www.xn--tuksimaailm-ffb.ee\/fi\/","name":"T\u00f5uksimaailm","description":"Elektrit\u00f5ukerataste m\u00fc\u00fck, remont ja rent","publisher":{"@id":"https:\/\/www.xn--tuksimaailm-ffb.ee\/fi\/#organization"},"potentialAction":[{"@type":"SearchAction","target":{"@type":"EntryPoint","urlTemplate":"https:\/\/www.xn--tuksimaailm-ffb.ee\/fi\/?s={search_term_string}"},"query-input":{"@type":"PropertyValueSpecification","valueRequired":true,"valueName":"search_term_string"}}],"inLanguage":"fi"},{"@type":"Organization","@id":"https:\/\/www.xn--tuksimaailm-ffb.ee\/fi\/#organization","name":"T\u00f5uksimaailm","url":"https:\/\/www.xn--tuksimaailm-ffb.ee\/fi\/","logo":{"@type":"ImageObject","inLanguage":"fi","@id":"https:\/\/www.xn--tuksimaailm-ffb.ee\/fi\/#\/schema\/logo\/image\/","url":"https:\/\/www.xn--tuksimaailm-ffb.ee\/wp-content\/uploads\/2020\/01\/logoz-e1579792875517.png","contentUrl":"https:\/\/www.xn--tuksimaailm-ffb.ee\/wp-content\/uploads\/2020\/01\/logoz-e1579792875517.png","width":250,"height":250,"caption":"T\u00f5uksimaailm"},"image":{"@id":"https:\/\/www.xn--tuksimaailm-ffb.ee\/fi\/#\/schema\/logo\/image\/"},"sameAs":["https:\/\/www.facebook.com\/touksimaailm\/","https:\/\/www.instagram.com\/touksimaailm_\/","https:\/\/www.youtube.com\/channel\/UC18ml0EKIDLP1xGuQjFzcXQ"]}]},"product_price_amount":"9.50","product_price_currency":"EUR","og_availability":"instock","product_availability":"instock","product_retailer_item_id":"KP-XIAOMI-HALL","product_condition":"new"},"jetpack_sharing_enabled":true,"_links":{"self":[{"href":"https:\/\/www.xn--tuksimaailm-ffb.ee\/fi\/wp-json\/wp\/v2\/product\/56845","targetHints":{"allow":["GET"]}}],"collection":[{"href":"https:\/\/www.xn--tuksimaailm-ffb.ee\/fi\/wp-json\/wp\/v2\/product"}],"about":[{"href":"https:\/\/www.xn--tuksimaailm-ffb.ee\/fi\/wp-json\/wp\/v2\/types\/product"}],"wp:featuredmedia":[{"embeddable":true,"href":"https:\/\/www.xn--tuksimaailm-ffb.ee\/fi\/wp-json\/wp\/v2\/media\/22399"}],"wp:attachment":[{"href":"https:\/\/www.xn--tuksimaailm-ffb.ee\/fi\/wp-json\/wp\/v2\/media?parent=56845"}],"wp:term":[{"taxonomy":"product_brand","embeddable":true,"href":"https:\/\/www.xn--tuksimaailm-ffb.ee\/fi\/wp-json\/wp\/v2\/product_brand?post=56845"},{"taxonomy":"product_cat","embeddable":true,"href":"https:\/\/www.xn--tuksimaailm-ffb.ee\/fi\/wp-json\/wp\/v2\/product_cat?post=56845"},{"taxonomy":"product_tag","embeddable":true,"href":"https:\/\/www.xn--tuksimaailm-ffb.ee\/fi\/wp-json\/wp\/v2\/product_tag?post=56845"},{"taxonomy":"filter_elektritoukeratas","embeddable":true,"href":"https:\/\/www.xn--tuksimaailm-ffb.ee\/fi\/wp-json\/wp\/v2\/filter_elektritoukeratas?post=56845"}],"curies":[{"name":"wp","href":"https:\/\/api.w.org\/{rel}","templated":true}]}}