{"id":56861,"date":"2021-01-09T15:53:48","date_gmt":"2021-01-09T13:53:48","guid":{"rendered":"http:\/\/www.xn--tuksimaailm-ffb.ee\/shop\/xiaomi-silikoni-naytonsuoja-tapauksessa-1s-pro-2\/"},"modified":"2021-01-09T15:53:48","modified_gmt":"2021-01-09T12:53:48","slug":"xiaomi-silikoni-naytonsuoja-tapauksessa-1s-pro-2","status":"publish","type":"product","link":"https:\/\/www.xn--tuksimaailm-ffb.ee\/fi\/shop\/xiaomi-silikoni-naytonsuoja-tapauksessa-1s-pro-2\/","title":{"rendered":"Xiaomi silikoni n\u00e4yt\u00f6nsuoja tapauksessa 1S Pro 2"},"content":{"rendered":"<p>Xiaomi silikoninen n\u00e4yt\u00f6nsuojakotelo (kuminen n\u00e4yt\u00f6nsuoja), joka auttaa suojaamaan n\u00e4ytt\u00f6\u00e4 mekaanisilta vaurioilta, sateelta ja vesivahingoilta. Saatavana <strong>mustana, valkoisena, keltaisena, punaisena ja sinisen\u00e4<\/strong>. Xiaomi s\u00e4hk\u00f6skootterin n\u00e4yt\u00f6n silikoninen n\u00e4yt\u00f6nsuojakotelo sopii suosittuun <a href=\"http:\/\/www.xn--tuksimaailm-ffb.ee\/shop\/elektritouks_xiaomi-360\/\"><strong>Xiaomi M365 s\u00e4hk\u00f6skootteriin<\/strong><\/a>. Se sopii my\u00f6s <a href=\"https:\/\/www.mi.com\/global\/mi-electric-scooter-1S\/\"><strong>Xiaomi Mi 1S ,<\/strong><\/a><a href=\"http:\/\/www.xn--tuksimaailm-ffb.ee\/shop\/elektriline-toukeratas-xiaomi-mi-m365-pro\/\"><strong>Xiaomi Mi M365 Pro ja<\/strong><\/a> <a href=\"https:\/\/www.mi.com\/global\/mi-electric-scooter-Pro2\/\"><strong>Xiaomi Mi Pro 2 sek\u00e4<\/strong><\/a> useimpien Xiaomi kloonien\/kopioiden (Macwheel, Sermangreen, Citiway, E-Wheels E2S V2, Xiaomi Essential ja monet muut) <strong>n\u00e4yt\u00f6nsuojaan <\/strong>. Jos Xiaomi-s\u00e4hk\u00f6skootterisi korjaaminen on ylivoimaista, <a href=\"http:\/\/www.xn--tuksimaailm-ffb.ee\/elektrilise-toukeratta-remont\/\"><strong>s\u00e4hk\u00f6skootteri korjaamomme voi auttaa<\/strong><\/a>.<\/p>\n","protected":false},"excerpt":{"rendered":"<p>Xiaomi silikoninen n\u00e4yt\u00f6nsuojakotelo (kuminen n\u00e4yt\u00f6nsuoja), joka auttaa suojaamaan n\u00e4ytt\u00f6\u00e4 mekaanisilta vaurioilta, sateelta ja vesivahingoilta. Saatavana mustana, valkoisena, keltaisena, punaisena ja sinisen\u00e4. Xiaomi s\u00e4hk\u00f6skootterin n\u00e4yt\u00f6n silikoninen n\u00e4yt\u00f6nsuojakotelo sopii suosittuun Xiaomi M365 s\u00e4hk\u00f6skootteriin. Se sopii my\u00f6s Xiaomi Mi 1S ,Xiaomi Mi M365 Pro ja Xiaomi Mi Pro 2 sek\u00e4 useimpien Xiaomi kloonien\/kopioiden &hellip;<\/p>\n","protected":false},"featured_media":22395,"template":"","meta":[],"product_brand":[],"product_cat":[1697],"product_tag":[3340],"filter_elektritoukeratas":[],"class_list":{"0":"post-56861","1":"product","2":"type-product","3":"status-publish","4":"has-post-thumbnail","6":"product_cat-lisavarusteet","7":"product_tag-ekraani-katted","8":"product_shipping_class-keskmine-pakk-fi","9":"pa_colour-keltainen","10":"pa_colour-musta","11":"pa_colour-punainen","12":"pa_colour-sininen","13":"pa_colour-vaalea","14":"pa_tootetuup-ekraani-katted-fi","16":"first","17":"instock","18":"taxable","19":"shipping-taxable","20":"purchasable","21":"product-type-variable"},"yoast_head":"<!-- This site is optimized with the Yoast SEO Premium plugin v26.8 (Yoast SEO v27.5) - https:\/\/yoast.com\/product\/yoast-seo-premium-wordpress\/ -->\n<title>Xiaomi silikoni n\u00e4yt\u00f6nsuoja tapauksessa 1S Pro 2 | T\u00f5uksimaailm<\/title>\n<meta name=\"description\" content=\"Xiaomi ekraani silikoon kaitse \u00fcmbris (kummist display kate, silikoon\u00fcmbris), kaitseb displeid mehaaniliste vigastuste, veekahjustuste eest\" \/>\n<meta name=\"robots\" content=\"index, follow, max-snippet:-1, max-image-preview:large, max-video-preview:-1\" \/>\n<link rel=\"canonical\" href=\"https:\/\/www.xn--tuksimaailm-ffb.ee\/fi\/shop\/xiaomi-silikoni-naytonsuoja-tapauksessa-1s-pro-2\/\" \/>\n<meta property=\"og:locale\" content=\"fi_FI\" \/>\n<meta property=\"og:type\" content=\"article\" \/>\n<meta property=\"og:title\" content=\"Xiaomi silikoni n\u00e4yt\u00f6nsuoja tapauksessa 1S Pro 2\" \/>\n<meta property=\"og:description\" content=\"Xiaomi ekraani silikoon kaitse \u00fcmbris (kummist display kate, silikoon\u00fcmbris), kaitseb displeid mehaaniliste vigastuste, veekahjustuste eest\" \/>\n<meta property=\"og:url\" content=\"https:\/\/www.xn--tuksimaailm-ffb.ee\/fi\/shop\/xiaomi-silikoni-naytonsuoja-tapauksessa-1s-pro-2\/\" \/>\n<meta property=\"og:site_name\" content=\"T\u00f5uksimaailm\" \/>\n<meta property=\"article:publisher\" content=\"https:\/\/www.facebook.com\/touksimaailm\/\" \/>\n<meta property=\"og:image\" content=\"https:\/\/www.xn--tuksimaailm-ffb.ee\/wp-content\/uploads\/2021\/01\/ekraani-silikoon-kaitse.jpg\" \/>\n\t<meta property=\"og:image:width\" content=\"641\" \/>\n\t<meta property=\"og:image:height\" content=\"591\" \/>\n\t<meta property=\"og:image:type\" content=\"image\/jpeg\" \/>\n<meta name=\"twitter:card\" content=\"summary_large_image\" \/>\n<meta name=\"twitter:label1\" content=\"Saatavuus\" \/>\n\t<meta name=\"twitter:data1\" content=\"Varastossa\" \/>\n<meta property=\"og:availability\" content=\"instock\" \/>\n<meta property=\"product:availability\" content=\"instock\" \/>\n<meta property=\"product:condition\" content=\"new\" \/>\n<!-- \/ Yoast SEO Premium plugin. -->","yoast_head_json":{"title":"Xiaomi silikoni n\u00e4yt\u00f6nsuoja tapauksessa 1S Pro 2 | T\u00f5uksimaailm","description":"Xiaomi ekraani silikoon kaitse \u00fcmbris (kummist display kate, silikoon\u00fcmbris), kaitseb displeid mehaaniliste vigastuste, veekahjustuste eest","robots":{"index":"index","follow":"follow","max-snippet":"max-snippet:-1","max-image-preview":"max-image-preview:large","max-video-preview":"max-video-preview:-1"},"canonical":"https:\/\/www.xn--tuksimaailm-ffb.ee\/fi\/shop\/xiaomi-silikoni-naytonsuoja-tapauksessa-1s-pro-2\/","og_locale":"fi_FI","og_type":"article","og_title":"Xiaomi silikoni n\u00e4yt\u00f6nsuoja tapauksessa 1S Pro 2","og_description":"Xiaomi ekraani silikoon kaitse \u00fcmbris (kummist display kate, silikoon\u00fcmbris), kaitseb displeid mehaaniliste vigastuste, veekahjustuste eest","og_url":"https:\/\/www.xn--tuksimaailm-ffb.ee\/fi\/shop\/xiaomi-silikoni-naytonsuoja-tapauksessa-1s-pro-2\/","og_site_name":"T\u00f5uksimaailm","article_publisher":"https:\/\/www.facebook.com\/touksimaailm\/","og_image":[{"width":641,"height":591,"url":"https:\/\/www.xn--tuksimaailm-ffb.ee\/wp-content\/uploads\/2021\/01\/ekraani-silikoon-kaitse.jpg","type":"image\/jpeg"}],"twitter_card":"summary_large_image","twitter_misc":{"Saatavuus":"Varastossa"},"schema":{"@context":"https:\/\/schema.org","@graph":[{"@type":"WebPage","@id":"https:\/\/www.xn--tuksimaailm-ffb.ee\/fi\/shop\/xiaomi-silikoni-naytonsuoja-tapauksessa-1s-pro-2\/","url":"https:\/\/www.xn--tuksimaailm-ffb.ee\/fi\/shop\/xiaomi-silikoni-naytonsuoja-tapauksessa-1s-pro-2\/","name":"Xiaomi silikoni n\u00e4yt\u00f6nsuoja tapauksessa 1S Pro 2 | T\u00f5uksimaailm","isPartOf":{"@id":"https:\/\/www.xn--tuksimaailm-ffb.ee\/fi\/#website"},"primaryImageOfPage":{"@id":"https:\/\/www.xn--tuksimaailm-ffb.ee\/fi\/shop\/xiaomi-silikoni-naytonsuoja-tapauksessa-1s-pro-2\/#primaryimage"},"image":{"@id":"https:\/\/www.xn--tuksimaailm-ffb.ee\/fi\/shop\/xiaomi-silikoni-naytonsuoja-tapauksessa-1s-pro-2\/#primaryimage"},"thumbnailUrl":"https:\/\/www.xn--tuksimaailm-ffb.ee\/wp-content\/uploads\/2021\/01\/ekraani-silikoon-kaitse.jpg","datePublished":"2021-01-09T13:53:48+00:00","description":"Xiaomi ekraani silikoon kaitse \u00fcmbris (kummist display kate, silikoon\u00fcmbris), kaitseb displeid mehaaniliste vigastuste, veekahjustuste eest","breadcrumb":{"@id":"https:\/\/www.xn--tuksimaailm-ffb.ee\/fi\/shop\/xiaomi-silikoni-naytonsuoja-tapauksessa-1s-pro-2\/#breadcrumb"},"inLanguage":"fi","potentialAction":[{"@type":"ReadAction","target":["https:\/\/www.xn--tuksimaailm-ffb.ee\/fi\/shop\/xiaomi-silikoni-naytonsuoja-tapauksessa-1s-pro-2\/"]}]},{"@type":"ImageObject","inLanguage":"fi","@id":"https:\/\/www.xn--tuksimaailm-ffb.ee\/fi\/shop\/xiaomi-silikoni-naytonsuoja-tapauksessa-1s-pro-2\/#primaryimage","url":"https:\/\/www.xn--tuksimaailm-ffb.ee\/wp-content\/uploads\/2021\/01\/ekraani-silikoon-kaitse.jpg","contentUrl":"https:\/\/www.xn--tuksimaailm-ffb.ee\/wp-content\/uploads\/2021\/01\/ekraani-silikoon-kaitse.jpg","width":641,"height":591},{"@type":"BreadcrumbList","@id":"https:\/\/www.xn--tuksimaailm-ffb.ee\/fi\/shop\/xiaomi-silikoni-naytonsuoja-tapauksessa-1s-pro-2\/#breadcrumb","itemListElement":[{"@type":"ListItem","position":1,"name":"Home","item":"https:\/\/www.xn--tuksimaailm-ffb.ee\/fi\/kotisivu\/"},{"@type":"ListItem","position":2,"name":"Kauppa","item":"https:\/\/www.xn--tuksimaailm-ffb.ee\/elektritoukerataste-pood\/"},{"@type":"ListItem","position":3,"name":"Xiaomi silikoni n\u00e4yt\u00f6nsuoja tapauksessa 1S Pro 2"}]},{"@type":"WebSite","@id":"https:\/\/www.xn--tuksimaailm-ffb.ee\/fi\/#website","url":"https:\/\/www.xn--tuksimaailm-ffb.ee\/fi\/","name":"T\u00f5uksimaailm","description":"Elektrit\u00f5ukerataste m\u00fc\u00fck, remont ja rent","publisher":{"@id":"https:\/\/www.xn--tuksimaailm-ffb.ee\/fi\/#organization"},"potentialAction":[{"@type":"SearchAction","target":{"@type":"EntryPoint","urlTemplate":"https:\/\/www.xn--tuksimaailm-ffb.ee\/fi\/?s={search_term_string}"},"query-input":{"@type":"PropertyValueSpecification","valueRequired":true,"valueName":"search_term_string"}}],"inLanguage":"fi"},{"@type":"Organization","@id":"https:\/\/www.xn--tuksimaailm-ffb.ee\/fi\/#organization","name":"T\u00f5uksimaailm","url":"https:\/\/www.xn--tuksimaailm-ffb.ee\/fi\/","logo":{"@type":"ImageObject","inLanguage":"fi","@id":"https:\/\/www.xn--tuksimaailm-ffb.ee\/fi\/#\/schema\/logo\/image\/","url":"https:\/\/www.xn--tuksimaailm-ffb.ee\/wp-content\/uploads\/2020\/01\/logoz-e1579792875517.png","contentUrl":"https:\/\/www.xn--tuksimaailm-ffb.ee\/wp-content\/uploads\/2020\/01\/logoz-e1579792875517.png","width":250,"height":250,"caption":"T\u00f5uksimaailm"},"image":{"@id":"https:\/\/www.xn--tuksimaailm-ffb.ee\/fi\/#\/schema\/logo\/image\/"},"sameAs":["https:\/\/www.facebook.com\/touksimaailm\/","https:\/\/www.instagram.com\/touksimaailm_\/","https:\/\/www.youtube.com\/channel\/UC18ml0EKIDLP1xGuQjFzcXQ"]}]},"og_availability":"instock","product_availability":"instock","product_condition":"new"},"jetpack_sharing_enabled":true,"_links":{"self":[{"href":"https:\/\/www.xn--tuksimaailm-ffb.ee\/fi\/wp-json\/wp\/v2\/product\/56861","targetHints":{"allow":["GET"]}}],"collection":[{"href":"https:\/\/www.xn--tuksimaailm-ffb.ee\/fi\/wp-json\/wp\/v2\/product"}],"about":[{"href":"https:\/\/www.xn--tuksimaailm-ffb.ee\/fi\/wp-json\/wp\/v2\/types\/product"}],"wp:featuredmedia":[{"embeddable":true,"href":"https:\/\/www.xn--tuksimaailm-ffb.ee\/fi\/wp-json\/wp\/v2\/media\/22395"}],"wp:attachment":[{"href":"https:\/\/www.xn--tuksimaailm-ffb.ee\/fi\/wp-json\/wp\/v2\/media?parent=56861"}],"wp:term":[{"taxonomy":"product_brand","embeddable":true,"href":"https:\/\/www.xn--tuksimaailm-ffb.ee\/fi\/wp-json\/wp\/v2\/product_brand?post=56861"},{"taxonomy":"product_cat","embeddable":true,"href":"https:\/\/www.xn--tuksimaailm-ffb.ee\/fi\/wp-json\/wp\/v2\/product_cat?post=56861"},{"taxonomy":"product_tag","embeddable":true,"href":"https:\/\/www.xn--tuksimaailm-ffb.ee\/fi\/wp-json\/wp\/v2\/product_tag?post=56861"},{"taxonomy":"filter_elektritoukeratas","embeddable":true,"href":"https:\/\/www.xn--tuksimaailm-ffb.ee\/fi\/wp-json\/wp\/v2\/filter_elektritoukeratas?post=56861"}],"curies":[{"name":"wp","href":"https:\/\/api.w.org\/{rel}","templated":true}]}}