{"id":56876,"date":"2020-05-07T16:54:20","date_gmt":"2020-05-07T13:54:20","guid":{"rendered":"http:\/\/www.xn--tuksimaailm-ffb.ee\/shop\/potkupyora-nuthill-linda-eol\/"},"modified":"2020-05-07T16:54:20","modified_gmt":"2020-05-07T13:54:20","slug":"potkupyora-nuthill-linda-eol","status":"publish","type":"product","link":"https:\/\/www.xn--tuksimaailm-ffb.ee\/fi\/shop\/potkupyora-nuthill-linda-eol\/","title":{"rendered":"Potkupy\u00f6r\u00e4 Nuthill Linda (EOL)"},"content":{"rendered":"<p>Linda on Nuthill on Virossa suunniteltu ja valmistettu skootteri. Ainutlaatuisen rungon omaava Linda on hitsattu yhteen kevyest\u00e4 ja pomminkest\u00e4v\u00e4st\u00e4 CROMO-ter\u00e4ksest\u00e4. Linda on sulavasti liikuteltava sen suurten py\u00f6rien ansiosta. Suuressa 28 tuuman etupy\u00f6r\u00e4ss\u00e4 ja 16 tuuman takapy\u00f6r\u00e4ss\u00e4 on puikot. Etu- ja takapy\u00f6riss\u00e4 on V-jarrut, joita n\u00e4kee my\u00f6s monissa kaupunkipy\u00f6riss\u00e4. Renkaissa on tyylik\u00e4s valkoinen vanne, ja ne ovat tarpeeksi paksut rullaamaan huonommillakin teill\u00e4. Tamminen jalusta, lokasuojat ja kahvat erottuvat varmasti kadulla. Lindan isompi versio on Avito. Lue lis\u00e4\u00e4 Nuthill-br\u00e4ndist\u00e4 <a href=\"http:\/\/www.nuthill.ee\/\">t\u00e4\u00e4lt\u00e4<\/a>.<\/p>\n","protected":false},"excerpt":{"rendered":"<p>Linda on Nuthill on Virossa suunniteltu ja valmistettu skootteri. Ainutlaatuisen rungon omaava Linda on hitsattu yhteen kevyest\u00e4 ja pomminkest\u00e4v\u00e4st\u00e4 CROMO-ter\u00e4ksest\u00e4. Linda on sulavasti liikuteltava sen suurten py\u00f6rien ansiosta. Suuressa 28 tuuman etupy\u00f6r\u00e4ss\u00e4 ja 16 tuuman takapy\u00f6r\u00e4ss\u00e4 on puikot. Etu- ja takapy\u00f6riss\u00e4 on V-jarrut, joita n\u00e4kee my\u00f6s monissa kaupunkipy\u00f6riss\u00e4. Renkaissa on &hellip;<\/p>\n","protected":false},"featured_media":22166,"template":"","meta":[],"product_brand":[],"product_cat":[1697],"product_tag":[],"filter_elektritoukeratas":[],"class_list":{"0":"post-56876","1":"product","2":"type-product","3":"status-publish","4":"has-post-thumbnail","6":"product_cat-lisavarusteet","7":"pa_colour-vihrea","9":"first","10":"outofstock","11":"taxable","12":"shipping-taxable","13":"purchasable","14":"product-type-simple"},"yoast_head":"<!-- This site is optimized with the Yoast SEO Premium plugin v26.8 (Yoast SEO v27.5) - https:\/\/yoast.com\/product\/yoast-seo-premium-wordpress\/ -->\n<title>Potkupy\u00f6r\u00e4 Nuthill Linda (EOL) &#8212; T\u00f5uksimaailm &#8212; Custon T\u00f5ukerattad<\/title>\n<meta name=\"description\" content=\"K\u00e4sit\u00f6\u00f6t\u00f5ukeratas Nuthill Linda on Eestis k\u00e4sit\u00f6\u00f6na valminud meistriteos. Suurte ratastega t\u00f5ukeratas on unikaalne ning ka disainilt v\u00f5rratu.\" \/>\n<meta name=\"robots\" content=\"index, follow, max-snippet:-1, max-image-preview:large, max-video-preview:-1\" \/>\n<link rel=\"canonical\" href=\"https:\/\/www.xn--tuksimaailm-ffb.ee\/fi\/shop\/potkupyora-nuthill-linda-eol\/\" \/>\n<meta property=\"og:locale\" content=\"fi_FI\" \/>\n<meta property=\"og:type\" content=\"article\" \/>\n<meta property=\"og:title\" content=\"Potkupy\u00f6r\u00e4 Nuthill Linda (EOL)\" \/>\n<meta property=\"og:description\" content=\"K\u00e4sit\u00f6\u00f6t\u00f5ukeratas Nuthill Linda on Eestis k\u00e4sit\u00f6\u00f6na valminud meistriteos. Suurte ratastega t\u00f5ukeratas on unikaalne ning ka disainilt v\u00f5rratu.\" \/>\n<meta property=\"og:url\" content=\"https:\/\/www.xn--tuksimaailm-ffb.ee\/fi\/shop\/potkupyora-nuthill-linda-eol\/\" \/>\n<meta property=\"og:site_name\" content=\"T\u00f5uksimaailm\" \/>\n<meta property=\"article:publisher\" content=\"https:\/\/www.facebook.com\/touksimaailm\/\" \/>\n<meta property=\"og:image\" content=\"https:\/\/www.xn--tuksimaailm-ffb.ee\/wp-content\/uploads\/2020\/05\/DSCF7247-1-scaled.jpg\" \/>\n\t<meta property=\"og:image:width\" content=\"2560\" \/>\n\t<meta property=\"og:image:height\" content=\"2231\" \/>\n\t<meta property=\"og:image:type\" content=\"image\/jpeg\" \/>\n<meta name=\"twitter:card\" content=\"summary_large_image\" \/>\n<meta name=\"twitter:label1\" content=\"Hinta\" \/>\n\t<meta name=\"twitter:data1\" content=\"&euro;599.00\" \/>\n\t<meta name=\"twitter:label2\" content=\"Saatavuus\" \/>\n\t<meta name=\"twitter:data2\" content=\"Loppu varastosta\" \/>\n<meta property=\"product:price:amount\" content=\"599.00\" \/>\n<meta property=\"product:price:currency\" content=\"EUR\" \/>\n<meta property=\"og:availability\" content=\"out of stock\" \/>\n<meta property=\"product:availability\" content=\"out of stock\" \/>\n<meta property=\"product:condition\" content=\"new\" \/>\n<!-- \/ Yoast SEO Premium plugin. -->","yoast_head_json":{"title":"Potkupy\u00f6r\u00e4 Nuthill Linda (EOL) &#8212; T\u00f5uksimaailm &#8212; Custon T\u00f5ukerattad","description":"K\u00e4sit\u00f6\u00f6t\u00f5ukeratas Nuthill Linda on Eestis k\u00e4sit\u00f6\u00f6na valminud meistriteos. Suurte ratastega t\u00f5ukeratas on unikaalne ning ka disainilt v\u00f5rratu.","robots":{"index":"index","follow":"follow","max-snippet":"max-snippet:-1","max-image-preview":"max-image-preview:large","max-video-preview":"max-video-preview:-1"},"canonical":"https:\/\/www.xn--tuksimaailm-ffb.ee\/fi\/shop\/potkupyora-nuthill-linda-eol\/","og_locale":"fi_FI","og_type":"article","og_title":"Potkupy\u00f6r\u00e4 Nuthill Linda (EOL)","og_description":"K\u00e4sit\u00f6\u00f6t\u00f5ukeratas Nuthill Linda on Eestis k\u00e4sit\u00f6\u00f6na valminud meistriteos. Suurte ratastega t\u00f5ukeratas on unikaalne ning ka disainilt v\u00f5rratu.","og_url":"https:\/\/www.xn--tuksimaailm-ffb.ee\/fi\/shop\/potkupyora-nuthill-linda-eol\/","og_site_name":"T\u00f5uksimaailm","article_publisher":"https:\/\/www.facebook.com\/touksimaailm\/","og_image":[{"width":2560,"height":2231,"url":"https:\/\/www.xn--tuksimaailm-ffb.ee\/wp-content\/uploads\/2020\/05\/DSCF7247-1-scaled.jpg","type":"image\/jpeg"}],"twitter_card":"summary_large_image","twitter_misc":{"Hinta":"&euro;599.00","Saatavuus":"Loppu varastosta"},"schema":{"@context":"https:\/\/schema.org","@graph":[{"@type":"WebPage","@id":"https:\/\/www.xn--tuksimaailm-ffb.ee\/fi\/shop\/potkupyora-nuthill-linda-eol\/","url":"https:\/\/www.xn--tuksimaailm-ffb.ee\/fi\/shop\/potkupyora-nuthill-linda-eol\/","name":"Potkupy\u00f6r\u00e4 Nuthill Linda (EOL) &#8212; T\u00f5uksimaailm &#8212; Custon T\u00f5ukerattad","isPartOf":{"@id":"https:\/\/www.xn--tuksimaailm-ffb.ee\/fi\/#website"},"primaryImageOfPage":{"@id":"https:\/\/www.xn--tuksimaailm-ffb.ee\/fi\/shop\/potkupyora-nuthill-linda-eol\/#primaryimage"},"image":{"@id":"https:\/\/www.xn--tuksimaailm-ffb.ee\/fi\/shop\/potkupyora-nuthill-linda-eol\/#primaryimage"},"thumbnailUrl":"https:\/\/www.xn--tuksimaailm-ffb.ee\/wp-content\/uploads\/2020\/05\/DSCF7247-1-scaled.jpg","datePublished":"2020-05-07T13:54:20+00:00","description":"K\u00e4sit\u00f6\u00f6t\u00f5ukeratas Nuthill Linda on Eestis k\u00e4sit\u00f6\u00f6na valminud meistriteos. Suurte ratastega t\u00f5ukeratas on unikaalne ning ka disainilt v\u00f5rratu.","breadcrumb":{"@id":"https:\/\/www.xn--tuksimaailm-ffb.ee\/fi\/shop\/potkupyora-nuthill-linda-eol\/#breadcrumb"},"inLanguage":"fi","potentialAction":[{"@type":"ReadAction","target":["https:\/\/www.xn--tuksimaailm-ffb.ee\/fi\/shop\/potkupyora-nuthill-linda-eol\/"]}]},{"@type":"ImageObject","inLanguage":"fi","@id":"https:\/\/www.xn--tuksimaailm-ffb.ee\/fi\/shop\/potkupyora-nuthill-linda-eol\/#primaryimage","url":"https:\/\/www.xn--tuksimaailm-ffb.ee\/wp-content\/uploads\/2020\/05\/DSCF7247-1-scaled.jpg","contentUrl":"https:\/\/www.xn--tuksimaailm-ffb.ee\/wp-content\/uploads\/2020\/05\/DSCF7247-1-scaled.jpg","width":2560,"height":2231},{"@type":"BreadcrumbList","@id":"https:\/\/www.xn--tuksimaailm-ffb.ee\/fi\/shop\/potkupyora-nuthill-linda-eol\/#breadcrumb","itemListElement":[{"@type":"ListItem","position":1,"name":"Home","item":"https:\/\/www.xn--tuksimaailm-ffb.ee\/fi\/kotisivu\/"},{"@type":"ListItem","position":2,"name":"Kauppa","item":"https:\/\/www.xn--tuksimaailm-ffb.ee\/elektritoukerataste-pood\/"},{"@type":"ListItem","position":3,"name":"Potkupy\u00f6r\u00e4 Nuthill Linda (EOL)"}]},{"@type":"WebSite","@id":"https:\/\/www.xn--tuksimaailm-ffb.ee\/fi\/#website","url":"https:\/\/www.xn--tuksimaailm-ffb.ee\/fi\/","name":"T\u00f5uksimaailm","description":"Elektrit\u00f5ukerataste m\u00fc\u00fck, remont ja rent","publisher":{"@id":"https:\/\/www.xn--tuksimaailm-ffb.ee\/fi\/#organization"},"potentialAction":[{"@type":"SearchAction","target":{"@type":"EntryPoint","urlTemplate":"https:\/\/www.xn--tuksimaailm-ffb.ee\/fi\/?s={search_term_string}"},"query-input":{"@type":"PropertyValueSpecification","valueRequired":true,"valueName":"search_term_string"}}],"inLanguage":"fi"},{"@type":"Organization","@id":"https:\/\/www.xn--tuksimaailm-ffb.ee\/fi\/#organization","name":"T\u00f5uksimaailm","url":"https:\/\/www.xn--tuksimaailm-ffb.ee\/fi\/","logo":{"@type":"ImageObject","inLanguage":"fi","@id":"https:\/\/www.xn--tuksimaailm-ffb.ee\/fi\/#\/schema\/logo\/image\/","url":"https:\/\/www.xn--tuksimaailm-ffb.ee\/wp-content\/uploads\/2020\/01\/logoz-e1579792875517.png","contentUrl":"https:\/\/www.xn--tuksimaailm-ffb.ee\/wp-content\/uploads\/2020\/01\/logoz-e1579792875517.png","width":250,"height":250,"caption":"T\u00f5uksimaailm"},"image":{"@id":"https:\/\/www.xn--tuksimaailm-ffb.ee\/fi\/#\/schema\/logo\/image\/"},"sameAs":["https:\/\/www.facebook.com\/touksimaailm\/","https:\/\/www.instagram.com\/touksimaailm_\/","https:\/\/www.youtube.com\/channel\/UC18ml0EKIDLP1xGuQjFzcXQ"]}]},"product_price_amount":"599.00","product_price_currency":"EUR","og_availability":"out of stock","product_availability":"out of stock","product_condition":"new"},"jetpack_sharing_enabled":true,"_links":{"self":[{"href":"https:\/\/www.xn--tuksimaailm-ffb.ee\/fi\/wp-json\/wp\/v2\/product\/56876","targetHints":{"allow":["GET"]}}],"collection":[{"href":"https:\/\/www.xn--tuksimaailm-ffb.ee\/fi\/wp-json\/wp\/v2\/product"}],"about":[{"href":"https:\/\/www.xn--tuksimaailm-ffb.ee\/fi\/wp-json\/wp\/v2\/types\/product"}],"wp:featuredmedia":[{"embeddable":true,"href":"https:\/\/www.xn--tuksimaailm-ffb.ee\/fi\/wp-json\/wp\/v2\/media\/22166"}],"wp:attachment":[{"href":"https:\/\/www.xn--tuksimaailm-ffb.ee\/fi\/wp-json\/wp\/v2\/media?parent=56876"}],"wp:term":[{"taxonomy":"product_brand","embeddable":true,"href":"https:\/\/www.xn--tuksimaailm-ffb.ee\/fi\/wp-json\/wp\/v2\/product_brand?post=56876"},{"taxonomy":"product_cat","embeddable":true,"href":"https:\/\/www.xn--tuksimaailm-ffb.ee\/fi\/wp-json\/wp\/v2\/product_cat?post=56876"},{"taxonomy":"product_tag","embeddable":true,"href":"https:\/\/www.xn--tuksimaailm-ffb.ee\/fi\/wp-json\/wp\/v2\/product_tag?post=56876"},{"taxonomy":"filter_elektritoukeratas","embeddable":true,"href":"https:\/\/www.xn--tuksimaailm-ffb.ee\/fi\/wp-json\/wp\/v2\/filter_elektritoukeratas?post=56876"}],"curies":[{"name":"wp","href":"https:\/\/api.w.org\/{rel}","templated":true}]}}