{"id":56882,"date":"2020-04-16T12:14:31","date_gmt":"2020-04-16T12:14:31","guid":{"rendered":"http:\/\/www.xn--tuksimaailm-ffb.ee\/shop\/kompakti-kytkinlukko-abus-bordo-5700\/"},"modified":"2020-04-16T12:14:31","modified_gmt":"2020-04-16T09:14:31","slug":"kompakti-kytkinlukko-abus-bordo-5700","status":"publish","type":"product","link":"https:\/\/www.xn--tuksimaailm-ffb.ee\/fi\/shop\/kompakti-kytkinlukko-abus-bordo-5700\/","title":{"rendered":"Kompakti kytkinlukko Abus Bordo 5700"},"content":{"rendered":"<p>Laadukas, kompakti, tyylik\u00e4s ja eritt\u00e4in turvallinen kytkinlukko <strong>Abus Bordo 5700 , musta<\/strong>, <strong>punainen ja voinvihre\u00e4<\/strong><strong>v\u00e4ri<\/strong>. Eritt\u00e4in kompakti kytkinlukko, joka voidaan helposti kiinnitt\u00e4\u00e4 ehdottomasti mink\u00e4 tahansa s\u00e4hk\u00f6potkulautan ohjaustankoon mukana tulevien hihnojen ja lukituslokeron avulla.<\/p>\n<p>Linkit ovat <strong>5 mm paksuja, eik\u00e4<\/strong> niit\u00e4 voi leikata l\u00e4pi edes suurimmilla kahvoilla. Ne ovat kuitenkin riitt\u00e4v\u00e4n kapeita, jotta ne mahtuvat mukavasti useimpien s\u00e4hk\u00f6potkulautojen (moottoroimattomien py\u00f6rien) vanteiden l\u00e4pi. T\u00e4m\u00e4 tekee lukitsemisesta nopeaa ja helppoa. Abus Bordo 5700:n pituus on <strong>800mm<\/strong>, lukon mukana tulee 2 <strong>avainta<\/strong>. Voit lukea lis\u00e4\u00e4 Abus Bordo 5700 -lukosta <a href=\"https:\/\/mobil.abus.com\/int\/on-road\/Highlights\/BORDO\/Folding-Locks\/uGrip-BORDO-5700-80-black?type=pdp\">valmistajan verkkosivuilta<\/a>.<\/p>\n","protected":false},"excerpt":{"rendered":"<p><a href=\"http:\/\/www.xn--tuksimaailm-ffb.ee\/kontakt\/\"><strong>L\u00f6ysitk\u00f6 paremman hinnan?<\/strong><\/a> <a href=\"http:\/\/www.xn--tuksimaailm-ffb.ee\/kontakt\/\"><strong>Kirjoita meille, niin teemme sinulle paremman tarjouksen!<\/strong><\/a><\/p>\n","protected":false},"featured_media":22136,"template":"","meta":[],"product_brand":[],"product_cat":[1697],"product_tag":[1721],"filter_elektritoukeratas":[],"class_list":{"0":"post-56882","1":"product","2":"type-product","3":"status-publish","4":"has-post-thumbnail","6":"product_cat-lisavarusteet","7":"product_tag-lukot","8":"pa_colour-musta","9":"pa_colour-punainen","10":"pa_colour-sininen","11":"pa_colour-vaaleanvihrea","12":"pa_tootetuup-lukot","14":"first","15":"outofstock","16":"taxable","17":"shipping-taxable","18":"purchasable","19":"product-type-variable"},"yoast_head":"<!-- This site is optimized with the Yoast SEO Premium plugin v26.8 (Yoast SEO v27.5) - https:\/\/yoast.com\/product\/yoast-seo-premium-wordpress\/ -->\n<title>Kompakti kytkinlukko Abus Bordo 5700 | T\u00f5uksimaailm | Lisavarustus<\/title>\n<meta name=\"description\" content=\"Saksa tootja Abus kvaliteetne, kompaktne, stiilne ja v\u00e4ga turvaline l\u00fclilukk Abus Bordo 5700, musta v\u00e4rvi. Elektrit\u00f5ukeratta lisavarustus \/ lukud.\" \/>\n<meta name=\"robots\" content=\"index, follow, max-snippet:-1, max-image-preview:large, max-video-preview:-1\" \/>\n<link rel=\"canonical\" href=\"https:\/\/www.xn--tuksimaailm-ffb.ee\/fi\/shop\/kompakti-kytkinlukko-abus-bordo-5700\/\" \/>\n<meta property=\"og:locale\" content=\"fi_FI\" \/>\n<meta property=\"og:type\" content=\"article\" \/>\n<meta property=\"og:title\" content=\"Kompakti kytkinlukko Abus Bordo 5700\" \/>\n<meta property=\"og:description\" content=\"Saksa tootja Abus kvaliteetne, kompaktne, stiilne ja v\u00e4ga turvaline l\u00fclilukk Abus Bordo 5700, musta v\u00e4rvi. Elektrit\u00f5ukeratta lisavarustus \/ lukud.\" \/>\n<meta property=\"og:url\" content=\"https:\/\/www.xn--tuksimaailm-ffb.ee\/fi\/shop\/kompakti-kytkinlukko-abus-bordo-5700\/\" \/>\n<meta property=\"og:site_name\" content=\"T\u00f5uksimaailm\" \/>\n<meta property=\"article:publisher\" content=\"https:\/\/www.facebook.com\/touksimaailm\/\" \/>\n<meta property=\"og:image\" content=\"https:\/\/www.xn--tuksimaailm-ffb.ee\/wp-content\/uploads\/2020\/04\/Abus-3.jpeg\" \/>\n\t<meta property=\"og:image:width\" content=\"1280\" \/>\n\t<meta property=\"og:image:height\" content=\"960\" \/>\n\t<meta property=\"og:image:type\" content=\"image\/jpeg\" \/>\n<meta name=\"twitter:card\" content=\"summary_large_image\" \/>\n<meta name=\"twitter:label1\" content=\"Saatavuus\" \/>\n\t<meta name=\"twitter:data1\" content=\"Loppu varastosta\" \/>\n<meta property=\"og:availability\" content=\"out of stock\" \/>\n<meta property=\"product:availability\" content=\"out of stock\" \/>\n<meta property=\"product:condition\" content=\"new\" \/>\n<!-- \/ Yoast SEO Premium plugin. -->","yoast_head_json":{"title":"Kompakti kytkinlukko Abus Bordo 5700 | T\u00f5uksimaailm | Lisavarustus","description":"Saksa tootja Abus kvaliteetne, kompaktne, stiilne ja v\u00e4ga turvaline l\u00fclilukk Abus Bordo 5700, musta v\u00e4rvi. Elektrit\u00f5ukeratta lisavarustus \/ lukud.","robots":{"index":"index","follow":"follow","max-snippet":"max-snippet:-1","max-image-preview":"max-image-preview:large","max-video-preview":"max-video-preview:-1"},"canonical":"https:\/\/www.xn--tuksimaailm-ffb.ee\/fi\/shop\/kompakti-kytkinlukko-abus-bordo-5700\/","og_locale":"fi_FI","og_type":"article","og_title":"Kompakti kytkinlukko Abus Bordo 5700","og_description":"Saksa tootja Abus kvaliteetne, kompaktne, stiilne ja v\u00e4ga turvaline l\u00fclilukk Abus Bordo 5700, musta v\u00e4rvi. Elektrit\u00f5ukeratta lisavarustus \/ lukud.","og_url":"https:\/\/www.xn--tuksimaailm-ffb.ee\/fi\/shop\/kompakti-kytkinlukko-abus-bordo-5700\/","og_site_name":"T\u00f5uksimaailm","article_publisher":"https:\/\/www.facebook.com\/touksimaailm\/","og_image":[{"width":1280,"height":960,"url":"https:\/\/www.xn--tuksimaailm-ffb.ee\/wp-content\/uploads\/2020\/04\/Abus-3.jpeg","type":"image\/jpeg"}],"twitter_card":"summary_large_image","twitter_misc":{"Saatavuus":"Loppu varastosta"},"schema":{"@context":"https:\/\/schema.org","@graph":[{"@type":"WebPage","@id":"https:\/\/www.xn--tuksimaailm-ffb.ee\/fi\/shop\/kompakti-kytkinlukko-abus-bordo-5700\/","url":"https:\/\/www.xn--tuksimaailm-ffb.ee\/fi\/shop\/kompakti-kytkinlukko-abus-bordo-5700\/","name":"Kompakti kytkinlukko Abus Bordo 5700 | T\u00f5uksimaailm | Lisavarustus","isPartOf":{"@id":"https:\/\/www.xn--tuksimaailm-ffb.ee\/fi\/#website"},"primaryImageOfPage":{"@id":"https:\/\/www.xn--tuksimaailm-ffb.ee\/fi\/shop\/kompakti-kytkinlukko-abus-bordo-5700\/#primaryimage"},"image":{"@id":"https:\/\/www.xn--tuksimaailm-ffb.ee\/fi\/shop\/kompakti-kytkinlukko-abus-bordo-5700\/#primaryimage"},"thumbnailUrl":"https:\/\/www.xn--tuksimaailm-ffb.ee\/wp-content\/uploads\/2020\/04\/Abus-3.jpeg","datePublished":"2020-04-16T12:14:31+00:00","description":"Saksa tootja Abus kvaliteetne, kompaktne, stiilne ja v\u00e4ga turvaline l\u00fclilukk Abus Bordo 5700, musta v\u00e4rvi. Elektrit\u00f5ukeratta lisavarustus \/ lukud.","breadcrumb":{"@id":"https:\/\/www.xn--tuksimaailm-ffb.ee\/fi\/shop\/kompakti-kytkinlukko-abus-bordo-5700\/#breadcrumb"},"inLanguage":"fi","potentialAction":[{"@type":"ReadAction","target":["https:\/\/www.xn--tuksimaailm-ffb.ee\/fi\/shop\/kompakti-kytkinlukko-abus-bordo-5700\/"]}]},{"@type":"ImageObject","inLanguage":"fi","@id":"https:\/\/www.xn--tuksimaailm-ffb.ee\/fi\/shop\/kompakti-kytkinlukko-abus-bordo-5700\/#primaryimage","url":"https:\/\/www.xn--tuksimaailm-ffb.ee\/wp-content\/uploads\/2020\/04\/Abus-3.jpeg","contentUrl":"https:\/\/www.xn--tuksimaailm-ffb.ee\/wp-content\/uploads\/2020\/04\/Abus-3.jpeg","width":1280,"height":960},{"@type":"BreadcrumbList","@id":"https:\/\/www.xn--tuksimaailm-ffb.ee\/fi\/shop\/kompakti-kytkinlukko-abus-bordo-5700\/#breadcrumb","itemListElement":[{"@type":"ListItem","position":1,"name":"Home","item":"https:\/\/www.xn--tuksimaailm-ffb.ee\/fi\/kotisivu\/"},{"@type":"ListItem","position":2,"name":"Kauppa","item":"https:\/\/www.xn--tuksimaailm-ffb.ee\/elektritoukerataste-pood\/"},{"@type":"ListItem","position":3,"name":"Kompakti kytkinlukko Abus Bordo 5700"}]},{"@type":"WebSite","@id":"https:\/\/www.xn--tuksimaailm-ffb.ee\/fi\/#website","url":"https:\/\/www.xn--tuksimaailm-ffb.ee\/fi\/","name":"T\u00f5uksimaailm","description":"Elektrit\u00f5ukerataste m\u00fc\u00fck, remont ja rent","publisher":{"@id":"https:\/\/www.xn--tuksimaailm-ffb.ee\/fi\/#organization"},"potentialAction":[{"@type":"SearchAction","target":{"@type":"EntryPoint","urlTemplate":"https:\/\/www.xn--tuksimaailm-ffb.ee\/fi\/?s={search_term_string}"},"query-input":{"@type":"PropertyValueSpecification","valueRequired":true,"valueName":"search_term_string"}}],"inLanguage":"fi"},{"@type":"Organization","@id":"https:\/\/www.xn--tuksimaailm-ffb.ee\/fi\/#organization","name":"T\u00f5uksimaailm","url":"https:\/\/www.xn--tuksimaailm-ffb.ee\/fi\/","logo":{"@type":"ImageObject","inLanguage":"fi","@id":"https:\/\/www.xn--tuksimaailm-ffb.ee\/fi\/#\/schema\/logo\/image\/","url":"https:\/\/www.xn--tuksimaailm-ffb.ee\/wp-content\/uploads\/2020\/01\/logoz-e1579792875517.png","contentUrl":"https:\/\/www.xn--tuksimaailm-ffb.ee\/wp-content\/uploads\/2020\/01\/logoz-e1579792875517.png","width":250,"height":250,"caption":"T\u00f5uksimaailm"},"image":{"@id":"https:\/\/www.xn--tuksimaailm-ffb.ee\/fi\/#\/schema\/logo\/image\/"},"sameAs":["https:\/\/www.facebook.com\/touksimaailm\/","https:\/\/www.instagram.com\/touksimaailm_\/","https:\/\/www.youtube.com\/channel\/UC18ml0EKIDLP1xGuQjFzcXQ"]}]},"og_availability":"out of stock","product_availability":"out of stock","product_condition":"new"},"jetpack_sharing_enabled":true,"_links":{"self":[{"href":"https:\/\/www.xn--tuksimaailm-ffb.ee\/fi\/wp-json\/wp\/v2\/product\/56882","targetHints":{"allow":["GET"]}}],"collection":[{"href":"https:\/\/www.xn--tuksimaailm-ffb.ee\/fi\/wp-json\/wp\/v2\/product"}],"about":[{"href":"https:\/\/www.xn--tuksimaailm-ffb.ee\/fi\/wp-json\/wp\/v2\/types\/product"}],"wp:featuredmedia":[{"embeddable":true,"href":"https:\/\/www.xn--tuksimaailm-ffb.ee\/fi\/wp-json\/wp\/v2\/media\/22136"}],"wp:attachment":[{"href":"https:\/\/www.xn--tuksimaailm-ffb.ee\/fi\/wp-json\/wp\/v2\/media?parent=56882"}],"wp:term":[{"taxonomy":"product_brand","embeddable":true,"href":"https:\/\/www.xn--tuksimaailm-ffb.ee\/fi\/wp-json\/wp\/v2\/product_brand?post=56882"},{"taxonomy":"product_cat","embeddable":true,"href":"https:\/\/www.xn--tuksimaailm-ffb.ee\/fi\/wp-json\/wp\/v2\/product_cat?post=56882"},{"taxonomy":"product_tag","embeddable":true,"href":"https:\/\/www.xn--tuksimaailm-ffb.ee\/fi\/wp-json\/wp\/v2\/product_tag?post=56882"},{"taxonomy":"filter_elektritoukeratas","embeddable":true,"href":"https:\/\/www.xn--tuksimaailm-ffb.ee\/fi\/wp-json\/wp\/v2\/filter_elektritoukeratas?post=56882"}],"curies":[{"name":"wp","href":"https:\/\/api.w.org\/{rel}","templated":true}]}}