{"id":56914,"date":"2020-04-11T17:59:03","date_gmt":"2020-04-11T14:59:03","guid":{"rendered":"http:\/\/www.xn--tuksimaailm-ffb.ee\/shop\/kolmipyorainen-skootteri-head-eol\/"},"modified":"2020-04-11T17:59:03","modified_gmt":"2020-04-11T14:59:03","slug":"kolmipyorainen-skootteri-head-eol","status":"publish","type":"product","link":"https:\/\/www.xn--tuksimaailm-ffb.ee\/fi\/shop\/kolmipyorainen-skootteri-head-eol\/","title":{"rendered":"Kolmipy\u00f6r\u00e4inen skootteri Head (EOL)"},"content":{"rendered":"<p>Kolmipy\u00f6r\u00e4inen vaaleanpunainen skootteri Head on jokaisen pienen lapsen unelmien ensimm\u00e4inen skootteri. Kolmipy\u00f6r\u00e4isen skootterin ansiosta pienten lasten on eritt\u00e4in helppo pit\u00e4\u00e4 tasapainonsa ja heid\u00e4n on vaikea kaatua. Kaksi isompaa etupy\u00f6r\u00e4\u00e4 auttavat pient\u00e4 aloittelijaa pit\u00e4m\u00e4\u00e4n tasapainonsa ja pienemm\u00e4ss\u00e4 takapy\u00f6r\u00e4ss\u00e4 on jalkatuki. Kolmipy\u00f6r\u00e4isen skootterin enimm\u00e4ispaino on 20 kg. Skootterin ohjaustanko on irrotettavissa skootterin istuimesta napin painalluksella. Pakattuna skootteri vie hyvin v\u00e4h\u00e4n tilaa, ja se on helppo s\u00e4ilytt\u00e4\u00e4 varastossa, auton tavaratilassa tai muualla. Suosittelemme, ett\u00e4 k\u00e4yt\u00e4t kyp\u00e4r\u00e4\u00e4 ja suojavarusteita skootterilla ajettaessa. Turvallisuus ensin!<\/p>\n","protected":false},"excerpt":{"rendered":"<p>Kolmipy\u00f6r\u00e4inen vaaleanpunainen skootteri Head on jokaisen pienen lapsen unelmien ensimm\u00e4inen skootteri. Kolmipy\u00f6r\u00e4isen skootterin ansiosta pienten lasten on eritt\u00e4in helppo pit\u00e4\u00e4 tasapainonsa ja heid\u00e4n on vaikea kaatua. Kaksi isompaa etupy\u00f6r\u00e4\u00e4 auttavat pient\u00e4 aloittelijaa pit\u00e4m\u00e4\u00e4n tasapainonsa ja pienemm\u00e4ss\u00e4 takapy\u00f6r\u00e4ss\u00e4 on jalkatuki. Kolmipy\u00f6r\u00e4isen skootterin enimm\u00e4ispaino on 20 kg. Skootterin ohjaustanko on irrotettavissa skootterin &hellip;<\/p>\n","protected":false},"featured_media":22091,"template":"","meta":[],"product_brand":[],"product_cat":[1697],"product_tag":[],"filter_elektritoukeratas":[],"class_list":{"0":"post-56914","1":"product","2":"type-product","3":"status-publish","4":"has-post-thumbnail","6":"product_cat-lisavarusteet","7":"pa_colour-vaaleapunainen","9":"first","10":"outofstock","11":"taxable","12":"shipping-taxable","13":"purchasable","14":"product-type-simple"},"yoast_head":"<!-- This site is optimized with the Yoast SEO Premium plugin v26.8 (Yoast SEO v27.5) - https:\/\/yoast.com\/product\/yoast-seo-premium-wordpress\/ -->\n<title>Kolmipy\u00f6r\u00e4inen skootteri Head (EOL) &#8212; T\u00f5uksimaailm - T\u00f5ukerattad pisematele<\/title>\n<meta name=\"description\" content=\"Kolmerattaline t\u00f5ukeratas Head on iga pisikese apse unistuste esimene t\u00f5ukeratas, millega on v\u00e4ga lihtne tasakaalu hoida.\" \/>\n<meta name=\"robots\" content=\"index, follow, max-snippet:-1, max-image-preview:large, max-video-preview:-1\" \/>\n<link rel=\"canonical\" href=\"https:\/\/www.xn--tuksimaailm-ffb.ee\/fi\/shop\/kolmipyorainen-skootteri-head-eol\/\" \/>\n<meta property=\"og:locale\" content=\"fi_FI\" \/>\n<meta property=\"og:type\" content=\"article\" \/>\n<meta property=\"og:title\" content=\"Kolmipy\u00f6r\u00e4inen skootteri Head (EOL)\" \/>\n<meta property=\"og:description\" content=\"Kolmerattaline t\u00f5ukeratas Head on iga pisikese apse unistuste esimene t\u00f5ukeratas, millega on v\u00e4ga lihtne tasakaalu hoida.\" \/>\n<meta property=\"og:url\" content=\"https:\/\/www.xn--tuksimaailm-ffb.ee\/fi\/shop\/kolmipyorainen-skootteri-head-eol\/\" \/>\n<meta property=\"og:site_name\" content=\"T\u00f5uksimaailm\" \/>\n<meta property=\"article:publisher\" content=\"https:\/\/www.facebook.com\/touksimaailm\/\" \/>\n<meta property=\"og:image\" content=\"https:\/\/www.xn--tuksimaailm-ffb.ee\/wp-content\/uploads\/2020\/04\/DSCF7060-scaled.jpg\" \/>\n\t<meta property=\"og:image:width\" content=\"1707\" \/>\n\t<meta property=\"og:image:height\" content=\"2560\" \/>\n\t<meta property=\"og:image:type\" content=\"image\/jpeg\" \/>\n<meta name=\"twitter:card\" content=\"summary_large_image\" \/>\n<meta name=\"twitter:label1\" content=\"Hinta\" \/>\n\t<meta name=\"twitter:data1\" content=\"&euro;39.00\" \/>\n\t<meta name=\"twitter:label2\" content=\"Saatavuus\" \/>\n\t<meta name=\"twitter:data2\" content=\"Loppu varastosta\" \/>\n<meta property=\"product:price:amount\" content=\"39.00\" \/>\n<meta property=\"product:price:currency\" content=\"EUR\" \/>\n<meta property=\"og:availability\" content=\"out of stock\" \/>\n<meta property=\"product:availability\" content=\"out of stock\" \/>\n<meta property=\"product:condition\" content=\"new\" \/>\n<!-- \/ Yoast SEO Premium plugin. -->","yoast_head_json":{"title":"Kolmipy\u00f6r\u00e4inen skootteri Head (EOL) &#8212; T\u00f5uksimaailm - T\u00f5ukerattad pisematele","description":"Kolmerattaline t\u00f5ukeratas Head on iga pisikese apse unistuste esimene t\u00f5ukeratas, millega on v\u00e4ga lihtne tasakaalu hoida.","robots":{"index":"index","follow":"follow","max-snippet":"max-snippet:-1","max-image-preview":"max-image-preview:large","max-video-preview":"max-video-preview:-1"},"canonical":"https:\/\/www.xn--tuksimaailm-ffb.ee\/fi\/shop\/kolmipyorainen-skootteri-head-eol\/","og_locale":"fi_FI","og_type":"article","og_title":"Kolmipy\u00f6r\u00e4inen skootteri Head (EOL)","og_description":"Kolmerattaline t\u00f5ukeratas Head on iga pisikese apse unistuste esimene t\u00f5ukeratas, millega on v\u00e4ga lihtne tasakaalu hoida.","og_url":"https:\/\/www.xn--tuksimaailm-ffb.ee\/fi\/shop\/kolmipyorainen-skootteri-head-eol\/","og_site_name":"T\u00f5uksimaailm","article_publisher":"https:\/\/www.facebook.com\/touksimaailm\/","og_image":[{"width":1707,"height":2560,"url":"https:\/\/www.xn--tuksimaailm-ffb.ee\/wp-content\/uploads\/2020\/04\/DSCF7060-scaled.jpg","type":"image\/jpeg"}],"twitter_card":"summary_large_image","twitter_misc":{"Hinta":"&euro;39.00","Saatavuus":"Loppu varastosta"},"schema":{"@context":"https:\/\/schema.org","@graph":[{"@type":"WebPage","@id":"https:\/\/www.xn--tuksimaailm-ffb.ee\/fi\/shop\/kolmipyorainen-skootteri-head-eol\/","url":"https:\/\/www.xn--tuksimaailm-ffb.ee\/fi\/shop\/kolmipyorainen-skootteri-head-eol\/","name":"Kolmipy\u00f6r\u00e4inen skootteri Head (EOL) &#8212; T\u00f5uksimaailm - T\u00f5ukerattad pisematele","isPartOf":{"@id":"https:\/\/www.xn--tuksimaailm-ffb.ee\/fi\/#website"},"primaryImageOfPage":{"@id":"https:\/\/www.xn--tuksimaailm-ffb.ee\/fi\/shop\/kolmipyorainen-skootteri-head-eol\/#primaryimage"},"image":{"@id":"https:\/\/www.xn--tuksimaailm-ffb.ee\/fi\/shop\/kolmipyorainen-skootteri-head-eol\/#primaryimage"},"thumbnailUrl":"https:\/\/www.xn--tuksimaailm-ffb.ee\/wp-content\/uploads\/2020\/04\/DSCF7060-scaled.jpg","datePublished":"2020-04-11T14:59:03+00:00","description":"Kolmerattaline t\u00f5ukeratas Head on iga pisikese apse unistuste esimene t\u00f5ukeratas, millega on v\u00e4ga lihtne tasakaalu hoida.","breadcrumb":{"@id":"https:\/\/www.xn--tuksimaailm-ffb.ee\/fi\/shop\/kolmipyorainen-skootteri-head-eol\/#breadcrumb"},"inLanguage":"fi","potentialAction":[{"@type":"ReadAction","target":["https:\/\/www.xn--tuksimaailm-ffb.ee\/fi\/shop\/kolmipyorainen-skootteri-head-eol\/"]}]},{"@type":"ImageObject","inLanguage":"fi","@id":"https:\/\/www.xn--tuksimaailm-ffb.ee\/fi\/shop\/kolmipyorainen-skootteri-head-eol\/#primaryimage","url":"https:\/\/www.xn--tuksimaailm-ffb.ee\/wp-content\/uploads\/2020\/04\/DSCF7060-scaled.jpg","contentUrl":"https:\/\/www.xn--tuksimaailm-ffb.ee\/wp-content\/uploads\/2020\/04\/DSCF7060-scaled.jpg","width":1707,"height":2560},{"@type":"BreadcrumbList","@id":"https:\/\/www.xn--tuksimaailm-ffb.ee\/fi\/shop\/kolmipyorainen-skootteri-head-eol\/#breadcrumb","itemListElement":[{"@type":"ListItem","position":1,"name":"Home","item":"https:\/\/www.xn--tuksimaailm-ffb.ee\/fi\/kotisivu\/"},{"@type":"ListItem","position":2,"name":"Kauppa","item":"https:\/\/www.xn--tuksimaailm-ffb.ee\/elektritoukerataste-pood\/"},{"@type":"ListItem","position":3,"name":"Kolmipy\u00f6r\u00e4inen skootteri Head (EOL)"}]},{"@type":"WebSite","@id":"https:\/\/www.xn--tuksimaailm-ffb.ee\/fi\/#website","url":"https:\/\/www.xn--tuksimaailm-ffb.ee\/fi\/","name":"T\u00f5uksimaailm","description":"Elektrit\u00f5ukerataste m\u00fc\u00fck, remont ja rent","publisher":{"@id":"https:\/\/www.xn--tuksimaailm-ffb.ee\/fi\/#organization"},"potentialAction":[{"@type":"SearchAction","target":{"@type":"EntryPoint","urlTemplate":"https:\/\/www.xn--tuksimaailm-ffb.ee\/fi\/?s={search_term_string}"},"query-input":{"@type":"PropertyValueSpecification","valueRequired":true,"valueName":"search_term_string"}}],"inLanguage":"fi"},{"@type":"Organization","@id":"https:\/\/www.xn--tuksimaailm-ffb.ee\/fi\/#organization","name":"T\u00f5uksimaailm","url":"https:\/\/www.xn--tuksimaailm-ffb.ee\/fi\/","logo":{"@type":"ImageObject","inLanguage":"fi","@id":"https:\/\/www.xn--tuksimaailm-ffb.ee\/fi\/#\/schema\/logo\/image\/","url":"https:\/\/www.xn--tuksimaailm-ffb.ee\/wp-content\/uploads\/2020\/01\/logoz-e1579792875517.png","contentUrl":"https:\/\/www.xn--tuksimaailm-ffb.ee\/wp-content\/uploads\/2020\/01\/logoz-e1579792875517.png","width":250,"height":250,"caption":"T\u00f5uksimaailm"},"image":{"@id":"https:\/\/www.xn--tuksimaailm-ffb.ee\/fi\/#\/schema\/logo\/image\/"},"sameAs":["https:\/\/www.facebook.com\/touksimaailm\/","https:\/\/www.instagram.com\/touksimaailm_\/","https:\/\/www.youtube.com\/channel\/UC18ml0EKIDLP1xGuQjFzcXQ"]}]},"product_price_amount":"39.00","product_price_currency":"EUR","og_availability":"out of stock","product_availability":"out of stock","product_condition":"new"},"jetpack_sharing_enabled":true,"_links":{"self":[{"href":"https:\/\/www.xn--tuksimaailm-ffb.ee\/fi\/wp-json\/wp\/v2\/product\/56914","targetHints":{"allow":["GET"]}}],"collection":[{"href":"https:\/\/www.xn--tuksimaailm-ffb.ee\/fi\/wp-json\/wp\/v2\/product"}],"about":[{"href":"https:\/\/www.xn--tuksimaailm-ffb.ee\/fi\/wp-json\/wp\/v2\/types\/product"}],"wp:featuredmedia":[{"embeddable":true,"href":"https:\/\/www.xn--tuksimaailm-ffb.ee\/fi\/wp-json\/wp\/v2\/media\/22091"}],"wp:attachment":[{"href":"https:\/\/www.xn--tuksimaailm-ffb.ee\/fi\/wp-json\/wp\/v2\/media?parent=56914"}],"wp:term":[{"taxonomy":"product_brand","embeddable":true,"href":"https:\/\/www.xn--tuksimaailm-ffb.ee\/fi\/wp-json\/wp\/v2\/product_brand?post=56914"},{"taxonomy":"product_cat","embeddable":true,"href":"https:\/\/www.xn--tuksimaailm-ffb.ee\/fi\/wp-json\/wp\/v2\/product_cat?post=56914"},{"taxonomy":"product_tag","embeddable":true,"href":"https:\/\/www.xn--tuksimaailm-ffb.ee\/fi\/wp-json\/wp\/v2\/product_tag?post=56914"},{"taxonomy":"filter_elektritoukeratas","embeddable":true,"href":"https:\/\/www.xn--tuksimaailm-ffb.ee\/fi\/wp-json\/wp\/v2\/filter_elektritoukeratas?post=56914"}],"curies":[{"name":"wp","href":"https:\/\/api.w.org\/{rel}","templated":true}]}}