{"id":56922,"date":"2020-04-04T16:15:35","date_gmt":"2020-04-04T13:15:35","guid":{"rendered":"http:\/\/www.xn--tuksimaailm-ffb.ee\/shop\/giyo-air-supply-lattiapumppu-jossa-on-manometri-eol\/"},"modified":"2020-04-04T16:15:35","modified_gmt":"2020-04-04T13:15:35","slug":"giyo-air-supply-lattiapumppu-jossa-on-manometri-eol","status":"publish","type":"product","link":"https:\/\/www.xn--tuksimaailm-ffb.ee\/fi\/shop\/giyo-air-supply-lattiapumppu-jossa-on-manometri-eol\/","title":{"rendered":"Giyo Air Supply lattiapumppu, jossa on manometri (EOL)"},"content":{"rendered":"<p>Korkean hy\u00f6tysuhteen alumiinikoteloinen <strong>lattiapumppu Giyo Air Supply GF-35P<\/strong>, <strong>jossa on painemittari<\/strong>. Giyo Air Supply -lattiapumppu on <strong>560 mm pitk\u00e4<\/strong> ja <strong>230 mm leve\u00e4<\/strong>, joten se on eritt\u00e4in vakaa pumpattaessa suurella nopeudella. Lattiapumpussa on suuri kahva, jonka ansiosta sit\u00e4 on helppo k\u00e4ytt\u00e4\u00e4 ja t\u00e4ytt\u00e4\u00e4 renkaat nopeasti. Suurin paine, joka renkaisiin voidaan pumpata, on <strong>11bar \/ 160PSI<\/strong>. S\u00e4hk\u00f6moottoripy\u00f6riss\u00e4 k\u00e4ytett\u00e4vien autoventtiilien (AV) lis\u00e4ksi pumpussa on suuttimet my\u00f6s Presta- (PV, \u201durheiluventtiili\u201d) ja Dunlop- (\u201dvanhanaikainen\u201d) polkupy\u00f6rien venttiilien pumppaamiseen. Koska s\u00e4hk\u00f6skootterin renkaiden mitat ja ilmatilavuus ovat sellaiset, ett\u00e4 ne ovat alttiita renkaan sis\u00e4isille repe\u00e4mille iskujen seurauksena, suosittelemme renkaiden paineiden tarkistamista kerran kahdessa viikossa tai ennen jokaista ajokertaa, jos s\u00e4hk\u00f6skootterilla ajetaan harvemmin. Renkaita t\u00e4ytett\u00e4ess\u00e4 suosittelemme painemittaripumppujen k\u00e4ytt\u00f6\u00e4, jotta voidaan varmistaa, ett\u00e4 renkaiden paine on t\u00e4sm\u00e4lleen s\u00e4hk\u00f6potkulautan valmistajan suosittelema. G <a href=\"http:\/\/www.xn--tuksimaailm-ffb.ee\/kontakt\/\">iy<\/a>o Air Supply -lattiapumppu, muita pumppuja ja muita tarvikkeita on saatavilla myym\u00e4l\u00e4ss\u00e4mme .<\/p>\n","protected":false},"excerpt":{"rendered":"<p>Korkean hy\u00f6tysuhteen alumiinikoteloinen lattiapumppu Giyo Air Supply GF-35P, jossa on painemittari. Giyo Air Supply -lattiapumppu on 560 mm pitk\u00e4 ja 230 mm leve\u00e4, joten se on eritt\u00e4in vakaa pumpattaessa suurella nopeudella. Lattiapumpussa on suuri kahva, jonka ansiosta sit\u00e4 on helppo k\u00e4ytt\u00e4\u00e4 ja t\u00e4ytt\u00e4\u00e4 renkaat nopeasti. Suurin paine, joka renkaisiin voidaan &hellip;<\/p>\n","protected":false},"featured_media":22059,"template":"","meta":[],"product_brand":[],"product_cat":[1697,2949],"product_tag":[3279],"filter_elektritoukeratas":[],"class_list":{"0":"post-56922","1":"product","2":"type-product","3":"status-publish","4":"has-post-thumbnail","6":"product_cat-lisavarusteet","7":"product_cat-tyokalut-ja-tarvikkeet","8":"product_tag-pumbad","9":"pa_tootetuup-pumput","11":"first","12":"outofstock","13":"taxable","14":"shipping-taxable","15":"purchasable","16":"product-type-simple"},"yoast_head":"<!-- This site is optimized with the Yoast SEO Premium plugin v26.8 (Yoast SEO v27.5) - https:\/\/yoast.com\/product\/yoast-seo-premium-wordpress\/ -->\n<title>Giyo Air Supply lattiapumppu, jossa on manometri (EOL) | T\u00f5uksimaailm<\/title>\n<meta name=\"description\" content=\"V\u00e4ga t\u00f5hus alumiiniumist korpusega p\u00f5randapump Giyo Air Supply manomeetriga. 230mm laiune p\u00f5hi teeb pumba kiirel pumpamisel stabiilseks.\" \/>\n<meta name=\"robots\" content=\"index, follow, max-snippet:-1, max-image-preview:large, max-video-preview:-1\" \/>\n<link rel=\"canonical\" href=\"https:\/\/www.xn--tuksimaailm-ffb.ee\/fi\/shop\/giyo-air-supply-lattiapumppu-jossa-on-manometri-eol\/\" \/>\n<meta property=\"og:locale\" content=\"fi_FI\" \/>\n<meta property=\"og:type\" content=\"article\" \/>\n<meta property=\"og:title\" content=\"Giyo Air Supply lattiapumppu, jossa on manometri (EOL)\" \/>\n<meta property=\"og:description\" content=\"V\u00e4ga t\u00f5hus alumiiniumist korpusega p\u00f5randapump Giyo Air Supply manomeetriga. 230mm laiune p\u00f5hi teeb pumba kiirel pumpamisel stabiilseks.\" \/>\n<meta property=\"og:url\" content=\"https:\/\/www.xn--tuksimaailm-ffb.ee\/fi\/shop\/giyo-air-supply-lattiapumppu-jossa-on-manometri-eol\/\" \/>\n<meta property=\"og:site_name\" content=\"T\u00f5uksimaailm\" \/>\n<meta property=\"article:publisher\" content=\"https:\/\/www.facebook.com\/touksimaailm\/\" \/>\n<meta property=\"og:image\" content=\"https:\/\/www.XN--TUKSIMAAILM-FFB.EE\/wp-content\/uploads\/2020\/04\/pp-gf35p.jpg\" \/>\n\t<meta property=\"og:image:width\" content=\"800\" \/>\n\t<meta property=\"og:image:height\" content=\"600\" \/>\n\t<meta property=\"og:image:type\" content=\"image\/jpeg\" \/>\n<meta name=\"twitter:card\" content=\"summary_large_image\" \/>\n<meta name=\"twitter:label1\" content=\"Hinta\" \/>\n\t<meta name=\"twitter:data1\" content=\"&euro;37.70\" \/>\n\t<meta name=\"twitter:label2\" content=\"Saatavuus\" \/>\n\t<meta name=\"twitter:data2\" content=\"Loppu varastosta\" \/>\n<meta property=\"product:price:amount\" content=\"37.70\" \/>\n<meta property=\"product:price:currency\" content=\"EUR\" \/>\n<meta property=\"og:availability\" content=\"out of stock\" \/>\n<meta property=\"product:availability\" content=\"out of stock\" \/>\n<meta property=\"product:condition\" content=\"new\" \/>\n<!-- \/ Yoast SEO Premium plugin. -->","yoast_head_json":{"title":"Giyo Air Supply lattiapumppu, jossa on manometri (EOL) | T\u00f5uksimaailm","description":"V\u00e4ga t\u00f5hus alumiiniumist korpusega p\u00f5randapump Giyo Air Supply manomeetriga. 230mm laiune p\u00f5hi teeb pumba kiirel pumpamisel stabiilseks.","robots":{"index":"index","follow":"follow","max-snippet":"max-snippet:-1","max-image-preview":"max-image-preview:large","max-video-preview":"max-video-preview:-1"},"canonical":"https:\/\/www.xn--tuksimaailm-ffb.ee\/fi\/shop\/giyo-air-supply-lattiapumppu-jossa-on-manometri-eol\/","og_locale":"fi_FI","og_type":"article","og_title":"Giyo Air Supply lattiapumppu, jossa on manometri (EOL)","og_description":"V\u00e4ga t\u00f5hus alumiiniumist korpusega p\u00f5randapump Giyo Air Supply manomeetriga. 230mm laiune p\u00f5hi teeb pumba kiirel pumpamisel stabiilseks.","og_url":"https:\/\/www.xn--tuksimaailm-ffb.ee\/fi\/shop\/giyo-air-supply-lattiapumppu-jossa-on-manometri-eol\/","og_site_name":"T\u00f5uksimaailm","article_publisher":"https:\/\/www.facebook.com\/touksimaailm\/","og_image":[{"width":800,"height":600,"url":"https:\/\/www.XN--TUKSIMAAILM-FFB.EE\/wp-content\/uploads\/2020\/04\/pp-gf35p.jpg","type":"image\/jpeg"}],"twitter_card":"summary_large_image","twitter_misc":{"Hinta":"&euro;37.70","Saatavuus":"Loppu varastosta"},"schema":{"@context":"https:\/\/schema.org","@graph":[{"@type":"WebPage","@id":"https:\/\/www.xn--tuksimaailm-ffb.ee\/fi\/shop\/giyo-air-supply-lattiapumppu-jossa-on-manometri-eol\/","url":"https:\/\/www.xn--tuksimaailm-ffb.ee\/fi\/shop\/giyo-air-supply-lattiapumppu-jossa-on-manometri-eol\/","name":"Giyo Air Supply lattiapumppu, jossa on manometri (EOL) | T\u00f5uksimaailm","isPartOf":{"@id":"https:\/\/www.xn--tuksimaailm-ffb.ee\/fi\/#website"},"primaryImageOfPage":{"@id":"https:\/\/www.xn--tuksimaailm-ffb.ee\/fi\/shop\/giyo-air-supply-lattiapumppu-jossa-on-manometri-eol\/#primaryimage"},"image":{"@id":"https:\/\/www.xn--tuksimaailm-ffb.ee\/fi\/shop\/giyo-air-supply-lattiapumppu-jossa-on-manometri-eol\/#primaryimage"},"thumbnailUrl":"https:\/\/www.xn--tuksimaailm-ffb.ee\/wp-content\/uploads\/2020\/04\/pp-gf35p.jpg","datePublished":"2020-04-04T13:15:35+00:00","description":"V\u00e4ga t\u00f5hus alumiiniumist korpusega p\u00f5randapump Giyo Air Supply manomeetriga. 230mm laiune p\u00f5hi teeb pumba kiirel pumpamisel stabiilseks.","breadcrumb":{"@id":"https:\/\/www.xn--tuksimaailm-ffb.ee\/fi\/shop\/giyo-air-supply-lattiapumppu-jossa-on-manometri-eol\/#breadcrumb"},"inLanguage":"fi","potentialAction":[{"@type":"ReadAction","target":["https:\/\/www.xn--tuksimaailm-ffb.ee\/fi\/shop\/giyo-air-supply-lattiapumppu-jossa-on-manometri-eol\/"]}]},{"@type":"ImageObject","inLanguage":"fi","@id":"https:\/\/www.xn--tuksimaailm-ffb.ee\/fi\/shop\/giyo-air-supply-lattiapumppu-jossa-on-manometri-eol\/#primaryimage","url":"https:\/\/www.xn--tuksimaailm-ffb.ee\/wp-content\/uploads\/2020\/04\/pp-gf35p.jpg","contentUrl":"https:\/\/www.xn--tuksimaailm-ffb.ee\/wp-content\/uploads\/2020\/04\/pp-gf35p.jpg","width":800,"height":600},{"@type":"BreadcrumbList","@id":"https:\/\/www.xn--tuksimaailm-ffb.ee\/fi\/shop\/giyo-air-supply-lattiapumppu-jossa-on-manometri-eol\/#breadcrumb","itemListElement":[{"@type":"ListItem","position":1,"name":"Home","item":"https:\/\/www.xn--tuksimaailm-ffb.ee\/fi\/kotisivu\/"},{"@type":"ListItem","position":2,"name":"Kauppa","item":"https:\/\/www.xn--tuksimaailm-ffb.ee\/elektritoukerataste-pood\/"},{"@type":"ListItem","position":3,"name":"Giyo Air Supply lattiapumppu, jossa on manometri (EOL)"}]},{"@type":"WebSite","@id":"https:\/\/www.xn--tuksimaailm-ffb.ee\/fi\/#website","url":"https:\/\/www.xn--tuksimaailm-ffb.ee\/fi\/","name":"T\u00f5uksimaailm","description":"Elektrit\u00f5ukerataste m\u00fc\u00fck, remont ja rent","publisher":{"@id":"https:\/\/www.xn--tuksimaailm-ffb.ee\/fi\/#organization"},"potentialAction":[{"@type":"SearchAction","target":{"@type":"EntryPoint","urlTemplate":"https:\/\/www.xn--tuksimaailm-ffb.ee\/fi\/?s={search_term_string}"},"query-input":{"@type":"PropertyValueSpecification","valueRequired":true,"valueName":"search_term_string"}}],"inLanguage":"fi"},{"@type":"Organization","@id":"https:\/\/www.xn--tuksimaailm-ffb.ee\/fi\/#organization","name":"T\u00f5uksimaailm","url":"https:\/\/www.xn--tuksimaailm-ffb.ee\/fi\/","logo":{"@type":"ImageObject","inLanguage":"fi","@id":"https:\/\/www.xn--tuksimaailm-ffb.ee\/fi\/#\/schema\/logo\/image\/","url":"https:\/\/www.xn--tuksimaailm-ffb.ee\/wp-content\/uploads\/2020\/01\/logoz-e1579792875517.png","contentUrl":"https:\/\/www.xn--tuksimaailm-ffb.ee\/wp-content\/uploads\/2020\/01\/logoz-e1579792875517.png","width":250,"height":250,"caption":"T\u00f5uksimaailm"},"image":{"@id":"https:\/\/www.xn--tuksimaailm-ffb.ee\/fi\/#\/schema\/logo\/image\/"},"sameAs":["https:\/\/www.facebook.com\/touksimaailm\/","https:\/\/www.instagram.com\/touksimaailm_\/","https:\/\/www.youtube.com\/channel\/UC18ml0EKIDLP1xGuQjFzcXQ"]}]},"product_price_amount":"37.70","product_price_currency":"EUR","og_availability":"out of stock","product_availability":"out of stock","product_condition":"new"},"jetpack_sharing_enabled":true,"_links":{"self":[{"href":"https:\/\/www.xn--tuksimaailm-ffb.ee\/fi\/wp-json\/wp\/v2\/product\/56922","targetHints":{"allow":["GET"]}}],"collection":[{"href":"https:\/\/www.xn--tuksimaailm-ffb.ee\/fi\/wp-json\/wp\/v2\/product"}],"about":[{"href":"https:\/\/www.xn--tuksimaailm-ffb.ee\/fi\/wp-json\/wp\/v2\/types\/product"}],"wp:featuredmedia":[{"embeddable":true,"href":"https:\/\/www.xn--tuksimaailm-ffb.ee\/fi\/wp-json\/wp\/v2\/media\/22059"}],"wp:attachment":[{"href":"https:\/\/www.xn--tuksimaailm-ffb.ee\/fi\/wp-json\/wp\/v2\/media?parent=56922"}],"wp:term":[{"taxonomy":"product_brand","embeddable":true,"href":"https:\/\/www.xn--tuksimaailm-ffb.ee\/fi\/wp-json\/wp\/v2\/product_brand?post=56922"},{"taxonomy":"product_cat","embeddable":true,"href":"https:\/\/www.xn--tuksimaailm-ffb.ee\/fi\/wp-json\/wp\/v2\/product_cat?post=56922"},{"taxonomy":"product_tag","embeddable":true,"href":"https:\/\/www.xn--tuksimaailm-ffb.ee\/fi\/wp-json\/wp\/v2\/product_tag?post=56922"},{"taxonomy":"filter_elektritoukeratas","embeddable":true,"href":"https:\/\/www.xn--tuksimaailm-ffb.ee\/fi\/wp-json\/wp\/v2\/filter_elektritoukeratas?post=56922"}],"curies":[{"name":"wp","href":"https:\/\/api.w.org\/{rel}","templated":true}]}}