{"id":56939,"date":"2020-04-04T11:57:50","date_gmt":"2020-04-04T08:57:50","guid":{"rendered":"http:\/\/www.xn--tuksimaailm-ffb.ee\/shop\/kypara-headgy-swift-l-sininen-harmaa-eol\/"},"modified":"2020-04-04T11:57:50","modified_gmt":"2020-04-04T08:57:50","slug":"kypara-headgy-swift-l-sininen-harmaa-eol","status":"publish","type":"product","link":"https:\/\/www.xn--tuksimaailm-ffb.ee\/fi\/shop\/kypara-headgy-swift-l-sininen-harmaa-eol\/","title":{"rendered":"Kyp\u00e4r\u00e4 Headgy Swift L sininen-harmaa (EOL)"},"content":{"rendered":"<p>Aikuisten kyp\u00e4r\u00e4 <strong>Headgy Swift<\/strong>, koko L <strong>(p\u00e4\u00e4n koko 58-62cm) , v\u00e4ri<\/strong> sininen\/harmaa <strong>\/oranssi<\/strong>. Headgy Swift on laadukas, kevyt ja mukava kyp\u00e4r\u00e4 aikuisille. Kyp\u00e4r\u00e4ss\u00e4 on s\u00e4\u00e4dett\u00e4v\u00e4 pituus ja helposti suljettava kiinnityshihna, jonka avulla kyp\u00e4r\u00e4 kiinnittyy turvallisesti p\u00e4\u00e4h\u00e4n. Ilmastointiaukot takaavat hyv\u00e4n j\u00e4\u00e4hdytyksen ja ilmankierron. Kyp\u00e4r\u00e4ss\u00e4 on irrotettava nokka, joka suojaa silmi\u00e4 auringolta, lialta ja p\u00f6lylt\u00e4. S\u00e4hk\u00f6ll\u00e4 ajaminen tarkoittaa my\u00f6s suurempia nopeuksia, ja jos kosketat maata, vain kyp\u00e4r\u00e4 voi pelastaa sinut suurilta vammoilta. Siksi suosittelemme, ett\u00e4 k\u00e4yt\u00e4t aina kyp\u00e4r\u00e4\u00e4! Turvallisuus ensin! Kyp\u00e4r\u00e4\u00e4 valittaessa on t\u00e4rke\u00e4\u00e4 l\u00f6yt\u00e4\u00e4 t\u00e4ydellinen istuvuus, joten suosittelemme, ett\u00e4 tulet myym\u00e4l\u00e4\u00e4mme <a href=\"http:\/\/www.xn--tuksimaailm-ffb.ee\/kontakt\/\">valitsemaan<\/a> sinulle parhaiten sopivan kyp\u00e4r\u00e4n.<\/p>\n","protected":false},"excerpt":{"rendered":"<p>Aikuisten kyp\u00e4r\u00e4 Headgy Swift, koko L (p\u00e4\u00e4n koko 58-62cm) , v\u00e4ri sininen\/harmaa \/oranssi. Headgy Swift on laadukas, kevyt ja mukava kyp\u00e4r\u00e4 aikuisille. Kyp\u00e4r\u00e4ss\u00e4 on s\u00e4\u00e4dett\u00e4v\u00e4 pituus ja helposti suljettava kiinnityshihna, jonka avulla kyp\u00e4r\u00e4 kiinnittyy turvallisesti p\u00e4\u00e4h\u00e4n. Ilmastointiaukot takaavat hyv\u00e4n j\u00e4\u00e4hdytyksen ja ilmankierron. Kyp\u00e4r\u00e4ss\u00e4 on irrotettava nokka, joka suojaa silmi\u00e4 auringolta, &hellip;<\/p>\n","protected":false},"featured_media":22053,"template":"","meta":[],"product_brand":[],"product_cat":[1697],"product_tag":[1715],"filter_elektritoukeratas":[],"class_list":{"0":"post-56939","1":"product","2":"type-product","3":"status-publish","4":"has-post-thumbnail","6":"product_cat-lisavarusteet","7":"product_tag-kyparat","8":"pa_colour-musta","9":"pa_colour-oranssi","10":"pa_colour-vaalea","11":"pa_size-l-iso","12":"pa_size-m-keskimaarainen","13":"pa_size-s-pieni","14":"pa_tootetuup-kyparat","16":"first","17":"outofstock","18":"taxable","19":"shipping-taxable","20":"purchasable","21":"product-type-simple"},"yoast_head":"<!-- This site is optimized with the Yoast SEO Premium plugin v26.8 (Yoast SEO v27.3) - https:\/\/yoast.com\/product\/yoast-seo-premium-wordpress\/ -->\n<title>Kyp\u00e4r\u00e4 Headgy Swift L sininen-harmaa (EOL) | T\u00f5uksimaailm | Lisad<\/title>\n<meta name=\"description\" content=\"Kiiver t\u00e4iskasvanule Headgy Swift, suurus L, v\u00e4rv roosa\/hall\/valge. Sportlik Headgy Swift on kvaliteetne ja mugav kiiver t\u00e4iskasvanule.\" \/>\n<meta name=\"robots\" content=\"index, follow, max-snippet:-1, max-image-preview:large, max-video-preview:-1\" \/>\n<link rel=\"canonical\" href=\"https:\/\/www.xn--tuksimaailm-ffb.ee\/fi\/shop\/kypara-headgy-swift-l-sininen-harmaa-eol\/\" \/>\n<meta property=\"og:locale\" content=\"fi_FI\" \/>\n<meta property=\"og:type\" content=\"article\" \/>\n<meta property=\"og:title\" content=\"Kyp\u00e4r\u00e4 Headgy Swift L sininen-harmaa (EOL)\" \/>\n<meta property=\"og:description\" content=\"Kiiver t\u00e4iskasvanule Headgy Swift, suurus L, v\u00e4rv roosa\/hall\/valge. Sportlik Headgy Swift on kvaliteetne ja mugav kiiver t\u00e4iskasvanule.\" \/>\n<meta property=\"og:url\" content=\"https:\/\/www.xn--tuksimaailm-ffb.ee\/fi\/shop\/kypara-headgy-swift-l-sininen-harmaa-eol\/\" \/>\n<meta property=\"og:site_name\" content=\"T\u00f5uksimaailm\" \/>\n<meta property=\"article:publisher\" content=\"https:\/\/www.facebook.com\/touksimaailm\/\" \/>\n<meta property=\"og:image\" content=\"https:\/\/www.xn--tuksimaailm-ffb.ee\/wp-content\/uploads\/2020\/04\/rattakiiver-headgy-swift-l-58-62cm-hall-sinine-oranz-hm-5862-swift-hso.jpg\" \/>\n\t<meta property=\"og:image:width\" content=\"800\" \/>\n\t<meta property=\"og:image:height\" content=\"600\" \/>\n\t<meta property=\"og:image:type\" content=\"image\/jpeg\" \/>\n<meta name=\"twitter:card\" content=\"summary_large_image\" \/>\n<meta name=\"twitter:label1\" content=\"Hinta\" \/>\n\t<meta name=\"twitter:data1\" content=\"&euro;35.00\" \/>\n\t<meta name=\"twitter:label2\" content=\"Saatavuus\" \/>\n\t<meta name=\"twitter:data2\" content=\"Loppu varastosta\" \/>\n<meta property=\"product:price:amount\" content=\"35.00\" \/>\n<meta property=\"product:price:currency\" content=\"EUR\" \/>\n<meta property=\"og:availability\" content=\"out of stock\" \/>\n<meta property=\"product:availability\" content=\"out of stock\" \/>\n<meta property=\"product:condition\" content=\"new\" \/>\n<!-- \/ Yoast SEO Premium plugin. -->","yoast_head_json":{"title":"Kyp\u00e4r\u00e4 Headgy Swift L sininen-harmaa (EOL) | T\u00f5uksimaailm | Lisad","description":"Kiiver t\u00e4iskasvanule Headgy Swift, suurus L, v\u00e4rv roosa\/hall\/valge. Sportlik Headgy Swift on kvaliteetne ja mugav kiiver t\u00e4iskasvanule.","robots":{"index":"index","follow":"follow","max-snippet":"max-snippet:-1","max-image-preview":"max-image-preview:large","max-video-preview":"max-video-preview:-1"},"canonical":"https:\/\/www.xn--tuksimaailm-ffb.ee\/fi\/shop\/kypara-headgy-swift-l-sininen-harmaa-eol\/","og_locale":"fi_FI","og_type":"article","og_title":"Kyp\u00e4r\u00e4 Headgy Swift L sininen-harmaa (EOL)","og_description":"Kiiver t\u00e4iskasvanule Headgy Swift, suurus L, v\u00e4rv roosa\/hall\/valge. Sportlik Headgy Swift on kvaliteetne ja mugav kiiver t\u00e4iskasvanule.","og_url":"https:\/\/www.xn--tuksimaailm-ffb.ee\/fi\/shop\/kypara-headgy-swift-l-sininen-harmaa-eol\/","og_site_name":"T\u00f5uksimaailm","article_publisher":"https:\/\/www.facebook.com\/touksimaailm\/","og_image":[{"width":800,"height":600,"url":"https:\/\/www.xn--tuksimaailm-ffb.ee\/wp-content\/uploads\/2020\/04\/rattakiiver-headgy-swift-l-58-62cm-hall-sinine-oranz-hm-5862-swift-hso.jpg","type":"image\/jpeg"}],"twitter_card":"summary_large_image","twitter_misc":{"Hinta":"&euro;35.00","Saatavuus":"Loppu varastosta"},"schema":{"@context":"https:\/\/schema.org","@graph":[{"@type":"WebPage","@id":"https:\/\/www.xn--tuksimaailm-ffb.ee\/fi\/shop\/kypara-headgy-swift-l-sininen-harmaa-eol\/","url":"https:\/\/www.xn--tuksimaailm-ffb.ee\/fi\/shop\/kypara-headgy-swift-l-sininen-harmaa-eol\/","name":"Kyp\u00e4r\u00e4 Headgy Swift L sininen-harmaa (EOL) | T\u00f5uksimaailm | Lisad","isPartOf":{"@id":"https:\/\/www.xn--tuksimaailm-ffb.ee\/fi\/#website"},"primaryImageOfPage":{"@id":"https:\/\/www.xn--tuksimaailm-ffb.ee\/fi\/shop\/kypara-headgy-swift-l-sininen-harmaa-eol\/#primaryimage"},"image":{"@id":"https:\/\/www.xn--tuksimaailm-ffb.ee\/fi\/shop\/kypara-headgy-swift-l-sininen-harmaa-eol\/#primaryimage"},"thumbnailUrl":"https:\/\/www.xn--tuksimaailm-ffb.ee\/wp-content\/uploads\/2020\/04\/rattakiiver-headgy-swift-l-58-62cm-hall-sinine-oranz-hm-5862-swift-hso.jpg","datePublished":"2020-04-04T08:57:50+00:00","description":"Kiiver t\u00e4iskasvanule Headgy Swift, suurus L, v\u00e4rv roosa\/hall\/valge. Sportlik Headgy Swift on kvaliteetne ja mugav kiiver t\u00e4iskasvanule.","breadcrumb":{"@id":"https:\/\/www.xn--tuksimaailm-ffb.ee\/fi\/shop\/kypara-headgy-swift-l-sininen-harmaa-eol\/#breadcrumb"},"inLanguage":"fi","potentialAction":[{"@type":"ReadAction","target":["https:\/\/www.xn--tuksimaailm-ffb.ee\/fi\/shop\/kypara-headgy-swift-l-sininen-harmaa-eol\/"]}]},{"@type":"ImageObject","inLanguage":"fi","@id":"https:\/\/www.xn--tuksimaailm-ffb.ee\/fi\/shop\/kypara-headgy-swift-l-sininen-harmaa-eol\/#primaryimage","url":"https:\/\/www.xn--tuksimaailm-ffb.ee\/wp-content\/uploads\/2020\/04\/rattakiiver-headgy-swift-l-58-62cm-hall-sinine-oranz-hm-5862-swift-hso.jpg","contentUrl":"https:\/\/www.xn--tuksimaailm-ffb.ee\/wp-content\/uploads\/2020\/04\/rattakiiver-headgy-swift-l-58-62cm-hall-sinine-oranz-hm-5862-swift-hso.jpg","width":800,"height":600},{"@type":"BreadcrumbList","@id":"https:\/\/www.xn--tuksimaailm-ffb.ee\/fi\/shop\/kypara-headgy-swift-l-sininen-harmaa-eol\/#breadcrumb","itemListElement":[{"@type":"ListItem","position":1,"name":"Home","item":"https:\/\/www.xn--tuksimaailm-ffb.ee\/fi\/kotisivu\/"},{"@type":"ListItem","position":2,"name":"Kauppa","item":"https:\/\/www.xn--tuksimaailm-ffb.ee\/elektritoukerataste-pood\/"},{"@type":"ListItem","position":3,"name":"Kyp\u00e4r\u00e4 Headgy Swift L sininen-harmaa (EOL)"}]},{"@type":"WebSite","@id":"https:\/\/www.xn--tuksimaailm-ffb.ee\/fi\/#website","url":"https:\/\/www.xn--tuksimaailm-ffb.ee\/fi\/","name":"T\u00f5uksimaailm","description":"Elektrit\u00f5ukerataste m\u00fc\u00fck, remont ja rent","publisher":{"@id":"https:\/\/www.xn--tuksimaailm-ffb.ee\/fi\/#organization"},"potentialAction":[{"@type":"SearchAction","target":{"@type":"EntryPoint","urlTemplate":"https:\/\/www.xn--tuksimaailm-ffb.ee\/fi\/?s={search_term_string}"},"query-input":{"@type":"PropertyValueSpecification","valueRequired":true,"valueName":"search_term_string"}}],"inLanguage":"fi"},{"@type":"Organization","@id":"https:\/\/www.xn--tuksimaailm-ffb.ee\/fi\/#organization","name":"T\u00f5uksimaailm","url":"https:\/\/www.xn--tuksimaailm-ffb.ee\/fi\/","logo":{"@type":"ImageObject","inLanguage":"fi","@id":"https:\/\/www.xn--tuksimaailm-ffb.ee\/fi\/#\/schema\/logo\/image\/","url":"https:\/\/www.xn--tuksimaailm-ffb.ee\/wp-content\/uploads\/2020\/01\/logoz-e1579792875517.png","contentUrl":"https:\/\/www.xn--tuksimaailm-ffb.ee\/wp-content\/uploads\/2020\/01\/logoz-e1579792875517.png","width":250,"height":250,"caption":"T\u00f5uksimaailm"},"image":{"@id":"https:\/\/www.xn--tuksimaailm-ffb.ee\/fi\/#\/schema\/logo\/image\/"},"sameAs":["https:\/\/www.facebook.com\/touksimaailm\/","https:\/\/www.instagram.com\/touksimaailm_\/","https:\/\/www.youtube.com\/channel\/UC18ml0EKIDLP1xGuQjFzcXQ"]}]},"product_price_amount":"35.00","product_price_currency":"EUR","og_availability":"out of stock","product_availability":"out of stock","product_condition":"new"},"jetpack_sharing_enabled":true,"_links":{"self":[{"href":"https:\/\/www.xn--tuksimaailm-ffb.ee\/fi\/wp-json\/wp\/v2\/product\/56939","targetHints":{"allow":["GET"]}}],"collection":[{"href":"https:\/\/www.xn--tuksimaailm-ffb.ee\/fi\/wp-json\/wp\/v2\/product"}],"about":[{"href":"https:\/\/www.xn--tuksimaailm-ffb.ee\/fi\/wp-json\/wp\/v2\/types\/product"}],"wp:featuredmedia":[{"embeddable":true,"href":"https:\/\/www.xn--tuksimaailm-ffb.ee\/fi\/wp-json\/wp\/v2\/media\/22053"}],"wp:attachment":[{"href":"https:\/\/www.xn--tuksimaailm-ffb.ee\/fi\/wp-json\/wp\/v2\/media?parent=56939"}],"wp:term":[{"taxonomy":"product_brand","embeddable":true,"href":"https:\/\/www.xn--tuksimaailm-ffb.ee\/fi\/wp-json\/wp\/v2\/product_brand?post=56939"},{"taxonomy":"product_cat","embeddable":true,"href":"https:\/\/www.xn--tuksimaailm-ffb.ee\/fi\/wp-json\/wp\/v2\/product_cat?post=56939"},{"taxonomy":"product_tag","embeddable":true,"href":"https:\/\/www.xn--tuksimaailm-ffb.ee\/fi\/wp-json\/wp\/v2\/product_tag?post=56939"},{"taxonomy":"filter_elektritoukeratas","embeddable":true,"href":"https:\/\/www.xn--tuksimaailm-ffb.ee\/fi\/wp-json\/wp\/v2\/filter_elektritoukeratas?post=56939"}],"curies":[{"name":"wp","href":"https:\/\/api.w.org\/{rel}","templated":true}]}}